{"id":9930,"date":"2026-03-13T19:30:44","date_gmt":"2026-03-13T18:30:44","guid":{"rendered":"https:\/\/zess.fr\/shop\/?post_type=product&#038;p=9930"},"modified":"2026-03-31T14:09:01","modified_gmt":"2026-03-31T12:09:01","slug":"pochon-lapin-patron-crochet-pdf","status":"publish","type":"product","link":"https:\/\/zess.fr\/shop\/product\/pochon-lapin-patron-crochet-pdf\/","title":{"rendered":"Pochon lapin &#8211; Patron crochet PDF"},"content":{"rendered":"<p data-start=\"677\" data-end=\"882\"><strong><span class=\"BZ_Pyq_fadeIn\">Un <\/span><span class=\"BZ_Pyq_fadeIn\">pochon <\/span><span class=\"BZ_Pyq_fadeIn\">lapin <\/span><span class=\"BZ_Pyq_fadeIn\">adorable <\/span><span class=\"BZ_Pyq_fadeIn\">\u00e0 <\/span><span class=\"BZ_Pyq_fadeIn\">crocheter ! Le projet parfait pour la p\u00e9riode de P\u00e2ques.<\/span><\/strong><\/p>\n<p data-start=\"884\" data-end=\"1119\"><span class=\"BZ_Pyq_fadeIn\">Le <\/span><span class=\"BZ_Pyq_fadeIn\">pochon <\/span><span class=\"BZ_Pyq_fadeIn\">se <\/span><span class=\"BZ_Pyq_fadeIn\">ferme <\/span><span class=\"BZ_Pyq_fadeIn\">gr\u00e2ce <\/span><span class=\"BZ_Pyq_fadeIn\">\u00e0 <\/span><span class=\"BZ_Pyq_fadeIn\">un <\/span><span class=\"BZ_Pyq_fadeIn\">cordon <\/span><span class=\"BZ_Pyq_fadeIn\">pass\u00e9 <\/span><span class=\"BZ_Pyq_fadeIn\">dans <\/span><span class=\"BZ_Pyq_fadeIn\">un <\/span><span class=\"BZ_Pyq_fadeIn\">rang <\/span><span class=\"BZ_Pyq_fadeIn\">de <\/span><span class=\"BZ_Pyq_fadeIn\">brides. <\/span><span class=\"BZ_Pyq_fadeIn\">Il <\/span><span class=\"BZ_Pyq_fadeIn\">peut <\/span><span class=\"BZ_Pyq_fadeIn\">servir <\/span><span class=\"BZ_Pyq_fadeIn\">\u00e0 <\/span><span class=\"BZ_Pyq_fadeIn\">ranger <\/span><span class=\"BZ_Pyq_fadeIn\">de <\/span><span class=\"BZ_Pyq_fadeIn\">petits <\/span><span class=\"BZ_Pyq_fadeIn\">objets, <\/span><span class=\"BZ_Pyq_fadeIn\">des <\/span><span class=\"BZ_Pyq_fadeIn\">bonbons, <\/span><span class=\"BZ_Pyq_fadeIn\">un <\/span><span class=\"BZ_Pyq_fadeIn\">petit <\/span><span class=\"BZ_Pyq_fadeIn\">cadeau, &#8230;<\/span><\/p>\n<p data-start=\"1121\" data-end=\"1227\"><span class=\"BZ_Pyq_fadeIn\">Les <\/span><span class=\"BZ_Pyq_fadeIn\">oreilles <\/span><span class=\"BZ_Pyq_fadeIn\">sont <\/span><span class=\"BZ_Pyq_fadeIn\">id\u00e9ales <\/span><span class=\"BZ_Pyq_fadeIn\">pour <\/span><span class=\"BZ_Pyq_fadeIn\">utiliser <\/span><span class=\"BZ_Pyq_fadeIn\">des <\/span><span class=\"BZ_Pyq_fadeIn\">restes <\/span><span class=\"BZ_Pyq_fadeIn\">de <\/span><span class=\"BZ_Pyq_fadeIn\">coton <\/span><span class=\"BZ_Pyq_fadeIn\">et <\/span><span class=\"BZ_Pyq_fadeIn\">cr\u00e9er <\/span><span class=\"BZ_Pyq_fadeIn\">des <\/span><span class=\"BZ_Pyq_fadeIn\">combinaisons <\/span><span class=\"BZ_Pyq_fadeIn\">de <\/span><span class=\"BZ_Pyq_fadeIn\">couleurs <\/span><span class=\"BZ_Pyq_fadeIn\">uniques.<\/span><\/p>\n<h4><strong>Niveau de difficult\u00e9<\/strong><\/h4>\n<p>Interm\u00e9diaire \u00e0 l&rsquo;aise avec les bases du crochet (cercle magique, maille serr\u00e9e, bride, demi bride, maille en l&rsquo;air, maille coul\u00e9e)<\/p>\n<h4>Ce que contient le patron PDF<\/h4>\n<ul>\n<li>12 pages d\u2019instructions \u00e9crites d\u00e9taill\u00e9es<\/li>\n<li>+ de 40 photos d&rsquo;\u00e9tapes<\/li>\n<li>Un projet sans couture, facile \u00e0 monter<\/li>\n<\/ul>\n<h4><strong data-start=\"639\" data-end=\"680\">Ce que vous allez apprendre et d\u00e9couvrir dans ce patron<\/strong> :<\/h4>\n<ul>\n<li data-start=\"685\" data-end=\"726\">Crocheter un pochon sans couture<\/li>\n<li data-start=\"685\" data-end=\"726\">Apprendre un point graphique : le point V au crochet<\/li>\n<li data-start=\"685\" data-end=\"726\">R\u00e9aliser un lien coulissant<\/li>\n<\/ul>\n<p data-start=\"1175\" data-end=\"1286\"><strong data-start=\"1178\" data-end=\"1200\">Dimensions finales avec un crochet 2,5<\/strong> : <span style=\"font-weight: 300;\">environ 10 cm x 8 cm (hauteur x largeur)<\/span><\/p>\n<p data-start=\"2159\" data-end=\"2182\"><strong data-start=\"2159\" data-end=\"2169\">Langues<\/strong> : Fran\u00e7ais<\/p>\n<p data-start=\"2185\" data-end=\"2225\">T\u00e9l\u00e9chargement imm\u00e9diat apr\u00e8s paiement.<\/p>\n<p data-start=\"2228\" data-end=\"2626\"><strong data-start=\"2228\" data-end=\"2259\">\u2757Usage strictement personnel<\/strong><br \/>\nCe patron est destin\u00e9 \u00e0 un usage personnel uniquement.<br data-start=\"354\" data-end=\"357\" \/>La vente des objets r\u00e9alis\u00e9s \u00e0 partir de ce mod\u00e8le <strong>n\u2019est pas autoris\u00e9e<\/strong> avec ce patron.<br \/>\nPour toute utilisation professionnelle ou commerciale, y compris vente occasionnelle ou ateliers, merci de me contacter. Des licences adapt\u00e9es sont propos\u00e9es.<\/p>\n<h4>Points importants<\/h4>\n<ul>\n<li>Cet achat est un fichier num\u00e9rique pour vous permettre de crocheter cette petite bourse au crochet. Il ne s\u2019agit pas du produit fini.<\/li>\n<li>Cet article num\u00e9rique est <strong>non remboursable et non \u00e9changeable<\/strong>.<\/li>\n<\/ul>\n<p>\u2753Si vous avez des questions, avant ou apr\u00e8s votre commande, contactez moi !<\/p>\n","protected":false},"excerpt":{"rendered":"<p data-start=\"149\" data-end=\"199\"><span class=\"BZ_Pyq_fadeIn\">Un <\/span><span class=\"BZ_Pyq_fadeIn\">petit <\/span><span class=\"BZ_Pyq_fadeIn\">pochon <\/span><span class=\"BZ_Pyq_fadeIn\">lapin <\/span><span class=\"BZ_Pyq_fadeIn\">aussi <\/span><span class=\"BZ_Pyq_fadeIn\">pratique <\/span><span class=\"BZ_Pyq_fadeIn\">que <\/span><span class=\"BZ_Pyq_fadeIn\">craquant.<\/span><\/p>\n<p data-start=\"201\" data-end=\"405\"><span class=\"BZ_Pyq_fadeIn\">Ce <\/span><span class=\"BZ_Pyq_fadeIn\">patron <\/span><span class=\"BZ_Pyq_fadeIn\">crochet <\/span><span class=\"BZ_Pyq_fadeIn\">permet <\/span><span class=\"BZ_Pyq_fadeIn\">de <\/span><span class=\"BZ_Pyq_fadeIn\">r\u00e9aliser <\/span><span class=\"BZ_Pyq_fadeIn\">un <\/span><span class=\"BZ_Pyq_fadeIn\">pochon <\/span><span class=\"BZ_Pyq_fadeIn\">en <\/span><span class=\"BZ_Pyq_fadeIn\">forme <\/span><span class=\"BZ_Pyq_fadeIn\">de <\/span><span class=\"BZ_Pyq_fadeIn\">lapin, <\/span><span class=\"BZ_Pyq_fadeIn\">avec <\/span><span class=\"BZ_Pyq_fadeIn\">ses <\/span><span class=\"BZ_Pyq_fadeIn\">grandes <\/span><span class=\"BZ_Pyq_fadeIn\">oreilles multicolores qui permettent d\u2019utiliser des chutes de fil.<\/span><span class=\"BZ_Pyq_fadeIn\">. <\/span><span class=\"BZ_Pyq_fadeIn\">Parfait <\/span><span class=\"BZ_Pyq_fadeIn\">pour <\/span><span class=\"BZ_Pyq_fadeIn\">ranger <\/span><span class=\"BZ_Pyq_fadeIn\">de <\/span><span class=\"BZ_Pyq_fadeIn\">petits <\/span><span class=\"BZ_Pyq_fadeIn\">objets, <\/span><span class=\"BZ_Pyq_fadeIn\">offrir <\/span><span class=\"BZ_Pyq_fadeIn\">un <\/span><span class=\"BZ_Pyq_fadeIn\">cadeau <\/span><span class=\"BZ_Pyq_fadeIn\">fait <\/span><span class=\"BZ_Pyq_fadeIn\">main <\/span><span class=\"BZ_Pyq_fadeIn\">ou <\/span><span class=\"BZ_Pyq_fadeIn\">pr\u00e9parer <\/span><span class=\"BZ_Pyq_fadeIn\">une <\/span><span class=\"BZ_Pyq_fadeIn\">d\u00e9co <\/span><span class=\"BZ_Pyq_fadeIn\">de <\/span><span class=\"BZ_Pyq_fadeIn\">P\u00e2ques.<\/span><\/p>\n<p data-start=\"540\" data-end=\"612\"><span class=\"BZ_Pyq_fadeIn\">Patron <\/span><span class=\"BZ_Pyq_fadeIn\">d\u00e9taill\u00e9, rang par rang, <\/span><span class=\"BZ_Pyq_fadeIn\">avec <\/span><span class=\"BZ_Pyq_fadeIn\">de <\/span><span class=\"BZ_Pyq_fadeIn\">nombreuses <\/span><span class=\"BZ_Pyq_fadeIn\">photos <\/span><span class=\"BZ_Pyq_fadeIn\">pour <\/span><span class=\"BZ_Pyq_fadeIn\">accompagner <\/span><span class=\"BZ_Pyq_fadeIn\">chaque <\/span><span class=\"BZ_Pyq_fadeIn\">\u00e9tape.<\/span><\/p>\n<p><img decoding=\"async\" class=\"emoji\" role=\"img\" draggable=\"false\" src=\"https:\/\/s.w.org\/images\/core\/emoji\/16.0.1\/svg\/1f4e5.svg\" alt=\"\ud83d\udce5\" \/>\u00a0T\u00e9l\u00e9chargement instantan\u00e9<br data-start=\"892\" data-end=\"895\" \/><img decoding=\"async\" class=\"emoji\" role=\"img\" draggable=\"false\" src=\"https:\/\/s.w.org\/images\/core\/emoji\/16.0.1\/svg\/1f30d.svg\" alt=\"\ud83c\udf0d\" \/> Langue : Fran\u00e7ais<br data-start=\"937\" data-end=\"940\" \/>\u2b07\ufe0fPlus de d\u00e9tails dans l\u2019onglet Description<\/p>\n","protected":false},"featured_media":9933,"comment_status":"open","ping_status":"closed","template":"","meta":[],"product_brand":[],"product_cat":[289,293,62],"product_tag":[297,287],"class_list":{"0":"post-9930","1":"product","2":"type-product","3":"status-publish","4":"has-post-thumbnail","6":"product_cat-accessoires-pochons-crochet","7":"product_cat-tous-les-patrons-crochet-pdf","8":"product_cat-modeles-de-crochet","9":"product_tag-n","10":"product_tag-new","12":"first","13":"instock","14":"downloadable","15":"virtual","16":"sold-individually","17":"purchasable","18":"product-type-simple"},"yoast_head":"<!-- This site is optimized with the Yoast SEO plugin v27.3 - https:\/\/yoast.com\/product\/yoast-seo-wordpress\/ -->\n<title>Pochon lapin - Patron crochet PDF - Zess Crochet<\/title>\n<meta name=\"robots\" content=\"index, follow, max-snippet:-1, max-image-preview:large, max-video-preview:-1\" \/>\n<link rel=\"canonical\" href=\"https:\/\/zess.fr\/shop\/product\/pochon-lapin-patron-crochet-pdf\/\" \/>\n<meta property=\"og:locale\" content=\"fr_FR\" \/>\n<meta property=\"og:type\" content=\"article\" \/>\n<meta property=\"og:title\" content=\"Pochon lapin - Patron crochet PDF - Zess Crochet\" \/>\n<meta property=\"og:description\" content=\"Un petit pochon lapin aussi pratique que craquant. Ce patron crochet permet de r\u00e9aliser un pochon en forme de lapin, avec ses grandes oreilles multicolores qui permettent d\u2019utiliser des chutes de fil.. Parfait pour ranger de petits objets, offrir un cadeau fait main ou pr\u00e9parer une d\u00e9co de P\u00e2ques. Patron d\u00e9taill\u00e9, rang par rang, avec de nombreuses photos pour accompagner chaque \u00e9tape. \u00a0T\u00e9l\u00e9chargement instantan\u00e9 Langue : Fran\u00e7ais\u2b07\ufe0fPlus de d\u00e9tails dans l\u2019onglet Description\" \/>\n<meta property=\"og:url\" content=\"https:\/\/zess.fr\/shop\/product\/pochon-lapin-patron-crochet-pdf\/\" \/>\n<meta property=\"og:site_name\" content=\"Zess Crochet\" \/>\n<meta property=\"article:modified_time\" content=\"2026-03-31T12:09:01+00:00\" \/>\n<meta property=\"og:image\" content=\"https:\/\/zess.fr\/shop\/wp-content\/uploads\/2026\/03\/pochonlapincrochet-2.jpg\" \/>\n\t<meta property=\"og:image:width\" content=\"1638\" \/>\n\t<meta property=\"og:image:height\" content=\"2048\" \/>\n\t<meta property=\"og:image:type\" content=\"image\/jpeg\" \/>\n<meta name=\"twitter:card\" content=\"summary_large_image\" \/>\n<meta name=\"twitter:label1\" content=\"Dur\u00e9e de lecture estim\u00e9e\" \/>\n\t<meta name=\"twitter:data1\" content=\"2 minutes\" \/>\n<script type=\"application\/ld+json\" class=\"yoast-schema-graph\">{\"@context\":\"https:\\\/\\\/schema.org\",\"@graph\":[{\"@type\":\"WebPage\",\"@id\":\"https:\\\/\\\/zess.fr\\\/shop\\\/product\\\/pochon-lapin-patron-crochet-pdf\\\/\",\"url\":\"https:\\\/\\\/zess.fr\\\/shop\\\/product\\\/pochon-lapin-patron-crochet-pdf\\\/\",\"name\":\"Pochon lapin - Patron crochet PDF - Zess Crochet\",\"isPartOf\":{\"@id\":\"https:\\\/\\\/zess.fr\\\/shop\\\/#website\"},\"primaryImageOfPage\":{\"@id\":\"https:\\\/\\\/zess.fr\\\/shop\\\/product\\\/pochon-lapin-patron-crochet-pdf\\\/#primaryimage\"},\"image\":{\"@id\":\"https:\\\/\\\/zess.fr\\\/shop\\\/product\\\/pochon-lapin-patron-crochet-pdf\\\/#primaryimage\"},\"thumbnailUrl\":\"https:\\\/\\\/zess.fr\\\/shop\\\/wp-content\\\/uploads\\\/2026\\\/03\\\/pochonlapincrochet-2.jpg\",\"datePublished\":\"2026-03-13T18:30:44+00:00\",\"dateModified\":\"2026-03-31T12:09:01+00:00\",\"breadcrumb\":{\"@id\":\"https:\\\/\\\/zess.fr\\\/shop\\\/product\\\/pochon-lapin-patron-crochet-pdf\\\/#breadcrumb\"},\"inLanguage\":\"fr-FR\",\"potentialAction\":[{\"@type\":\"ReadAction\",\"target\":[\"https:\\\/\\\/zess.fr\\\/shop\\\/product\\\/pochon-lapin-patron-crochet-pdf\\\/\"]}]},{\"@type\":\"ImageObject\",\"inLanguage\":\"fr-FR\",\"@id\":\"https:\\\/\\\/zess.fr\\\/shop\\\/product\\\/pochon-lapin-patron-crochet-pdf\\\/#primaryimage\",\"url\":\"https:\\\/\\\/zess.fr\\\/shop\\\/wp-content\\\/uploads\\\/2026\\\/03\\\/pochonlapincrochet-2.jpg\",\"contentUrl\":\"https:\\\/\\\/zess.fr\\\/shop\\\/wp-content\\\/uploads\\\/2026\\\/03\\\/pochonlapincrochet-2.jpg\",\"width\":1638,\"height\":2048,\"caption\":\"patron pochon lapin paques\"},{\"@type\":\"BreadcrumbList\",\"@id\":\"https:\\\/\\\/zess.fr\\\/shop\\\/product\\\/pochon-lapin-patron-crochet-pdf\\\/#breadcrumb\",\"itemListElement\":[{\"@type\":\"ListItem\",\"position\":1,\"name\":\"Zess Crochet Boutique &#8211; Tutoriels et kit crochet\",\"item\":\"https:\\\/\\\/zess.fr\\\/shop\\\/acceuil-2\\\/\"},{\"@type\":\"ListItem\",\"position\":2,\"name\":\"Tutoriels crochet\",\"item\":\"https:\\\/\\\/zess.fr\\\/shop\\\/product-category\\\/modeles-de-crochet\\\/\"},{\"@type\":\"ListItem\",\"position\":3,\"name\":\"Pochon lapin &#8211; Patron crochet PDF\"}]},{\"@type\":\"WebSite\",\"@id\":\"https:\\\/\\\/zess.fr\\\/shop\\\/#website\",\"url\":\"https:\\\/\\\/zess.fr\\\/shop\\\/\",\"name\":\"Zess Crochet - Tutoriels au crochet amigurumi, poup\u00e9es et accessoires - patron num\u00e9rique PDF - livres de crochet\",\"description\":\"Tutoriels et kits crochet amigurumi et d\u00e9co\",\"potentialAction\":[{\"@type\":\"SearchAction\",\"target\":{\"@type\":\"EntryPoint\",\"urlTemplate\":\"https:\\\/\\\/zess.fr\\\/shop\\\/?s={search_term_string}\"},\"query-input\":{\"@type\":\"PropertyValueSpecification\",\"valueRequired\":true,\"valueName\":\"search_term_string\"}}],\"inLanguage\":\"fr-FR\"}]}<\/script>\n<!-- \/ Yoast SEO plugin. -->","yoast_head_json":{"title":"Pochon lapin - Patron crochet PDF - Zess Crochet","robots":{"index":"index","follow":"follow","max-snippet":"max-snippet:-1","max-image-preview":"max-image-preview:large","max-video-preview":"max-video-preview:-1"},"canonical":"https:\/\/zess.fr\/shop\/product\/pochon-lapin-patron-crochet-pdf\/","og_locale":"fr_FR","og_type":"article","og_title":"Pochon lapin - Patron crochet PDF - Zess Crochet","og_description":"Un petit pochon lapin aussi pratique que craquant. Ce patron crochet permet de r\u00e9aliser un pochon en forme de lapin, avec ses grandes oreilles multicolores qui permettent d\u2019utiliser des chutes de fil.. Parfait pour ranger de petits objets, offrir un cadeau fait main ou pr\u00e9parer une d\u00e9co de P\u00e2ques. Patron d\u00e9taill\u00e9, rang par rang, avec de nombreuses photos pour accompagner chaque \u00e9tape. \u00a0T\u00e9l\u00e9chargement instantan\u00e9 Langue : Fran\u00e7ais\u2b07\ufe0fPlus de d\u00e9tails dans l\u2019onglet Description","og_url":"https:\/\/zess.fr\/shop\/product\/pochon-lapin-patron-crochet-pdf\/","og_site_name":"Zess Crochet","article_modified_time":"2026-03-31T12:09:01+00:00","og_image":[{"width":1638,"height":2048,"url":"https:\/\/zess.fr\/shop\/wp-content\/uploads\/2026\/03\/pochonlapincrochet-2.jpg","type":"image\/jpeg"}],"twitter_card":"summary_large_image","twitter_misc":{"Dur\u00e9e de lecture estim\u00e9e":"2 minutes"},"schema":{"@context":"https:\/\/schema.org","@graph":[{"@type":"WebPage","@id":"https:\/\/zess.fr\/shop\/product\/pochon-lapin-patron-crochet-pdf\/","url":"https:\/\/zess.fr\/shop\/product\/pochon-lapin-patron-crochet-pdf\/","name":"Pochon lapin - Patron crochet PDF - Zess Crochet","isPartOf":{"@id":"https:\/\/zess.fr\/shop\/#website"},"primaryImageOfPage":{"@id":"https:\/\/zess.fr\/shop\/product\/pochon-lapin-patron-crochet-pdf\/#primaryimage"},"image":{"@id":"https:\/\/zess.fr\/shop\/product\/pochon-lapin-patron-crochet-pdf\/#primaryimage"},"thumbnailUrl":"https:\/\/zess.fr\/shop\/wp-content\/uploads\/2026\/03\/pochonlapincrochet-2.jpg","datePublished":"2026-03-13T18:30:44+00:00","dateModified":"2026-03-31T12:09:01+00:00","breadcrumb":{"@id":"https:\/\/zess.fr\/shop\/product\/pochon-lapin-patron-crochet-pdf\/#breadcrumb"},"inLanguage":"fr-FR","potentialAction":[{"@type":"ReadAction","target":["https:\/\/zess.fr\/shop\/product\/pochon-lapin-patron-crochet-pdf\/"]}]},{"@type":"ImageObject","inLanguage":"fr-FR","@id":"https:\/\/zess.fr\/shop\/product\/pochon-lapin-patron-crochet-pdf\/#primaryimage","url":"https:\/\/zess.fr\/shop\/wp-content\/uploads\/2026\/03\/pochonlapincrochet-2.jpg","contentUrl":"https:\/\/zess.fr\/shop\/wp-content\/uploads\/2026\/03\/pochonlapincrochet-2.jpg","width":1638,"height":2048,"caption":"patron pochon lapin paques"},{"@type":"BreadcrumbList","@id":"https:\/\/zess.fr\/shop\/product\/pochon-lapin-patron-crochet-pdf\/#breadcrumb","itemListElement":[{"@type":"ListItem","position":1,"name":"Zess Crochet Boutique &#8211; Tutoriels et kit crochet","item":"https:\/\/zess.fr\/shop\/acceuil-2\/"},{"@type":"ListItem","position":2,"name":"Tutoriels crochet","item":"https:\/\/zess.fr\/shop\/product-category\/modeles-de-crochet\/"},{"@type":"ListItem","position":3,"name":"Pochon lapin &#8211; Patron crochet PDF"}]},{"@type":"WebSite","@id":"https:\/\/zess.fr\/shop\/#website","url":"https:\/\/zess.fr\/shop\/","name":"Zess Crochet - Tutoriels au crochet amigurumi, poup\u00e9es et accessoires - patron num\u00e9rique PDF - livres de crochet","description":"Tutoriels et kits crochet amigurumi et d\u00e9co","potentialAction":[{"@type":"SearchAction","target":{"@type":"EntryPoint","urlTemplate":"https:\/\/zess.fr\/shop\/?s={search_term_string}"},"query-input":{"@type":"PropertyValueSpecification","valueRequired":true,"valueName":"search_term_string"}}],"inLanguage":"fr-FR"}]}},"_links":{"self":[{"href":"https:\/\/zess.fr\/shop\/wp-json\/wp\/v2\/product\/9930","targetHints":{"allow":["GET"]}}],"collection":[{"href":"https:\/\/zess.fr\/shop\/wp-json\/wp\/v2\/product"}],"about":[{"href":"https:\/\/zess.fr\/shop\/wp-json\/wp\/v2\/types\/product"}],"replies":[{"embeddable":true,"href":"https:\/\/zess.fr\/shop\/wp-json\/wp\/v2\/comments?post=9930"}],"version-history":[{"count":3,"href":"https:\/\/zess.fr\/shop\/wp-json\/wp\/v2\/product\/9930\/revisions"}],"predecessor-version":[{"id":9937,"href":"https:\/\/zess.fr\/shop\/wp-json\/wp\/v2\/product\/9930\/revisions\/9937"}],"wp:featuredmedia":[{"embeddable":true,"href":"https:\/\/zess.fr\/shop\/wp-json\/wp\/v2\/media\/9933"}],"wp:attachment":[{"href":"https:\/\/zess.fr\/shop\/wp-json\/wp\/v2\/media?parent=9930"}],"wp:term":[{"taxonomy":"product_brand","embeddable":true,"href":"https:\/\/zess.fr\/shop\/wp-json\/wp\/v2\/product_brand?post=9930"},{"taxonomy":"product_cat","embeddable":true,"href":"https:\/\/zess.fr\/shop\/wp-json\/wp\/v2\/product_cat?post=9930"},{"taxonomy":"product_tag","embeddable":true,"href":"https:\/\/zess.fr\/shop\/wp-json\/wp\/v2\/product_tag?post=9930"}],"curies":[{"name":"wp","href":"https:\/\/api.w.org\/{rel}","templated":true}]}}