{"id":9701,"date":"2026-01-16T18:54:17","date_gmt":"2026-01-16T17:54:17","guid":{"rendered":"https:\/\/zess.fr\/shop\/?post_type=product&#038;p=9701"},"modified":"2026-04-20T14:51:16","modified_gmt":"2026-04-20T12:51:16","slug":"patron-crochet-collection-les-bouilles-de-pin-pdf","status":"publish","type":"product","link":"https:\/\/zess.fr\/shop\/product\/patron-crochet-collection-les-bouilles-de-pin-pdf\/","title":{"rendered":"Patron crochet Collection les bouilles de pin &#8211; PDF"},"content":{"rendered":"<p data-start=\"804\" data-end=\"974\">Le patron crochet des Bouilles de Pin vous fait entrer dans un univers doux et po\u00e9tique, peupl\u00e9 de petites cr\u00e9atures adorables &#8230;<\/p>\n<p data-start=\"976\" data-end=\"1229\">Rosie avec son b\u00e9guin rose, Neri le lapin, Violette et son bonnet granny, Boro l&rsquo;ourson, mais aussi Punky et Loulou &#8230; Chaque bouille poss\u00e8de sa propre personnalit\u00e9, r\u00e9v\u00e9l\u00e9e par ses accessoires et ses couleurs.<\/p>\n<p data-start=\"1231\" data-end=\"1453\">Ce patron riche et d\u00e9taill\u00e9 permet de cr\u00e9er une v\u00e9ritable petite famille de personnages, \u00e0 exposer, collectionner ou offrir.<\/p>\n<p><strong>Niveau de difficult\u00e9 :<\/strong> interm\u00e9diaire. Il est n\u00e9cessaire de conna\u00eetre les points de base au crochet.<\/p>\n<h4>Ce que contient le patron PDF<\/h4>\n<ul>\n<li>Un patron complet pour 6 personnages Bouilles de Pin<\/li>\n<li>30 pages d\u2019instructions \u00e9crites d\u00e9taill\u00e9es<\/li>\n<li>130 photos des \u00e9tapes du projet<\/li>\n<li>Deux variantes de corps incluses : pomme de pin naturelle ou crochet\u00e9e<\/li>\n<li>13 accessoires \u00e0 crocheter, dont le bonnet de Neri (lapin) en deux versions : coton et alpaga<\/li>\n<li>Des conseils et pas \u00e0 pas pour avancer sereinement<\/li>\n<\/ul>\n<h4><strong data-start=\"639\" data-end=\"680\">Ce que vous allez apprendre et d\u00e9couvrir avec ce patron<\/strong> au crochet :<\/h4>\n<ul>\n<li data-start=\"685\" data-end=\"726\">R\u00e9aliser un corps textur\u00e9 effet pomme de pin<\/li>\n<li data-start=\"685\" data-end=\"726\">Donner vie \u00e0 de petits amigurumi expressifs<\/li>\n<li data-start=\"685\" data-end=\"726\">Explorer deux variantes de corps : pomme de pin naturelle ou crochet\u00e9e<\/li>\n<li data-start=\"685\" data-end=\"726\">R\u00e9aliser une s\u00e9rie d\u2019accessoires \u00e0 combiner (bonnets, b\u00e9guins, cols, foulard, fleur, sac, collerette, \u2026) dont le bonnet de Neri propos\u00e9 en deux versions : coton et alpaga<\/li>\n<li data-start=\"685\" data-end=\"726\">Composer une collection de 6 personnages mignons, \u00e0 d\u00e9cliner selon vos envies<\/li>\n<li data-start=\"685\" data-end=\"726\">Astuce pour r\u00e9aliser un pompon \u00e0 l\u2019aide d\u2019une fourchette<\/li>\n<\/ul>\n<h4>Fournitures n\u00e9cessaires<\/h4>\n<ul>\n<li data-start=\"685\" data-end=\"726\">Fil de coton (ex. Scheepjes Catona, DMC Happy Cotton, Phil Coton 3 ou \u00e9quivalent)<\/li>\n<li data-start=\"685\" data-end=\"726\">Crochet 2,5 mm ( et crochet 2 mm optionnel)<\/li>\n<li data-start=\"685\" data-end=\"726\">Yeux de s\u00e9curit\u00e9 5 mm ou fil noir pour broder les yeux<\/li>\n<li data-start=\"685\" data-end=\"726\">Ouate de rembourrage<\/li>\n<li data-start=\"685\" data-end=\"726\">Aiguille \u00e0 laine \u00e0 pointe ronde<\/li>\n<li data-start=\"685\" data-end=\"726\">Marqueur de maille<\/li>\n<li data-start=\"685\" data-end=\"726\">Petite pomme de pin naturelle (environ 5 cm de hauteur)<\/li>\n<li data-start=\"685\" data-end=\"726\">Un peu de coton perl\u00e9 noir ou fil \u00e0 broder pour les d\u00e9tails du visage<\/li>\n<li data-start=\"685\" data-end=\"726\">Colle \u00e0 chaud<\/li>\n<li data-start=\"685\" data-end=\"726\">Fard ou pastel sec pour rosir les joues<\/li>\n<\/ul>\n<p data-start=\"2159\" data-end=\"2182\"><strong data-start=\"2159\" data-end=\"2169\">Langue<\/strong> : Fran\u00e7ais<\/p>\n<p data-start=\"2185\" data-end=\"2225\">T\u00e9l\u00e9chargement imm\u00e9diat apr\u00e8s paiement.<\/p>\n<p data-start=\"2228\" data-end=\"2626\"><strong data-start=\"2228\" data-end=\"2259\">\u2757Usage strictement personnel<\/strong><\/p>\n<p data-start=\"300\" data-end=\"443\">Ce patron au crochet est destin\u00e9 \u00e0 un <strong>usage personnel uniquement<\/strong>.<br data-start=\"354\" data-end=\"357\" \/>La vente des objets r\u00e9alis\u00e9s \u00e0 partir de ce mod\u00e8le <strong>n\u2019est pas autoris\u00e9e<\/strong> avec ce patron. Pour toute utilisation professionnelle ou commerciale, y compris vente occasionnelle ou ateliers, merci de me contacter. Des licences adapt\u00e9es sont propos\u00e9es.<\/p>\n<h4>Points importants<\/h4>\n<ul>\n<li>Cet achat est un fichier num\u00e9rique pour vous permettre de crocheter la collection des bouilles de pin au crochet gr\u00e2ce \u00e0 ce patron PDF. Il ne s\u2019agit pas du produit fini.<\/li>\n<li>Cet article num\u00e9rique est <strong>non remboursable et non \u00e9changeable<\/strong>.<\/li>\n<\/ul>\n<p>\u2753Si vous avez des questions, avant ou apr\u00e8s votre commande, contactez moi !<\/p>\n","protected":false},"excerpt":{"rendered":"<p>Les Bouilles de Pin sont de petits personnages inspir\u00e9s du monde v\u00e9g\u00e9tal, \u00e0 crocheter comme une petite collection.<br data-start=\"711\" data-end=\"714\" \/>Rosie, Violette, Neri, Boro, Punky et Loulou prennent vie au fil des mailles, chacune avec sa personnalit\u00e9 et ses accessoires.<br data-start=\"844\" data-end=\"847\" \/>Un patron crochet tr\u00e8s riche, avec <strong data-start=\"884\" data-end=\"944\">30 pages <\/strong>d\u2019explications d\u00e9taill\u00e9es et pr\u00e8s de <strong>130 photos<\/strong>.<br data-start=\"657\" data-end=\"660\" \/>Un projet po\u00e9tique, entre amigurumi et objet d\u00e9coratif.<\/p>\n<p><img decoding=\"async\" class=\"emoji\" role=\"img\" src=\"https:\/\/s.w.org\/images\/core\/emoji\/16.0.1\/svg\/1f4e5.svg\" alt=\"\ud83d\udce5\" \/>\u00a0T\u00e9l\u00e9chargement instantan\u00e9<br data-start=\"892\" data-end=\"895\" \/><img decoding=\"async\" class=\"emoji\" role=\"img\" src=\"https:\/\/s.w.org\/images\/core\/emoji\/16.0.1\/svg\/1f30d.svg\" alt=\"\ud83c\udf0d\" \/> Langues : fran\u00e7ais<br data-start=\"937\" data-end=\"940\" \/><img decoding=\"async\" class=\"emoji\" role=\"img\" src=\"https:\/\/s.w.org\/images\/core\/emoji\/16.0.1\/svg\/1f50e.svg\" alt=\"\ud83d\udd0e\" \/>\u00a0Plus de d\u00e9tails dans l\u2019onglet Description<\/p>\n","protected":false},"featured_media":9703,"comment_status":"open","ping_status":"closed","template":"","meta":[],"product_brand":[],"product_cat":[291,293,62],"product_tag":[280,287],"class_list":{"0":"post-9701","1":"product","2":"type-product","3":"status-publish","4":"has-post-thumbnail","6":"product_cat-amigurumis","7":"product_cat-tous-les-patrons-crochet-pdf","8":"product_cat-modeles-de-crochet","9":"product_tag-amigurumi","10":"product_tag-new","12":"first","13":"instock","14":"downloadable","15":"virtual","16":"sold-individually","17":"purchasable","18":"product-type-simple"},"yoast_head":"<!-- This site is optimized with the Yoast SEO plugin v27.4 - https:\/\/yoast.com\/product\/yoast-seo-wordpress\/ -->\n<title>Patron crochet Collection les bouilles de pin - PDF - Zess Crochet<\/title>\n<meta name=\"description\" content=\"Patron crochet amigurumi pour cr\u00e9er Les Bouilles de Pin, une collection de petits personnages inspir\u00e9s du monde v\u00e9g\u00e9tal. Patron PDF tr\u00e8s d\u00e9taill\u00e9.\" \/>\n<meta name=\"robots\" content=\"index, follow, max-snippet:-1, max-image-preview:large, max-video-preview:-1\" \/>\n<link rel=\"canonical\" href=\"https:\/\/zess.fr\/shop\/product\/patron-crochet-collection-les-bouilles-de-pin-pdf\/\" \/>\n<meta property=\"og:locale\" content=\"fr_FR\" \/>\n<meta property=\"og:type\" content=\"article\" \/>\n<meta property=\"og:title\" content=\"Patron crochet Collection les bouilles de pin - PDF - Zess Crochet\" \/>\n<meta property=\"og:description\" content=\"Patron crochet amigurumi pour cr\u00e9er Les Bouilles de Pin, une collection de petits personnages inspir\u00e9s du monde v\u00e9g\u00e9tal. Patron PDF tr\u00e8s d\u00e9taill\u00e9.\" \/>\n<meta property=\"og:url\" content=\"https:\/\/zess.fr\/shop\/product\/patron-crochet-collection-les-bouilles-de-pin-pdf\/\" \/>\n<meta property=\"og:site_name\" content=\"Zess Crochet\" \/>\n<meta property=\"article:modified_time\" content=\"2026-04-20T12:51:16+00:00\" \/>\n<meta property=\"og:image\" content=\"https:\/\/zess.fr\/shop\/wp-content\/uploads\/2026\/01\/DSC_8706-2-copie.jpg\" \/>\n\t<meta property=\"og:image:width\" content=\"1638\" \/>\n\t<meta property=\"og:image:height\" content=\"2048\" \/>\n\t<meta property=\"og:image:type\" content=\"image\/jpeg\" \/>\n<meta name=\"twitter:card\" content=\"summary_large_image\" \/>\n<meta name=\"twitter:label1\" content=\"Dur\u00e9e de lecture estim\u00e9e\" \/>\n\t<meta name=\"twitter:data1\" content=\"3 minutes\" \/>\n<script type=\"application\/ld+json\" class=\"yoast-schema-graph\">{\"@context\":\"https:\\\/\\\/schema.org\",\"@graph\":[{\"@type\":\"WebPage\",\"@id\":\"https:\\\/\\\/zess.fr\\\/shop\\\/product\\\/patron-crochet-collection-les-bouilles-de-pin-pdf\\\/\",\"url\":\"https:\\\/\\\/zess.fr\\\/shop\\\/product\\\/patron-crochet-collection-les-bouilles-de-pin-pdf\\\/\",\"name\":\"Patron crochet Collection les bouilles de pin - PDF - Zess Crochet\",\"isPartOf\":{\"@id\":\"https:\\\/\\\/zess.fr\\\/shop\\\/#website\"},\"primaryImageOfPage\":{\"@id\":\"https:\\\/\\\/zess.fr\\\/shop\\\/product\\\/patron-crochet-collection-les-bouilles-de-pin-pdf\\\/#primaryimage\"},\"image\":{\"@id\":\"https:\\\/\\\/zess.fr\\\/shop\\\/product\\\/patron-crochet-collection-les-bouilles-de-pin-pdf\\\/#primaryimage\"},\"thumbnailUrl\":\"https:\\\/\\\/zess.fr\\\/shop\\\/wp-content\\\/uploads\\\/2026\\\/01\\\/DSC_8706-2-copie.jpg\",\"datePublished\":\"2026-01-16T17:54:17+00:00\",\"dateModified\":\"2026-04-20T12:51:16+00:00\",\"description\":\"Patron crochet amigurumi pour cr\u00e9er Les Bouilles de Pin, une collection de petits personnages inspir\u00e9s du monde v\u00e9g\u00e9tal. Patron PDF tr\u00e8s d\u00e9taill\u00e9.\",\"breadcrumb\":{\"@id\":\"https:\\\/\\\/zess.fr\\\/shop\\\/product\\\/patron-crochet-collection-les-bouilles-de-pin-pdf\\\/#breadcrumb\"},\"inLanguage\":\"fr-FR\",\"potentialAction\":[{\"@type\":\"ReadAction\",\"target\":[\"https:\\\/\\\/zess.fr\\\/shop\\\/product\\\/patron-crochet-collection-les-bouilles-de-pin-pdf\\\/\"]}]},{\"@type\":\"ImageObject\",\"inLanguage\":\"fr-FR\",\"@id\":\"https:\\\/\\\/zess.fr\\\/shop\\\/product\\\/patron-crochet-collection-les-bouilles-de-pin-pdf\\\/#primaryimage\",\"url\":\"https:\\\/\\\/zess.fr\\\/shop\\\/wp-content\\\/uploads\\\/2026\\\/01\\\/DSC_8706-2-copie.jpg\",\"contentUrl\":\"https:\\\/\\\/zess.fr\\\/shop\\\/wp-content\\\/uploads\\\/2026\\\/01\\\/DSC_8706-2-copie.jpg\",\"width\":1638,\"height\":2048},{\"@type\":\"BreadcrumbList\",\"@id\":\"https:\\\/\\\/zess.fr\\\/shop\\\/product\\\/patron-crochet-collection-les-bouilles-de-pin-pdf\\\/#breadcrumb\",\"itemListElement\":[{\"@type\":\"ListItem\",\"position\":1,\"name\":\"Zess Crochet Boutique &#8211; Tutoriels et kit crochet\",\"item\":\"https:\\\/\\\/zess.fr\\\/shop\\\/acceuil-2\\\/\"},{\"@type\":\"ListItem\",\"position\":2,\"name\":\"Tous les patrons PDF\",\"item\":\"https:\\\/\\\/zess.fr\\\/shop\\\/product-category\\\/tous-les-patrons-crochet-pdf\\\/\"},{\"@type\":\"ListItem\",\"position\":3,\"name\":\"Patron crochet Collection les bouilles de pin &#8211; PDF\"}]},{\"@type\":\"WebSite\",\"@id\":\"https:\\\/\\\/zess.fr\\\/shop\\\/#website\",\"url\":\"https:\\\/\\\/zess.fr\\\/shop\\\/\",\"name\":\"Zess Crochet - Tutoriels au crochet amigurumi, poup\u00e9es et accessoires - patron num\u00e9rique PDF - livres de crochet\",\"description\":\"Tutoriels et kits crochet amigurumi et d\u00e9co\",\"potentialAction\":[{\"@type\":\"SearchAction\",\"target\":{\"@type\":\"EntryPoint\",\"urlTemplate\":\"https:\\\/\\\/zess.fr\\\/shop\\\/?s={search_term_string}\"},\"query-input\":{\"@type\":\"PropertyValueSpecification\",\"valueRequired\":true,\"valueName\":\"search_term_string\"}}],\"inLanguage\":\"fr-FR\"}]}<\/script>\n<!-- \/ Yoast SEO plugin. -->","yoast_head_json":{"title":"Patron crochet Collection les bouilles de pin - PDF - Zess Crochet","description":"Patron crochet amigurumi pour cr\u00e9er Les Bouilles de Pin, une collection de petits personnages inspir\u00e9s du monde v\u00e9g\u00e9tal. Patron PDF tr\u00e8s d\u00e9taill\u00e9.","robots":{"index":"index","follow":"follow","max-snippet":"max-snippet:-1","max-image-preview":"max-image-preview:large","max-video-preview":"max-video-preview:-1"},"canonical":"https:\/\/zess.fr\/shop\/product\/patron-crochet-collection-les-bouilles-de-pin-pdf\/","og_locale":"fr_FR","og_type":"article","og_title":"Patron crochet Collection les bouilles de pin - PDF - Zess Crochet","og_description":"Patron crochet amigurumi pour cr\u00e9er Les Bouilles de Pin, une collection de petits personnages inspir\u00e9s du monde v\u00e9g\u00e9tal. Patron PDF tr\u00e8s d\u00e9taill\u00e9.","og_url":"https:\/\/zess.fr\/shop\/product\/patron-crochet-collection-les-bouilles-de-pin-pdf\/","og_site_name":"Zess Crochet","article_modified_time":"2026-04-20T12:51:16+00:00","og_image":[{"width":1638,"height":2048,"url":"https:\/\/zess.fr\/shop\/wp-content\/uploads\/2026\/01\/DSC_8706-2-copie.jpg","type":"image\/jpeg"}],"twitter_card":"summary_large_image","twitter_misc":{"Dur\u00e9e de lecture estim\u00e9e":"3 minutes"},"schema":{"@context":"https:\/\/schema.org","@graph":[{"@type":"WebPage","@id":"https:\/\/zess.fr\/shop\/product\/patron-crochet-collection-les-bouilles-de-pin-pdf\/","url":"https:\/\/zess.fr\/shop\/product\/patron-crochet-collection-les-bouilles-de-pin-pdf\/","name":"Patron crochet Collection les bouilles de pin - PDF - Zess Crochet","isPartOf":{"@id":"https:\/\/zess.fr\/shop\/#website"},"primaryImageOfPage":{"@id":"https:\/\/zess.fr\/shop\/product\/patron-crochet-collection-les-bouilles-de-pin-pdf\/#primaryimage"},"image":{"@id":"https:\/\/zess.fr\/shop\/product\/patron-crochet-collection-les-bouilles-de-pin-pdf\/#primaryimage"},"thumbnailUrl":"https:\/\/zess.fr\/shop\/wp-content\/uploads\/2026\/01\/DSC_8706-2-copie.jpg","datePublished":"2026-01-16T17:54:17+00:00","dateModified":"2026-04-20T12:51:16+00:00","description":"Patron crochet amigurumi pour cr\u00e9er Les Bouilles de Pin, une collection de petits personnages inspir\u00e9s du monde v\u00e9g\u00e9tal. Patron PDF tr\u00e8s d\u00e9taill\u00e9.","breadcrumb":{"@id":"https:\/\/zess.fr\/shop\/product\/patron-crochet-collection-les-bouilles-de-pin-pdf\/#breadcrumb"},"inLanguage":"fr-FR","potentialAction":[{"@type":"ReadAction","target":["https:\/\/zess.fr\/shop\/product\/patron-crochet-collection-les-bouilles-de-pin-pdf\/"]}]},{"@type":"ImageObject","inLanguage":"fr-FR","@id":"https:\/\/zess.fr\/shop\/product\/patron-crochet-collection-les-bouilles-de-pin-pdf\/#primaryimage","url":"https:\/\/zess.fr\/shop\/wp-content\/uploads\/2026\/01\/DSC_8706-2-copie.jpg","contentUrl":"https:\/\/zess.fr\/shop\/wp-content\/uploads\/2026\/01\/DSC_8706-2-copie.jpg","width":1638,"height":2048},{"@type":"BreadcrumbList","@id":"https:\/\/zess.fr\/shop\/product\/patron-crochet-collection-les-bouilles-de-pin-pdf\/#breadcrumb","itemListElement":[{"@type":"ListItem","position":1,"name":"Zess Crochet Boutique &#8211; Tutoriels et kit crochet","item":"https:\/\/zess.fr\/shop\/acceuil-2\/"},{"@type":"ListItem","position":2,"name":"Tous les patrons PDF","item":"https:\/\/zess.fr\/shop\/product-category\/tous-les-patrons-crochet-pdf\/"},{"@type":"ListItem","position":3,"name":"Patron crochet Collection les bouilles de pin &#8211; PDF"}]},{"@type":"WebSite","@id":"https:\/\/zess.fr\/shop\/#website","url":"https:\/\/zess.fr\/shop\/","name":"Zess Crochet - Tutoriels au crochet amigurumi, poup\u00e9es et accessoires - patron num\u00e9rique PDF - livres de crochet","description":"Tutoriels et kits crochet amigurumi et d\u00e9co","potentialAction":[{"@type":"SearchAction","target":{"@type":"EntryPoint","urlTemplate":"https:\/\/zess.fr\/shop\/?s={search_term_string}"},"query-input":{"@type":"PropertyValueSpecification","valueRequired":true,"valueName":"search_term_string"}}],"inLanguage":"fr-FR"}]}},"_links":{"self":[{"href":"https:\/\/zess.fr\/shop\/wp-json\/wp\/v2\/product\/9701","targetHints":{"allow":["GET"]}}],"collection":[{"href":"https:\/\/zess.fr\/shop\/wp-json\/wp\/v2\/product"}],"about":[{"href":"https:\/\/zess.fr\/shop\/wp-json\/wp\/v2\/types\/product"}],"replies":[{"embeddable":true,"href":"https:\/\/zess.fr\/shop\/wp-json\/wp\/v2\/comments?post=9701"}],"version-history":[{"count":7,"href":"https:\/\/zess.fr\/shop\/wp-json\/wp\/v2\/product\/9701\/revisions"}],"predecessor-version":[{"id":9713,"href":"https:\/\/zess.fr\/shop\/wp-json\/wp\/v2\/product\/9701\/revisions\/9713"}],"wp:featuredmedia":[{"embeddable":true,"href":"https:\/\/zess.fr\/shop\/wp-json\/wp\/v2\/media\/9703"}],"wp:attachment":[{"href":"https:\/\/zess.fr\/shop\/wp-json\/wp\/v2\/media?parent=9701"}],"wp:term":[{"taxonomy":"product_brand","embeddable":true,"href":"https:\/\/zess.fr\/shop\/wp-json\/wp\/v2\/product_brand?post=9701"},{"taxonomy":"product_cat","embeddable":true,"href":"https:\/\/zess.fr\/shop\/wp-json\/wp\/v2\/product_cat?post=9701"},{"taxonomy":"product_tag","embeddable":true,"href":"https:\/\/zess.fr\/shop\/wp-json\/wp\/v2\/product_tag?post=9701"}],"curies":[{"name":"wp","href":"https:\/\/api.w.org\/{rel}","templated":true}]}}