{"id":928,"date":"2022-12-14T17:32:17","date_gmt":"2022-12-14T16:32:17","guid":{"rendered":"https:\/\/zess.fr\/shop\/?post_type=product&#038;p=928"},"modified":"2026-01-14T19:43:06","modified_gmt":"2026-01-14T18:43:06","slug":"modele-de-crochet-poutou-le-lapin","status":"publish","type":"product","link":"https:\/\/zess.fr\/shop\/product\/modele-de-crochet-poutou-le-lapin\/","title":{"rendered":"Patron au crochet &#8211; Poutou le lapin (PDF)"},"content":{"rendered":"<p>Poutou est un tout petit lapin, d&rsquo;environ 8cm (10cm oreilles incluses) si vous utilisez un crochet 2,5mm et du fil de coton.<\/p>\n<p><strong>Le patron au format PDF contient :<\/strong><\/p>\n<ul>\n<li>9 pages d&rsquo;explications d\u00e9taill\u00e9es avec des photos d&rsquo;\u00e9tapes<\/li>\n<li>un pas \u00e0 pas en photos + un sch\u00e9ma pour broder le visage sans stress<\/li>\n<li>une page compl\u00e8te de conseils<\/li>\n<\/ul>\n<p><strong>Langues disponibles<\/strong> : Fran\u00e7ais + Anglais + Espagnol<\/p>\n<p>Votre patron PDF est disponible en t\u00e9l\u00e9chargement imm\u00e9diat apr\u00e8s paiement.<\/p>\n<p><strong data-start=\"2228\" data-end=\"2259\">\u2757Usage strictement personnel<\/strong><br \/>\nCe patron est destin\u00e9 \u00e0 un usage personnel uniquement.<br data-start=\"354\" data-end=\"357\" \/>La vente des objets r\u00e9alis\u00e9s \u00e0 partir de ce mod\u00e8le <strong>n\u2019est pas autoris\u00e9e<\/strong> avec ce patron.<br \/>\nPour toute utilisation professionnelle ou commerciale, y compris vente occasionnelle ou ateliers, merci de me contacter. Des licences adapt\u00e9es sont propos\u00e9es.<\/p>\n<h4>Points importants<\/h4>\n<ul>\n<li>Cet achat est un fichier num\u00e9rique pour vous permettre de crocheter ce mini amigurumi lapin au crochet. Il ne s\u2019agit pas du produit fini.<\/li>\n<li>Cet article num\u00e9rique est <strong>non remboursable et non \u00e9changeable<\/strong>.<\/li>\n<\/ul>\n<p>\u2753Si vous avez des questions, avant ou apr\u00e8s votre commande, contactez moi !<\/p>\n","protected":false},"excerpt":{"rendered":"<p>Poutou est un mini lapin amigurumi, facile \u00e0 emporter partout. Sa petite taille permet de l\u2019accrocher \u00e0 un sac ou une trousse, de le poser en d\u00e9co dans une chambre ou de l\u2019utiliser comme petite poup\u00e9e pour un enfant. Presque enti\u00e8rement crochet\u00e9 d\u2019une seule pi\u00e8ce, il se pr\u00eate parfaitement aux cadeaux et aux d\u00e9clinaisons de couleurs.<\/p>\n<p>Le patron PDF inclut des explications claires, des photos d\u2019\u00e9tapes et un pas \u00e0 pas simple pour broder le visage.<\/p>\n<p><img decoding=\"async\" class=\"emoji\" role=\"img\" draggable=\"false\" src=\"https:\/\/s.w.org\/images\/core\/emoji\/16.0.1\/svg\/1f4e5.svg\" alt=\"\ud83d\udce5\" \/>\u00a0T\u00e9l\u00e9chargement instantan\u00e9<br data-start=\"892\" data-end=\"895\" \/><img decoding=\"async\" class=\"emoji\" role=\"img\" draggable=\"false\" src=\"https:\/\/s.w.org\/images\/core\/emoji\/16.0.1\/svg\/1f30d.svg\" alt=\"\ud83c\udf0d\" \/> Langue : Fran\u00e7ais, Anglais, Espagnol<br data-start=\"937\" data-end=\"940\" \/><img decoding=\"async\" class=\"emoji\" role=\"img\" draggable=\"false\" src=\"https:\/\/s.w.org\/images\/core\/emoji\/16.0.1\/svg\/1f50e.svg\" alt=\"\ud83d\udd0e\" \/>\u00a0Plus de d\u00e9tails dans l\u2019onglet Description<\/p>\n","protected":false},"featured_media":2429,"comment_status":"open","ping_status":"closed","template":"","meta":[],"product_brand":[],"product_cat":[291,293,62],"product_tag":[277,278],"class_list":{"0":"post-928","1":"product","2":"type-product","3":"status-publish","4":"has-post-thumbnail","6":"product_cat-amigurumis","7":"product_cat-tous-les-patrons-crochet-pdf","8":"product_cat-modeles-de-crochet","9":"product_tag-lapin","10":"product_tag-mini","12":"first","13":"instock","14":"featured","15":"downloadable","16":"virtual","17":"sold-individually","18":"purchasable","19":"product-type-simple"},"yoast_head":"<!-- This site is optimized with the Yoast SEO plugin v27.4 - https:\/\/yoast.com\/product\/yoast-seo-wordpress\/ -->\n<title>Patron au crochet - Poutou le lapin (PDF) - Zess Crochet<\/title>\n<meta name=\"description\" content=\"Zess Crochet - Mod\u00e8le crochet mini doudou lapin facile \u00e0 r\u00e9aliser avec un tutoriel tr\u00e8s d\u00e9taill\u00e9\" \/>\n<meta name=\"robots\" content=\"index, follow, max-snippet:-1, max-image-preview:large, max-video-preview:-1\" \/>\n<link rel=\"canonical\" href=\"https:\/\/zess.fr\/shop\/product\/modele-de-crochet-poutou-le-lapin\/\" \/>\n<meta property=\"og:locale\" content=\"fr_FR\" \/>\n<meta property=\"og:type\" content=\"article\" \/>\n<meta property=\"og:title\" content=\"Patron au crochet - Poutou le lapin (PDF) - Zess Crochet\" \/>\n<meta property=\"og:description\" content=\"Zess Crochet - Mod\u00e8le crochet mini doudou lapin facile \u00e0 r\u00e9aliser avec un tutoriel tr\u00e8s d\u00e9taill\u00e9\" \/>\n<meta property=\"og:url\" content=\"https:\/\/zess.fr\/shop\/product\/modele-de-crochet-poutou-le-lapin\/\" \/>\n<meta property=\"og:site_name\" content=\"Zess Crochet\" \/>\n<meta property=\"article:modified_time\" content=\"2026-01-14T18:43:06+00:00\" \/>\n<meta property=\"og:image\" content=\"https:\/\/zess.fr\/shop\/wp-content\/uploads\/2020\/12\/Chez-Marceau-6.png\" \/>\n\t<meta property=\"og:image:width\" content=\"1080\" \/>\n\t<meta property=\"og:image:height\" content=\"1350\" \/>\n\t<meta property=\"og:image:type\" content=\"image\/png\" \/>\n<meta name=\"twitter:card\" content=\"summary_large_image\" \/>\n<meta name=\"twitter:label1\" content=\"Dur\u00e9e de lecture estim\u00e9e\" \/>\n\t<meta name=\"twitter:data1\" content=\"2 minutes\" \/>\n<script type=\"application\/ld+json\" class=\"yoast-schema-graph\">{\"@context\":\"https:\\\/\\\/schema.org\",\"@graph\":[{\"@type\":\"WebPage\",\"@id\":\"https:\\\/\\\/zess.fr\\\/shop\\\/product\\\/modele-de-crochet-poutou-le-lapin\\\/\",\"url\":\"https:\\\/\\\/zess.fr\\\/shop\\\/product\\\/modele-de-crochet-poutou-le-lapin\\\/\",\"name\":\"Patron au crochet - Poutou le lapin (PDF) - Zess Crochet\",\"isPartOf\":{\"@id\":\"https:\\\/\\\/zess.fr\\\/shop\\\/#website\"},\"primaryImageOfPage\":{\"@id\":\"https:\\\/\\\/zess.fr\\\/shop\\\/product\\\/modele-de-crochet-poutou-le-lapin\\\/#primaryimage\"},\"image\":{\"@id\":\"https:\\\/\\\/zess.fr\\\/shop\\\/product\\\/modele-de-crochet-poutou-le-lapin\\\/#primaryimage\"},\"thumbnailUrl\":\"https:\\\/\\\/zess.fr\\\/shop\\\/wp-content\\\/uploads\\\/2020\\\/12\\\/Chez-Marceau-6.png\",\"datePublished\":\"2022-12-14T16:32:17+00:00\",\"dateModified\":\"2026-01-14T18:43:06+00:00\",\"description\":\"Zess Crochet - Mod\u00e8le crochet mini doudou lapin facile \u00e0 r\u00e9aliser avec un tutoriel tr\u00e8s d\u00e9taill\u00e9\",\"breadcrumb\":{\"@id\":\"https:\\\/\\\/zess.fr\\\/shop\\\/product\\\/modele-de-crochet-poutou-le-lapin\\\/#breadcrumb\"},\"inLanguage\":\"fr-FR\",\"potentialAction\":[{\"@type\":\"ReadAction\",\"target\":[\"https:\\\/\\\/zess.fr\\\/shop\\\/product\\\/modele-de-crochet-poutou-le-lapin\\\/\"]}]},{\"@type\":\"ImageObject\",\"inLanguage\":\"fr-FR\",\"@id\":\"https:\\\/\\\/zess.fr\\\/shop\\\/product\\\/modele-de-crochet-poutou-le-lapin\\\/#primaryimage\",\"url\":\"https:\\\/\\\/zess.fr\\\/shop\\\/wp-content\\\/uploads\\\/2020\\\/12\\\/Chez-Marceau-6.png\",\"contentUrl\":\"https:\\\/\\\/zess.fr\\\/shop\\\/wp-content\\\/uploads\\\/2020\\\/12\\\/Chez-Marceau-6.png\",\"width\":1080,\"height\":1350,\"caption\":\"Tutoriel crochet mod\u00e8le petit lapin\"},{\"@type\":\"BreadcrumbList\",\"@id\":\"https:\\\/\\\/zess.fr\\\/shop\\\/product\\\/modele-de-crochet-poutou-le-lapin\\\/#breadcrumb\",\"itemListElement\":[{\"@type\":\"ListItem\",\"position\":1,\"name\":\"Zess Crochet Boutique &#8211; Tutoriels et kit crochet\",\"item\":\"https:\\\/\\\/zess.fr\\\/shop\\\/acceuil-2\\\/\"},{\"@type\":\"ListItem\",\"position\":2,\"name\":\"Tutoriels crochet\",\"item\":\"https:\\\/\\\/zess.fr\\\/shop\\\/product-category\\\/modeles-de-crochet\\\/\"},{\"@type\":\"ListItem\",\"position\":3,\"name\":\"Amigurumis\",\"item\":\"https:\\\/\\\/zess.fr\\\/shop\\\/product-category\\\/modeles-de-crochet\\\/amigurumis\\\/\"},{\"@type\":\"ListItem\",\"position\":4,\"name\":\"Patron au crochet &#8211; Poutou le lapin (PDF)\"}]},{\"@type\":\"WebSite\",\"@id\":\"https:\\\/\\\/zess.fr\\\/shop\\\/#website\",\"url\":\"https:\\\/\\\/zess.fr\\\/shop\\\/\",\"name\":\"Zess Crochet - Tutoriels au crochet amigurumi, poup\u00e9es et accessoires - patron num\u00e9rique PDF - livres de crochet\",\"description\":\"Tutoriels et kits crochet amigurumi et d\u00e9co\",\"potentialAction\":[{\"@type\":\"SearchAction\",\"target\":{\"@type\":\"EntryPoint\",\"urlTemplate\":\"https:\\\/\\\/zess.fr\\\/shop\\\/?s={search_term_string}\"},\"query-input\":{\"@type\":\"PropertyValueSpecification\",\"valueRequired\":true,\"valueName\":\"search_term_string\"}}],\"inLanguage\":\"fr-FR\"}]}<\/script>\n<!-- \/ Yoast SEO plugin. -->","yoast_head_json":{"title":"Patron au crochet - Poutou le lapin (PDF) - Zess Crochet","description":"Zess Crochet - Mod\u00e8le crochet mini doudou lapin facile \u00e0 r\u00e9aliser avec un tutoriel tr\u00e8s d\u00e9taill\u00e9","robots":{"index":"index","follow":"follow","max-snippet":"max-snippet:-1","max-image-preview":"max-image-preview:large","max-video-preview":"max-video-preview:-1"},"canonical":"https:\/\/zess.fr\/shop\/product\/modele-de-crochet-poutou-le-lapin\/","og_locale":"fr_FR","og_type":"article","og_title":"Patron au crochet - Poutou le lapin (PDF) - Zess Crochet","og_description":"Zess Crochet - Mod\u00e8le crochet mini doudou lapin facile \u00e0 r\u00e9aliser avec un tutoriel tr\u00e8s d\u00e9taill\u00e9","og_url":"https:\/\/zess.fr\/shop\/product\/modele-de-crochet-poutou-le-lapin\/","og_site_name":"Zess Crochet","article_modified_time":"2026-01-14T18:43:06+00:00","og_image":[{"width":1080,"height":1350,"url":"https:\/\/zess.fr\/shop\/wp-content\/uploads\/2020\/12\/Chez-Marceau-6.png","type":"image\/png"}],"twitter_card":"summary_large_image","twitter_misc":{"Dur\u00e9e de lecture estim\u00e9e":"2 minutes"},"schema":{"@context":"https:\/\/schema.org","@graph":[{"@type":"WebPage","@id":"https:\/\/zess.fr\/shop\/product\/modele-de-crochet-poutou-le-lapin\/","url":"https:\/\/zess.fr\/shop\/product\/modele-de-crochet-poutou-le-lapin\/","name":"Patron au crochet - Poutou le lapin (PDF) - Zess Crochet","isPartOf":{"@id":"https:\/\/zess.fr\/shop\/#website"},"primaryImageOfPage":{"@id":"https:\/\/zess.fr\/shop\/product\/modele-de-crochet-poutou-le-lapin\/#primaryimage"},"image":{"@id":"https:\/\/zess.fr\/shop\/product\/modele-de-crochet-poutou-le-lapin\/#primaryimage"},"thumbnailUrl":"https:\/\/zess.fr\/shop\/wp-content\/uploads\/2020\/12\/Chez-Marceau-6.png","datePublished":"2022-12-14T16:32:17+00:00","dateModified":"2026-01-14T18:43:06+00:00","description":"Zess Crochet - Mod\u00e8le crochet mini doudou lapin facile \u00e0 r\u00e9aliser avec un tutoriel tr\u00e8s d\u00e9taill\u00e9","breadcrumb":{"@id":"https:\/\/zess.fr\/shop\/product\/modele-de-crochet-poutou-le-lapin\/#breadcrumb"},"inLanguage":"fr-FR","potentialAction":[{"@type":"ReadAction","target":["https:\/\/zess.fr\/shop\/product\/modele-de-crochet-poutou-le-lapin\/"]}]},{"@type":"ImageObject","inLanguage":"fr-FR","@id":"https:\/\/zess.fr\/shop\/product\/modele-de-crochet-poutou-le-lapin\/#primaryimage","url":"https:\/\/zess.fr\/shop\/wp-content\/uploads\/2020\/12\/Chez-Marceau-6.png","contentUrl":"https:\/\/zess.fr\/shop\/wp-content\/uploads\/2020\/12\/Chez-Marceau-6.png","width":1080,"height":1350,"caption":"Tutoriel crochet mod\u00e8le petit lapin"},{"@type":"BreadcrumbList","@id":"https:\/\/zess.fr\/shop\/product\/modele-de-crochet-poutou-le-lapin\/#breadcrumb","itemListElement":[{"@type":"ListItem","position":1,"name":"Zess Crochet Boutique &#8211; Tutoriels et kit crochet","item":"https:\/\/zess.fr\/shop\/acceuil-2\/"},{"@type":"ListItem","position":2,"name":"Tutoriels crochet","item":"https:\/\/zess.fr\/shop\/product-category\/modeles-de-crochet\/"},{"@type":"ListItem","position":3,"name":"Amigurumis","item":"https:\/\/zess.fr\/shop\/product-category\/modeles-de-crochet\/amigurumis\/"},{"@type":"ListItem","position":4,"name":"Patron au crochet &#8211; Poutou le lapin (PDF)"}]},{"@type":"WebSite","@id":"https:\/\/zess.fr\/shop\/#website","url":"https:\/\/zess.fr\/shop\/","name":"Zess Crochet - Tutoriels au crochet amigurumi, poup\u00e9es et accessoires - patron num\u00e9rique PDF - livres de crochet","description":"Tutoriels et kits crochet amigurumi et d\u00e9co","potentialAction":[{"@type":"SearchAction","target":{"@type":"EntryPoint","urlTemplate":"https:\/\/zess.fr\/shop\/?s={search_term_string}"},"query-input":{"@type":"PropertyValueSpecification","valueRequired":true,"valueName":"search_term_string"}}],"inLanguage":"fr-FR"}]}},"_links":{"self":[{"href":"https:\/\/zess.fr\/shop\/wp-json\/wp\/v2\/product\/928","targetHints":{"allow":["GET"]}}],"collection":[{"href":"https:\/\/zess.fr\/shop\/wp-json\/wp\/v2\/product"}],"about":[{"href":"https:\/\/zess.fr\/shop\/wp-json\/wp\/v2\/types\/product"}],"replies":[{"embeddable":true,"href":"https:\/\/zess.fr\/shop\/wp-json\/wp\/v2\/comments?post=928"}],"version-history":[{"count":3,"href":"https:\/\/zess.fr\/shop\/wp-json\/wp\/v2\/product\/928\/revisions"}],"predecessor-version":[{"id":9658,"href":"https:\/\/zess.fr\/shop\/wp-json\/wp\/v2\/product\/928\/revisions\/9658"}],"wp:featuredmedia":[{"embeddable":true,"href":"https:\/\/zess.fr\/shop\/wp-json\/wp\/v2\/media\/2429"}],"wp:attachment":[{"href":"https:\/\/zess.fr\/shop\/wp-json\/wp\/v2\/media?parent=928"}],"wp:term":[{"taxonomy":"product_brand","embeddable":true,"href":"https:\/\/zess.fr\/shop\/wp-json\/wp\/v2\/product_brand?post=928"},{"taxonomy":"product_cat","embeddable":true,"href":"https:\/\/zess.fr\/shop\/wp-json\/wp\/v2\/product_cat?post=928"},{"taxonomy":"product_tag","embeddable":true,"href":"https:\/\/zess.fr\/shop\/wp-json\/wp\/v2\/product_tag?post=928"}],"curies":[{"name":"wp","href":"https:\/\/api.w.org\/{rel}","templated":true}]}}