{"id":9150,"date":"2025-11-26T21:09:31","date_gmt":"2025-11-26T20:09:31","guid":{"rendered":"https:\/\/zess.fr\/shop\/?post_type=product&#038;p=9150"},"modified":"2025-11-28T10:04:19","modified_gmt":"2025-11-28T09:04:19","slug":"lot-3-patrons-poutou-bubo-et-bisou-pdf","status":"publish","type":"product","link":"https:\/\/zess.fr\/shop\/product\/lot-3-patrons-poutou-bubo-et-bisou-pdf\/","title":{"rendered":"Lot 3 patrons &#8211; Poutou, Bubo et Bisou (PDF)"},"content":{"rendered":"<p data-start=\"2185\" data-end=\"2225\">T\u00e9l\u00e9chargement imm\u00e9diat apr\u00e8s paiement.<\/p>\n<p data-start=\"2228\" data-end=\"2626\"><strong data-start=\"2228\" data-end=\"2259\">\u2757Usage strictement personnel<\/strong> :<br data-start=\"2261\" data-end=\"2264\" \/>La vente des objets r\u00e9alis\u00e9s \u00e0 partir de ce mod\u00e8le est <strong>interdite<\/strong>. Merci de respecter mon travail \u2661<br data-start=\"2366\" data-end=\"2369\" \/>Si vous souhaitez <strong data-start=\"2392\" data-end=\"2439\">utiliser ce mod\u00e8le \u00e0 des fins commerciales<\/strong> (revente du produit fini, atelier, etc.), merci de me contacter pour un devis. Ce patron est propos\u00e9 \u00e0 tout petit prix pour un usage priv\u00e9 uniquement : ce n\u2019est pas le m\u00eame cadre \ud83d\ude0a<\/p>\n<h4>Points importants<\/h4>\n<ul>\n<li>Cet achat est un fichier num\u00e9rique pour vous permettre de crocheter les boules de Noel au crochet gr\u00e2ce \u00e0 ce patron PDF. Il ne s\u2019agit pas du produit fini.<\/li>\n<li>Cet article num\u00e9rique est <strong>non remboursable et non \u00e9changeable<\/strong>.<\/li>\n<\/ul>\n<p>\u2753Si vous avez des questions, avant ou apr\u00e8s votre commande, contactez moi !<\/p>\n<p>Avec ce lot de 3 patrons crochet PDF, crocheter des mini amigurumis trop mignons !<\/p>\n","protected":false},"excerpt":{"rendered":"<p>Poutou, Bubo &amp; Bisou r\u00e9unis dans un seul pack \ud83d\udc30\ud83e\udd89\ud83e\uddf8<br data-start=\"134\" data-end=\"137\" \/>Format poche qui tient dans la main : parfaits en porte-cl\u00e9, grigri ou petite d\u00e9co \u00e0 offrir.<\/p>\n<p><img decoding=\"async\" class=\"emoji lazyloaded\" role=\"img\" src=\"https:\/\/s.w.org\/images\/core\/emoji\/16.0.1\/svg\/1f4e5.svg\" alt=\"\ud83d\udce5\" data-src=\"https:\/\/s.w.org\/images\/core\/emoji\/16.0.1\/svg\/1f4e5.svg\" \/> T\u00e9l\u00e9chargement instantan\u00e9<br data-start=\"937\" data-end=\"940\" \/>\u2b07\ufe0fPlus de d\u00e9tails dans l\u2019onglet Description<\/p>\n","protected":false},"featured_media":9194,"comment_status":"open","ping_status":"closed","template":"","meta":[],"product_brand":[],"product_cat":[291,294],"product_tag":[296],"class_list":{"0":"post-9150","1":"product","2":"type-product","3":"status-publish","4":"has-post-thumbnail","6":"product_cat-amigurumis","7":"product_cat-packs-lots-pdf","8":"product_tag-lot","10":"first","11":"instock","12":"sale","13":"downloadable","14":"virtual","15":"sold-individually","16":"purchasable","17":"product-type-woosb"},"yoast_head":"<!-- This site is optimized with the Yoast SEO plugin v27.4 - https:\/\/yoast.com\/product\/yoast-seo-wordpress\/ -->\n<title>Lot 3 patrons - Poutou, Bubo et Bisou (PDF) - Zess Crochet<\/title>\n<meta name=\"robots\" content=\"index, follow, max-snippet:-1, max-image-preview:large, max-video-preview:-1\" \/>\n<link rel=\"canonical\" href=\"https:\/\/zess.fr\/shop\/product\/lot-3-patrons-poutou-bubo-et-bisou-pdf\/\" \/>\n<meta property=\"og:locale\" content=\"fr_FR\" \/>\n<meta property=\"og:type\" content=\"article\" \/>\n<meta property=\"og:title\" content=\"Lot 3 patrons - Poutou, Bubo et Bisou (PDF) - Zess Crochet\" \/>\n<meta property=\"og:description\" content=\"Poutou, Bubo &amp; Bisou r\u00e9unis dans un seul pack \ud83d\udc30\ud83e\udd89\ud83e\uddf8Format poche qui tient dans la main : parfaits en porte-cl\u00e9, grigri ou petite d\u00e9co \u00e0 offrir.   T\u00e9l\u00e9chargement instantan\u00e9\u2b07\ufe0fPlus de d\u00e9tails dans l\u2019onglet Description\" \/>\n<meta property=\"og:url\" content=\"https:\/\/zess.fr\/shop\/product\/lot-3-patrons-poutou-bubo-et-bisou-pdf\/\" \/>\n<meta property=\"og:site_name\" content=\"Zess Crochet\" \/>\n<meta property=\"article:modified_time\" content=\"2025-11-28T09:04:19+00:00\" \/>\n<meta property=\"og:image\" content=\"https:\/\/zess.fr\/shop\/wp-content\/uploads\/2025\/11\/lotpatronsminiamigurumis.jpg\" \/>\n\t<meta property=\"og:image:width\" content=\"1365\" \/>\n\t<meta property=\"og:image:height\" content=\"2048\" \/>\n\t<meta property=\"og:image:type\" content=\"image\/jpeg\" \/>\n<meta name=\"twitter:card\" content=\"summary_large_image\" \/>\n<meta name=\"twitter:label1\" content=\"Dur\u00e9e de lecture estim\u00e9e\" \/>\n\t<meta name=\"twitter:data1\" content=\"1 minute\" \/>\n<script type=\"application\/ld+json\" class=\"yoast-schema-graph\">{\"@context\":\"https:\\\/\\\/schema.org\",\"@graph\":[{\"@type\":\"WebPage\",\"@id\":\"https:\\\/\\\/zess.fr\\\/shop\\\/product\\\/lot-3-patrons-poutou-bubo-et-bisou-pdf\\\/\",\"url\":\"https:\\\/\\\/zess.fr\\\/shop\\\/product\\\/lot-3-patrons-poutou-bubo-et-bisou-pdf\\\/\",\"name\":\"Lot 3 patrons - Poutou, Bubo et Bisou (PDF) - Zess Crochet\",\"isPartOf\":{\"@id\":\"https:\\\/\\\/zess.fr\\\/shop\\\/#website\"},\"primaryImageOfPage\":{\"@id\":\"https:\\\/\\\/zess.fr\\\/shop\\\/product\\\/lot-3-patrons-poutou-bubo-et-bisou-pdf\\\/#primaryimage\"},\"image\":{\"@id\":\"https:\\\/\\\/zess.fr\\\/shop\\\/product\\\/lot-3-patrons-poutou-bubo-et-bisou-pdf\\\/#primaryimage\"},\"thumbnailUrl\":\"https:\\\/\\\/zess.fr\\\/shop\\\/wp-content\\\/uploads\\\/2025\\\/11\\\/lotpatronsminiamigurumis.jpg\",\"datePublished\":\"2025-11-26T20:09:31+00:00\",\"dateModified\":\"2025-11-28T09:04:19+00:00\",\"breadcrumb\":{\"@id\":\"https:\\\/\\\/zess.fr\\\/shop\\\/product\\\/lot-3-patrons-poutou-bubo-et-bisou-pdf\\\/#breadcrumb\"},\"inLanguage\":\"fr-FR\",\"potentialAction\":[{\"@type\":\"ReadAction\",\"target\":[\"https:\\\/\\\/zess.fr\\\/shop\\\/product\\\/lot-3-patrons-poutou-bubo-et-bisou-pdf\\\/\"]}]},{\"@type\":\"ImageObject\",\"inLanguage\":\"fr-FR\",\"@id\":\"https:\\\/\\\/zess.fr\\\/shop\\\/product\\\/lot-3-patrons-poutou-bubo-et-bisou-pdf\\\/#primaryimage\",\"url\":\"https:\\\/\\\/zess.fr\\\/shop\\\/wp-content\\\/uploads\\\/2025\\\/11\\\/lotpatronsminiamigurumis.jpg\",\"contentUrl\":\"https:\\\/\\\/zess.fr\\\/shop\\\/wp-content\\\/uploads\\\/2025\\\/11\\\/lotpatronsminiamigurumis.jpg\",\"width\":1365,\"height\":2048,\"caption\":\"3 tutoriels mini amigurumi lapin ours chouette hibou\"},{\"@type\":\"BreadcrumbList\",\"@id\":\"https:\\\/\\\/zess.fr\\\/shop\\\/product\\\/lot-3-patrons-poutou-bubo-et-bisou-pdf\\\/#breadcrumb\",\"itemListElement\":[{\"@type\":\"ListItem\",\"position\":1,\"name\":\"Zess Crochet Boutique &#8211; Tutoriels et kit crochet\",\"item\":\"https:\\\/\\\/zess.fr\\\/shop\\\/acceuil-2\\\/\"},{\"@type\":\"ListItem\",\"position\":2,\"name\":\"Packs \\\/ Lots PDF\",\"item\":\"https:\\\/\\\/zess.fr\\\/shop\\\/product-category\\\/packs-lots-pdf\\\/\"},{\"@type\":\"ListItem\",\"position\":3,\"name\":\"Lot 3 patrons &#8211; Poutou, Bubo et Bisou (PDF)\"}]},{\"@type\":\"WebSite\",\"@id\":\"https:\\\/\\\/zess.fr\\\/shop\\\/#website\",\"url\":\"https:\\\/\\\/zess.fr\\\/shop\\\/\",\"name\":\"Zess Crochet - Tutoriels au crochet amigurumi, poup\u00e9es et accessoires - patron num\u00e9rique PDF - livres de crochet\",\"description\":\"Tutoriels et kits crochet amigurumi et d\u00e9co\",\"potentialAction\":[{\"@type\":\"SearchAction\",\"target\":{\"@type\":\"EntryPoint\",\"urlTemplate\":\"https:\\\/\\\/zess.fr\\\/shop\\\/?s={search_term_string}\"},\"query-input\":{\"@type\":\"PropertyValueSpecification\",\"valueRequired\":true,\"valueName\":\"search_term_string\"}}],\"inLanguage\":\"fr-FR\"}]}<\/script>\n<!-- \/ Yoast SEO plugin. -->","yoast_head_json":{"title":"Lot 3 patrons - Poutou, Bubo et Bisou (PDF) - Zess Crochet","robots":{"index":"index","follow":"follow","max-snippet":"max-snippet:-1","max-image-preview":"max-image-preview:large","max-video-preview":"max-video-preview:-1"},"canonical":"https:\/\/zess.fr\/shop\/product\/lot-3-patrons-poutou-bubo-et-bisou-pdf\/","og_locale":"fr_FR","og_type":"article","og_title":"Lot 3 patrons - Poutou, Bubo et Bisou (PDF) - Zess Crochet","og_description":"Poutou, Bubo &amp; Bisou r\u00e9unis dans un seul pack \ud83d\udc30\ud83e\udd89\ud83e\uddf8Format poche qui tient dans la main : parfaits en porte-cl\u00e9, grigri ou petite d\u00e9co \u00e0 offrir.   T\u00e9l\u00e9chargement instantan\u00e9\u2b07\ufe0fPlus de d\u00e9tails dans l\u2019onglet Description","og_url":"https:\/\/zess.fr\/shop\/product\/lot-3-patrons-poutou-bubo-et-bisou-pdf\/","og_site_name":"Zess Crochet","article_modified_time":"2025-11-28T09:04:19+00:00","og_image":[{"width":1365,"height":2048,"url":"https:\/\/zess.fr\/shop\/wp-content\/uploads\/2025\/11\/lotpatronsminiamigurumis.jpg","type":"image\/jpeg"}],"twitter_card":"summary_large_image","twitter_misc":{"Dur\u00e9e de lecture estim\u00e9e":"1 minute"},"schema":{"@context":"https:\/\/schema.org","@graph":[{"@type":"WebPage","@id":"https:\/\/zess.fr\/shop\/product\/lot-3-patrons-poutou-bubo-et-bisou-pdf\/","url":"https:\/\/zess.fr\/shop\/product\/lot-3-patrons-poutou-bubo-et-bisou-pdf\/","name":"Lot 3 patrons - Poutou, Bubo et Bisou (PDF) - Zess Crochet","isPartOf":{"@id":"https:\/\/zess.fr\/shop\/#website"},"primaryImageOfPage":{"@id":"https:\/\/zess.fr\/shop\/product\/lot-3-patrons-poutou-bubo-et-bisou-pdf\/#primaryimage"},"image":{"@id":"https:\/\/zess.fr\/shop\/product\/lot-3-patrons-poutou-bubo-et-bisou-pdf\/#primaryimage"},"thumbnailUrl":"https:\/\/zess.fr\/shop\/wp-content\/uploads\/2025\/11\/lotpatronsminiamigurumis.jpg","datePublished":"2025-11-26T20:09:31+00:00","dateModified":"2025-11-28T09:04:19+00:00","breadcrumb":{"@id":"https:\/\/zess.fr\/shop\/product\/lot-3-patrons-poutou-bubo-et-bisou-pdf\/#breadcrumb"},"inLanguage":"fr-FR","potentialAction":[{"@type":"ReadAction","target":["https:\/\/zess.fr\/shop\/product\/lot-3-patrons-poutou-bubo-et-bisou-pdf\/"]}]},{"@type":"ImageObject","inLanguage":"fr-FR","@id":"https:\/\/zess.fr\/shop\/product\/lot-3-patrons-poutou-bubo-et-bisou-pdf\/#primaryimage","url":"https:\/\/zess.fr\/shop\/wp-content\/uploads\/2025\/11\/lotpatronsminiamigurumis.jpg","contentUrl":"https:\/\/zess.fr\/shop\/wp-content\/uploads\/2025\/11\/lotpatronsminiamigurumis.jpg","width":1365,"height":2048,"caption":"3 tutoriels mini amigurumi lapin ours chouette hibou"},{"@type":"BreadcrumbList","@id":"https:\/\/zess.fr\/shop\/product\/lot-3-patrons-poutou-bubo-et-bisou-pdf\/#breadcrumb","itemListElement":[{"@type":"ListItem","position":1,"name":"Zess Crochet Boutique &#8211; Tutoriels et kit crochet","item":"https:\/\/zess.fr\/shop\/acceuil-2\/"},{"@type":"ListItem","position":2,"name":"Packs \/ Lots PDF","item":"https:\/\/zess.fr\/shop\/product-category\/packs-lots-pdf\/"},{"@type":"ListItem","position":3,"name":"Lot 3 patrons &#8211; Poutou, Bubo et Bisou (PDF)"}]},{"@type":"WebSite","@id":"https:\/\/zess.fr\/shop\/#website","url":"https:\/\/zess.fr\/shop\/","name":"Zess Crochet - Tutoriels au crochet amigurumi, poup\u00e9es et accessoires - patron num\u00e9rique PDF - livres de crochet","description":"Tutoriels et kits crochet amigurumi et d\u00e9co","potentialAction":[{"@type":"SearchAction","target":{"@type":"EntryPoint","urlTemplate":"https:\/\/zess.fr\/shop\/?s={search_term_string}"},"query-input":{"@type":"PropertyValueSpecification","valueRequired":true,"valueName":"search_term_string"}}],"inLanguage":"fr-FR"}]}},"_links":{"self":[{"href":"https:\/\/zess.fr\/shop\/wp-json\/wp\/v2\/product\/9150","targetHints":{"allow":["GET"]}}],"collection":[{"href":"https:\/\/zess.fr\/shop\/wp-json\/wp\/v2\/product"}],"about":[{"href":"https:\/\/zess.fr\/shop\/wp-json\/wp\/v2\/types\/product"}],"replies":[{"embeddable":true,"href":"https:\/\/zess.fr\/shop\/wp-json\/wp\/v2\/comments?post=9150"}],"version-history":[{"count":2,"href":"https:\/\/zess.fr\/shop\/wp-json\/wp\/v2\/product\/9150\/revisions"}],"predecessor-version":[{"id":9158,"href":"https:\/\/zess.fr\/shop\/wp-json\/wp\/v2\/product\/9150\/revisions\/9158"}],"wp:featuredmedia":[{"embeddable":true,"href":"https:\/\/zess.fr\/shop\/wp-json\/wp\/v2\/media\/9194"}],"wp:attachment":[{"href":"https:\/\/zess.fr\/shop\/wp-json\/wp\/v2\/media?parent=9150"}],"wp:term":[{"taxonomy":"product_brand","embeddable":true,"href":"https:\/\/zess.fr\/shop\/wp-json\/wp\/v2\/product_brand?post=9150"},{"taxonomy":"product_cat","embeddable":true,"href":"https:\/\/zess.fr\/shop\/wp-json\/wp\/v2\/product_cat?post=9150"},{"taxonomy":"product_tag","embeddable":true,"href":"https:\/\/zess.fr\/shop\/wp-json\/wp\/v2\/product_tag?post=9150"}],"curies":[{"name":"wp","href":"https:\/\/api.w.org\/{rel}","templated":true}]}}