{"id":9139,"date":"2025-11-26T19:21:32","date_gmt":"2025-11-26T18:21:32","guid":{"rendered":"https:\/\/zess.fr\/shop\/?post_type=product&#038;p=9139"},"modified":"2026-02-20T10:26:58","modified_gmt":"2026-02-20T09:26:58","slug":"patron-crochet-boules-de-noel-granny-pdf","status":"publish","type":"product","link":"https:\/\/zess.fr\/shop\/product\/patron-crochet-boules-de-noel-granny-pdf\/","title":{"rendered":"Patron crochet Boules de No\u00ebl granny &#8211; PDF"},"content":{"rendered":"<p><strong>Niveau de difficult\u00e9 :<\/strong> d\u00e9butant sachant travailler les points de base (maille en l&rsquo;air, maille serr\u00e9e, maille coul\u00e9e, brides, AM)<\/p>\n<p><strong>Caract\u00e9ristiques du tutoriel :<\/strong><\/p>\n<ul>\n<li>11 pages d\u2019instructions \u00e9crites d\u00e9taill\u00e9es<\/li>\n<li>26 photos des \u00e9tapes du projet<\/li>\n<\/ul>\n<p data-start=\"2159\" data-end=\"2182\"><strong data-start=\"2159\" data-end=\"2169\">Langue<\/strong> : Fran\u00e7ais, English (us terms)<\/p>\n<p data-start=\"2185\" data-end=\"2225\">T\u00e9l\u00e9chargement imm\u00e9diat apr\u00e8s paiement.<\/p>\n<p data-start=\"2228\" data-end=\"2626\"><strong data-start=\"2228\" data-end=\"2259\">\u2757Usage strictement personnel<\/strong><\/p>\n<p data-start=\"300\" data-end=\"443\">Ce patron au crochet est destin\u00e9 \u00e0 un usage personnel uniquement.<br data-start=\"354\" data-end=\"357\" \/>La vente des objets r\u00e9alis\u00e9s \u00e0 partir de ce mod\u00e8le <strong>n\u2019est pas autoris\u00e9e<\/strong> avec ce patron.<\/p>\n<p data-start=\"300\" data-end=\"443\">Pour toute utilisation professionnelle ou commerciale, y compris vente occasionnelle ou ateliers, merci de me contacter. Des licences adapt\u00e9es sont propos\u00e9es.<\/p>\n<h4>Points importants<\/h4>\n<ul>\n<li>Cet achat est un fichier num\u00e9rique pour vous permettre de crocheter les boules de Noel au crochet gr\u00e2ce \u00e0 ce patron PDF. Il ne s\u2019agit pas du produit fini.<\/li>\n<li>Cet article num\u00e9rique est <strong>non remboursable et non \u00e9changeable<\/strong>.<\/li>\n<\/ul>\n<p>\u2753Si vous avez des questions, avant ou apr\u00e8s votre commande, contactez moi !<\/p>\n<p>Avec ce patron crochet PDF, crocheter des boules de No\u00ebl granny square au crochet facilement !<\/p>\n","protected":false},"excerpt":{"rendered":"<p>Tutoriel complet pour crocheter des boules de No\u00ebl version granny pour un sapin canon ! Deux tailles, z\u00e9ro couture, un tuto clair et agr\u00e9able \u00e0 suivre pour cr\u00e9er de jolies d\u00e9cos faites main\ud83c\udf84<\/p>\n<p>Le mix parfait entre granny et magie de No\u00ebl, en version 3D !<\/p>\n<p><img decoding=\"async\" class=\"emoji lazyloaded\" role=\"img\" src=\"https:\/\/s.w.org\/images\/core\/emoji\/16.0.1\/svg\/1f4e5.svg\" alt=\"\ud83d\udce5\" data-src=\"https:\/\/s.w.org\/images\/core\/emoji\/16.0.1\/svg\/1f4e5.svg\" \/>\u00a0T\u00e9l\u00e9chargement instantan\u00e9<br data-start=\"892\" data-end=\"895\" \/><img decoding=\"async\" class=\"emoji lazyloaded\" role=\"img\" src=\"https:\/\/s.w.org\/images\/core\/emoji\/16.0.1\/svg\/1f30d.svg\" alt=\"\ud83c\udf0d\" data-src=\"https:\/\/s.w.org\/images\/core\/emoji\/16.0.1\/svg\/1f30d.svg\" \/> Langue : Fran\u00e7ais, English (us terms)<br data-start=\"937\" data-end=\"940\" \/>\u2b07\ufe0fPlus de d\u00e9tails dans l\u2019onglet Description<\/p>\n","protected":false},"featured_media":9303,"comment_status":"open","ping_status":"closed","template":"","meta":[],"product_brand":[],"product_cat":[288,293,62],"product_tag":[287],"class_list":{"0":"post-9139","1":"product","2":"type-product","3":"status-publish","4":"has-post-thumbnail","6":"product_cat-deco-au-crochet","7":"product_cat-tous-les-patrons-crochet-pdf","8":"product_cat-modeles-de-crochet","9":"product_tag-new","11":"first","12":"instock","13":"downloadable","14":"virtual","15":"sold-individually","16":"purchasable","17":"product-type-simple"},"yoast_head":"<!-- This site is optimized with the Yoast SEO plugin v27.4 - https:\/\/yoast.com\/product\/yoast-seo-wordpress\/ -->\n<title>Patron crochet Boules de No\u00ebl granny - PDF - Zess Crochet<\/title>\n<meta name=\"robots\" content=\"index, follow, max-snippet:-1, max-image-preview:large, max-video-preview:-1\" \/>\n<link rel=\"canonical\" href=\"https:\/\/zess.fr\/shop\/product\/patron-crochet-boules-de-noel-granny-pdf\/\" \/>\n<meta property=\"og:locale\" content=\"fr_FR\" \/>\n<meta property=\"og:type\" content=\"article\" \/>\n<meta property=\"og:title\" content=\"Patron crochet Boules de No\u00ebl granny - PDF - Zess Crochet\" \/>\n<meta property=\"og:description\" content=\"Tutoriel complet pour crocheter des boules de No\u00ebl version granny pour un sapin canon ! Deux tailles, z\u00e9ro couture, un tuto clair et agr\u00e9able \u00e0 suivre pour cr\u00e9er de jolies d\u00e9cos faites main\ud83c\udf84  Le mix parfait entre granny et magie de No\u00ebl, en version 3D !  \u00a0T\u00e9l\u00e9chargement instantan\u00e9 Langue : Fran\u00e7ais, English (us terms)\u2b07\ufe0fPlus de d\u00e9tails dans l\u2019onglet Description\" \/>\n<meta property=\"og:url\" content=\"https:\/\/zess.fr\/shop\/product\/patron-crochet-boules-de-noel-granny-pdf\/\" \/>\n<meta property=\"og:site_name\" content=\"Zess Crochet\" \/>\n<meta property=\"article:modified_time\" content=\"2026-02-20T09:26:58+00:00\" \/>\n<meta property=\"og:image\" content=\"https:\/\/zess.fr\/shop\/wp-content\/uploads\/2025\/11\/tuto-crochet-boule-noel-granny.jpg\" \/>\n\t<meta property=\"og:image:width\" content=\"1080\" \/>\n\t<meta property=\"og:image:height\" content=\"1350\" \/>\n\t<meta property=\"og:image:type\" content=\"image\/jpeg\" \/>\n<meta name=\"twitter:card\" content=\"summary_large_image\" \/>\n<meta name=\"twitter:label1\" content=\"Dur\u00e9e de lecture estim\u00e9e\" \/>\n\t<meta name=\"twitter:data1\" content=\"2 minutes\" \/>\n<script type=\"application\/ld+json\" class=\"yoast-schema-graph\">{\"@context\":\"https:\\\/\\\/schema.org\",\"@graph\":[{\"@type\":\"WebPage\",\"@id\":\"https:\\\/\\\/zess.fr\\\/shop\\\/product\\\/patron-crochet-boules-de-noel-granny-pdf\\\/\",\"url\":\"https:\\\/\\\/zess.fr\\\/shop\\\/product\\\/patron-crochet-boules-de-noel-granny-pdf\\\/\",\"name\":\"Patron crochet Boules de No\u00ebl granny - PDF - Zess Crochet\",\"isPartOf\":{\"@id\":\"https:\\\/\\\/zess.fr\\\/shop\\\/#website\"},\"primaryImageOfPage\":{\"@id\":\"https:\\\/\\\/zess.fr\\\/shop\\\/product\\\/patron-crochet-boules-de-noel-granny-pdf\\\/#primaryimage\"},\"image\":{\"@id\":\"https:\\\/\\\/zess.fr\\\/shop\\\/product\\\/patron-crochet-boules-de-noel-granny-pdf\\\/#primaryimage\"},\"thumbnailUrl\":\"https:\\\/\\\/zess.fr\\\/shop\\\/wp-content\\\/uploads\\\/2025\\\/11\\\/tuto-crochet-boule-noel-granny.jpg\",\"datePublished\":\"2025-11-26T18:21:32+00:00\",\"dateModified\":\"2026-02-20T09:26:58+00:00\",\"breadcrumb\":{\"@id\":\"https:\\\/\\\/zess.fr\\\/shop\\\/product\\\/patron-crochet-boules-de-noel-granny-pdf\\\/#breadcrumb\"},\"inLanguage\":\"fr-FR\",\"potentialAction\":[{\"@type\":\"ReadAction\",\"target\":[\"https:\\\/\\\/zess.fr\\\/shop\\\/product\\\/patron-crochet-boules-de-noel-granny-pdf\\\/\"]}]},{\"@type\":\"ImageObject\",\"inLanguage\":\"fr-FR\",\"@id\":\"https:\\\/\\\/zess.fr\\\/shop\\\/product\\\/patron-crochet-boules-de-noel-granny-pdf\\\/#primaryimage\",\"url\":\"https:\\\/\\\/zess.fr\\\/shop\\\/wp-content\\\/uploads\\\/2025\\\/11\\\/tuto-crochet-boule-noel-granny.jpg\",\"contentUrl\":\"https:\\\/\\\/zess.fr\\\/shop\\\/wp-content\\\/uploads\\\/2025\\\/11\\\/tuto-crochet-boule-noel-granny.jpg\",\"width\":1080,\"height\":1350,\"caption\":\"tuto boule noel crochet - Christmas ornaments 2025\"},{\"@type\":\"BreadcrumbList\",\"@id\":\"https:\\\/\\\/zess.fr\\\/shop\\\/product\\\/patron-crochet-boules-de-noel-granny-pdf\\\/#breadcrumb\",\"itemListElement\":[{\"@type\":\"ListItem\",\"position\":1,\"name\":\"Zess Crochet Boutique &#8211; Tutoriels et kit crochet\",\"item\":\"https:\\\/\\\/zess.fr\\\/shop\\\/acceuil-2\\\/\"},{\"@type\":\"ListItem\",\"position\":2,\"name\":\"Tutoriels crochet\",\"item\":\"https:\\\/\\\/zess.fr\\\/shop\\\/product-category\\\/modeles-de-crochet\\\/\"},{\"@type\":\"ListItem\",\"position\":3,\"name\":\"Patron crochet Boules de No\u00ebl granny &#8211; PDF\"}]},{\"@type\":\"WebSite\",\"@id\":\"https:\\\/\\\/zess.fr\\\/shop\\\/#website\",\"url\":\"https:\\\/\\\/zess.fr\\\/shop\\\/\",\"name\":\"Zess Crochet - Tutoriels au crochet amigurumi, poup\u00e9es et accessoires - patron num\u00e9rique PDF - livres de crochet\",\"description\":\"Tutoriels et kits crochet amigurumi et d\u00e9co\",\"potentialAction\":[{\"@type\":\"SearchAction\",\"target\":{\"@type\":\"EntryPoint\",\"urlTemplate\":\"https:\\\/\\\/zess.fr\\\/shop\\\/?s={search_term_string}\"},\"query-input\":{\"@type\":\"PropertyValueSpecification\",\"valueRequired\":true,\"valueName\":\"search_term_string\"}}],\"inLanguage\":\"fr-FR\"}]}<\/script>\n<!-- \/ Yoast SEO plugin. -->","yoast_head_json":{"title":"Patron crochet Boules de No\u00ebl granny - PDF - Zess Crochet","robots":{"index":"index","follow":"follow","max-snippet":"max-snippet:-1","max-image-preview":"max-image-preview:large","max-video-preview":"max-video-preview:-1"},"canonical":"https:\/\/zess.fr\/shop\/product\/patron-crochet-boules-de-noel-granny-pdf\/","og_locale":"fr_FR","og_type":"article","og_title":"Patron crochet Boules de No\u00ebl granny - PDF - Zess Crochet","og_description":"Tutoriel complet pour crocheter des boules de No\u00ebl version granny pour un sapin canon ! Deux tailles, z\u00e9ro couture, un tuto clair et agr\u00e9able \u00e0 suivre pour cr\u00e9er de jolies d\u00e9cos faites main\ud83c\udf84  Le mix parfait entre granny et magie de No\u00ebl, en version 3D !  \u00a0T\u00e9l\u00e9chargement instantan\u00e9 Langue : Fran\u00e7ais, English (us terms)\u2b07\ufe0fPlus de d\u00e9tails dans l\u2019onglet Description","og_url":"https:\/\/zess.fr\/shop\/product\/patron-crochet-boules-de-noel-granny-pdf\/","og_site_name":"Zess Crochet","article_modified_time":"2026-02-20T09:26:58+00:00","og_image":[{"width":1080,"height":1350,"url":"https:\/\/zess.fr\/shop\/wp-content\/uploads\/2025\/11\/tuto-crochet-boule-noel-granny.jpg","type":"image\/jpeg"}],"twitter_card":"summary_large_image","twitter_misc":{"Dur\u00e9e de lecture estim\u00e9e":"2 minutes"},"schema":{"@context":"https:\/\/schema.org","@graph":[{"@type":"WebPage","@id":"https:\/\/zess.fr\/shop\/product\/patron-crochet-boules-de-noel-granny-pdf\/","url":"https:\/\/zess.fr\/shop\/product\/patron-crochet-boules-de-noel-granny-pdf\/","name":"Patron crochet Boules de No\u00ebl granny - PDF - Zess Crochet","isPartOf":{"@id":"https:\/\/zess.fr\/shop\/#website"},"primaryImageOfPage":{"@id":"https:\/\/zess.fr\/shop\/product\/patron-crochet-boules-de-noel-granny-pdf\/#primaryimage"},"image":{"@id":"https:\/\/zess.fr\/shop\/product\/patron-crochet-boules-de-noel-granny-pdf\/#primaryimage"},"thumbnailUrl":"https:\/\/zess.fr\/shop\/wp-content\/uploads\/2025\/11\/tuto-crochet-boule-noel-granny.jpg","datePublished":"2025-11-26T18:21:32+00:00","dateModified":"2026-02-20T09:26:58+00:00","breadcrumb":{"@id":"https:\/\/zess.fr\/shop\/product\/patron-crochet-boules-de-noel-granny-pdf\/#breadcrumb"},"inLanguage":"fr-FR","potentialAction":[{"@type":"ReadAction","target":["https:\/\/zess.fr\/shop\/product\/patron-crochet-boules-de-noel-granny-pdf\/"]}]},{"@type":"ImageObject","inLanguage":"fr-FR","@id":"https:\/\/zess.fr\/shop\/product\/patron-crochet-boules-de-noel-granny-pdf\/#primaryimage","url":"https:\/\/zess.fr\/shop\/wp-content\/uploads\/2025\/11\/tuto-crochet-boule-noel-granny.jpg","contentUrl":"https:\/\/zess.fr\/shop\/wp-content\/uploads\/2025\/11\/tuto-crochet-boule-noel-granny.jpg","width":1080,"height":1350,"caption":"tuto boule noel crochet - Christmas ornaments 2025"},{"@type":"BreadcrumbList","@id":"https:\/\/zess.fr\/shop\/product\/patron-crochet-boules-de-noel-granny-pdf\/#breadcrumb","itemListElement":[{"@type":"ListItem","position":1,"name":"Zess Crochet Boutique &#8211; Tutoriels et kit crochet","item":"https:\/\/zess.fr\/shop\/acceuil-2\/"},{"@type":"ListItem","position":2,"name":"Tutoriels crochet","item":"https:\/\/zess.fr\/shop\/product-category\/modeles-de-crochet\/"},{"@type":"ListItem","position":3,"name":"Patron crochet Boules de No\u00ebl granny &#8211; PDF"}]},{"@type":"WebSite","@id":"https:\/\/zess.fr\/shop\/#website","url":"https:\/\/zess.fr\/shop\/","name":"Zess Crochet - Tutoriels au crochet amigurumi, poup\u00e9es et accessoires - patron num\u00e9rique PDF - livres de crochet","description":"Tutoriels et kits crochet amigurumi et d\u00e9co","potentialAction":[{"@type":"SearchAction","target":{"@type":"EntryPoint","urlTemplate":"https:\/\/zess.fr\/shop\/?s={search_term_string}"},"query-input":{"@type":"PropertyValueSpecification","valueRequired":true,"valueName":"search_term_string"}}],"inLanguage":"fr-FR"}]}},"_links":{"self":[{"href":"https:\/\/zess.fr\/shop\/wp-json\/wp\/v2\/product\/9139","targetHints":{"allow":["GET"]}}],"collection":[{"href":"https:\/\/zess.fr\/shop\/wp-json\/wp\/v2\/product"}],"about":[{"href":"https:\/\/zess.fr\/shop\/wp-json\/wp\/v2\/types\/product"}],"replies":[{"embeddable":true,"href":"https:\/\/zess.fr\/shop\/wp-json\/wp\/v2\/comments?post=9139"}],"version-history":[{"count":6,"href":"https:\/\/zess.fr\/shop\/wp-json\/wp\/v2\/product\/9139\/revisions"}],"predecessor-version":[{"id":9640,"href":"https:\/\/zess.fr\/shop\/wp-json\/wp\/v2\/product\/9139\/revisions\/9640"}],"wp:featuredmedia":[{"embeddable":true,"href":"https:\/\/zess.fr\/shop\/wp-json\/wp\/v2\/media\/9303"}],"wp:attachment":[{"href":"https:\/\/zess.fr\/shop\/wp-json\/wp\/v2\/media?parent=9139"}],"wp:term":[{"taxonomy":"product_brand","embeddable":true,"href":"https:\/\/zess.fr\/shop\/wp-json\/wp\/v2\/product_brand?post=9139"},{"taxonomy":"product_cat","embeddable":true,"href":"https:\/\/zess.fr\/shop\/wp-json\/wp\/v2\/product_cat?post=9139"},{"taxonomy":"product_tag","embeddable":true,"href":"https:\/\/zess.fr\/shop\/wp-json\/wp\/v2\/product_tag?post=9139"}],"curies":[{"name":"wp","href":"https:\/\/api.w.org\/{rel}","templated":true}]}}