{"id":9076,"date":"2025-11-02T19:08:06","date_gmt":"2025-11-02T18:08:06","guid":{"rendered":"https:\/\/zess.fr\/shop\/?post_type=product&#038;p=9076"},"modified":"2025-11-02T19:08:07","modified_gmt":"2025-11-02T18:08:07","slug":"lot-boules-de-noel-amigurumi","status":"publish","type":"product","link":"https:\/\/zess.fr\/shop\/product\/lot-boules-de-noel-amigurumi\/","title":{"rendered":"Lot boules de no\u00ebl amigurumi"},"content":{"rendered":"","protected":false},"excerpt":{"rendered":"<p>Un No\u00ebl magique sign\u00e9 Zess Crochet, Little Bichons &amp; Lulu Compotine<\/p>\n<p>Plongez dans l\u2019univers f\u00e9erique du crochet avec ce\u00a0<strong>lot de 3 boules de No\u00ebl amigurumi<\/strong><\/p>\n","protected":false},"featured_media":9077,"comment_status":"open","ping_status":"closed","template":"","meta":[],"product_brand":[],"product_cat":[63],"product_tag":[],"class_list":{"0":"post-9076","1":"product","2":"type-product","3":"status-publish","4":"has-post-thumbnail","6":"product_cat-livre-de-crochet","8":"first","9":"instock","10":"sold-individually","11":"shipping-taxable","12":"product-type-external"},"yoast_head":"<!-- This site is optimized with the Yoast SEO plugin v27.3 - https:\/\/yoast.com\/product\/yoast-seo-wordpress\/ -->\n<title>Lot boules de no\u00ebl amigurumi - Zess Crochet<\/title>\n<meta name=\"robots\" content=\"index, follow, max-snippet:-1, max-image-preview:large, max-video-preview:-1\" \/>\n<link rel=\"canonical\" href=\"https:\/\/zess.fr\/shop\/product\/lot-boules-de-noel-amigurumi\/\" \/>\n<meta property=\"og:locale\" content=\"fr_FR\" \/>\n<meta property=\"og:type\" content=\"article\" \/>\n<meta property=\"og:title\" content=\"Lot boules de no\u00ebl amigurumi - Zess Crochet\" \/>\n<meta property=\"og:description\" content=\"Un No\u00ebl magique sign\u00e9 Zess Crochet, Little Bichons &amp; Lulu Compotine  Plongez dans l\u2019univers f\u00e9erique du crochet avec ce\u00a0lot de 3 boules de No\u00ebl amigurumi\" \/>\n<meta property=\"og:url\" content=\"https:\/\/zess.fr\/shop\/product\/lot-boules-de-noel-amigurumi\/\" \/>\n<meta property=\"og:site_name\" content=\"Zess Crochet\" \/>\n<meta property=\"article:modified_time\" content=\"2025-11-02T18:08:07+00:00\" \/>\n<meta property=\"og:image\" content=\"https:\/\/zess.fr\/shop\/wp-content\/uploads\/2025\/11\/IMG_8611-e1762106872454.jpg\" \/>\n\t<meta property=\"og:image:width\" content=\"1707\" \/>\n\t<meta property=\"og:image:height\" content=\"2133\" \/>\n\t<meta property=\"og:image:type\" content=\"image\/jpeg\" \/>\n<meta name=\"twitter:card\" content=\"summary_large_image\" \/>\n<meta name=\"twitter:label1\" content=\"Dur\u00e9e de lecture estim\u00e9e\" \/>\n\t<meta name=\"twitter:data1\" content=\"1 minute\" \/>\n<script type=\"application\/ld+json\" class=\"yoast-schema-graph\">{\"@context\":\"https:\\\/\\\/schema.org\",\"@graph\":[{\"@type\":\"WebPage\",\"@id\":\"https:\\\/\\\/zess.fr\\\/shop\\\/product\\\/lot-boules-de-noel-amigurumi\\\/\",\"url\":\"https:\\\/\\\/zess.fr\\\/shop\\\/product\\\/lot-boules-de-noel-amigurumi\\\/\",\"name\":\"Lot boules de no\u00ebl amigurumi - Zess Crochet\",\"isPartOf\":{\"@id\":\"https:\\\/\\\/zess.fr\\\/shop\\\/#website\"},\"primaryImageOfPage\":{\"@id\":\"https:\\\/\\\/zess.fr\\\/shop\\\/product\\\/lot-boules-de-noel-amigurumi\\\/#primaryimage\"},\"image\":{\"@id\":\"https:\\\/\\\/zess.fr\\\/shop\\\/product\\\/lot-boules-de-noel-amigurumi\\\/#primaryimage\"},\"thumbnailUrl\":\"https:\\\/\\\/zess.fr\\\/shop\\\/wp-content\\\/uploads\\\/2025\\\/11\\\/IMG_8611-e1762106872454.jpg\",\"datePublished\":\"2025-11-02T18:08:06+00:00\",\"dateModified\":\"2025-11-02T18:08:07+00:00\",\"breadcrumb\":{\"@id\":\"https:\\\/\\\/zess.fr\\\/shop\\\/product\\\/lot-boules-de-noel-amigurumi\\\/#breadcrumb\"},\"inLanguage\":\"fr-FR\",\"potentialAction\":[{\"@type\":\"ReadAction\",\"target\":[\"https:\\\/\\\/zess.fr\\\/shop\\\/product\\\/lot-boules-de-noel-amigurumi\\\/\"]}]},{\"@type\":\"ImageObject\",\"inLanguage\":\"fr-FR\",\"@id\":\"https:\\\/\\\/zess.fr\\\/shop\\\/product\\\/lot-boules-de-noel-amigurumi\\\/#primaryimage\",\"url\":\"https:\\\/\\\/zess.fr\\\/shop\\\/wp-content\\\/uploads\\\/2025\\\/11\\\/IMG_8611-e1762106872454.jpg\",\"contentUrl\":\"https:\\\/\\\/zess.fr\\\/shop\\\/wp-content\\\/uploads\\\/2025\\\/11\\\/IMG_8611-e1762106872454.jpg\",\"width\":1707,\"height\":2133,\"caption\":\"Lot boules de no\u00ebl amigurumi\"},{\"@type\":\"BreadcrumbList\",\"@id\":\"https:\\\/\\\/zess.fr\\\/shop\\\/product\\\/lot-boules-de-noel-amigurumi\\\/#breadcrumb\",\"itemListElement\":[{\"@type\":\"ListItem\",\"position\":1,\"name\":\"Zess Crochet Boutique &#8211; Tutoriels et kit crochet\",\"item\":\"https:\\\/\\\/zess.fr\\\/shop\\\/acceuil-2\\\/\"},{\"@type\":\"ListItem\",\"position\":2,\"name\":\"Livres de crochet &amp; coffret crochet collab\",\"item\":\"https:\\\/\\\/zess.fr\\\/shop\\\/product-category\\\/livre-de-crochet\\\/\"},{\"@type\":\"ListItem\",\"position\":3,\"name\":\"Lot boules de no\u00ebl amigurumi\"}]},{\"@type\":\"WebSite\",\"@id\":\"https:\\\/\\\/zess.fr\\\/shop\\\/#website\",\"url\":\"https:\\\/\\\/zess.fr\\\/shop\\\/\",\"name\":\"Zess Crochet - Tutoriels au crochet amigurumi, poup\u00e9es et accessoires - patron num\u00e9rique PDF - livres de crochet\",\"description\":\"Tutoriels et kits crochet amigurumi et d\u00e9co\",\"potentialAction\":[{\"@type\":\"SearchAction\",\"target\":{\"@type\":\"EntryPoint\",\"urlTemplate\":\"https:\\\/\\\/zess.fr\\\/shop\\\/?s={search_term_string}\"},\"query-input\":{\"@type\":\"PropertyValueSpecification\",\"valueRequired\":true,\"valueName\":\"search_term_string\"}}],\"inLanguage\":\"fr-FR\"}]}<\/script>\n<!-- \/ Yoast SEO plugin. -->","yoast_head_json":{"title":"Lot boules de no\u00ebl amigurumi - Zess Crochet","robots":{"index":"index","follow":"follow","max-snippet":"max-snippet:-1","max-image-preview":"max-image-preview:large","max-video-preview":"max-video-preview:-1"},"canonical":"https:\/\/zess.fr\/shop\/product\/lot-boules-de-noel-amigurumi\/","og_locale":"fr_FR","og_type":"article","og_title":"Lot boules de no\u00ebl amigurumi - Zess Crochet","og_description":"Un No\u00ebl magique sign\u00e9 Zess Crochet, Little Bichons &amp; Lulu Compotine  Plongez dans l\u2019univers f\u00e9erique du crochet avec ce\u00a0lot de 3 boules de No\u00ebl amigurumi","og_url":"https:\/\/zess.fr\/shop\/product\/lot-boules-de-noel-amigurumi\/","og_site_name":"Zess Crochet","article_modified_time":"2025-11-02T18:08:07+00:00","og_image":[{"width":1707,"height":2133,"url":"https:\/\/zess.fr\/shop\/wp-content\/uploads\/2025\/11\/IMG_8611-e1762106872454.jpg","type":"image\/jpeg"}],"twitter_card":"summary_large_image","twitter_misc":{"Dur\u00e9e de lecture estim\u00e9e":"1 minute"},"schema":{"@context":"https:\/\/schema.org","@graph":[{"@type":"WebPage","@id":"https:\/\/zess.fr\/shop\/product\/lot-boules-de-noel-amigurumi\/","url":"https:\/\/zess.fr\/shop\/product\/lot-boules-de-noel-amigurumi\/","name":"Lot boules de no\u00ebl amigurumi - Zess Crochet","isPartOf":{"@id":"https:\/\/zess.fr\/shop\/#website"},"primaryImageOfPage":{"@id":"https:\/\/zess.fr\/shop\/product\/lot-boules-de-noel-amigurumi\/#primaryimage"},"image":{"@id":"https:\/\/zess.fr\/shop\/product\/lot-boules-de-noel-amigurumi\/#primaryimage"},"thumbnailUrl":"https:\/\/zess.fr\/shop\/wp-content\/uploads\/2025\/11\/IMG_8611-e1762106872454.jpg","datePublished":"2025-11-02T18:08:06+00:00","dateModified":"2025-11-02T18:08:07+00:00","breadcrumb":{"@id":"https:\/\/zess.fr\/shop\/product\/lot-boules-de-noel-amigurumi\/#breadcrumb"},"inLanguage":"fr-FR","potentialAction":[{"@type":"ReadAction","target":["https:\/\/zess.fr\/shop\/product\/lot-boules-de-noel-amigurumi\/"]}]},{"@type":"ImageObject","inLanguage":"fr-FR","@id":"https:\/\/zess.fr\/shop\/product\/lot-boules-de-noel-amigurumi\/#primaryimage","url":"https:\/\/zess.fr\/shop\/wp-content\/uploads\/2025\/11\/IMG_8611-e1762106872454.jpg","contentUrl":"https:\/\/zess.fr\/shop\/wp-content\/uploads\/2025\/11\/IMG_8611-e1762106872454.jpg","width":1707,"height":2133,"caption":"Lot boules de no\u00ebl amigurumi"},{"@type":"BreadcrumbList","@id":"https:\/\/zess.fr\/shop\/product\/lot-boules-de-noel-amigurumi\/#breadcrumb","itemListElement":[{"@type":"ListItem","position":1,"name":"Zess Crochet Boutique &#8211; Tutoriels et kit crochet","item":"https:\/\/zess.fr\/shop\/acceuil-2\/"},{"@type":"ListItem","position":2,"name":"Livres de crochet &amp; coffret crochet collab","item":"https:\/\/zess.fr\/shop\/product-category\/livre-de-crochet\/"},{"@type":"ListItem","position":3,"name":"Lot boules de no\u00ebl amigurumi"}]},{"@type":"WebSite","@id":"https:\/\/zess.fr\/shop\/#website","url":"https:\/\/zess.fr\/shop\/","name":"Zess Crochet - Tutoriels au crochet amigurumi, poup\u00e9es et accessoires - patron num\u00e9rique PDF - livres de crochet","description":"Tutoriels et kits crochet amigurumi et d\u00e9co","potentialAction":[{"@type":"SearchAction","target":{"@type":"EntryPoint","urlTemplate":"https:\/\/zess.fr\/shop\/?s={search_term_string}"},"query-input":{"@type":"PropertyValueSpecification","valueRequired":true,"valueName":"search_term_string"}}],"inLanguage":"fr-FR"}]}},"_links":{"self":[{"href":"https:\/\/zess.fr\/shop\/wp-json\/wp\/v2\/product\/9076","targetHints":{"allow":["GET"]}}],"collection":[{"href":"https:\/\/zess.fr\/shop\/wp-json\/wp\/v2\/product"}],"about":[{"href":"https:\/\/zess.fr\/shop\/wp-json\/wp\/v2\/types\/product"}],"replies":[{"embeddable":true,"href":"https:\/\/zess.fr\/shop\/wp-json\/wp\/v2\/comments?post=9076"}],"version-history":[{"count":1,"href":"https:\/\/zess.fr\/shop\/wp-json\/wp\/v2\/product\/9076\/revisions"}],"predecessor-version":[{"id":9080,"href":"https:\/\/zess.fr\/shop\/wp-json\/wp\/v2\/product\/9076\/revisions\/9080"}],"wp:featuredmedia":[{"embeddable":true,"href":"https:\/\/zess.fr\/shop\/wp-json\/wp\/v2\/media\/9077"}],"wp:attachment":[{"href":"https:\/\/zess.fr\/shop\/wp-json\/wp\/v2\/media?parent=9076"}],"wp:term":[{"taxonomy":"product_brand","embeddable":true,"href":"https:\/\/zess.fr\/shop\/wp-json\/wp\/v2\/product_brand?post=9076"},{"taxonomy":"product_cat","embeddable":true,"href":"https:\/\/zess.fr\/shop\/wp-json\/wp\/v2\/product_cat?post=9076"},{"taxonomy":"product_tag","embeddable":true,"href":"https:\/\/zess.fr\/shop\/wp-json\/wp\/v2\/product_tag?post=9076"}],"curies":[{"name":"wp","href":"https:\/\/api.w.org\/{rel}","templated":true}]}}