{"id":9069,"date":"2025-11-02T18:59:52","date_gmt":"2025-11-02T17:59:52","guid":{"rendered":"https:\/\/zess.fr\/shop\/?post_type=product&#038;p=9069"},"modified":"2025-12-09T18:48:07","modified_gmt":"2025-12-09T17:48:07","slug":"coffret-boule-de-noel-amigurumi-le-renne","status":"publish","type":"product","link":"https:\/\/zess.fr\/shop\/product\/coffret-boule-de-noel-amigurumi-le-renne\/","title":{"rendered":"Coffret boule de No\u00ebl amigurumi : Le renne"},"content":{"rendered":"","protected":false},"excerpt":{"rendered":"<p>Ce coffret crochet contient le n\u00e9cessaire pour r\u00e9aliser une jolie boule de No\u00ebl crochet :<\/p>\n<ul>\n<li>Les explications en pas \u00e0 pas photos pour crocheter facilement cet amigurumi de No\u00ebl<\/li>\n<li>Des \u00e9chevettes 100 % coton<\/li>\n<li>1 crochet N\u00b0 2 et 1 aiguille<\/li>\n<li>Du fil \u00e0 broder et du fil nylon<\/li>\n<li>1 boule transparente.<\/li>\n<\/ul>\n<p>&nbsp;<\/p>\n","protected":false},"featured_media":9073,"comment_status":"closed","ping_status":"closed","template":"","meta":[],"product_brand":[],"product_cat":[63],"product_tag":[],"class_list":{"0":"post-9069","1":"product","2":"type-product","3":"status-publish","4":"has-post-thumbnail","6":"product_cat-livre-de-crochet","8":"first","9":"instock","10":"sold-individually","11":"shipping-taxable","12":"product-type-external"},"yoast_head":"<!-- This site is optimized with the Yoast SEO plugin v27.3 - https:\/\/yoast.com\/product\/yoast-seo-wordpress\/ -->\n<title>Coffret boule de No\u00ebl amigurumi : Le renne - Zess Crochet<\/title>\n<meta name=\"robots\" content=\"index, follow, max-snippet:-1, max-image-preview:large, max-video-preview:-1\" \/>\n<link rel=\"canonical\" href=\"https:\/\/zess.fr\/shop\/product\/coffret-boule-de-noel-amigurumi-le-renne\/\" \/>\n<meta property=\"og:locale\" content=\"fr_FR\" \/>\n<meta property=\"og:type\" content=\"article\" \/>\n<meta property=\"og:title\" content=\"Coffret boule de No\u00ebl amigurumi : Le renne - Zess Crochet\" \/>\n<meta property=\"og:description\" content=\"Ce coffret crochet contient le n\u00e9cessaire pour r\u00e9aliser une jolie boule de No\u00ebl crochet :   Les explications en pas \u00e0 pas photos pour crocheter facilement cet amigurumi de No\u00ebl  Des \u00e9chevettes 100 % coton  1 crochet N\u00b0 2 et 1 aiguille  Du fil \u00e0 broder et du fil nylon  1 boule transparente.  &nbsp;\" \/>\n<meta property=\"og:url\" content=\"https:\/\/zess.fr\/shop\/product\/coffret-boule-de-noel-amigurumi-le-renne\/\" \/>\n<meta property=\"og:site_name\" content=\"Zess Crochet\" \/>\n<meta property=\"article:modified_time\" content=\"2025-12-09T17:48:07+00:00\" \/>\n<meta property=\"og:image\" content=\"https:\/\/zess.fr\/shop\/wp-content\/uploads\/2025\/11\/PCE009_IMG_8583-e1762106496653.jpg\" \/>\n\t<meta property=\"og:image:width\" content=\"1707\" \/>\n\t<meta property=\"og:image:height\" content=\"2133\" \/>\n\t<meta property=\"og:image:type\" content=\"image\/jpeg\" \/>\n<meta name=\"twitter:card\" content=\"summary_large_image\" \/>\n<meta name=\"twitter:label1\" content=\"Dur\u00e9e de lecture estim\u00e9e\" \/>\n\t<meta name=\"twitter:data1\" content=\"1 minute\" \/>\n<script type=\"application\/ld+json\" class=\"yoast-schema-graph\">{\"@context\":\"https:\\\/\\\/schema.org\",\"@graph\":[{\"@type\":\"WebPage\",\"@id\":\"https:\\\/\\\/zess.fr\\\/shop\\\/product\\\/coffret-boule-de-noel-amigurumi-le-renne\\\/\",\"url\":\"https:\\\/\\\/zess.fr\\\/shop\\\/product\\\/coffret-boule-de-noel-amigurumi-le-renne\\\/\",\"name\":\"Coffret boule de No\u00ebl amigurumi : Le renne - Zess Crochet\",\"isPartOf\":{\"@id\":\"https:\\\/\\\/zess.fr\\\/shop\\\/#website\"},\"primaryImageOfPage\":{\"@id\":\"https:\\\/\\\/zess.fr\\\/shop\\\/product\\\/coffret-boule-de-noel-amigurumi-le-renne\\\/#primaryimage\"},\"image\":{\"@id\":\"https:\\\/\\\/zess.fr\\\/shop\\\/product\\\/coffret-boule-de-noel-amigurumi-le-renne\\\/#primaryimage\"},\"thumbnailUrl\":\"https:\\\/\\\/zess.fr\\\/shop\\\/wp-content\\\/uploads\\\/2025\\\/11\\\/PCE009_IMG_8583-e1762106496653.jpg\",\"datePublished\":\"2025-11-02T17:59:52+00:00\",\"dateModified\":\"2025-12-09T17:48:07+00:00\",\"breadcrumb\":{\"@id\":\"https:\\\/\\\/zess.fr\\\/shop\\\/product\\\/coffret-boule-de-noel-amigurumi-le-renne\\\/#breadcrumb\"},\"inLanguage\":\"fr-FR\",\"potentialAction\":[{\"@type\":\"ReadAction\",\"target\":[\"https:\\\/\\\/zess.fr\\\/shop\\\/product\\\/coffret-boule-de-noel-amigurumi-le-renne\\\/\"]}]},{\"@type\":\"ImageObject\",\"inLanguage\":\"fr-FR\",\"@id\":\"https:\\\/\\\/zess.fr\\\/shop\\\/product\\\/coffret-boule-de-noel-amigurumi-le-renne\\\/#primaryimage\",\"url\":\"https:\\\/\\\/zess.fr\\\/shop\\\/wp-content\\\/uploads\\\/2025\\\/11\\\/PCE009_IMG_8583-e1762106496653.jpg\",\"contentUrl\":\"https:\\\/\\\/zess.fr\\\/shop\\\/wp-content\\\/uploads\\\/2025\\\/11\\\/PCE009_IMG_8583-e1762106496653.jpg\",\"width\":1707,\"height\":2133,\"caption\":\"coffret crochet Boule de No\u00ebl amigurumi : Le renne\"},{\"@type\":\"BreadcrumbList\",\"@id\":\"https:\\\/\\\/zess.fr\\\/shop\\\/product\\\/coffret-boule-de-noel-amigurumi-le-renne\\\/#breadcrumb\",\"itemListElement\":[{\"@type\":\"ListItem\",\"position\":1,\"name\":\"Zess Crochet Boutique &#8211; Tutoriels et kit crochet\",\"item\":\"https:\\\/\\\/zess.fr\\\/shop\\\/acceuil-2\\\/\"},{\"@type\":\"ListItem\",\"position\":2,\"name\":\"Livres de crochet &amp; coffret crochet collab\",\"item\":\"https:\\\/\\\/zess.fr\\\/shop\\\/product-category\\\/livre-de-crochet\\\/\"},{\"@type\":\"ListItem\",\"position\":3,\"name\":\"Coffret boule de No\u00ebl amigurumi : Le renne\"}]},{\"@type\":\"WebSite\",\"@id\":\"https:\\\/\\\/zess.fr\\\/shop\\\/#website\",\"url\":\"https:\\\/\\\/zess.fr\\\/shop\\\/\",\"name\":\"Zess Crochet - Tutoriels au crochet amigurumi, poup\u00e9es et accessoires - patron num\u00e9rique PDF - livres de crochet\",\"description\":\"Tutoriels et kits crochet amigurumi et d\u00e9co\",\"potentialAction\":[{\"@type\":\"SearchAction\",\"target\":{\"@type\":\"EntryPoint\",\"urlTemplate\":\"https:\\\/\\\/zess.fr\\\/shop\\\/?s={search_term_string}\"},\"query-input\":{\"@type\":\"PropertyValueSpecification\",\"valueRequired\":true,\"valueName\":\"search_term_string\"}}],\"inLanguage\":\"fr-FR\"}]}<\/script>\n<!-- \/ Yoast SEO plugin. -->","yoast_head_json":{"title":"Coffret boule de No\u00ebl amigurumi : Le renne - Zess Crochet","robots":{"index":"index","follow":"follow","max-snippet":"max-snippet:-1","max-image-preview":"max-image-preview:large","max-video-preview":"max-video-preview:-1"},"canonical":"https:\/\/zess.fr\/shop\/product\/coffret-boule-de-noel-amigurumi-le-renne\/","og_locale":"fr_FR","og_type":"article","og_title":"Coffret boule de No\u00ebl amigurumi : Le renne - Zess Crochet","og_description":"Ce coffret crochet contient le n\u00e9cessaire pour r\u00e9aliser une jolie boule de No\u00ebl crochet :   Les explications en pas \u00e0 pas photos pour crocheter facilement cet amigurumi de No\u00ebl  Des \u00e9chevettes 100 % coton  1 crochet N\u00b0 2 et 1 aiguille  Du fil \u00e0 broder et du fil nylon  1 boule transparente.  &nbsp;","og_url":"https:\/\/zess.fr\/shop\/product\/coffret-boule-de-noel-amigurumi-le-renne\/","og_site_name":"Zess Crochet","article_modified_time":"2025-12-09T17:48:07+00:00","og_image":[{"width":1707,"height":2133,"url":"https:\/\/zess.fr\/shop\/wp-content\/uploads\/2025\/11\/PCE009_IMG_8583-e1762106496653.jpg","type":"image\/jpeg"}],"twitter_card":"summary_large_image","twitter_misc":{"Dur\u00e9e de lecture estim\u00e9e":"1 minute"},"schema":{"@context":"https:\/\/schema.org","@graph":[{"@type":"WebPage","@id":"https:\/\/zess.fr\/shop\/product\/coffret-boule-de-noel-amigurumi-le-renne\/","url":"https:\/\/zess.fr\/shop\/product\/coffret-boule-de-noel-amigurumi-le-renne\/","name":"Coffret boule de No\u00ebl amigurumi : Le renne - Zess Crochet","isPartOf":{"@id":"https:\/\/zess.fr\/shop\/#website"},"primaryImageOfPage":{"@id":"https:\/\/zess.fr\/shop\/product\/coffret-boule-de-noel-amigurumi-le-renne\/#primaryimage"},"image":{"@id":"https:\/\/zess.fr\/shop\/product\/coffret-boule-de-noel-amigurumi-le-renne\/#primaryimage"},"thumbnailUrl":"https:\/\/zess.fr\/shop\/wp-content\/uploads\/2025\/11\/PCE009_IMG_8583-e1762106496653.jpg","datePublished":"2025-11-02T17:59:52+00:00","dateModified":"2025-12-09T17:48:07+00:00","breadcrumb":{"@id":"https:\/\/zess.fr\/shop\/product\/coffret-boule-de-noel-amigurumi-le-renne\/#breadcrumb"},"inLanguage":"fr-FR","potentialAction":[{"@type":"ReadAction","target":["https:\/\/zess.fr\/shop\/product\/coffret-boule-de-noel-amigurumi-le-renne\/"]}]},{"@type":"ImageObject","inLanguage":"fr-FR","@id":"https:\/\/zess.fr\/shop\/product\/coffret-boule-de-noel-amigurumi-le-renne\/#primaryimage","url":"https:\/\/zess.fr\/shop\/wp-content\/uploads\/2025\/11\/PCE009_IMG_8583-e1762106496653.jpg","contentUrl":"https:\/\/zess.fr\/shop\/wp-content\/uploads\/2025\/11\/PCE009_IMG_8583-e1762106496653.jpg","width":1707,"height":2133,"caption":"coffret crochet Boule de No\u00ebl amigurumi : Le renne"},{"@type":"BreadcrumbList","@id":"https:\/\/zess.fr\/shop\/product\/coffret-boule-de-noel-amigurumi-le-renne\/#breadcrumb","itemListElement":[{"@type":"ListItem","position":1,"name":"Zess Crochet Boutique &#8211; Tutoriels et kit crochet","item":"https:\/\/zess.fr\/shop\/acceuil-2\/"},{"@type":"ListItem","position":2,"name":"Livres de crochet &amp; coffret crochet collab","item":"https:\/\/zess.fr\/shop\/product-category\/livre-de-crochet\/"},{"@type":"ListItem","position":3,"name":"Coffret boule de No\u00ebl amigurumi : Le renne"}]},{"@type":"WebSite","@id":"https:\/\/zess.fr\/shop\/#website","url":"https:\/\/zess.fr\/shop\/","name":"Zess Crochet - Tutoriels au crochet amigurumi, poup\u00e9es et accessoires - patron num\u00e9rique PDF - livres de crochet","description":"Tutoriels et kits crochet amigurumi et d\u00e9co","potentialAction":[{"@type":"SearchAction","target":{"@type":"EntryPoint","urlTemplate":"https:\/\/zess.fr\/shop\/?s={search_term_string}"},"query-input":{"@type":"PropertyValueSpecification","valueRequired":true,"valueName":"search_term_string"}}],"inLanguage":"fr-FR"}]}},"_links":{"self":[{"href":"https:\/\/zess.fr\/shop\/wp-json\/wp\/v2\/product\/9069","targetHints":{"allow":["GET"]}}],"collection":[{"href":"https:\/\/zess.fr\/shop\/wp-json\/wp\/v2\/product"}],"about":[{"href":"https:\/\/zess.fr\/shop\/wp-json\/wp\/v2\/types\/product"}],"replies":[{"embeddable":true,"href":"https:\/\/zess.fr\/shop\/wp-json\/wp\/v2\/comments?post=9069"}],"version-history":[{"count":2,"href":"https:\/\/zess.fr\/shop\/wp-json\/wp\/v2\/product\/9069\/revisions"}],"predecessor-version":[{"id":9444,"href":"https:\/\/zess.fr\/shop\/wp-json\/wp\/v2\/product\/9069\/revisions\/9444"}],"wp:featuredmedia":[{"embeddable":true,"href":"https:\/\/zess.fr\/shop\/wp-json\/wp\/v2\/media\/9073"}],"wp:attachment":[{"href":"https:\/\/zess.fr\/shop\/wp-json\/wp\/v2\/media?parent=9069"}],"wp:term":[{"taxonomy":"product_brand","embeddable":true,"href":"https:\/\/zess.fr\/shop\/wp-json\/wp\/v2\/product_brand?post=9069"},{"taxonomy":"product_cat","embeddable":true,"href":"https:\/\/zess.fr\/shop\/wp-json\/wp\/v2\/product_cat?post=9069"},{"taxonomy":"product_tag","embeddable":true,"href":"https:\/\/zess.fr\/shop\/wp-json\/wp\/v2\/product_tag?post=9069"}],"curies":[{"name":"wp","href":"https:\/\/api.w.org\/{rel}","templated":true}]}}