{"id":8539,"date":"2025-08-26T12:09:36","date_gmt":"2025-08-26T10:09:36","guid":{"rendered":"https:\/\/zess.fr\/shop\/?post_type=product&#038;p=8539"},"modified":"2025-09-04T17:13:56","modified_gmt":"2025-09-04T15:13:56","slug":"livre-poupees-amigurumis-en-automne","status":"publish","type":"product","link":"https:\/\/zess.fr\/shop\/product\/livre-poupees-amigurumis-en-automne\/","title":{"rendered":"Livre Poup\u00e9es &#038; Amigurumis en Automne"},"content":{"rendered":"<p data-start=\"270\" data-end=\"618\">Plongez dans l\u2019univers chaleureux de l\u2019automne avec ce livre collectif qui rassemble <strong data-start=\"355\" data-end=\"399\">plusieurs cr\u00e9atrices crochet<\/strong>. Chacune a imagin\u00e9 sa propre vision de la saison pour donner vie \u00e0 des personnages uniques : au total <strong data-start=\"517\" data-end=\"555\">20 mod\u00e8les d\u2019amigurumis et poup\u00e9es<\/strong> inspir\u00e9s par les couleurs et l\u2019ambiance de l\u2019arri\u00e8re-saison.<\/p>\n<ul data-start=\"634\" data-end=\"1163\">\n<li data-start=\"634\" data-end=\"678\">\n<p data-start=\"636\" data-end=\"678\"><strong data-start=\"636\" data-end=\"660\">Philibert le hamster<\/strong> par @annab.shop<\/p>\n<\/li>\n<li data-start=\"679\" data-end=\"740\">\n<p data-start=\"681\" data-end=\"740\"><strong data-start=\"681\" data-end=\"712\">Jeanne la petite cueilleuse<\/strong> par @ptitepeste.amigurumi<\/p>\n<\/li>\n<li data-start=\"741\" data-end=\"791\">\n<p data-start=\"743\" data-end=\"791\"><strong data-start=\"743\" data-end=\"764\">Simone l\u2019oursonne<\/strong> par @cotonetgourmandises<\/p>\n<\/li>\n<li data-start=\"792\" data-end=\"833\">\n<p data-start=\"794\" data-end=\"833\"><strong data-start=\"794\" data-end=\"817\">Colette la chouette<\/strong> par @laeb_bis<\/p>\n<\/li>\n<li data-start=\"834\" data-end=\"916\">\n<p data-start=\"836\" data-end=\"916\"><strong data-start=\"836\" data-end=\"877\">Aman le champignon et Lino l\u2019escargot<\/strong>, duo des sous-bois par @pensebonheur<\/p>\n<\/li>\n<li data-start=\"917\" data-end=\"976\">\n<p data-start=\"919\" data-end=\"976\"><strong data-start=\"919\" data-end=\"955\">Hoggie le h\u00e9risson et Zig le ver<\/strong> par @littlebichons<\/p>\n<\/li>\n<li data-start=\"977\" data-end=\"1163\">\n<p data-start=\"979\" data-end=\"1163\"><strong data-start=\"979\" data-end=\"1013\">Martin la cr\u00e9ature de la for\u00eat<\/strong> par @zess.crochet<br data-start=\"1031\" data-end=\"1034\" \/>\u2026 mais aussi bien d\u2019autres personnages imagin\u00e9s par @melealine, @pomsa.fr, @lescontesdevaly, @brinsdereverie et @dudefsworld.<\/p>\n<\/li>\n<\/ul>\n<p data-start=\"1165\" data-end=\"1284\">Un ouvrage riche et vari\u00e9, parfait pour les amoureux d\u2019amigurumis en qu\u00eate de nouveaux mod\u00e8les originaux \u00e0 crocheter.<\/p>\n","protected":false},"excerpt":{"rendered":"<p>Ouvrage collectif de la collection \u00ab\u00a0Poup\u00e9es &amp; Amigurumis\u00a0\u00bb.<\/p>\n<p>20 personnages et accessoires inspir\u00e9s par l\u2019automne.<\/p>\n<p>Langue : fran\u00e7ais<\/p>\n<p>Pages : 112<\/p>\n","protected":false},"featured_media":8542,"comment_status":"closed","ping_status":"closed","template":"","meta":[],"product_brand":[],"product_cat":[63],"product_tag":[272],"class_list":{"0":"post-8539","1":"product","2":"type-product","3":"status-publish","4":"has-post-thumbnail","6":"product_cat-livre-de-crochet","7":"product_tag-livre","9":"first","10":"instock","11":"sold-individually","12":"shipping-taxable","13":"product-type-external"},"yoast_head":"<!-- This site is optimized with the Yoast SEO plugin v27.3 - https:\/\/yoast.com\/product\/yoast-seo-wordpress\/ -->\n<title>Livre Poup\u00e9es &amp; Amigurumis en Automne - Zess Crochet<\/title>\n<meta name=\"description\" content=\"D\u00e9couvrez 20 mod\u00e8les d\u2019amigurumis et poup\u00e9es au crochet aux couleurs automnales, cr\u00e9\u00e9s par 10 talentueuses designers. Facile \u00e0 suivre gr\u00e2ce aux pas \u00e0 pas photo et diagrammes. Livre 112\u202fp. \u2014 \u00c9ditions de Saxe.\" \/>\n<meta name=\"robots\" content=\"index, follow, max-snippet:-1, max-image-preview:large, max-video-preview:-1\" \/>\n<link rel=\"canonical\" href=\"https:\/\/zess.fr\/shop\/product\/livre-poupees-amigurumis-en-automne\/\" \/>\n<meta property=\"og:locale\" content=\"fr_FR\" \/>\n<meta property=\"og:type\" content=\"article\" \/>\n<meta property=\"og:title\" content=\"Livre Poup\u00e9es &amp; Amigurumis en Automne - Zess Crochet\" \/>\n<meta property=\"og:description\" content=\"D\u00e9couvrez 20 mod\u00e8les d\u2019amigurumis et poup\u00e9es au crochet aux couleurs automnales, cr\u00e9\u00e9s par 10 talentueuses designers. Facile \u00e0 suivre gr\u00e2ce aux pas \u00e0 pas photo et diagrammes. Livre 112\u202fp. \u2014 \u00c9ditions de Saxe.\" \/>\n<meta property=\"og:url\" content=\"https:\/\/zess.fr\/shop\/product\/livre-poupees-amigurumis-en-automne\/\" \/>\n<meta property=\"og:site_name\" content=\"Zess Crochet\" \/>\n<meta property=\"article:modified_time\" content=\"2025-09-04T15:13:56+00:00\" \/>\n<meta property=\"og:image\" content=\"https:\/\/zess.fr\/shop\/wp-content\/uploads\/2025\/08\/poupees-amigurumis-en-automne-e1756203405297.webp\" \/>\n\t<meta property=\"og:image:width\" content=\"628\" \/>\n\t<meta property=\"og:image:height\" content=\"785\" \/>\n\t<meta property=\"og:image:type\" content=\"image\/webp\" \/>\n<meta name=\"twitter:card\" content=\"summary_large_image\" \/>\n<meta name=\"twitter:label1\" content=\"Dur\u00e9e de lecture estim\u00e9e\" \/>\n\t<meta name=\"twitter:data1\" content=\"1 minute\" \/>\n<script type=\"application\/ld+json\" class=\"yoast-schema-graph\">{\"@context\":\"https:\\\/\\\/schema.org\",\"@graph\":[{\"@type\":\"WebPage\",\"@id\":\"https:\\\/\\\/zess.fr\\\/shop\\\/product\\\/livre-poupees-amigurumis-en-automne\\\/\",\"url\":\"https:\\\/\\\/zess.fr\\\/shop\\\/product\\\/livre-poupees-amigurumis-en-automne\\\/\",\"name\":\"Livre Poup\u00e9es & Amigurumis en Automne - Zess Crochet\",\"isPartOf\":{\"@id\":\"https:\\\/\\\/zess.fr\\\/shop\\\/#website\"},\"primaryImageOfPage\":{\"@id\":\"https:\\\/\\\/zess.fr\\\/shop\\\/product\\\/livre-poupees-amigurumis-en-automne\\\/#primaryimage\"},\"image\":{\"@id\":\"https:\\\/\\\/zess.fr\\\/shop\\\/product\\\/livre-poupees-amigurumis-en-automne\\\/#primaryimage\"},\"thumbnailUrl\":\"https:\\\/\\\/zess.fr\\\/shop\\\/wp-content\\\/uploads\\\/2025\\\/08\\\/poupees-amigurumis-en-automne-e1756203405297.webp\",\"datePublished\":\"2025-08-26T10:09:36+00:00\",\"dateModified\":\"2025-09-04T15:13:56+00:00\",\"description\":\"D\u00e9couvrez 20 mod\u00e8les d\u2019amigurumis et poup\u00e9es au crochet aux couleurs automnales, cr\u00e9\u00e9s par 10 talentueuses designers. Facile \u00e0 suivre gr\u00e2ce aux pas \u00e0 pas photo et diagrammes. Livre 112\u202fp. \u2014 \u00c9ditions de Saxe.\",\"breadcrumb\":{\"@id\":\"https:\\\/\\\/zess.fr\\\/shop\\\/product\\\/livre-poupees-amigurumis-en-automne\\\/#breadcrumb\"},\"inLanguage\":\"fr-FR\",\"potentialAction\":[{\"@type\":\"ReadAction\",\"target\":[\"https:\\\/\\\/zess.fr\\\/shop\\\/product\\\/livre-poupees-amigurumis-en-automne\\\/\"]}]},{\"@type\":\"ImageObject\",\"inLanguage\":\"fr-FR\",\"@id\":\"https:\\\/\\\/zess.fr\\\/shop\\\/product\\\/livre-poupees-amigurumis-en-automne\\\/#primaryimage\",\"url\":\"https:\\\/\\\/zess.fr\\\/shop\\\/wp-content\\\/uploads\\\/2025\\\/08\\\/poupees-amigurumis-en-automne-e1756203405297.webp\",\"contentUrl\":\"https:\\\/\\\/zess.fr\\\/shop\\\/wp-content\\\/uploads\\\/2025\\\/08\\\/poupees-amigurumis-en-automne-e1756203405297.webp\",\"width\":628,\"height\":785,\"caption\":\"Livre crochet amigurumi automne \u2013 couverture\"},{\"@type\":\"BreadcrumbList\",\"@id\":\"https:\\\/\\\/zess.fr\\\/shop\\\/product\\\/livre-poupees-amigurumis-en-automne\\\/#breadcrumb\",\"itemListElement\":[{\"@type\":\"ListItem\",\"position\":1,\"name\":\"Zess Crochet Boutique &#8211; Tutoriels et kit crochet\",\"item\":\"https:\\\/\\\/zess.fr\\\/shop\\\/acceuil-2\\\/\"},{\"@type\":\"ListItem\",\"position\":2,\"name\":\"Livres de crochet &amp; coffret crochet collab\",\"item\":\"https:\\\/\\\/zess.fr\\\/shop\\\/product-category\\\/livre-de-crochet\\\/\"},{\"@type\":\"ListItem\",\"position\":3,\"name\":\"Livre Poup\u00e9es &#038; Amigurumis en Automne\"}]},{\"@type\":\"WebSite\",\"@id\":\"https:\\\/\\\/zess.fr\\\/shop\\\/#website\",\"url\":\"https:\\\/\\\/zess.fr\\\/shop\\\/\",\"name\":\"Zess Crochet - Tutoriels au crochet amigurumi, poup\u00e9es et accessoires - patron num\u00e9rique PDF - livres de crochet\",\"description\":\"Tutoriels et kits crochet amigurumi et d\u00e9co\",\"potentialAction\":[{\"@type\":\"SearchAction\",\"target\":{\"@type\":\"EntryPoint\",\"urlTemplate\":\"https:\\\/\\\/zess.fr\\\/shop\\\/?s={search_term_string}\"},\"query-input\":{\"@type\":\"PropertyValueSpecification\",\"valueRequired\":true,\"valueName\":\"search_term_string\"}}],\"inLanguage\":\"fr-FR\"}]}<\/script>\n<!-- \/ Yoast SEO plugin. -->","yoast_head_json":{"title":"Livre Poup\u00e9es & Amigurumis en Automne - Zess Crochet","description":"D\u00e9couvrez 20 mod\u00e8les d\u2019amigurumis et poup\u00e9es au crochet aux couleurs automnales, cr\u00e9\u00e9s par 10 talentueuses designers. Facile \u00e0 suivre gr\u00e2ce aux pas \u00e0 pas photo et diagrammes. Livre 112\u202fp. \u2014 \u00c9ditions de Saxe.","robots":{"index":"index","follow":"follow","max-snippet":"max-snippet:-1","max-image-preview":"max-image-preview:large","max-video-preview":"max-video-preview:-1"},"canonical":"https:\/\/zess.fr\/shop\/product\/livre-poupees-amigurumis-en-automne\/","og_locale":"fr_FR","og_type":"article","og_title":"Livre Poup\u00e9es & Amigurumis en Automne - Zess Crochet","og_description":"D\u00e9couvrez 20 mod\u00e8les d\u2019amigurumis et poup\u00e9es au crochet aux couleurs automnales, cr\u00e9\u00e9s par 10 talentueuses designers. Facile \u00e0 suivre gr\u00e2ce aux pas \u00e0 pas photo et diagrammes. Livre 112\u202fp. \u2014 \u00c9ditions de Saxe.","og_url":"https:\/\/zess.fr\/shop\/product\/livre-poupees-amigurumis-en-automne\/","og_site_name":"Zess Crochet","article_modified_time":"2025-09-04T15:13:56+00:00","og_image":[{"width":628,"height":785,"url":"https:\/\/zess.fr\/shop\/wp-content\/uploads\/2025\/08\/poupees-amigurumis-en-automne-e1756203405297.webp","type":"image\/webp"}],"twitter_card":"summary_large_image","twitter_misc":{"Dur\u00e9e de lecture estim\u00e9e":"1 minute"},"schema":{"@context":"https:\/\/schema.org","@graph":[{"@type":"WebPage","@id":"https:\/\/zess.fr\/shop\/product\/livre-poupees-amigurumis-en-automne\/","url":"https:\/\/zess.fr\/shop\/product\/livre-poupees-amigurumis-en-automne\/","name":"Livre Poup\u00e9es & Amigurumis en Automne - Zess Crochet","isPartOf":{"@id":"https:\/\/zess.fr\/shop\/#website"},"primaryImageOfPage":{"@id":"https:\/\/zess.fr\/shop\/product\/livre-poupees-amigurumis-en-automne\/#primaryimage"},"image":{"@id":"https:\/\/zess.fr\/shop\/product\/livre-poupees-amigurumis-en-automne\/#primaryimage"},"thumbnailUrl":"https:\/\/zess.fr\/shop\/wp-content\/uploads\/2025\/08\/poupees-amigurumis-en-automne-e1756203405297.webp","datePublished":"2025-08-26T10:09:36+00:00","dateModified":"2025-09-04T15:13:56+00:00","description":"D\u00e9couvrez 20 mod\u00e8les d\u2019amigurumis et poup\u00e9es au crochet aux couleurs automnales, cr\u00e9\u00e9s par 10 talentueuses designers. Facile \u00e0 suivre gr\u00e2ce aux pas \u00e0 pas photo et diagrammes. Livre 112\u202fp. \u2014 \u00c9ditions de Saxe.","breadcrumb":{"@id":"https:\/\/zess.fr\/shop\/product\/livre-poupees-amigurumis-en-automne\/#breadcrumb"},"inLanguage":"fr-FR","potentialAction":[{"@type":"ReadAction","target":["https:\/\/zess.fr\/shop\/product\/livre-poupees-amigurumis-en-automne\/"]}]},{"@type":"ImageObject","inLanguage":"fr-FR","@id":"https:\/\/zess.fr\/shop\/product\/livre-poupees-amigurumis-en-automne\/#primaryimage","url":"https:\/\/zess.fr\/shop\/wp-content\/uploads\/2025\/08\/poupees-amigurumis-en-automne-e1756203405297.webp","contentUrl":"https:\/\/zess.fr\/shop\/wp-content\/uploads\/2025\/08\/poupees-amigurumis-en-automne-e1756203405297.webp","width":628,"height":785,"caption":"Livre crochet amigurumi automne \u2013 couverture"},{"@type":"BreadcrumbList","@id":"https:\/\/zess.fr\/shop\/product\/livre-poupees-amigurumis-en-automne\/#breadcrumb","itemListElement":[{"@type":"ListItem","position":1,"name":"Zess Crochet Boutique &#8211; Tutoriels et kit crochet","item":"https:\/\/zess.fr\/shop\/acceuil-2\/"},{"@type":"ListItem","position":2,"name":"Livres de crochet &amp; coffret crochet collab","item":"https:\/\/zess.fr\/shop\/product-category\/livre-de-crochet\/"},{"@type":"ListItem","position":3,"name":"Livre Poup\u00e9es &#038; Amigurumis en Automne"}]},{"@type":"WebSite","@id":"https:\/\/zess.fr\/shop\/#website","url":"https:\/\/zess.fr\/shop\/","name":"Zess Crochet - Tutoriels au crochet amigurumi, poup\u00e9es et accessoires - patron num\u00e9rique PDF - livres de crochet","description":"Tutoriels et kits crochet amigurumi et d\u00e9co","potentialAction":[{"@type":"SearchAction","target":{"@type":"EntryPoint","urlTemplate":"https:\/\/zess.fr\/shop\/?s={search_term_string}"},"query-input":{"@type":"PropertyValueSpecification","valueRequired":true,"valueName":"search_term_string"}}],"inLanguage":"fr-FR"}]}},"_links":{"self":[{"href":"https:\/\/zess.fr\/shop\/wp-json\/wp\/v2\/product\/8539","targetHints":{"allow":["GET"]}}],"collection":[{"href":"https:\/\/zess.fr\/shop\/wp-json\/wp\/v2\/product"}],"about":[{"href":"https:\/\/zess.fr\/shop\/wp-json\/wp\/v2\/types\/product"}],"replies":[{"embeddable":true,"href":"https:\/\/zess.fr\/shop\/wp-json\/wp\/v2\/comments?post=8539"}],"version-history":[{"count":3,"href":"https:\/\/zess.fr\/shop\/wp-json\/wp\/v2\/product\/8539\/revisions"}],"predecessor-version":[{"id":8546,"href":"https:\/\/zess.fr\/shop\/wp-json\/wp\/v2\/product\/8539\/revisions\/8546"}],"wp:featuredmedia":[{"embeddable":true,"href":"https:\/\/zess.fr\/shop\/wp-json\/wp\/v2\/media\/8542"}],"wp:attachment":[{"href":"https:\/\/zess.fr\/shop\/wp-json\/wp\/v2\/media?parent=8539"}],"wp:term":[{"taxonomy":"product_brand","embeddable":true,"href":"https:\/\/zess.fr\/shop\/wp-json\/wp\/v2\/product_brand?post=8539"},{"taxonomy":"product_cat","embeddable":true,"href":"https:\/\/zess.fr\/shop\/wp-json\/wp\/v2\/product_cat?post=8539"},{"taxonomy":"product_tag","embeddable":true,"href":"https:\/\/zess.fr\/shop\/wp-json\/wp\/v2\/product_tag?post=8539"}],"curies":[{"name":"wp","href":"https:\/\/api.w.org\/{rel}","templated":true}]}}