{"id":8519,"date":"2025-09-04T16:02:36","date_gmt":"2025-09-04T14:02:36","guid":{"rendered":"https:\/\/zess.fr\/shop\/?post_type=product&#038;p=8519"},"modified":"2026-01-14T19:04:09","modified_gmt":"2026-01-14T18:04:09","slug":"patron-crochet-pdf-sac-ondine","status":"publish","type":"product","link":"https:\/\/zess.fr\/shop\/product\/patron-crochet-pdf-sac-ondine\/","title":{"rendered":"Patron crochet PDF &#8211; Sac Ondine"},"content":{"rendered":"<h4><strong>Niveau de difficult\u00e9<\/strong><\/h4>\n<p>D\u00e9butant \u00e0 l&rsquo;aise avec les bases du crochet (maille serr\u00e9e, bride, maille en l&rsquo;air)<\/p>\n<h4>Ce que contient le patron PDF<\/h4>\n<ul>\n<li>14 pages d\u2019instructions \u00e9crites d\u00e9taill\u00e9es pour crocheter votre sac Ondine au crochet<\/li>\n<li>Plus de 60 photos d&rsquo;\u00e9tapes<\/li>\n<li>Un projet travaill\u00e9 en une seule pi\u00e8ce, facile \u00e0 monter<\/li>\n<li>3 variantes de lani\u00e8res<\/li>\n<li>Abr\u00e9viations &amp; points utilis\u00e9s, avec la diminution en bride expliqu\u00e9e pas \u00e0 pas.<\/li>\n<li>Notes pr\u00e9alables &amp; astuces pour simplifier la r\u00e9alisation<\/li>\n<li>Une astuce gain de temps pour limiter les fils \u00e0 rentrer<\/li>\n<\/ul>\n<h4><strong data-start=\"639\" data-end=\"680\">Ce que vous allez apprendre et d\u00e9couvrir dans ce patron<\/strong> :<\/h4>\n<ul>\n<li data-start=\"685\" data-end=\"726\">Crocheter un petit sac au crochet sans couture qui se monte facilement gr\u00e2ce \u00e0 ce tutoriel PDF<\/li>\n<li data-start=\"685\" data-end=\"726\">Ma\u00eetriser le motif vagues qui fait tout le charme du mod\u00e8le Ondine<\/li>\n<li data-start=\"685\" data-end=\"726\">R\u00e9aliser un assemblage solide et esth\u00e9tique directement au crochet<\/li>\n<li data-start=\"685\" data-end=\"726\">Personnaliser la lani\u00e8re selon vos envies : tout au crochet cousu sur le sac, crochet\u00e9e autour de mousquetons amovible, ou lani\u00e8re du commerce pr\u00eate \u00e0 clipser<\/li>\n<li data-start=\"685\" data-end=\"726\">Obtenir des finitions impeccables avec la fermeture invisible et le blocage<\/li>\n<\/ul>\n<p data-start=\"1175\" data-end=\"1286\"><strong data-start=\"1178\" data-end=\"1200\">Dimensions finales avec un crochet 2,5<\/strong> : environ 20 cm \u00d7 17 cm\u00a0(peuvent varier selon tension\/fil).<\/p>\n<p data-start=\"2159\" data-end=\"2182\"><strong data-start=\"2159\" data-end=\"2169\">Langue<\/strong>\u00a0: Fran\u00e7ais<\/p>\n<p data-start=\"2185\" data-end=\"2225\">T\u00e9l\u00e9chargement imm\u00e9diat apr\u00e8s paiement.<\/p>\n<p data-start=\"2228\" data-end=\"2626\"><strong data-start=\"2228\" data-end=\"2259\">\u2757Usage strictement personnel<\/strong><\/p>\n<p data-start=\"300\" data-end=\"443\">Ce patron au crochet est destin\u00e9 \u00e0 un usage personnel uniquement.<br data-start=\"354\" data-end=\"357\" \/>La vente des objets r\u00e9alis\u00e9s \u00e0 partir de ce mod\u00e8le <strong>n\u2019est pas autoris\u00e9e<\/strong> avec ce patron.<br \/>\nPour toute utilisation professionnelle ou commerciale, y compris vente occasionnelle ou ateliers, merci de me contacter. Des licences adapt\u00e9es sont propos\u00e9es.<\/p>\n<h4>Points importants<\/h4>\n<ul>\n<li>Cet achat est un fichier num\u00e9rique pour vous permettre de crocheter le sac Ondine au crochet gr\u00e2ce \u00e0 ce patron PDF. Il ne s\u2019agit pas du produit fini.<\/li>\n<li>Cet article num\u00e9rique est <strong>non remboursable et non \u00e9changeable<\/strong>.<\/li>\n<\/ul>\n<p>\u2753Si vous avez des questions, avant ou apr\u00e8s votre commande, contactez moi !<\/p>\n<p>Avec ce patron crochet PDF, r\u00e9alisez le sac Ondine : un mod\u00e8le moderne, facile \u00e0 monter, id\u00e9al pour ajouter une touche handmade unique \u00e0 votre quotidien<\/p>\n","protected":false},"excerpt":{"rendered":"<p data-start=\"404\" data-end=\"478\"><strong data-start=\"406\" data-end=\"476\">Un tutoriel crochet pour cr\u00e9er un sac aux jolies vagues color\u00e9es !<\/strong><\/p>\n<p data-start=\"480\" data-end=\"766\">Ce <strong data-start=\"483\" data-end=\"517\">patron crochet PDF de 14 pages<\/strong> (illustr\u00e9 par plus de 60 photos) vous guide pas \u00e0 pas pour r\u00e9aliser le <strong data-start=\"589\" data-end=\"603\">sac Ondine<\/strong>, travaill\u00e9 en une seule pi\u00e8ce.<br \/>\nUn projet moderne et agr\u00e9able \u00e0 crocheter, avec plusieurs options de lani\u00e8res selon vos envies.<\/p>\n<p data-start=\"150\" data-end=\"224\">Le plus difficile dans ce patron ? Poser son crochet\u2026 on a toujours envie de faire un rang de plus pour voir le motif vagues grandir \ud83c\udf0a<\/p>\n<p><img decoding=\"async\" class=\"emoji\" role=\"img\" draggable=\"false\" src=\"https:\/\/s.w.org\/images\/core\/emoji\/16.0.1\/svg\/1f4e5.svg\" alt=\"\ud83d\udce5\" \/>\u00a0T\u00e9l\u00e9chargement instantan\u00e9<br data-start=\"892\" data-end=\"895\" \/><img decoding=\"async\" class=\"emoji\" role=\"img\" draggable=\"false\" src=\"https:\/\/s.w.org\/images\/core\/emoji\/16.0.1\/svg\/1f30d.svg\" alt=\"\ud83c\udf0d\" \/> Langue : Fran\u00e7ais<br data-start=\"937\" data-end=\"940\" \/>\u2b07\ufe0fPlus de d\u00e9tails dans l\u2019onglet Description<\/p>\n","protected":false},"featured_media":8639,"comment_status":"open","ping_status":"closed","template":"","meta":[],"product_brand":[],"product_cat":[289,293,62],"product_tag":[287],"class_list":{"0":"post-8519","1":"product","2":"type-product","3":"status-publish","4":"has-post-thumbnail","6":"product_cat-accessoires-pochons-crochet","7":"product_cat-tous-les-patrons-crochet-pdf","8":"product_cat-modeles-de-crochet","9":"product_tag-new","11":"first","12":"instock","13":"downloadable","14":"virtual","15":"sold-individually","16":"purchasable","17":"product-type-simple"},"yoast_head":"<!-- This site is optimized with the Yoast SEO plugin v27.3 - https:\/\/yoast.com\/product\/yoast-seo-wordpress\/ -->\n<title>Patron crochet PDF \u2013 Sac Ondine | Zess Crochet<\/title>\n<meta name=\"description\" content=\"Crochetez le sac Ondine avec ce patron PDF d\u00e9taill\u00e9 : 15 pages, 60 photos pas \u00e0 pas, 3 variantes de lani\u00e8res. Un projet sans couture, accessible et moderne.\" \/>\n<meta name=\"robots\" content=\"index, follow, max-snippet:-1, max-image-preview:large, max-video-preview:-1\" \/>\n<link rel=\"canonical\" href=\"https:\/\/zess.fr\/shop\/product\/patron-crochet-pdf-sac-ondine\/\" \/>\n<meta property=\"og:locale\" content=\"fr_FR\" \/>\n<meta property=\"og:type\" content=\"article\" \/>\n<meta property=\"og:title\" content=\"Patron crochet PDF \u2013 Sac Ondine | Zess Crochet\" \/>\n<meta property=\"og:description\" content=\"Crochetez le sac Ondine avec ce patron PDF d\u00e9taill\u00e9 : 15 pages, 60 photos pas \u00e0 pas, 3 variantes de lani\u00e8res. Un projet sans couture, accessible et moderne.\" \/>\n<meta property=\"og:url\" content=\"https:\/\/zess.fr\/shop\/product\/patron-crochet-pdf-sac-ondine\/\" \/>\n<meta property=\"og:site_name\" content=\"Zess Crochet\" \/>\n<meta property=\"article:modified_time\" content=\"2026-01-14T18:04:09+00:00\" \/>\n<meta property=\"og:image\" content=\"https:\/\/zess.fr\/shop\/wp-content\/uploads\/2025\/09\/patron-crochet-sac-ondine.jpg\" \/>\n\t<meta property=\"og:image:width\" content=\"1080\" \/>\n\t<meta property=\"og:image:height\" content=\"1350\" \/>\n\t<meta property=\"og:image:type\" content=\"image\/jpeg\" \/>\n<meta name=\"twitter:card\" content=\"summary_large_image\" \/>\n<meta name=\"twitter:label1\" content=\"Dur\u00e9e de lecture estim\u00e9e\" \/>\n\t<meta name=\"twitter:data1\" content=\"2 minutes\" \/>\n<script type=\"application\/ld+json\" class=\"yoast-schema-graph\">{\"@context\":\"https:\\\/\\\/schema.org\",\"@graph\":[{\"@type\":\"WebPage\",\"@id\":\"https:\\\/\\\/zess.fr\\\/shop\\\/product\\\/patron-crochet-pdf-sac-ondine\\\/\",\"url\":\"https:\\\/\\\/zess.fr\\\/shop\\\/product\\\/patron-crochet-pdf-sac-ondine\\\/\",\"name\":\"Patron crochet PDF \u2013 Sac Ondine | Zess Crochet\",\"isPartOf\":{\"@id\":\"https:\\\/\\\/zess.fr\\\/shop\\\/#website\"},\"primaryImageOfPage\":{\"@id\":\"https:\\\/\\\/zess.fr\\\/shop\\\/product\\\/patron-crochet-pdf-sac-ondine\\\/#primaryimage\"},\"image\":{\"@id\":\"https:\\\/\\\/zess.fr\\\/shop\\\/product\\\/patron-crochet-pdf-sac-ondine\\\/#primaryimage\"},\"thumbnailUrl\":\"https:\\\/\\\/zess.fr\\\/shop\\\/wp-content\\\/uploads\\\/2025\\\/09\\\/patron-crochet-sac-ondine.jpg\",\"datePublished\":\"2025-09-04T14:02:36+00:00\",\"dateModified\":\"2026-01-14T18:04:09+00:00\",\"description\":\"Crochetez le sac Ondine avec ce patron PDF d\u00e9taill\u00e9 : 15 pages, 60 photos pas \u00e0 pas, 3 variantes de lani\u00e8res. Un projet sans couture, accessible et moderne.\",\"breadcrumb\":{\"@id\":\"https:\\\/\\\/zess.fr\\\/shop\\\/product\\\/patron-crochet-pdf-sac-ondine\\\/#breadcrumb\"},\"inLanguage\":\"fr-FR\",\"potentialAction\":[{\"@type\":\"ReadAction\",\"target\":[\"https:\\\/\\\/zess.fr\\\/shop\\\/product\\\/patron-crochet-pdf-sac-ondine\\\/\"]}]},{\"@type\":\"ImageObject\",\"inLanguage\":\"fr-FR\",\"@id\":\"https:\\\/\\\/zess.fr\\\/shop\\\/product\\\/patron-crochet-pdf-sac-ondine\\\/#primaryimage\",\"url\":\"https:\\\/\\\/zess.fr\\\/shop\\\/wp-content\\\/uploads\\\/2025\\\/09\\\/patron-crochet-sac-ondine.jpg\",\"contentUrl\":\"https:\\\/\\\/zess.fr\\\/shop\\\/wp-content\\\/uploads\\\/2025\\\/09\\\/patron-crochet-sac-ondine.jpg\",\"width\":1080,\"height\":1350,\"caption\":\"patron crochet sac ondine\"},{\"@type\":\"BreadcrumbList\",\"@id\":\"https:\\\/\\\/zess.fr\\\/shop\\\/product\\\/patron-crochet-pdf-sac-ondine\\\/#breadcrumb\",\"itemListElement\":[{\"@type\":\"ListItem\",\"position\":1,\"name\":\"Zess Crochet Boutique &#8211; Tutoriels et kit crochet\",\"item\":\"https:\\\/\\\/zess.fr\\\/shop\\\/acceuil-2\\\/\"},{\"@type\":\"ListItem\",\"position\":2,\"name\":\"Tutoriels crochet\",\"item\":\"https:\\\/\\\/zess.fr\\\/shop\\\/product-category\\\/modeles-de-crochet\\\/\"},{\"@type\":\"ListItem\",\"position\":3,\"name\":\"Patron crochet PDF &#8211; Sac Ondine\"}]},{\"@type\":\"WebSite\",\"@id\":\"https:\\\/\\\/zess.fr\\\/shop\\\/#website\",\"url\":\"https:\\\/\\\/zess.fr\\\/shop\\\/\",\"name\":\"Zess Crochet - Tutoriels au crochet amigurumi, poup\u00e9es et accessoires - patron num\u00e9rique PDF - livres de crochet\",\"description\":\"Tutoriels et kits crochet amigurumi et d\u00e9co\",\"potentialAction\":[{\"@type\":\"SearchAction\",\"target\":{\"@type\":\"EntryPoint\",\"urlTemplate\":\"https:\\\/\\\/zess.fr\\\/shop\\\/?s={search_term_string}\"},\"query-input\":{\"@type\":\"PropertyValueSpecification\",\"valueRequired\":true,\"valueName\":\"search_term_string\"}}],\"inLanguage\":\"fr-FR\"}]}<\/script>\n<!-- \/ Yoast SEO plugin. -->","yoast_head_json":{"title":"Patron crochet PDF \u2013 Sac Ondine | Zess Crochet","description":"Crochetez le sac Ondine avec ce patron PDF d\u00e9taill\u00e9 : 15 pages, 60 photos pas \u00e0 pas, 3 variantes de lani\u00e8res. Un projet sans couture, accessible et moderne.","robots":{"index":"index","follow":"follow","max-snippet":"max-snippet:-1","max-image-preview":"max-image-preview:large","max-video-preview":"max-video-preview:-1"},"canonical":"https:\/\/zess.fr\/shop\/product\/patron-crochet-pdf-sac-ondine\/","og_locale":"fr_FR","og_type":"article","og_title":"Patron crochet PDF \u2013 Sac Ondine | Zess Crochet","og_description":"Crochetez le sac Ondine avec ce patron PDF d\u00e9taill\u00e9 : 15 pages, 60 photos pas \u00e0 pas, 3 variantes de lani\u00e8res. Un projet sans couture, accessible et moderne.","og_url":"https:\/\/zess.fr\/shop\/product\/patron-crochet-pdf-sac-ondine\/","og_site_name":"Zess Crochet","article_modified_time":"2026-01-14T18:04:09+00:00","og_image":[{"width":1080,"height":1350,"url":"https:\/\/zess.fr\/shop\/wp-content\/uploads\/2025\/09\/patron-crochet-sac-ondine.jpg","type":"image\/jpeg"}],"twitter_card":"summary_large_image","twitter_misc":{"Dur\u00e9e de lecture estim\u00e9e":"2 minutes"},"schema":{"@context":"https:\/\/schema.org","@graph":[{"@type":"WebPage","@id":"https:\/\/zess.fr\/shop\/product\/patron-crochet-pdf-sac-ondine\/","url":"https:\/\/zess.fr\/shop\/product\/patron-crochet-pdf-sac-ondine\/","name":"Patron crochet PDF \u2013 Sac Ondine | Zess Crochet","isPartOf":{"@id":"https:\/\/zess.fr\/shop\/#website"},"primaryImageOfPage":{"@id":"https:\/\/zess.fr\/shop\/product\/patron-crochet-pdf-sac-ondine\/#primaryimage"},"image":{"@id":"https:\/\/zess.fr\/shop\/product\/patron-crochet-pdf-sac-ondine\/#primaryimage"},"thumbnailUrl":"https:\/\/zess.fr\/shop\/wp-content\/uploads\/2025\/09\/patron-crochet-sac-ondine.jpg","datePublished":"2025-09-04T14:02:36+00:00","dateModified":"2026-01-14T18:04:09+00:00","description":"Crochetez le sac Ondine avec ce patron PDF d\u00e9taill\u00e9 : 15 pages, 60 photos pas \u00e0 pas, 3 variantes de lani\u00e8res. Un projet sans couture, accessible et moderne.","breadcrumb":{"@id":"https:\/\/zess.fr\/shop\/product\/patron-crochet-pdf-sac-ondine\/#breadcrumb"},"inLanguage":"fr-FR","potentialAction":[{"@type":"ReadAction","target":["https:\/\/zess.fr\/shop\/product\/patron-crochet-pdf-sac-ondine\/"]}]},{"@type":"ImageObject","inLanguage":"fr-FR","@id":"https:\/\/zess.fr\/shop\/product\/patron-crochet-pdf-sac-ondine\/#primaryimage","url":"https:\/\/zess.fr\/shop\/wp-content\/uploads\/2025\/09\/patron-crochet-sac-ondine.jpg","contentUrl":"https:\/\/zess.fr\/shop\/wp-content\/uploads\/2025\/09\/patron-crochet-sac-ondine.jpg","width":1080,"height":1350,"caption":"patron crochet sac ondine"},{"@type":"BreadcrumbList","@id":"https:\/\/zess.fr\/shop\/product\/patron-crochet-pdf-sac-ondine\/#breadcrumb","itemListElement":[{"@type":"ListItem","position":1,"name":"Zess Crochet Boutique &#8211; Tutoriels et kit crochet","item":"https:\/\/zess.fr\/shop\/acceuil-2\/"},{"@type":"ListItem","position":2,"name":"Tutoriels crochet","item":"https:\/\/zess.fr\/shop\/product-category\/modeles-de-crochet\/"},{"@type":"ListItem","position":3,"name":"Patron crochet PDF &#8211; Sac Ondine"}]},{"@type":"WebSite","@id":"https:\/\/zess.fr\/shop\/#website","url":"https:\/\/zess.fr\/shop\/","name":"Zess Crochet - Tutoriels au crochet amigurumi, poup\u00e9es et accessoires - patron num\u00e9rique PDF - livres de crochet","description":"Tutoriels et kits crochet amigurumi et d\u00e9co","potentialAction":[{"@type":"SearchAction","target":{"@type":"EntryPoint","urlTemplate":"https:\/\/zess.fr\/shop\/?s={search_term_string}"},"query-input":{"@type":"PropertyValueSpecification","valueRequired":true,"valueName":"search_term_string"}}],"inLanguage":"fr-FR"}]}},"_links":{"self":[{"href":"https:\/\/zess.fr\/shop\/wp-json\/wp\/v2\/product\/8519","targetHints":{"allow":["GET"]}}],"collection":[{"href":"https:\/\/zess.fr\/shop\/wp-json\/wp\/v2\/product"}],"about":[{"href":"https:\/\/zess.fr\/shop\/wp-json\/wp\/v2\/types\/product"}],"replies":[{"embeddable":true,"href":"https:\/\/zess.fr\/shop\/wp-json\/wp\/v2\/comments?post=8519"}],"version-history":[{"count":10,"href":"https:\/\/zess.fr\/shop\/wp-json\/wp\/v2\/product\/8519\/revisions"}],"predecessor-version":[{"id":9641,"href":"https:\/\/zess.fr\/shop\/wp-json\/wp\/v2\/product\/8519\/revisions\/9641"}],"wp:featuredmedia":[{"embeddable":true,"href":"https:\/\/zess.fr\/shop\/wp-json\/wp\/v2\/media\/8639"}],"wp:attachment":[{"href":"https:\/\/zess.fr\/shop\/wp-json\/wp\/v2\/media?parent=8519"}],"wp:term":[{"taxonomy":"product_brand","embeddable":true,"href":"https:\/\/zess.fr\/shop\/wp-json\/wp\/v2\/product_brand?post=8519"},{"taxonomy":"product_cat","embeddable":true,"href":"https:\/\/zess.fr\/shop\/wp-json\/wp\/v2\/product_cat?post=8519"},{"taxonomy":"product_tag","embeddable":true,"href":"https:\/\/zess.fr\/shop\/wp-json\/wp\/v2\/product_tag?post=8519"}],"curies":[{"name":"wp","href":"https:\/\/api.w.org\/{rel}","templated":true}]}}