{"id":8446,"date":"2025-08-18T21:42:29","date_gmt":"2025-08-18T19:42:29","guid":{"rendered":"https:\/\/zess.fr\/shop\/?post_type=product&#038;p=8446"},"modified":"2026-01-14T19:06:10","modified_gmt":"2026-01-14T18:06:10","slug":"patron-crochet-pdf-guirlande-fanions-confetti","status":"publish","type":"product","link":"https:\/\/zess.fr\/shop\/product\/patron-crochet-pdf-guirlande-fanions-confetti\/","title":{"rendered":"Patron crochet PDF &#8211; Guirlande fanions confetti"},"content":{"rendered":"<p data-start=\"1013\" data-end=\"1070\"><strong>Niveau de difficult\u00e9<\/strong><\/p>\n<p>D\u00e9butant \u00e0 l&rsquo;aise avec les bases du crochet (cercle magique, maille serr\u00e9e, bride, maille en l&rsquo;air, maille coul\u00e9e)<\/p>\n<h4>Ce que contient le patron PDF<\/h4>\n<ul>\n<li>10 pages d\u2019instructions \u00e9crites d\u00e9taill\u00e9es<\/li>\n<li>30 photos d&rsquo;\u00e9tapes<\/li>\n<li>Un projet sans couture, facile \u00e0 monter<\/li>\n<\/ul>\n<h4><strong data-start=\"639\" data-end=\"680\">Ce que vous allez apprendre et d\u00e9couvrir dans ce patron<\/strong> :<\/h4>\n<ul>\n<li>R\u00e9aliser une guirlande modulable \u00e0 volont\u00e9<\/li>\n<li>Apprendre \u00e0 crocheter des nopes en relief + un QR code vers une vid\u00e9o Instagram pour la ma\u00eetriser (en compl\u00e9ment du patron)<\/li>\n<li>Ajouter du volume avec une bordure froufrou<\/li>\n<\/ul>\n<p data-start=\"1175\" data-end=\"1286\"><strong data-start=\"1178\" data-end=\"1200\">Dimensions finales avec une taille de crochet 3<\/strong>\u00a0: <span style=\"font-weight: 300;\">environ 170 cm de long (facile \u00e0 raccourcir ou allonger selon vos envies).<\/span><\/p>\n<p data-start=\"2159\" data-end=\"2182\"><strong data-start=\"2159\" data-end=\"2169\">Langues<\/strong> : Fran\u00e7ais<\/p>\n<p data-start=\"2185\" data-end=\"2225\">T\u00e9l\u00e9chargement imm\u00e9diat apr\u00e8s paiement.<\/p>\n<p data-start=\"2228\" data-end=\"2626\"><strong data-start=\"2228\" data-end=\"2259\">\u2757Usage strictement personnel<\/strong><br \/>\nCe patron est destin\u00e9 \u00e0 un usage personnel uniquement.<br data-start=\"354\" data-end=\"357\" \/>La vente des objets r\u00e9alis\u00e9s \u00e0 partir de ce mod\u00e8le <strong>n\u2019est pas autoris\u00e9e<\/strong> avec ce patron.<br \/>\nPour toute utilisation professionnelle ou commerciale, y compris vente occasionnelle ou ateliers, merci de me contacter. Des licences adapt\u00e9es sont propos\u00e9es.<\/p>\n<h4>Points importants<\/h4>\n<ul>\n<li>Cet achat est un fichier num\u00e9rique pour vous permettre de crocheter cette guirlande fanions au crochet. Il ne s\u2019agit pas du produit fini.<\/li>\n<li>Cet article num\u00e9rique est <strong>non remboursable et non \u00e9changeable<\/strong>.<\/li>\n<\/ul>\n<p>\u2753Si vous avez des questions, avant ou apr\u00e8s votre commande, contactez moi !<\/p>\n","protected":false},"excerpt":{"rendered":"<p data-start=\"285\" data-end=\"388\">Apportez une touche de f\u00eate et de couleur \u00e0 votre int\u00e9rieur avec la <strong data-start=\"353\" data-end=\"383\">guirlande fanions confetti<\/strong> \ud83c\udf08<\/p>\n<p data-start=\"483\" data-end=\"781\">Ce tutoriel au crochet vous guide pas \u00e0 pas pour r\u00e9aliser une guirlande modulable et joyeuse. Parfaite pour utiliser vos restes de pelotes, elle trouvera sa place aussi bien dans une chambre d\u2019enfant que pour d\u00e9corer une f\u00eate (anniversaire, baby shower, mariage\u2026) ou tout simplement un coin cosy.<\/p>\n<p data-start=\"783\" data-end=\"863\">Ce PDF de 10 pages, illustr\u00e9 de 30 photos, vous accompagne \u00e9tape par \u00e9tape.<\/p>\n<p><img decoding=\"async\" class=\"emoji\" role=\"img\" draggable=\"false\" src=\"https:\/\/s.w.org\/images\/core\/emoji\/16.0.1\/svg\/1f4e5.svg\" alt=\"\ud83d\udce5\" \/>\u00a0T\u00e9l\u00e9chargement instantan\u00e9<br data-start=\"892\" data-end=\"895\" \/><img decoding=\"async\" class=\"emoji\" role=\"img\" draggable=\"false\" src=\"https:\/\/s.w.org\/images\/core\/emoji\/16.0.1\/svg\/1f30d.svg\" alt=\"\ud83c\udf0d\" \/> Langue : Fran\u00e7ais<br data-start=\"937\" data-end=\"940\" \/>\u2b07\ufe0fPlus de d\u00e9tails dans l\u2019onglet Description<\/p>\n","protected":false},"featured_media":8448,"comment_status":"open","ping_status":"closed","template":"","meta":[],"product_brand":[],"product_cat":[288,293,62],"product_tag":[287],"class_list":{"0":"post-8446","1":"product","2":"type-product","3":"status-publish","4":"has-post-thumbnail","6":"product_cat-deco-au-crochet","7":"product_cat-tous-les-patrons-crochet-pdf","8":"product_cat-modeles-de-crochet","9":"product_tag-new","11":"first","12":"instock","13":"downloadable","14":"virtual","15":"sold-individually","16":"purchasable","17":"product-type-simple"},"yoast_head":"<!-- This site is optimized with the Yoast SEO plugin v27.3 - https:\/\/yoast.com\/product\/yoast-seo-wordpress\/ -->\n<title>Patron crochet PDF - Guirlande fanions confetti - Zess Crochet<\/title>\n<meta name=\"description\" content=\"Patron PDF au crochet pour r\u00e9aliser une guirlande festive de fanions confetti. Parfait pour d\u00e9corer une chambre, un anniversaire ou un coin cosy. Niveau accessible, explications pas \u00e0 pas avec photos.\" \/>\n<meta name=\"robots\" content=\"index, follow, max-snippet:-1, max-image-preview:large, max-video-preview:-1\" \/>\n<link rel=\"canonical\" href=\"https:\/\/zess.fr\/shop\/product\/patron-crochet-pdf-guirlande-fanions-confetti\/\" \/>\n<meta property=\"og:locale\" content=\"fr_FR\" \/>\n<meta property=\"og:type\" content=\"article\" \/>\n<meta property=\"og:title\" content=\"Patron crochet PDF - Guirlande fanions confetti - Zess Crochet\" \/>\n<meta property=\"og:description\" content=\"Patron PDF au crochet pour r\u00e9aliser une guirlande festive de fanions confetti. Parfait pour d\u00e9corer une chambre, un anniversaire ou un coin cosy. Niveau accessible, explications pas \u00e0 pas avec photos.\" \/>\n<meta property=\"og:url\" content=\"https:\/\/zess.fr\/shop\/product\/patron-crochet-pdf-guirlande-fanions-confetti\/\" \/>\n<meta property=\"og:site_name\" content=\"Zess Crochet\" \/>\n<meta property=\"article:modified_time\" content=\"2026-01-14T18:06:10+00:00\" \/>\n<meta property=\"og:image\" content=\"https:\/\/zess.fr\/shop\/wp-content\/uploads\/2025\/08\/partie-3.jpg\" \/>\n\t<meta property=\"og:image:width\" content=\"1080\" \/>\n\t<meta property=\"og:image:height\" content=\"1350\" \/>\n\t<meta property=\"og:image:type\" content=\"image\/jpeg\" \/>\n<meta name=\"twitter:card\" content=\"summary_large_image\" \/>\n<meta name=\"twitter:label1\" content=\"Dur\u00e9e de lecture estim\u00e9e\" \/>\n\t<meta name=\"twitter:data1\" content=\"2 minutes\" \/>\n<script type=\"application\/ld+json\" class=\"yoast-schema-graph\">{\"@context\":\"https:\\\/\\\/schema.org\",\"@graph\":[{\"@type\":\"WebPage\",\"@id\":\"https:\\\/\\\/zess.fr\\\/shop\\\/product\\\/patron-crochet-pdf-guirlande-fanions-confetti\\\/\",\"url\":\"https:\\\/\\\/zess.fr\\\/shop\\\/product\\\/patron-crochet-pdf-guirlande-fanions-confetti\\\/\",\"name\":\"Patron crochet PDF - Guirlande fanions confetti - Zess Crochet\",\"isPartOf\":{\"@id\":\"https:\\\/\\\/zess.fr\\\/shop\\\/#website\"},\"primaryImageOfPage\":{\"@id\":\"https:\\\/\\\/zess.fr\\\/shop\\\/product\\\/patron-crochet-pdf-guirlande-fanions-confetti\\\/#primaryimage\"},\"image\":{\"@id\":\"https:\\\/\\\/zess.fr\\\/shop\\\/product\\\/patron-crochet-pdf-guirlande-fanions-confetti\\\/#primaryimage\"},\"thumbnailUrl\":\"https:\\\/\\\/zess.fr\\\/shop\\\/wp-content\\\/uploads\\\/2025\\\/08\\\/partie-3.jpg\",\"datePublished\":\"2025-08-18T19:42:29+00:00\",\"dateModified\":\"2026-01-14T18:06:10+00:00\",\"description\":\"Patron PDF au crochet pour r\u00e9aliser une guirlande festive de fanions confetti. Parfait pour d\u00e9corer une chambre, un anniversaire ou un coin cosy. Niveau accessible, explications pas \u00e0 pas avec photos.\",\"breadcrumb\":{\"@id\":\"https:\\\/\\\/zess.fr\\\/shop\\\/product\\\/patron-crochet-pdf-guirlande-fanions-confetti\\\/#breadcrumb\"},\"inLanguage\":\"fr-FR\",\"potentialAction\":[{\"@type\":\"ReadAction\",\"target\":[\"https:\\\/\\\/zess.fr\\\/shop\\\/product\\\/patron-crochet-pdf-guirlande-fanions-confetti\\\/\"]}]},{\"@type\":\"ImageObject\",\"inLanguage\":\"fr-FR\",\"@id\":\"https:\\\/\\\/zess.fr\\\/shop\\\/product\\\/patron-crochet-pdf-guirlande-fanions-confetti\\\/#primaryimage\",\"url\":\"https:\\\/\\\/zess.fr\\\/shop\\\/wp-content\\\/uploads\\\/2025\\\/08\\\/partie-3.jpg\",\"contentUrl\":\"https:\\\/\\\/zess.fr\\\/shop\\\/wp-content\\\/uploads\\\/2025\\\/08\\\/partie-3.jpg\",\"width\":1080,\"height\":1350,\"caption\":\"tuto crochet guirlande fanions confetti \u2013 d\u00e9coration chambre enfant\"},{\"@type\":\"BreadcrumbList\",\"@id\":\"https:\\\/\\\/zess.fr\\\/shop\\\/product\\\/patron-crochet-pdf-guirlande-fanions-confetti\\\/#breadcrumb\",\"itemListElement\":[{\"@type\":\"ListItem\",\"position\":1,\"name\":\"Zess Crochet Boutique &#8211; Tutoriels et kit crochet\",\"item\":\"https:\\\/\\\/zess.fr\\\/shop\\\/acceuil-2\\\/\"},{\"@type\":\"ListItem\",\"position\":2,\"name\":\"Tutoriels crochet\",\"item\":\"https:\\\/\\\/zess.fr\\\/shop\\\/product-category\\\/modeles-de-crochet\\\/\"},{\"@type\":\"ListItem\",\"position\":3,\"name\":\"Patron crochet PDF &#8211; Guirlande fanions confetti\"}]},{\"@type\":\"WebSite\",\"@id\":\"https:\\\/\\\/zess.fr\\\/shop\\\/#website\",\"url\":\"https:\\\/\\\/zess.fr\\\/shop\\\/\",\"name\":\"Zess Crochet - Tutoriels au crochet amigurumi, poup\u00e9es et accessoires - patron num\u00e9rique PDF - livres de crochet\",\"description\":\"Tutoriels et kits crochet amigurumi et d\u00e9co\",\"potentialAction\":[{\"@type\":\"SearchAction\",\"target\":{\"@type\":\"EntryPoint\",\"urlTemplate\":\"https:\\\/\\\/zess.fr\\\/shop\\\/?s={search_term_string}\"},\"query-input\":{\"@type\":\"PropertyValueSpecification\",\"valueRequired\":true,\"valueName\":\"search_term_string\"}}],\"inLanguage\":\"fr-FR\"}]}<\/script>\n<!-- \/ Yoast SEO plugin. -->","yoast_head_json":{"title":"Patron crochet PDF - Guirlande fanions confetti - Zess Crochet","description":"Patron PDF au crochet pour r\u00e9aliser une guirlande festive de fanions confetti. Parfait pour d\u00e9corer une chambre, un anniversaire ou un coin cosy. Niveau accessible, explications pas \u00e0 pas avec photos.","robots":{"index":"index","follow":"follow","max-snippet":"max-snippet:-1","max-image-preview":"max-image-preview:large","max-video-preview":"max-video-preview:-1"},"canonical":"https:\/\/zess.fr\/shop\/product\/patron-crochet-pdf-guirlande-fanions-confetti\/","og_locale":"fr_FR","og_type":"article","og_title":"Patron crochet PDF - Guirlande fanions confetti - Zess Crochet","og_description":"Patron PDF au crochet pour r\u00e9aliser une guirlande festive de fanions confetti. Parfait pour d\u00e9corer une chambre, un anniversaire ou un coin cosy. Niveau accessible, explications pas \u00e0 pas avec photos.","og_url":"https:\/\/zess.fr\/shop\/product\/patron-crochet-pdf-guirlande-fanions-confetti\/","og_site_name":"Zess Crochet","article_modified_time":"2026-01-14T18:06:10+00:00","og_image":[{"width":1080,"height":1350,"url":"https:\/\/zess.fr\/shop\/wp-content\/uploads\/2025\/08\/partie-3.jpg","type":"image\/jpeg"}],"twitter_card":"summary_large_image","twitter_misc":{"Dur\u00e9e de lecture estim\u00e9e":"2 minutes"},"schema":{"@context":"https:\/\/schema.org","@graph":[{"@type":"WebPage","@id":"https:\/\/zess.fr\/shop\/product\/patron-crochet-pdf-guirlande-fanions-confetti\/","url":"https:\/\/zess.fr\/shop\/product\/patron-crochet-pdf-guirlande-fanions-confetti\/","name":"Patron crochet PDF - Guirlande fanions confetti - Zess Crochet","isPartOf":{"@id":"https:\/\/zess.fr\/shop\/#website"},"primaryImageOfPage":{"@id":"https:\/\/zess.fr\/shop\/product\/patron-crochet-pdf-guirlande-fanions-confetti\/#primaryimage"},"image":{"@id":"https:\/\/zess.fr\/shop\/product\/patron-crochet-pdf-guirlande-fanions-confetti\/#primaryimage"},"thumbnailUrl":"https:\/\/zess.fr\/shop\/wp-content\/uploads\/2025\/08\/partie-3.jpg","datePublished":"2025-08-18T19:42:29+00:00","dateModified":"2026-01-14T18:06:10+00:00","description":"Patron PDF au crochet pour r\u00e9aliser une guirlande festive de fanions confetti. Parfait pour d\u00e9corer une chambre, un anniversaire ou un coin cosy. Niveau accessible, explications pas \u00e0 pas avec photos.","breadcrumb":{"@id":"https:\/\/zess.fr\/shop\/product\/patron-crochet-pdf-guirlande-fanions-confetti\/#breadcrumb"},"inLanguage":"fr-FR","potentialAction":[{"@type":"ReadAction","target":["https:\/\/zess.fr\/shop\/product\/patron-crochet-pdf-guirlande-fanions-confetti\/"]}]},{"@type":"ImageObject","inLanguage":"fr-FR","@id":"https:\/\/zess.fr\/shop\/product\/patron-crochet-pdf-guirlande-fanions-confetti\/#primaryimage","url":"https:\/\/zess.fr\/shop\/wp-content\/uploads\/2025\/08\/partie-3.jpg","contentUrl":"https:\/\/zess.fr\/shop\/wp-content\/uploads\/2025\/08\/partie-3.jpg","width":1080,"height":1350,"caption":"tuto crochet guirlande fanions confetti \u2013 d\u00e9coration chambre enfant"},{"@type":"BreadcrumbList","@id":"https:\/\/zess.fr\/shop\/product\/patron-crochet-pdf-guirlande-fanions-confetti\/#breadcrumb","itemListElement":[{"@type":"ListItem","position":1,"name":"Zess Crochet Boutique &#8211; Tutoriels et kit crochet","item":"https:\/\/zess.fr\/shop\/acceuil-2\/"},{"@type":"ListItem","position":2,"name":"Tutoriels crochet","item":"https:\/\/zess.fr\/shop\/product-category\/modeles-de-crochet\/"},{"@type":"ListItem","position":3,"name":"Patron crochet PDF &#8211; Guirlande fanions confetti"}]},{"@type":"WebSite","@id":"https:\/\/zess.fr\/shop\/#website","url":"https:\/\/zess.fr\/shop\/","name":"Zess Crochet - Tutoriels au crochet amigurumi, poup\u00e9es et accessoires - patron num\u00e9rique PDF - livres de crochet","description":"Tutoriels et kits crochet amigurumi et d\u00e9co","potentialAction":[{"@type":"SearchAction","target":{"@type":"EntryPoint","urlTemplate":"https:\/\/zess.fr\/shop\/?s={search_term_string}"},"query-input":{"@type":"PropertyValueSpecification","valueRequired":true,"valueName":"search_term_string"}}],"inLanguage":"fr-FR"}]}},"_links":{"self":[{"href":"https:\/\/zess.fr\/shop\/wp-json\/wp\/v2\/product\/8446","targetHints":{"allow":["GET"]}}],"collection":[{"href":"https:\/\/zess.fr\/shop\/wp-json\/wp\/v2\/product"}],"about":[{"href":"https:\/\/zess.fr\/shop\/wp-json\/wp\/v2\/types\/product"}],"replies":[{"embeddable":true,"href":"https:\/\/zess.fr\/shop\/wp-json\/wp\/v2\/comments?post=8446"}],"version-history":[{"count":7,"href":"https:\/\/zess.fr\/shop\/wp-json\/wp\/v2\/product\/8446\/revisions"}],"predecessor-version":[{"id":9642,"href":"https:\/\/zess.fr\/shop\/wp-json\/wp\/v2\/product\/8446\/revisions\/9642"}],"wp:featuredmedia":[{"embeddable":true,"href":"https:\/\/zess.fr\/shop\/wp-json\/wp\/v2\/media\/8448"}],"wp:attachment":[{"href":"https:\/\/zess.fr\/shop\/wp-json\/wp\/v2\/media?parent=8446"}],"wp:term":[{"taxonomy":"product_brand","embeddable":true,"href":"https:\/\/zess.fr\/shop\/wp-json\/wp\/v2\/product_brand?post=8446"},{"taxonomy":"product_cat","embeddable":true,"href":"https:\/\/zess.fr\/shop\/wp-json\/wp\/v2\/product_cat?post=8446"},{"taxonomy":"product_tag","embeddable":true,"href":"https:\/\/zess.fr\/shop\/wp-json\/wp\/v2\/product_tag?post=8446"}],"curies":[{"name":"wp","href":"https:\/\/api.w.org\/{rel}","templated":true}]}}