{"id":7531,"date":"2025-05-23T18:25:04","date_gmt":"2025-05-23T16:25:04","guid":{"rendered":"https:\/\/zess.fr\/shop\/?post_type=product&#038;p=7531"},"modified":"2025-08-26T12:25:52","modified_gmt":"2025-08-26T10:25:52","slug":"livre-accessoires-grannysquare","status":"publish","type":"product","link":"https:\/\/zess.fr\/shop\/product\/livre-accessoires-grannysquare\/","title":{"rendered":"Livre Accessoires en granny square"},"content":{"rendered":"","protected":false},"excerpt":{"rendered":"<p>Ouvrage collectif.<\/p>\n<p><strong>17 projets en granny square :<\/strong><\/p>\n<ul>\n<li>Accessoires : sacs (de ville, fourre-tout\u2026), trousse, pochette portable, banane XXL, \u00e9tui \u00e0 lunettes, bandouli\u00e8re\u2026<\/li>\n<li>Objets d\u00e9co : guirlande multicolore, coussin, mini-encadr\u00e9\u2026<\/li>\n<li>V\u00eatements : gilet, top \u00e0 bretelles\u2026<\/li>\n<\/ul>\n<p>Langue : fran\u00e7ais<\/p>\n<p>Pages : 96.<\/p>\n","protected":false},"featured_media":7536,"comment_status":"closed","ping_status":"closed","template":"","meta":[],"product_brand":[],"product_cat":[63],"product_tag":[],"class_list":{"0":"post-7531","1":"product","2":"type-product","3":"status-publish","4":"has-post-thumbnail","6":"product_cat-livre-de-crochet","8":"first","9":"instock","10":"sold-individually","11":"shipping-taxable","12":"product-type-external"},"yoast_head":"<!-- This site is optimized with the Yoast SEO plugin v27.3 - https:\/\/yoast.com\/product\/yoast-seo-wordpress\/ -->\n<title>Livre Accessoires en granny square - Zess Crochet<\/title>\n<meta name=\"robots\" content=\"index, follow, max-snippet:-1, max-image-preview:large, max-video-preview:-1\" \/>\n<link rel=\"canonical\" href=\"https:\/\/zess.fr\/shop\/product\/livre-accessoires-grannysquare\/\" \/>\n<meta property=\"og:locale\" content=\"fr_FR\" \/>\n<meta property=\"og:type\" content=\"article\" \/>\n<meta property=\"og:title\" content=\"Livre Accessoires en granny square - Zess Crochet\" \/>\n<meta property=\"og:description\" content=\"Ouvrage collectif.  17 projets en granny square :   Accessoires : sacs (de ville, fourre-tout\u2026), trousse, pochette portable, banane XXL, \u00e9tui \u00e0 lunettes, bandouli\u00e8re\u2026  Objets d\u00e9co : guirlande multicolore, coussin, mini-encadr\u00e9\u2026  V\u00eatements : gilet, top \u00e0 bretelles\u2026  Langue : fran\u00e7ais  Pages : 96.\" \/>\n<meta property=\"og:url\" content=\"https:\/\/zess.fr\/shop\/product\/livre-accessoires-grannysquare\/\" \/>\n<meta property=\"og:site_name\" content=\"Zess Crochet\" \/>\n<meta property=\"article:modified_time\" content=\"2025-08-26T10:25:52+00:00\" \/>\n<meta property=\"og:image\" content=\"https:\/\/zess.fr\/shop\/wp-content\/uploads\/2025\/05\/accessoires-en-granny-squares-e1756203924285.webp\" \/>\n\t<meta property=\"og:image:width\" content=\"625\" \/>\n\t<meta property=\"og:image:height\" content=\"800\" \/>\n\t<meta property=\"og:image:type\" content=\"image\/webp\" \/>\n<meta name=\"twitter:card\" content=\"summary_large_image\" \/>\n<meta name=\"twitter:label1\" content=\"Dur\u00e9e de lecture estim\u00e9e\" \/>\n\t<meta name=\"twitter:data1\" content=\"1 minute\" \/>\n<script type=\"application\/ld+json\" class=\"yoast-schema-graph\">{\"@context\":\"https:\\\/\\\/schema.org\",\"@graph\":[{\"@type\":\"WebPage\",\"@id\":\"https:\\\/\\\/zess.fr\\\/shop\\\/product\\\/livre-accessoires-grannysquare\\\/\",\"url\":\"https:\\\/\\\/zess.fr\\\/shop\\\/product\\\/livre-accessoires-grannysquare\\\/\",\"name\":\"Livre Accessoires en granny square - Zess Crochet\",\"isPartOf\":{\"@id\":\"https:\\\/\\\/zess.fr\\\/shop\\\/#website\"},\"primaryImageOfPage\":{\"@id\":\"https:\\\/\\\/zess.fr\\\/shop\\\/product\\\/livre-accessoires-grannysquare\\\/#primaryimage\"},\"image\":{\"@id\":\"https:\\\/\\\/zess.fr\\\/shop\\\/product\\\/livre-accessoires-grannysquare\\\/#primaryimage\"},\"thumbnailUrl\":\"https:\\\/\\\/zess.fr\\\/shop\\\/wp-content\\\/uploads\\\/2025\\\/05\\\/accessoires-en-granny-squares-e1762107128217.webp\",\"datePublished\":\"2025-05-23T16:25:04+00:00\",\"dateModified\":\"2025-08-26T10:25:52+00:00\",\"breadcrumb\":{\"@id\":\"https:\\\/\\\/zess.fr\\\/shop\\\/product\\\/livre-accessoires-grannysquare\\\/#breadcrumb\"},\"inLanguage\":\"fr-FR\",\"potentialAction\":[{\"@type\":\"ReadAction\",\"target\":[\"https:\\\/\\\/zess.fr\\\/shop\\\/product\\\/livre-accessoires-grannysquare\\\/\"]}]},{\"@type\":\"ImageObject\",\"inLanguage\":\"fr-FR\",\"@id\":\"https:\\\/\\\/zess.fr\\\/shop\\\/product\\\/livre-accessoires-grannysquare\\\/#primaryimage\",\"url\":\"https:\\\/\\\/zess.fr\\\/shop\\\/wp-content\\\/uploads\\\/2025\\\/05\\\/accessoires-en-granny-squares-e1762107128217.webp\",\"contentUrl\":\"https:\\\/\\\/zess.fr\\\/shop\\\/wp-content\\\/uploads\\\/2025\\\/05\\\/accessoires-en-granny-squares-e1762107128217.webp\",\"width\":625,\"height\":783,\"caption\":\"accessoire en granny squares\"},{\"@type\":\"BreadcrumbList\",\"@id\":\"https:\\\/\\\/zess.fr\\\/shop\\\/product\\\/livre-accessoires-grannysquare\\\/#breadcrumb\",\"itemListElement\":[{\"@type\":\"ListItem\",\"position\":1,\"name\":\"Zess Crochet Boutique &#8211; Tutoriels et kit crochet\",\"item\":\"https:\\\/\\\/zess.fr\\\/shop\\\/acceuil-2\\\/\"},{\"@type\":\"ListItem\",\"position\":2,\"name\":\"Livres de crochet &amp; coffret crochet collab\",\"item\":\"https:\\\/\\\/zess.fr\\\/shop\\\/product-category\\\/livre-de-crochet\\\/\"},{\"@type\":\"ListItem\",\"position\":3,\"name\":\"Livre Accessoires en granny square\"}]},{\"@type\":\"WebSite\",\"@id\":\"https:\\\/\\\/zess.fr\\\/shop\\\/#website\",\"url\":\"https:\\\/\\\/zess.fr\\\/shop\\\/\",\"name\":\"Zess Crochet - Tutoriels au crochet amigurumi, poup\u00e9es et accessoires - patron num\u00e9rique PDF - livres de crochet\",\"description\":\"Tutoriels et kits crochet amigurumi et d\u00e9co\",\"potentialAction\":[{\"@type\":\"SearchAction\",\"target\":{\"@type\":\"EntryPoint\",\"urlTemplate\":\"https:\\\/\\\/zess.fr\\\/shop\\\/?s={search_term_string}\"},\"query-input\":{\"@type\":\"PropertyValueSpecification\",\"valueRequired\":true,\"valueName\":\"search_term_string\"}}],\"inLanguage\":\"fr-FR\"}]}<\/script>\n<!-- \/ Yoast SEO plugin. -->","yoast_head_json":{"title":"Livre Accessoires en granny square - Zess Crochet","robots":{"index":"index","follow":"follow","max-snippet":"max-snippet:-1","max-image-preview":"max-image-preview:large","max-video-preview":"max-video-preview:-1"},"canonical":"https:\/\/zess.fr\/shop\/product\/livre-accessoires-grannysquare\/","og_locale":"fr_FR","og_type":"article","og_title":"Livre Accessoires en granny square - Zess Crochet","og_description":"Ouvrage collectif.  17 projets en granny square :   Accessoires : sacs (de ville, fourre-tout\u2026), trousse, pochette portable, banane XXL, \u00e9tui \u00e0 lunettes, bandouli\u00e8re\u2026  Objets d\u00e9co : guirlande multicolore, coussin, mini-encadr\u00e9\u2026  V\u00eatements : gilet, top \u00e0 bretelles\u2026  Langue : fran\u00e7ais  Pages : 96.","og_url":"https:\/\/zess.fr\/shop\/product\/livre-accessoires-grannysquare\/","og_site_name":"Zess Crochet","article_modified_time":"2025-08-26T10:25:52+00:00","og_image":[{"width":625,"height":800,"url":"https:\/\/zess.fr\/shop\/wp-content\/uploads\/2025\/05\/accessoires-en-granny-squares-e1756203924285.webp","type":"image\/webp"}],"twitter_card":"summary_large_image","twitter_misc":{"Dur\u00e9e de lecture estim\u00e9e":"1 minute"},"schema":{"@context":"https:\/\/schema.org","@graph":[{"@type":"WebPage","@id":"https:\/\/zess.fr\/shop\/product\/livre-accessoires-grannysquare\/","url":"https:\/\/zess.fr\/shop\/product\/livre-accessoires-grannysquare\/","name":"Livre Accessoires en granny square - Zess Crochet","isPartOf":{"@id":"https:\/\/zess.fr\/shop\/#website"},"primaryImageOfPage":{"@id":"https:\/\/zess.fr\/shop\/product\/livre-accessoires-grannysquare\/#primaryimage"},"image":{"@id":"https:\/\/zess.fr\/shop\/product\/livre-accessoires-grannysquare\/#primaryimage"},"thumbnailUrl":"https:\/\/zess.fr\/shop\/wp-content\/uploads\/2025\/05\/accessoires-en-granny-squares-e1762107128217.webp","datePublished":"2025-05-23T16:25:04+00:00","dateModified":"2025-08-26T10:25:52+00:00","breadcrumb":{"@id":"https:\/\/zess.fr\/shop\/product\/livre-accessoires-grannysquare\/#breadcrumb"},"inLanguage":"fr-FR","potentialAction":[{"@type":"ReadAction","target":["https:\/\/zess.fr\/shop\/product\/livre-accessoires-grannysquare\/"]}]},{"@type":"ImageObject","inLanguage":"fr-FR","@id":"https:\/\/zess.fr\/shop\/product\/livre-accessoires-grannysquare\/#primaryimage","url":"https:\/\/zess.fr\/shop\/wp-content\/uploads\/2025\/05\/accessoires-en-granny-squares-e1762107128217.webp","contentUrl":"https:\/\/zess.fr\/shop\/wp-content\/uploads\/2025\/05\/accessoires-en-granny-squares-e1762107128217.webp","width":625,"height":783,"caption":"accessoire en granny squares"},{"@type":"BreadcrumbList","@id":"https:\/\/zess.fr\/shop\/product\/livre-accessoires-grannysquare\/#breadcrumb","itemListElement":[{"@type":"ListItem","position":1,"name":"Zess Crochet Boutique &#8211; Tutoriels et kit crochet","item":"https:\/\/zess.fr\/shop\/acceuil-2\/"},{"@type":"ListItem","position":2,"name":"Livres de crochet &amp; coffret crochet collab","item":"https:\/\/zess.fr\/shop\/product-category\/livre-de-crochet\/"},{"@type":"ListItem","position":3,"name":"Livre Accessoires en granny square"}]},{"@type":"WebSite","@id":"https:\/\/zess.fr\/shop\/#website","url":"https:\/\/zess.fr\/shop\/","name":"Zess Crochet - Tutoriels au crochet amigurumi, poup\u00e9es et accessoires - patron num\u00e9rique PDF - livres de crochet","description":"Tutoriels et kits crochet amigurumi et d\u00e9co","potentialAction":[{"@type":"SearchAction","target":{"@type":"EntryPoint","urlTemplate":"https:\/\/zess.fr\/shop\/?s={search_term_string}"},"query-input":{"@type":"PropertyValueSpecification","valueRequired":true,"valueName":"search_term_string"}}],"inLanguage":"fr-FR"}]}},"_links":{"self":[{"href":"https:\/\/zess.fr\/shop\/wp-json\/wp\/v2\/product\/7531","targetHints":{"allow":["GET"]}}],"collection":[{"href":"https:\/\/zess.fr\/shop\/wp-json\/wp\/v2\/product"}],"about":[{"href":"https:\/\/zess.fr\/shop\/wp-json\/wp\/v2\/types\/product"}],"replies":[{"embeddable":true,"href":"https:\/\/zess.fr\/shop\/wp-json\/wp\/v2\/comments?post=7531"}],"version-history":[{"count":2,"href":"https:\/\/zess.fr\/shop\/wp-json\/wp\/v2\/product\/7531\/revisions"}],"predecessor-version":[{"id":8544,"href":"https:\/\/zess.fr\/shop\/wp-json\/wp\/v2\/product\/7531\/revisions\/8544"}],"wp:featuredmedia":[{"embeddable":true,"href":"https:\/\/zess.fr\/shop\/wp-json\/wp\/v2\/media\/7536"}],"wp:attachment":[{"href":"https:\/\/zess.fr\/shop\/wp-json\/wp\/v2\/media?parent=7531"}],"wp:term":[{"taxonomy":"product_brand","embeddable":true,"href":"https:\/\/zess.fr\/shop\/wp-json\/wp\/v2\/product_brand?post=7531"},{"taxonomy":"product_cat","embeddable":true,"href":"https:\/\/zess.fr\/shop\/wp-json\/wp\/v2\/product_cat?post=7531"},{"taxonomy":"product_tag","embeddable":true,"href":"https:\/\/zess.fr\/shop\/wp-json\/wp\/v2\/product_tag?post=7531"}],"curies":[{"name":"wp","href":"https:\/\/api.w.org\/{rel}","templated":true}]}}