{"id":7528,"date":"2025-05-23T18:09:48","date_gmt":"2025-05-23T16:09:48","guid":{"rendered":"https:\/\/zess.fr\/shop\/?post_type=product&#038;p=7528"},"modified":"2025-08-26T12:56:41","modified_gmt":"2025-08-26T10:56:41","slug":"coffret-pochette-en-granny-square","status":"publish","type":"product","link":"https:\/\/zess.fr\/shop\/product\/coffret-pochette-en-granny-square\/","title":{"rendered":"Coffret Pochette en granny square"},"content":{"rendered":"","protected":false},"excerpt":{"rendered":"<p>Paru chez les Editions de Saxe.<\/p>\n<p>Coffret DIY pour r\u00e9aliser une pochette en granny square.<\/p>\n<p><span style=\"font-weight: 400;\">Cette grande pochette en granny, avec ses couleurs p\u00e9tillantes, respire la bonne humeur et le soleil. Parfaite pour garder les petits essentiels du quotidien bien organis\u00e9s : maquillage, accessoires de voyage, chargeurs, m\u00e9dicaments, petit carnet et stylo, &#8230; et pourquoi pas la cr\u00e8me solaire ?<\/span><\/p>\n<p><span style=\"font-weight: 400;\">Ici, pas de couture compliqu\u00e9e ! Promis, c\u2019est une adepte du z\u00e9ro couture qui vous le dit ! Tout s\u2019assemble directement au crochet, simple et efficace.<\/span><\/p>\n","protected":false},"featured_media":7529,"comment_status":"closed","ping_status":"closed","template":"","meta":[],"product_brand":[],"product_cat":[292,63],"product_tag":[],"class_list":{"0":"post-7528","1":"product","2":"type-product","3":"status-publish","4":"has-post-thumbnail","6":"product_cat-granny-square","7":"product_cat-livre-de-crochet","9":"first","10":"instock","11":"sold-individually","12":"shipping-taxable","13":"product-type-external"},"yoast_head":"<!-- This site is optimized with the Yoast SEO plugin v27.3 - https:\/\/yoast.com\/product\/yoast-seo-wordpress\/ -->\n<title>Coffret Pochette en granny square - Zess Crochet<\/title>\n<meta name=\"robots\" content=\"index, follow, max-snippet:-1, max-image-preview:large, max-video-preview:-1\" \/>\n<link rel=\"canonical\" href=\"https:\/\/zess.fr\/shop\/product\/coffret-pochette-en-granny-square\/\" \/>\n<meta property=\"og:locale\" content=\"fr_FR\" \/>\n<meta property=\"og:type\" content=\"article\" \/>\n<meta property=\"og:title\" content=\"Coffret Pochette en granny square - Zess Crochet\" \/>\n<meta property=\"og:description\" content=\"Paru chez les Editions de Saxe.  Coffret DIY pour r\u00e9aliser une pochette en granny square.  Cette grande pochette en granny, avec ses couleurs p\u00e9tillantes, respire la bonne humeur et le soleil. Parfaite pour garder les petits essentiels du quotidien bien organis\u00e9s : maquillage, accessoires de voyage, chargeurs, m\u00e9dicaments, petit carnet et stylo, ... et pourquoi pas la cr\u00e8me solaire ?  Ici, pas de couture compliqu\u00e9e ! Promis, c\u2019est une adepte du z\u00e9ro couture qui vous le dit ! Tout s\u2019assemble directement au crochet, simple et efficace.\" \/>\n<meta property=\"og:url\" content=\"https:\/\/zess.fr\/shop\/product\/coffret-pochette-en-granny-square\/\" \/>\n<meta property=\"og:site_name\" content=\"Zess Crochet\" \/>\n<meta property=\"article:modified_time\" content=\"2025-08-26T10:56:41+00:00\" \/>\n<meta property=\"og:image\" content=\"https:\/\/zess.fr\/shop\/wp-content\/uploads\/2025\/05\/coffretpochettegranny1.jpg\" \/>\n\t<meta property=\"og:image:width\" content=\"1450\" \/>\n\t<meta property=\"og:image:height\" content=\"1813\" \/>\n\t<meta property=\"og:image:type\" content=\"image\/jpeg\" \/>\n<meta name=\"twitter:card\" content=\"summary_large_image\" \/>\n<meta name=\"twitter:label1\" content=\"Dur\u00e9e de lecture estim\u00e9e\" \/>\n\t<meta name=\"twitter:data1\" content=\"1 minute\" \/>\n<script type=\"application\/ld+json\" class=\"yoast-schema-graph\">{\"@context\":\"https:\\\/\\\/schema.org\",\"@graph\":[{\"@type\":\"WebPage\",\"@id\":\"https:\\\/\\\/zess.fr\\\/shop\\\/product\\\/coffret-pochette-en-granny-square\\\/\",\"url\":\"https:\\\/\\\/zess.fr\\\/shop\\\/product\\\/coffret-pochette-en-granny-square\\\/\",\"name\":\"Coffret Pochette en granny square - Zess Crochet\",\"isPartOf\":{\"@id\":\"https:\\\/\\\/zess.fr\\\/shop\\\/#website\"},\"primaryImageOfPage\":{\"@id\":\"https:\\\/\\\/zess.fr\\\/shop\\\/product\\\/coffret-pochette-en-granny-square\\\/#primaryimage\"},\"image\":{\"@id\":\"https:\\\/\\\/zess.fr\\\/shop\\\/product\\\/coffret-pochette-en-granny-square\\\/#primaryimage\"},\"thumbnailUrl\":\"https:\\\/\\\/zess.fr\\\/shop\\\/wp-content\\\/uploads\\\/2025\\\/05\\\/coffretpochettegranny1.jpg\",\"datePublished\":\"2025-05-23T16:09:48+00:00\",\"dateModified\":\"2025-08-26T10:56:41+00:00\",\"breadcrumb\":{\"@id\":\"https:\\\/\\\/zess.fr\\\/shop\\\/product\\\/coffret-pochette-en-granny-square\\\/#breadcrumb\"},\"inLanguage\":\"fr-FR\",\"potentialAction\":[{\"@type\":\"ReadAction\",\"target\":[\"https:\\\/\\\/zess.fr\\\/shop\\\/product\\\/coffret-pochette-en-granny-square\\\/\"]}]},{\"@type\":\"ImageObject\",\"inLanguage\":\"fr-FR\",\"@id\":\"https:\\\/\\\/zess.fr\\\/shop\\\/product\\\/coffret-pochette-en-granny-square\\\/#primaryimage\",\"url\":\"https:\\\/\\\/zess.fr\\\/shop\\\/wp-content\\\/uploads\\\/2025\\\/05\\\/coffretpochettegranny1.jpg\",\"contentUrl\":\"https:\\\/\\\/zess.fr\\\/shop\\\/wp-content\\\/uploads\\\/2025\\\/05\\\/coffretpochettegranny1.jpg\",\"width\":1450,\"height\":1813,\"caption\":\"coffret pochette granny editions de saxe zess crochet\"},{\"@type\":\"BreadcrumbList\",\"@id\":\"https:\\\/\\\/zess.fr\\\/shop\\\/product\\\/coffret-pochette-en-granny-square\\\/#breadcrumb\",\"itemListElement\":[{\"@type\":\"ListItem\",\"position\":1,\"name\":\"Zess Crochet Boutique &#8211; Tutoriels et kit crochet\",\"item\":\"https:\\\/\\\/zess.fr\\\/shop\\\/acceuil-2\\\/\"},{\"@type\":\"ListItem\",\"position\":2,\"name\":\"Tutoriels crochet\",\"item\":\"https:\\\/\\\/zess.fr\\\/shop\\\/product-category\\\/modeles-de-crochet\\\/\"},{\"@type\":\"ListItem\",\"position\":3,\"name\":\"Granny square\",\"item\":\"https:\\\/\\\/zess.fr\\\/shop\\\/product-category\\\/modeles-de-crochet\\\/granny-square\\\/\"},{\"@type\":\"ListItem\",\"position\":4,\"name\":\"Coffret Pochette en granny square\"}]},{\"@type\":\"WebSite\",\"@id\":\"https:\\\/\\\/zess.fr\\\/shop\\\/#website\",\"url\":\"https:\\\/\\\/zess.fr\\\/shop\\\/\",\"name\":\"Zess Crochet - Tutoriels au crochet amigurumi, poup\u00e9es et accessoires - patron num\u00e9rique PDF - livres de crochet\",\"description\":\"Tutoriels et kits crochet amigurumi et d\u00e9co\",\"potentialAction\":[{\"@type\":\"SearchAction\",\"target\":{\"@type\":\"EntryPoint\",\"urlTemplate\":\"https:\\\/\\\/zess.fr\\\/shop\\\/?s={search_term_string}\"},\"query-input\":{\"@type\":\"PropertyValueSpecification\",\"valueRequired\":true,\"valueName\":\"search_term_string\"}}],\"inLanguage\":\"fr-FR\"}]}<\/script>\n<!-- \/ Yoast SEO plugin. -->","yoast_head_json":{"title":"Coffret Pochette en granny square - Zess Crochet","robots":{"index":"index","follow":"follow","max-snippet":"max-snippet:-1","max-image-preview":"max-image-preview:large","max-video-preview":"max-video-preview:-1"},"canonical":"https:\/\/zess.fr\/shop\/product\/coffret-pochette-en-granny-square\/","og_locale":"fr_FR","og_type":"article","og_title":"Coffret Pochette en granny square - Zess Crochet","og_description":"Paru chez les Editions de Saxe.  Coffret DIY pour r\u00e9aliser une pochette en granny square.  Cette grande pochette en granny, avec ses couleurs p\u00e9tillantes, respire la bonne humeur et le soleil. Parfaite pour garder les petits essentiels du quotidien bien organis\u00e9s : maquillage, accessoires de voyage, chargeurs, m\u00e9dicaments, petit carnet et stylo, ... et pourquoi pas la cr\u00e8me solaire ?  Ici, pas de couture compliqu\u00e9e ! Promis, c\u2019est une adepte du z\u00e9ro couture qui vous le dit ! Tout s\u2019assemble directement au crochet, simple et efficace.","og_url":"https:\/\/zess.fr\/shop\/product\/coffret-pochette-en-granny-square\/","og_site_name":"Zess Crochet","article_modified_time":"2025-08-26T10:56:41+00:00","og_image":[{"width":1450,"height":1813,"url":"https:\/\/zess.fr\/shop\/wp-content\/uploads\/2025\/05\/coffretpochettegranny1.jpg","type":"image\/jpeg"}],"twitter_card":"summary_large_image","twitter_misc":{"Dur\u00e9e de lecture estim\u00e9e":"1 minute"},"schema":{"@context":"https:\/\/schema.org","@graph":[{"@type":"WebPage","@id":"https:\/\/zess.fr\/shop\/product\/coffret-pochette-en-granny-square\/","url":"https:\/\/zess.fr\/shop\/product\/coffret-pochette-en-granny-square\/","name":"Coffret Pochette en granny square - Zess Crochet","isPartOf":{"@id":"https:\/\/zess.fr\/shop\/#website"},"primaryImageOfPage":{"@id":"https:\/\/zess.fr\/shop\/product\/coffret-pochette-en-granny-square\/#primaryimage"},"image":{"@id":"https:\/\/zess.fr\/shop\/product\/coffret-pochette-en-granny-square\/#primaryimage"},"thumbnailUrl":"https:\/\/zess.fr\/shop\/wp-content\/uploads\/2025\/05\/coffretpochettegranny1.jpg","datePublished":"2025-05-23T16:09:48+00:00","dateModified":"2025-08-26T10:56:41+00:00","breadcrumb":{"@id":"https:\/\/zess.fr\/shop\/product\/coffret-pochette-en-granny-square\/#breadcrumb"},"inLanguage":"fr-FR","potentialAction":[{"@type":"ReadAction","target":["https:\/\/zess.fr\/shop\/product\/coffret-pochette-en-granny-square\/"]}]},{"@type":"ImageObject","inLanguage":"fr-FR","@id":"https:\/\/zess.fr\/shop\/product\/coffret-pochette-en-granny-square\/#primaryimage","url":"https:\/\/zess.fr\/shop\/wp-content\/uploads\/2025\/05\/coffretpochettegranny1.jpg","contentUrl":"https:\/\/zess.fr\/shop\/wp-content\/uploads\/2025\/05\/coffretpochettegranny1.jpg","width":1450,"height":1813,"caption":"coffret pochette granny editions de saxe zess crochet"},{"@type":"BreadcrumbList","@id":"https:\/\/zess.fr\/shop\/product\/coffret-pochette-en-granny-square\/#breadcrumb","itemListElement":[{"@type":"ListItem","position":1,"name":"Zess Crochet Boutique &#8211; Tutoriels et kit crochet","item":"https:\/\/zess.fr\/shop\/acceuil-2\/"},{"@type":"ListItem","position":2,"name":"Tutoriels crochet","item":"https:\/\/zess.fr\/shop\/product-category\/modeles-de-crochet\/"},{"@type":"ListItem","position":3,"name":"Granny square","item":"https:\/\/zess.fr\/shop\/product-category\/modeles-de-crochet\/granny-square\/"},{"@type":"ListItem","position":4,"name":"Coffret Pochette en granny square"}]},{"@type":"WebSite","@id":"https:\/\/zess.fr\/shop\/#website","url":"https:\/\/zess.fr\/shop\/","name":"Zess Crochet - Tutoriels au crochet amigurumi, poup\u00e9es et accessoires - patron num\u00e9rique PDF - livres de crochet","description":"Tutoriels et kits crochet amigurumi et d\u00e9co","potentialAction":[{"@type":"SearchAction","target":{"@type":"EntryPoint","urlTemplate":"https:\/\/zess.fr\/shop\/?s={search_term_string}"},"query-input":{"@type":"PropertyValueSpecification","valueRequired":true,"valueName":"search_term_string"}}],"inLanguage":"fr-FR"}]}},"_links":{"self":[{"href":"https:\/\/zess.fr\/shop\/wp-json\/wp\/v2\/product\/7528","targetHints":{"allow":["GET"]}}],"collection":[{"href":"https:\/\/zess.fr\/shop\/wp-json\/wp\/v2\/product"}],"about":[{"href":"https:\/\/zess.fr\/shop\/wp-json\/wp\/v2\/types\/product"}],"replies":[{"embeddable":true,"href":"https:\/\/zess.fr\/shop\/wp-json\/wp\/v2\/comments?post=7528"}],"version-history":[{"count":3,"href":"https:\/\/zess.fr\/shop\/wp-json\/wp\/v2\/product\/7528\/revisions"}],"predecessor-version":[{"id":7533,"href":"https:\/\/zess.fr\/shop\/wp-json\/wp\/v2\/product\/7528\/revisions\/7533"}],"wp:featuredmedia":[{"embeddable":true,"href":"https:\/\/zess.fr\/shop\/wp-json\/wp\/v2\/media\/7529"}],"wp:attachment":[{"href":"https:\/\/zess.fr\/shop\/wp-json\/wp\/v2\/media?parent=7528"}],"wp:term":[{"taxonomy":"product_brand","embeddable":true,"href":"https:\/\/zess.fr\/shop\/wp-json\/wp\/v2\/product_brand?post=7528"},{"taxonomy":"product_cat","embeddable":true,"href":"https:\/\/zess.fr\/shop\/wp-json\/wp\/v2\/product_cat?post=7528"},{"taxonomy":"product_tag","embeddable":true,"href":"https:\/\/zess.fr\/shop\/wp-json\/wp\/v2\/product_tag?post=7528"}],"curies":[{"name":"wp","href":"https:\/\/api.w.org\/{rel}","templated":true}]}}