{"id":6223,"date":"2024-10-19T11:59:32","date_gmt":"2024-10-19T09:59:32","guid":{"rendered":"https:\/\/zess.fr\/shop\/?post_type=product&#038;p=6223"},"modified":"2026-03-19T08:59:04","modified_gmt":"2026-03-19T07:59:04","slug":"tutoriel-au-crochet-housse-boite-a-mouchoirs-patron-pdf","status":"publish","type":"product","link":"https:\/\/zess.fr\/shop\/product\/tutoriel-au-crochet-housse-boite-a-mouchoirs-patron-pdf\/","title":{"rendered":"Patron PDF &#8211; Housse granny pour bo\u00eete \u00e0 mouchoirs rectangulaire"},"content":{"rendered":"<h4><strong>Niveau de difficult\u00e9 <\/strong><\/h4>\n<p>D\u00e9butant sachant travailler les points de base au crochet (cercle magique, bride, maille serr\u00e9e, maille coul\u00e9e)<\/p>\n<h4><strong>Caract\u00e9ristiques du tutoriel crochet<\/strong><\/h4>\n<h4>Fournitures n\u00e9cessaires<\/h4>\n<ul>\n<li>Bo\u00eete \u00e0 mouchoirs rectangulaire 23 x 11 x 6,5 cm (mod\u00e8le standard, ex. Lidl). <strong data-start=\"237\" data-end=\"248\">\u00c0 noter <\/strong>: certaines marques proposent des bo\u00eetes l\u00e9g\u00e8rement plus hautes (jusqu\u2019\u00e0 8,5 cm). Pour adapter la housse, il suffit de r\u00e9p\u00e9ter le dernier tour du bas, comme indiqu\u00e9 dans le tutoriel.<\/li>\n<li>Crochet 3 mm<\/li>\n<li>Fils de coton en 5 coloris (j\u2019ai utilis\u00e9 le fil DMC happy cotton, mais vous pouvez utilisez d\u2019autres marques de coton qui se croch\u00e8te en 3 telles que Catona Scheepjes, Phil coton 3, Ricorumi)<\/li>\n<\/ul>\n<h4>Ce que contient le patron PDF<\/h4>\n<ul>\n<li>13 pages d\u2019instructions \u00e9crites d\u00e9taill\u00e9es<\/li>\n<li>2 diagrammes pour vous aider \u00e0 visualiser chaque \u00e9tape du processus<\/li>\n<li>40 photos des \u00e9tapes du projet<\/li>\n<li>Une le\u00e7on sp\u00e9ciale pour apprendre \u00e0 faire la bride debout (plus jolie que les 3 ml du d\u00e9but)<\/li>\n<li>Un projet <strong data-start=\"1323\" data-end=\"1339\">sans couture<\/strong> : z\u00e9ro couture, z\u00e9ro tracas !<\/li>\n<\/ul>\n<p><strong>Langues disponibles<\/strong> patron PDF : Fran\u00e7ais, Anglais et Espagnol<\/p>\n<p>Votre patron PDF est disponible en t\u00e9l\u00e9chargement imm\u00e9diat apr\u00e8s paiement.<\/p>\n<p><strong data-start=\"2228\" data-end=\"2259\">\u2757Usage strictement personnel<\/strong><br \/>\nCe patron est destin\u00e9 \u00e0 un usage personnel uniquement.<br data-start=\"354\" data-end=\"357\" \/>La vente des objets r\u00e9alis\u00e9s \u00e0 partir de ce mod\u00e8le <strong>n\u2019est pas autoris\u00e9e<\/strong> avec ce patron.<br \/>\nPour toute utilisation professionnelle ou commerciale, y compris vente occasionnelle ou ateliers, merci de me contacter. Des licences adapt\u00e9es sont propos\u00e9es.<\/p>\n<h4>Points importants<\/h4>\n<ul>\n<li>Cet achat est un fichier num\u00e9rique pour vous permettre de crocheter cette housse de boite \u00e0 mouchoirs au crochet. Il ne s\u2019agit pas du produit fini.<\/li>\n<li>Le patron est r\u00e9serv\u00e9 \u00e0 un usage <strong>strictement personnel<\/strong>. La <strong data-start=\"1676\" data-end=\"1745\">vente des cr\u00e9ations r\u00e9alis\u00e9es \u00e0 partir de ce mod\u00e8le est interdite<\/strong>.<\/li>\n<li>Cet article num\u00e9rique est <strong>non remboursable et non \u00e9changeable<\/strong>.<\/li>\n<\/ul>\n<p>\u2753Si vous avez des questions, avant ou apr\u00e8s votre commande, contactez moi !<\/p>\n<p>Pr\u00eate \u00e0 vous lancer ? T\u00e9l\u00e9chargez ce patron PDF d\u00e8s maintenant !<\/p>\n","protected":false},"excerpt":{"rendered":"<p data-start=\"305\" data-end=\"592\"><strong data-start=\"305\" data-end=\"360\">E<\/strong><strong data-start=\"477\" data-end=\"532\">nvie d\u2019ajouter une touche de granny \u00e0 votre d\u00e9co ?<\/strong><br data-start=\"532\" data-end=\"535\" \/>Avec ce tutoriel crochet, r\u00e9alisez une housse rectangulaire pour bo\u00eete \u00e0 mouchoirs, pratique et pleine de charme.<\/p>\n<p data-start=\"652\" data-end=\"788\">Ce patron PDF de 13 pages comprend des explications d\u00e9taill\u00e9es, une quarantaine de photos, et 2 diagrammes pour vous guider pas \u00e0 pas.<\/p>\n<p data-start=\"790\" data-end=\"862\">Un projet rapide, sans couture, id\u00e9al pour utiliser vos fins de pelotes.<\/p>\n<p>\ud83d\udce5 T\u00e9l\u00e9chargement instantan\u00e9<br data-start=\"892\" data-end=\"895\" \/>\ud83c\udf0d Langues : fran\u00e7ais, anglais et espagnol<br data-start=\"937\" data-end=\"940\" \/>\ud83d\udd0e Plus de d\u00e9tails dans l\u2019onglet Description<\/p>\n<p>&nbsp;<\/p>\n","protected":false},"featured_media":8185,"comment_status":"open","ping_status":"closed","template":"","meta":[],"product_brand":[],"product_cat":[288,260,292,293,62],"product_tag":[271,270],"class_list":{"0":"post-6223","1":"product","2":"type-product","3":"status-publish","4":"has-post-thumbnail","6":"product_cat-deco-au-crochet","7":"product_cat-english-patterns","8":"product_cat-granny-square","9":"product_cat-tous-les-patrons-crochet-pdf","10":"product_cat-modeles-de-crochet","11":"product_tag-deco","12":"product_tag-granny","14":"first","15":"instock","16":"featured","17":"downloadable","18":"virtual","19":"sold-individually","20":"purchasable","21":"product-type-simple"},"yoast_head":"<!-- This site is optimized with the Yoast SEO plugin v27.3 - https:\/\/yoast.com\/product\/yoast-seo-wordpress\/ -->\n<title>Patron PDF - Housse granny pour bo\u00eete \u00e0 mouchoirs rectangulaire - Zess Crochet<\/title>\n<meta name=\"description\" content=\"Cr\u00e9ez une housse granny en granny pour bo\u00eete \u00e0 mouchoirs avec ce tutoriel crochet d\u00e9taill\u00e9. T\u00e9l\u00e9chargez le tutoriel d\u00e9taill\u00e9 avec photos et diagrammes.\" \/>\n<meta name=\"robots\" content=\"index, follow, max-snippet:-1, max-image-preview:large, max-video-preview:-1\" \/>\n<link rel=\"canonical\" href=\"https:\/\/zess.fr\/shop\/product\/tutoriel-au-crochet-housse-boite-a-mouchoirs-patron-pdf\/\" \/>\n<meta property=\"og:locale\" content=\"fr_FR\" \/>\n<meta property=\"og:type\" content=\"article\" \/>\n<meta property=\"og:title\" content=\"Patron PDF - Housse granny pour bo\u00eete \u00e0 mouchoirs rectangulaire - Zess Crochet\" \/>\n<meta property=\"og:description\" content=\"Cr\u00e9ez une housse granny en granny pour bo\u00eete \u00e0 mouchoirs avec ce tutoriel crochet d\u00e9taill\u00e9. T\u00e9l\u00e9chargez le tutoriel d\u00e9taill\u00e9 avec photos et diagrammes.\" \/>\n<meta property=\"og:url\" content=\"https:\/\/zess.fr\/shop\/product\/tutoriel-au-crochet-housse-boite-a-mouchoirs-patron-pdf\/\" \/>\n<meta property=\"og:site_name\" content=\"Zess Crochet\" \/>\n<meta property=\"article:modified_time\" content=\"2026-03-19T07:59:04+00:00\" \/>\n<meta property=\"og:image\" content=\"https:\/\/zess.fr\/shop\/wp-content\/uploads\/2024\/10\/tutoriel-au-crochet-housse-boite-a-mouchoirs-patron-pdf.jpg\" \/>\n\t<meta property=\"og:image:width\" content=\"1080\" \/>\n\t<meta property=\"og:image:height\" content=\"1350\" \/>\n\t<meta property=\"og:image:type\" content=\"image\/jpeg\" \/>\n<meta name=\"twitter:card\" content=\"summary_large_image\" \/>\n<meta name=\"twitter:label1\" content=\"Dur\u00e9e de lecture estim\u00e9e\" \/>\n\t<meta name=\"twitter:data1\" content=\"2 minutes\" \/>\n<script type=\"application\/ld+json\" class=\"yoast-schema-graph\">{\"@context\":\"https:\\\/\\\/schema.org\",\"@graph\":[{\"@type\":\"WebPage\",\"@id\":\"https:\\\/\\\/zess.fr\\\/shop\\\/product\\\/tutoriel-au-crochet-housse-boite-a-mouchoirs-patron-pdf\\\/\",\"url\":\"https:\\\/\\\/zess.fr\\\/shop\\\/product\\\/tutoriel-au-crochet-housse-boite-a-mouchoirs-patron-pdf\\\/\",\"name\":\"Patron PDF - Housse granny pour bo\u00eete \u00e0 mouchoirs rectangulaire - Zess Crochet\",\"isPartOf\":{\"@id\":\"https:\\\/\\\/zess.fr\\\/shop\\\/#website\"},\"primaryImageOfPage\":{\"@id\":\"https:\\\/\\\/zess.fr\\\/shop\\\/product\\\/tutoriel-au-crochet-housse-boite-a-mouchoirs-patron-pdf\\\/#primaryimage\"},\"image\":{\"@id\":\"https:\\\/\\\/zess.fr\\\/shop\\\/product\\\/tutoriel-au-crochet-housse-boite-a-mouchoirs-patron-pdf\\\/#primaryimage\"},\"thumbnailUrl\":\"https:\\\/\\\/zess.fr\\\/shop\\\/wp-content\\\/uploads\\\/2024\\\/10\\\/tutoriel-au-crochet-housse-boite-a-mouchoirs-patron-pdf.jpg\",\"datePublished\":\"2024-10-19T09:59:32+00:00\",\"dateModified\":\"2026-03-19T07:59:04+00:00\",\"description\":\"Cr\u00e9ez une housse granny en granny pour bo\u00eete \u00e0 mouchoirs avec ce tutoriel crochet d\u00e9taill\u00e9. T\u00e9l\u00e9chargez le tutoriel d\u00e9taill\u00e9 avec photos et diagrammes.\",\"breadcrumb\":{\"@id\":\"https:\\\/\\\/zess.fr\\\/shop\\\/product\\\/tutoriel-au-crochet-housse-boite-a-mouchoirs-patron-pdf\\\/#breadcrumb\"},\"inLanguage\":\"fr-FR\",\"potentialAction\":[{\"@type\":\"ReadAction\",\"target\":[\"https:\\\/\\\/zess.fr\\\/shop\\\/product\\\/tutoriel-au-crochet-housse-boite-a-mouchoirs-patron-pdf\\\/\"]}]},{\"@type\":\"ImageObject\",\"inLanguage\":\"fr-FR\",\"@id\":\"https:\\\/\\\/zess.fr\\\/shop\\\/product\\\/tutoriel-au-crochet-housse-boite-a-mouchoirs-patron-pdf\\\/#primaryimage\",\"url\":\"https:\\\/\\\/zess.fr\\\/shop\\\/wp-content\\\/uploads\\\/2024\\\/10\\\/tutoriel-au-crochet-housse-boite-a-mouchoirs-patron-pdf.jpg\",\"contentUrl\":\"https:\\\/\\\/zess.fr\\\/shop\\\/wp-content\\\/uploads\\\/2024\\\/10\\\/tutoriel-au-crochet-housse-boite-a-mouchoirs-patron-pdf.jpg\",\"width\":1080,\"height\":1350,\"caption\":\"Tutoriel crochet housse granny boite mouchoirs\"},{\"@type\":\"BreadcrumbList\",\"@id\":\"https:\\\/\\\/zess.fr\\\/shop\\\/product\\\/tutoriel-au-crochet-housse-boite-a-mouchoirs-patron-pdf\\\/#breadcrumb\",\"itemListElement\":[{\"@type\":\"ListItem\",\"position\":1,\"name\":\"Zess Crochet Boutique &#8211; Tutoriels et kit crochet\",\"item\":\"https:\\\/\\\/zess.fr\\\/shop\\\/acceuil-2\\\/\"},{\"@type\":\"ListItem\",\"position\":2,\"name\":\"Tutoriels crochet\",\"item\":\"https:\\\/\\\/zess.fr\\\/shop\\\/product-category\\\/modeles-de-crochet\\\/\"},{\"@type\":\"ListItem\",\"position\":3,\"name\":\"Patron PDF &#8211; Housse granny pour bo\u00eete \u00e0 mouchoirs rectangulaire\"}]},{\"@type\":\"WebSite\",\"@id\":\"https:\\\/\\\/zess.fr\\\/shop\\\/#website\",\"url\":\"https:\\\/\\\/zess.fr\\\/shop\\\/\",\"name\":\"Zess Crochet - Tutoriels au crochet amigurumi, poup\u00e9es et accessoires - patron num\u00e9rique PDF - livres de crochet\",\"description\":\"Tutoriels et kits crochet amigurumi et d\u00e9co\",\"potentialAction\":[{\"@type\":\"SearchAction\",\"target\":{\"@type\":\"EntryPoint\",\"urlTemplate\":\"https:\\\/\\\/zess.fr\\\/shop\\\/?s={search_term_string}\"},\"query-input\":{\"@type\":\"PropertyValueSpecification\",\"valueRequired\":true,\"valueName\":\"search_term_string\"}}],\"inLanguage\":\"fr-FR\"}]}<\/script>\n<!-- \/ Yoast SEO plugin. -->","yoast_head_json":{"title":"Patron PDF - Housse granny pour bo\u00eete \u00e0 mouchoirs rectangulaire - Zess Crochet","description":"Cr\u00e9ez une housse granny en granny pour bo\u00eete \u00e0 mouchoirs avec ce tutoriel crochet d\u00e9taill\u00e9. T\u00e9l\u00e9chargez le tutoriel d\u00e9taill\u00e9 avec photos et diagrammes.","robots":{"index":"index","follow":"follow","max-snippet":"max-snippet:-1","max-image-preview":"max-image-preview:large","max-video-preview":"max-video-preview:-1"},"canonical":"https:\/\/zess.fr\/shop\/product\/tutoriel-au-crochet-housse-boite-a-mouchoirs-patron-pdf\/","og_locale":"fr_FR","og_type":"article","og_title":"Patron PDF - Housse granny pour bo\u00eete \u00e0 mouchoirs rectangulaire - Zess Crochet","og_description":"Cr\u00e9ez une housse granny en granny pour bo\u00eete \u00e0 mouchoirs avec ce tutoriel crochet d\u00e9taill\u00e9. T\u00e9l\u00e9chargez le tutoriel d\u00e9taill\u00e9 avec photos et diagrammes.","og_url":"https:\/\/zess.fr\/shop\/product\/tutoriel-au-crochet-housse-boite-a-mouchoirs-patron-pdf\/","og_site_name":"Zess Crochet","article_modified_time":"2026-03-19T07:59:04+00:00","og_image":[{"width":1080,"height":1350,"url":"https:\/\/zess.fr\/shop\/wp-content\/uploads\/2024\/10\/tutoriel-au-crochet-housse-boite-a-mouchoirs-patron-pdf.jpg","type":"image\/jpeg"}],"twitter_card":"summary_large_image","twitter_misc":{"Dur\u00e9e de lecture estim\u00e9e":"2 minutes"},"schema":{"@context":"https:\/\/schema.org","@graph":[{"@type":"WebPage","@id":"https:\/\/zess.fr\/shop\/product\/tutoriel-au-crochet-housse-boite-a-mouchoirs-patron-pdf\/","url":"https:\/\/zess.fr\/shop\/product\/tutoriel-au-crochet-housse-boite-a-mouchoirs-patron-pdf\/","name":"Patron PDF - Housse granny pour bo\u00eete \u00e0 mouchoirs rectangulaire - Zess Crochet","isPartOf":{"@id":"https:\/\/zess.fr\/shop\/#website"},"primaryImageOfPage":{"@id":"https:\/\/zess.fr\/shop\/product\/tutoriel-au-crochet-housse-boite-a-mouchoirs-patron-pdf\/#primaryimage"},"image":{"@id":"https:\/\/zess.fr\/shop\/product\/tutoriel-au-crochet-housse-boite-a-mouchoirs-patron-pdf\/#primaryimage"},"thumbnailUrl":"https:\/\/zess.fr\/shop\/wp-content\/uploads\/2024\/10\/tutoriel-au-crochet-housse-boite-a-mouchoirs-patron-pdf.jpg","datePublished":"2024-10-19T09:59:32+00:00","dateModified":"2026-03-19T07:59:04+00:00","description":"Cr\u00e9ez une housse granny en granny pour bo\u00eete \u00e0 mouchoirs avec ce tutoriel crochet d\u00e9taill\u00e9. T\u00e9l\u00e9chargez le tutoriel d\u00e9taill\u00e9 avec photos et diagrammes.","breadcrumb":{"@id":"https:\/\/zess.fr\/shop\/product\/tutoriel-au-crochet-housse-boite-a-mouchoirs-patron-pdf\/#breadcrumb"},"inLanguage":"fr-FR","potentialAction":[{"@type":"ReadAction","target":["https:\/\/zess.fr\/shop\/product\/tutoriel-au-crochet-housse-boite-a-mouchoirs-patron-pdf\/"]}]},{"@type":"ImageObject","inLanguage":"fr-FR","@id":"https:\/\/zess.fr\/shop\/product\/tutoriel-au-crochet-housse-boite-a-mouchoirs-patron-pdf\/#primaryimage","url":"https:\/\/zess.fr\/shop\/wp-content\/uploads\/2024\/10\/tutoriel-au-crochet-housse-boite-a-mouchoirs-patron-pdf.jpg","contentUrl":"https:\/\/zess.fr\/shop\/wp-content\/uploads\/2024\/10\/tutoriel-au-crochet-housse-boite-a-mouchoirs-patron-pdf.jpg","width":1080,"height":1350,"caption":"Tutoriel crochet housse granny boite mouchoirs"},{"@type":"BreadcrumbList","@id":"https:\/\/zess.fr\/shop\/product\/tutoriel-au-crochet-housse-boite-a-mouchoirs-patron-pdf\/#breadcrumb","itemListElement":[{"@type":"ListItem","position":1,"name":"Zess Crochet Boutique &#8211; Tutoriels et kit crochet","item":"https:\/\/zess.fr\/shop\/acceuil-2\/"},{"@type":"ListItem","position":2,"name":"Tutoriels crochet","item":"https:\/\/zess.fr\/shop\/product-category\/modeles-de-crochet\/"},{"@type":"ListItem","position":3,"name":"Patron PDF &#8211; Housse granny pour bo\u00eete \u00e0 mouchoirs rectangulaire"}]},{"@type":"WebSite","@id":"https:\/\/zess.fr\/shop\/#website","url":"https:\/\/zess.fr\/shop\/","name":"Zess Crochet - Tutoriels au crochet amigurumi, poup\u00e9es et accessoires - patron num\u00e9rique PDF - livres de crochet","description":"Tutoriels et kits crochet amigurumi et d\u00e9co","potentialAction":[{"@type":"SearchAction","target":{"@type":"EntryPoint","urlTemplate":"https:\/\/zess.fr\/shop\/?s={search_term_string}"},"query-input":{"@type":"PropertyValueSpecification","valueRequired":true,"valueName":"search_term_string"}}],"inLanguage":"fr-FR"}]}},"_links":{"self":[{"href":"https:\/\/zess.fr\/shop\/wp-json\/wp\/v2\/product\/6223","targetHints":{"allow":["GET"]}}],"collection":[{"href":"https:\/\/zess.fr\/shop\/wp-json\/wp\/v2\/product"}],"about":[{"href":"https:\/\/zess.fr\/shop\/wp-json\/wp\/v2\/types\/product"}],"replies":[{"embeddable":true,"href":"https:\/\/zess.fr\/shop\/wp-json\/wp\/v2\/comments?post=6223"}],"version-history":[{"count":9,"href":"https:\/\/zess.fr\/shop\/wp-json\/wp\/v2\/product\/6223\/revisions"}],"predecessor-version":[{"id":9647,"href":"https:\/\/zess.fr\/shop\/wp-json\/wp\/v2\/product\/6223\/revisions\/9647"}],"wp:featuredmedia":[{"embeddable":true,"href":"https:\/\/zess.fr\/shop\/wp-json\/wp\/v2\/media\/8185"}],"wp:attachment":[{"href":"https:\/\/zess.fr\/shop\/wp-json\/wp\/v2\/media?parent=6223"}],"wp:term":[{"taxonomy":"product_brand","embeddable":true,"href":"https:\/\/zess.fr\/shop\/wp-json\/wp\/v2\/product_brand?post=6223"},{"taxonomy":"product_cat","embeddable":true,"href":"https:\/\/zess.fr\/shop\/wp-json\/wp\/v2\/product_cat?post=6223"},{"taxonomy":"product_tag","embeddable":true,"href":"https:\/\/zess.fr\/shop\/wp-json\/wp\/v2\/product_tag?post=6223"}],"curies":[{"name":"wp","href":"https:\/\/api.w.org\/{rel}","templated":true}]}}