{"id":6206,"date":"2024-10-15T10:57:32","date_gmt":"2024-10-15T08:57:32","guid":{"rendered":"https:\/\/zess.fr\/shop\/?post_type=product&#038;p=6206"},"modified":"2025-08-26T12:56:50","modified_gmt":"2025-08-26T10:56:50","slug":"poupees-amigurumis-de-noel-nordique","status":"publish","type":"product","link":"https:\/\/zess.fr\/shop\/product\/poupees-amigurumis-de-noel-nordique\/","title":{"rendered":"Poup\u00e9es &#038; amigurumis de No\u00ebl nordique au crochet"},"content":{"rendered":"","protected":false},"excerpt":{"rendered":"<p>Ouvrage collectif r\u00e9unissant 15 ambiances festives avec une trentaine de mod\u00e8les in\u00e9dits et craquants (personnages et accessoires), tous venus du froid<\/p>\n<p>Langue : fran\u00e7ais<\/p>\n<p>Pages : 135.<\/p>\n","protected":false},"featured_media":6207,"comment_status":"closed","ping_status":"closed","template":"","meta":[],"product_brand":[],"product_cat":[63],"product_tag":[272],"class_list":{"0":"post-6206","1":"product","2":"type-product","3":"status-publish","4":"has-post-thumbnail","6":"product_cat-livre-de-crochet","7":"product_tag-livre","9":"first","10":"instock","11":"sold-individually","12":"shipping-taxable","13":"product-type-external"},"yoast_head":"<!-- This site is optimized with the Yoast SEO plugin v27.3 - https:\/\/yoast.com\/product\/yoast-seo-wordpress\/ -->\n<title>Poup\u00e9es &amp; amigurumis de No\u00ebl nordique au crochet - Zess Crochet<\/title>\n<meta name=\"robots\" content=\"index, follow, max-snippet:-1, max-image-preview:large, max-video-preview:-1\" \/>\n<link rel=\"canonical\" href=\"https:\/\/zess.fr\/shop\/product\/poupees-amigurumis-de-noel-nordique\/\" \/>\n<meta property=\"og:locale\" content=\"fr_FR\" \/>\n<meta property=\"og:type\" content=\"article\" \/>\n<meta property=\"og:title\" content=\"Poup\u00e9es &amp; amigurumis de No\u00ebl nordique au crochet - Zess Crochet\" \/>\n<meta property=\"og:description\" content=\"Ouvrage collectif r\u00e9unissant 15 ambiances festives avec une trentaine de mod\u00e8les in\u00e9dits et craquants (personnages et accessoires), tous venus du froid  Langue : fran\u00e7ais  Pages : 135.\" \/>\n<meta property=\"og:url\" content=\"https:\/\/zess.fr\/shop\/product\/poupees-amigurumis-de-noel-nordique\/\" \/>\n<meta property=\"og:site_name\" content=\"Zess Crochet\" \/>\n<meta property=\"article:modified_time\" content=\"2025-08-26T10:56:50+00:00\" \/>\n<meta property=\"og:image\" content=\"https:\/\/zess.fr\/shop\/wp-content\/uploads\/2024\/10\/IMG_1892.jpg\" \/>\n\t<meta property=\"og:image:width\" content=\"998\" \/>\n\t<meta property=\"og:image:height\" content=\"1246\" \/>\n\t<meta property=\"og:image:type\" content=\"image\/jpeg\" \/>\n<meta name=\"twitter:card\" content=\"summary_large_image\" \/>\n<meta name=\"twitter:label1\" content=\"Dur\u00e9e de lecture estim\u00e9e\" \/>\n\t<meta name=\"twitter:data1\" content=\"1 minute\" \/>\n<script type=\"application\/ld+json\" class=\"yoast-schema-graph\">{\"@context\":\"https:\\\/\\\/schema.org\",\"@graph\":[{\"@type\":\"WebPage\",\"@id\":\"https:\\\/\\\/zess.fr\\\/shop\\\/product\\\/poupees-amigurumis-de-noel-nordique\\\/\",\"url\":\"https:\\\/\\\/zess.fr\\\/shop\\\/product\\\/poupees-amigurumis-de-noel-nordique\\\/\",\"name\":\"Poup\u00e9es & amigurumis de No\u00ebl nordique au crochet - Zess Crochet\",\"isPartOf\":{\"@id\":\"https:\\\/\\\/zess.fr\\\/shop\\\/#website\"},\"primaryImageOfPage\":{\"@id\":\"https:\\\/\\\/zess.fr\\\/shop\\\/product\\\/poupees-amigurumis-de-noel-nordique\\\/#primaryimage\"},\"image\":{\"@id\":\"https:\\\/\\\/zess.fr\\\/shop\\\/product\\\/poupees-amigurumis-de-noel-nordique\\\/#primaryimage\"},\"thumbnailUrl\":\"https:\\\/\\\/zess.fr\\\/shop\\\/wp-content\\\/uploads\\\/2024\\\/10\\\/IMG_1892.jpg\",\"datePublished\":\"2024-10-15T08:57:32+00:00\",\"dateModified\":\"2025-08-26T10:56:50+00:00\",\"breadcrumb\":{\"@id\":\"https:\\\/\\\/zess.fr\\\/shop\\\/product\\\/poupees-amigurumis-de-noel-nordique\\\/#breadcrumb\"},\"inLanguage\":\"fr-FR\",\"potentialAction\":[{\"@type\":\"ReadAction\",\"target\":[\"https:\\\/\\\/zess.fr\\\/shop\\\/product\\\/poupees-amigurumis-de-noel-nordique\\\/\"]}]},{\"@type\":\"ImageObject\",\"inLanguage\":\"fr-FR\",\"@id\":\"https:\\\/\\\/zess.fr\\\/shop\\\/product\\\/poupees-amigurumis-de-noel-nordique\\\/#primaryimage\",\"url\":\"https:\\\/\\\/zess.fr\\\/shop\\\/wp-content\\\/uploads\\\/2024\\\/10\\\/IMG_1892.jpg\",\"contentUrl\":\"https:\\\/\\\/zess.fr\\\/shop\\\/wp-content\\\/uploads\\\/2024\\\/10\\\/IMG_1892.jpg\",\"width\":998,\"height\":1246,\"caption\":\"Poup\u00e9es & amigurumis de No\u00ebl nordique au crochet\"},{\"@type\":\"BreadcrumbList\",\"@id\":\"https:\\\/\\\/zess.fr\\\/shop\\\/product\\\/poupees-amigurumis-de-noel-nordique\\\/#breadcrumb\",\"itemListElement\":[{\"@type\":\"ListItem\",\"position\":1,\"name\":\"Zess Crochet Boutique &#8211; Tutoriels et kit crochet\",\"item\":\"https:\\\/\\\/zess.fr\\\/shop\\\/acceuil-2\\\/\"},{\"@type\":\"ListItem\",\"position\":2,\"name\":\"Livres de crochet &amp; coffret crochet collab\",\"item\":\"https:\\\/\\\/zess.fr\\\/shop\\\/product-category\\\/livre-de-crochet\\\/\"},{\"@type\":\"ListItem\",\"position\":3,\"name\":\"Poup\u00e9es &#038; amigurumis de No\u00ebl nordique au crochet\"}]},{\"@type\":\"WebSite\",\"@id\":\"https:\\\/\\\/zess.fr\\\/shop\\\/#website\",\"url\":\"https:\\\/\\\/zess.fr\\\/shop\\\/\",\"name\":\"Zess Crochet - Tutoriels au crochet amigurumi, poup\u00e9es et accessoires - patron num\u00e9rique PDF - livres de crochet\",\"description\":\"Tutoriels et kits crochet amigurumi et d\u00e9co\",\"potentialAction\":[{\"@type\":\"SearchAction\",\"target\":{\"@type\":\"EntryPoint\",\"urlTemplate\":\"https:\\\/\\\/zess.fr\\\/shop\\\/?s={search_term_string}\"},\"query-input\":{\"@type\":\"PropertyValueSpecification\",\"valueRequired\":true,\"valueName\":\"search_term_string\"}}],\"inLanguage\":\"fr-FR\"}]}<\/script>\n<!-- \/ Yoast SEO plugin. -->","yoast_head_json":{"title":"Poup\u00e9es & amigurumis de No\u00ebl nordique au crochet - Zess Crochet","robots":{"index":"index","follow":"follow","max-snippet":"max-snippet:-1","max-image-preview":"max-image-preview:large","max-video-preview":"max-video-preview:-1"},"canonical":"https:\/\/zess.fr\/shop\/product\/poupees-amigurumis-de-noel-nordique\/","og_locale":"fr_FR","og_type":"article","og_title":"Poup\u00e9es & amigurumis de No\u00ebl nordique au crochet - Zess Crochet","og_description":"Ouvrage collectif r\u00e9unissant 15 ambiances festives avec une trentaine de mod\u00e8les in\u00e9dits et craquants (personnages et accessoires), tous venus du froid  Langue : fran\u00e7ais  Pages : 135.","og_url":"https:\/\/zess.fr\/shop\/product\/poupees-amigurumis-de-noel-nordique\/","og_site_name":"Zess Crochet","article_modified_time":"2025-08-26T10:56:50+00:00","og_image":[{"width":998,"height":1246,"url":"https:\/\/zess.fr\/shop\/wp-content\/uploads\/2024\/10\/IMG_1892.jpg","type":"image\/jpeg"}],"twitter_card":"summary_large_image","twitter_misc":{"Dur\u00e9e de lecture estim\u00e9e":"1 minute"},"schema":{"@context":"https:\/\/schema.org","@graph":[{"@type":"WebPage","@id":"https:\/\/zess.fr\/shop\/product\/poupees-amigurumis-de-noel-nordique\/","url":"https:\/\/zess.fr\/shop\/product\/poupees-amigurumis-de-noel-nordique\/","name":"Poup\u00e9es & amigurumis de No\u00ebl nordique au crochet - Zess Crochet","isPartOf":{"@id":"https:\/\/zess.fr\/shop\/#website"},"primaryImageOfPage":{"@id":"https:\/\/zess.fr\/shop\/product\/poupees-amigurumis-de-noel-nordique\/#primaryimage"},"image":{"@id":"https:\/\/zess.fr\/shop\/product\/poupees-amigurumis-de-noel-nordique\/#primaryimage"},"thumbnailUrl":"https:\/\/zess.fr\/shop\/wp-content\/uploads\/2024\/10\/IMG_1892.jpg","datePublished":"2024-10-15T08:57:32+00:00","dateModified":"2025-08-26T10:56:50+00:00","breadcrumb":{"@id":"https:\/\/zess.fr\/shop\/product\/poupees-amigurumis-de-noel-nordique\/#breadcrumb"},"inLanguage":"fr-FR","potentialAction":[{"@type":"ReadAction","target":["https:\/\/zess.fr\/shop\/product\/poupees-amigurumis-de-noel-nordique\/"]}]},{"@type":"ImageObject","inLanguage":"fr-FR","@id":"https:\/\/zess.fr\/shop\/product\/poupees-amigurumis-de-noel-nordique\/#primaryimage","url":"https:\/\/zess.fr\/shop\/wp-content\/uploads\/2024\/10\/IMG_1892.jpg","contentUrl":"https:\/\/zess.fr\/shop\/wp-content\/uploads\/2024\/10\/IMG_1892.jpg","width":998,"height":1246,"caption":"Poup\u00e9es & amigurumis de No\u00ebl nordique au crochet"},{"@type":"BreadcrumbList","@id":"https:\/\/zess.fr\/shop\/product\/poupees-amigurumis-de-noel-nordique\/#breadcrumb","itemListElement":[{"@type":"ListItem","position":1,"name":"Zess Crochet Boutique &#8211; Tutoriels et kit crochet","item":"https:\/\/zess.fr\/shop\/acceuil-2\/"},{"@type":"ListItem","position":2,"name":"Livres de crochet &amp; coffret crochet collab","item":"https:\/\/zess.fr\/shop\/product-category\/livre-de-crochet\/"},{"@type":"ListItem","position":3,"name":"Poup\u00e9es &#038; amigurumis de No\u00ebl nordique au crochet"}]},{"@type":"WebSite","@id":"https:\/\/zess.fr\/shop\/#website","url":"https:\/\/zess.fr\/shop\/","name":"Zess Crochet - Tutoriels au crochet amigurumi, poup\u00e9es et accessoires - patron num\u00e9rique PDF - livres de crochet","description":"Tutoriels et kits crochet amigurumi et d\u00e9co","potentialAction":[{"@type":"SearchAction","target":{"@type":"EntryPoint","urlTemplate":"https:\/\/zess.fr\/shop\/?s={search_term_string}"},"query-input":{"@type":"PropertyValueSpecification","valueRequired":true,"valueName":"search_term_string"}}],"inLanguage":"fr-FR"}]}},"_links":{"self":[{"href":"https:\/\/zess.fr\/shop\/wp-json\/wp\/v2\/product\/6206","targetHints":{"allow":["GET"]}}],"collection":[{"href":"https:\/\/zess.fr\/shop\/wp-json\/wp\/v2\/product"}],"about":[{"href":"https:\/\/zess.fr\/shop\/wp-json\/wp\/v2\/types\/product"}],"replies":[{"embeddable":true,"href":"https:\/\/zess.fr\/shop\/wp-json\/wp\/v2\/comments?post=6206"}],"version-history":[{"count":1,"href":"https:\/\/zess.fr\/shop\/wp-json\/wp\/v2\/product\/6206\/revisions"}],"predecessor-version":[{"id":8549,"href":"https:\/\/zess.fr\/shop\/wp-json\/wp\/v2\/product\/6206\/revisions\/8549"}],"wp:featuredmedia":[{"embeddable":true,"href":"https:\/\/zess.fr\/shop\/wp-json\/wp\/v2\/media\/6207"}],"wp:attachment":[{"href":"https:\/\/zess.fr\/shop\/wp-json\/wp\/v2\/media?parent=6206"}],"wp:term":[{"taxonomy":"product_brand","embeddable":true,"href":"https:\/\/zess.fr\/shop\/wp-json\/wp\/v2\/product_brand?post=6206"},{"taxonomy":"product_cat","embeddable":true,"href":"https:\/\/zess.fr\/shop\/wp-json\/wp\/v2\/product_cat?post=6206"},{"taxonomy":"product_tag","embeddable":true,"href":"https:\/\/zess.fr\/shop\/wp-json\/wp\/v2\/product_tag?post=6206"}],"curies":[{"name":"wp","href":"https:\/\/api.w.org\/{rel}","templated":true}]}}