{"id":6074,"date":"2024-07-30T20:13:16","date_gmt":"2024-07-30T18:13:16","guid":{"rendered":"https:\/\/zess.fr\/shop\/?post_type=product&#038;p=6074"},"modified":"2026-01-14T19:09:52","modified_gmt":"2026-01-14T18:09:52","slug":"tutoriel-crochet-gratuit-chapeau-pointu-de-fete-patron-pdf","status":"publish","type":"product","link":"https:\/\/zess.fr\/shop\/product\/tutoriel-crochet-gratuit-chapeau-pointu-de-fete-patron-pdf\/","title":{"rendered":"Tutoriel crochet GRATUIT chapeau pointu de f\u00eate &#8211; patron PDF"},"content":{"rendered":"<p><strong>Niveau de difficult\u00e9 :<\/strong> facile<\/p>\n<p><strong>Caract\u00e9ristiques du tutoriel :<\/strong><\/p>\n<ul>\n<li>Liste des fournitures n\u00e9cessaires<\/li>\n<li>Instructions \u00e9crites d\u00e9taill\u00e9es<\/li>\n<\/ul>\n<p><b>Langue<\/b> : Fran\u00e7ais \ud83c\uddeb\ud83c\uddf7<\/p>\n<p>Pour t\u00e9l\u00e9charger le patron de crochet gratuitement, suivez simplement le processus de commande comme si vous achetiez le produit. Si vous souhaitez \u00e9galement acheter d\u2019autres tutoriels payants, vous pouvez les ajouter \u00e0 votre panier. Une fois que vous avez termin\u00e9, vous pourrez t\u00e9l\u00e9charger le tutoriel crochet du chapeau pointu gratuitement en finalisant votre commande. C\u2019est aussi simple que \u00e7a !<\/p>\n<p><strong data-start=\"2228\" data-end=\"2259\">\u2757Usage strictement personnel<\/strong><br \/>\nCe patron est destin\u00e9 \u00e0 un usage personnel uniquement.<br data-start=\"354\" data-end=\"357\" \/>La vente des objets r\u00e9alis\u00e9s \u00e0 partir de ce mod\u00e8le <strong>n\u2019est pas autoris\u00e9e<\/strong> avec ce patron.<br \/>\nPour toute utilisation professionnelle ou commerciale, y compris vente occasionnelle ou ateliers, merci de me contacter. Des licences adapt\u00e9es sont propos\u00e9es.<\/p>\n","protected":false},"excerpt":{"rendered":"<p>Ce tutoriel au crochet est gratuit.<\/p>\n<p>Laissez vous guider pas \u00e0 pas pour cr\u00e9er ce chapeau pointu de f\u00eate.<\/p>\n<p>Ce chapeau festif est adaptable \u00e0 toutes les tailles, que ce soit pour des poup\u00e9es, des enfants ou m\u00eame nos animaux de compagnie !<\/p>\n<p>+ de caract\u00e9ristiques du tutoriel plus bas dans l\u2019onglet description.<\/p>\n<p>T\u00e9l\u00e9chargement instantan\u00e9.<\/p>\n<p>Langue : fran\u00e7ais<\/p>\n","protected":false},"featured_media":6075,"comment_status":"open","ping_status":"closed","template":"","meta":[],"product_brand":[],"product_cat":[261,269,62],"product_tag":[273],"class_list":{"0":"post-6074","1":"product","2":"type-product","3":"status-publish","4":"has-post-thumbnail","6":"product_cat-patrons-gratuits","7":"product_cat-patrons-gratuits-modeles-de-crochet","8":"product_cat-modeles-de-crochet","9":"product_tag-gratuit","11":"first","12":"instock","13":"downloadable","14":"virtual","15":"sold-individually","16":"purchasable","17":"product-type-simple"},"yoast_head":"<!-- This site is optimized with the Yoast SEO plugin v27.3 - https:\/\/yoast.com\/product\/yoast-seo-wordpress\/ -->\n<title>Tutoriel crochet GRATUIT chapeau pointu de f\u00eate - patron PDF - Zess Crochet<\/title>\n<meta name=\"robots\" content=\"index, follow, max-snippet:-1, max-image-preview:large, max-video-preview:-1\" \/>\n<link rel=\"canonical\" href=\"https:\/\/zess.fr\/shop\/product\/tutoriel-crochet-gratuit-chapeau-pointu-de-fete-patron-pdf\/\" \/>\n<meta property=\"og:locale\" content=\"fr_FR\" \/>\n<meta property=\"og:type\" content=\"article\" \/>\n<meta property=\"og:title\" content=\"Tutoriel crochet GRATUIT chapeau pointu de f\u00eate - patron PDF - Zess Crochet\" \/>\n<meta property=\"og:description\" content=\"Ce tutoriel au crochet est gratuit.  Laissez vous guider pas \u00e0 pas pour cr\u00e9er ce chapeau pointu de f\u00eate.  Ce chapeau festif est adaptable \u00e0 toutes les tailles, que ce soit pour des poup\u00e9es, des enfants ou m\u00eame nos animaux de compagnie !  + de caract\u00e9ristiques du tutoriel plus bas dans l\u2019onglet description.  T\u00e9l\u00e9chargement instantan\u00e9.  Langue : fran\u00e7ais\" \/>\n<meta property=\"og:url\" content=\"https:\/\/zess.fr\/shop\/product\/tutoriel-crochet-gratuit-chapeau-pointu-de-fete-patron-pdf\/\" \/>\n<meta property=\"og:site_name\" content=\"Zess Crochet\" \/>\n<meta property=\"article:modified_time\" content=\"2026-01-14T18:09:52+00:00\" \/>\n<meta property=\"og:image\" content=\"https:\/\/zess.fr\/shop\/wp-content\/uploads\/2024\/07\/IMG_1662.jpeg\" \/>\n\t<meta property=\"og:image:width\" content=\"1080\" \/>\n\t<meta property=\"og:image:height\" content=\"1350\" \/>\n\t<meta property=\"og:image:type\" content=\"image\/jpeg\" \/>\n<meta name=\"twitter:card\" content=\"summary_large_image\" \/>\n<meta name=\"twitter:label1\" content=\"Dur\u00e9e de lecture estim\u00e9e\" \/>\n\t<meta name=\"twitter:data1\" content=\"1 minute\" \/>\n<script type=\"application\/ld+json\" class=\"yoast-schema-graph\">{\"@context\":\"https:\\\/\\\/schema.org\",\"@graph\":[{\"@type\":\"WebPage\",\"@id\":\"https:\\\/\\\/zess.fr\\\/shop\\\/product\\\/tutoriel-crochet-gratuit-chapeau-pointu-de-fete-patron-pdf\\\/\",\"url\":\"https:\\\/\\\/zess.fr\\\/shop\\\/product\\\/tutoriel-crochet-gratuit-chapeau-pointu-de-fete-patron-pdf\\\/\",\"name\":\"Tutoriel crochet GRATUIT chapeau pointu de f\u00eate - patron PDF - Zess Crochet\",\"isPartOf\":{\"@id\":\"https:\\\/\\\/zess.fr\\\/shop\\\/#website\"},\"primaryImageOfPage\":{\"@id\":\"https:\\\/\\\/zess.fr\\\/shop\\\/product\\\/tutoriel-crochet-gratuit-chapeau-pointu-de-fete-patron-pdf\\\/#primaryimage\"},\"image\":{\"@id\":\"https:\\\/\\\/zess.fr\\\/shop\\\/product\\\/tutoriel-crochet-gratuit-chapeau-pointu-de-fete-patron-pdf\\\/#primaryimage\"},\"thumbnailUrl\":\"https:\\\/\\\/zess.fr\\\/shop\\\/wp-content\\\/uploads\\\/2024\\\/07\\\/IMG_1662.jpeg\",\"datePublished\":\"2024-07-30T18:13:16+00:00\",\"dateModified\":\"2026-01-14T18:09:52+00:00\",\"breadcrumb\":{\"@id\":\"https:\\\/\\\/zess.fr\\\/shop\\\/product\\\/tutoriel-crochet-gratuit-chapeau-pointu-de-fete-patron-pdf\\\/#breadcrumb\"},\"inLanguage\":\"fr-FR\",\"potentialAction\":[{\"@type\":\"ReadAction\",\"target\":[\"https:\\\/\\\/zess.fr\\\/shop\\\/product\\\/tutoriel-crochet-gratuit-chapeau-pointu-de-fete-patron-pdf\\\/\"]}]},{\"@type\":\"ImageObject\",\"inLanguage\":\"fr-FR\",\"@id\":\"https:\\\/\\\/zess.fr\\\/shop\\\/product\\\/tutoriel-crochet-gratuit-chapeau-pointu-de-fete-patron-pdf\\\/#primaryimage\",\"url\":\"https:\\\/\\\/zess.fr\\\/shop\\\/wp-content\\\/uploads\\\/2024\\\/07\\\/IMG_1662.jpeg\",\"contentUrl\":\"https:\\\/\\\/zess.fr\\\/shop\\\/wp-content\\\/uploads\\\/2024\\\/07\\\/IMG_1662.jpeg\",\"width\":1080,\"height\":1350,\"caption\":\"Tutoriel crochet gratuit patron pdf hameau pointu anniversaire\"},{\"@type\":\"BreadcrumbList\",\"@id\":\"https:\\\/\\\/zess.fr\\\/shop\\\/product\\\/tutoriel-crochet-gratuit-chapeau-pointu-de-fete-patron-pdf\\\/#breadcrumb\",\"itemListElement\":[{\"@type\":\"ListItem\",\"position\":1,\"name\":\"Zess Crochet Boutique &#8211; Tutoriels et kit crochet\",\"item\":\"https:\\\/\\\/zess.fr\\\/shop\\\/acceuil-2\\\/\"},{\"@type\":\"ListItem\",\"position\":2,\"name\":\"Tutoriels crochet\",\"item\":\"https:\\\/\\\/zess.fr\\\/shop\\\/product-category\\\/modeles-de-crochet\\\/\"},{\"@type\":\"ListItem\",\"position\":3,\"name\":\"Tutoriel crochet GRATUIT chapeau pointu de f\u00eate &#8211; patron PDF\"}]},{\"@type\":\"WebSite\",\"@id\":\"https:\\\/\\\/zess.fr\\\/shop\\\/#website\",\"url\":\"https:\\\/\\\/zess.fr\\\/shop\\\/\",\"name\":\"Zess Crochet - Tutoriels au crochet amigurumi, poup\u00e9es et accessoires - patron num\u00e9rique PDF - livres de crochet\",\"description\":\"Tutoriels et kits crochet amigurumi et d\u00e9co\",\"potentialAction\":[{\"@type\":\"SearchAction\",\"target\":{\"@type\":\"EntryPoint\",\"urlTemplate\":\"https:\\\/\\\/zess.fr\\\/shop\\\/?s={search_term_string}\"},\"query-input\":{\"@type\":\"PropertyValueSpecification\",\"valueRequired\":true,\"valueName\":\"search_term_string\"}}],\"inLanguage\":\"fr-FR\"}]}<\/script>\n<!-- \/ Yoast SEO plugin. -->","yoast_head_json":{"title":"Tutoriel crochet GRATUIT chapeau pointu de f\u00eate - patron PDF - Zess Crochet","robots":{"index":"index","follow":"follow","max-snippet":"max-snippet:-1","max-image-preview":"max-image-preview:large","max-video-preview":"max-video-preview:-1"},"canonical":"https:\/\/zess.fr\/shop\/product\/tutoriel-crochet-gratuit-chapeau-pointu-de-fete-patron-pdf\/","og_locale":"fr_FR","og_type":"article","og_title":"Tutoriel crochet GRATUIT chapeau pointu de f\u00eate - patron PDF - Zess Crochet","og_description":"Ce tutoriel au crochet est gratuit.  Laissez vous guider pas \u00e0 pas pour cr\u00e9er ce chapeau pointu de f\u00eate.  Ce chapeau festif est adaptable \u00e0 toutes les tailles, que ce soit pour des poup\u00e9es, des enfants ou m\u00eame nos animaux de compagnie !  + de caract\u00e9ristiques du tutoriel plus bas dans l\u2019onglet description.  T\u00e9l\u00e9chargement instantan\u00e9.  Langue : fran\u00e7ais","og_url":"https:\/\/zess.fr\/shop\/product\/tutoriel-crochet-gratuit-chapeau-pointu-de-fete-patron-pdf\/","og_site_name":"Zess Crochet","article_modified_time":"2026-01-14T18:09:52+00:00","og_image":[{"width":1080,"height":1350,"url":"https:\/\/zess.fr\/shop\/wp-content\/uploads\/2024\/07\/IMG_1662.jpeg","type":"image\/jpeg"}],"twitter_card":"summary_large_image","twitter_misc":{"Dur\u00e9e de lecture estim\u00e9e":"1 minute"},"schema":{"@context":"https:\/\/schema.org","@graph":[{"@type":"WebPage","@id":"https:\/\/zess.fr\/shop\/product\/tutoriel-crochet-gratuit-chapeau-pointu-de-fete-patron-pdf\/","url":"https:\/\/zess.fr\/shop\/product\/tutoriel-crochet-gratuit-chapeau-pointu-de-fete-patron-pdf\/","name":"Tutoriel crochet GRATUIT chapeau pointu de f\u00eate - patron PDF - Zess Crochet","isPartOf":{"@id":"https:\/\/zess.fr\/shop\/#website"},"primaryImageOfPage":{"@id":"https:\/\/zess.fr\/shop\/product\/tutoriel-crochet-gratuit-chapeau-pointu-de-fete-patron-pdf\/#primaryimage"},"image":{"@id":"https:\/\/zess.fr\/shop\/product\/tutoriel-crochet-gratuit-chapeau-pointu-de-fete-patron-pdf\/#primaryimage"},"thumbnailUrl":"https:\/\/zess.fr\/shop\/wp-content\/uploads\/2024\/07\/IMG_1662.jpeg","datePublished":"2024-07-30T18:13:16+00:00","dateModified":"2026-01-14T18:09:52+00:00","breadcrumb":{"@id":"https:\/\/zess.fr\/shop\/product\/tutoriel-crochet-gratuit-chapeau-pointu-de-fete-patron-pdf\/#breadcrumb"},"inLanguage":"fr-FR","potentialAction":[{"@type":"ReadAction","target":["https:\/\/zess.fr\/shop\/product\/tutoriel-crochet-gratuit-chapeau-pointu-de-fete-patron-pdf\/"]}]},{"@type":"ImageObject","inLanguage":"fr-FR","@id":"https:\/\/zess.fr\/shop\/product\/tutoriel-crochet-gratuit-chapeau-pointu-de-fete-patron-pdf\/#primaryimage","url":"https:\/\/zess.fr\/shop\/wp-content\/uploads\/2024\/07\/IMG_1662.jpeg","contentUrl":"https:\/\/zess.fr\/shop\/wp-content\/uploads\/2024\/07\/IMG_1662.jpeg","width":1080,"height":1350,"caption":"Tutoriel crochet gratuit patron pdf hameau pointu anniversaire"},{"@type":"BreadcrumbList","@id":"https:\/\/zess.fr\/shop\/product\/tutoriel-crochet-gratuit-chapeau-pointu-de-fete-patron-pdf\/#breadcrumb","itemListElement":[{"@type":"ListItem","position":1,"name":"Zess Crochet Boutique &#8211; Tutoriels et kit crochet","item":"https:\/\/zess.fr\/shop\/acceuil-2\/"},{"@type":"ListItem","position":2,"name":"Tutoriels crochet","item":"https:\/\/zess.fr\/shop\/product-category\/modeles-de-crochet\/"},{"@type":"ListItem","position":3,"name":"Tutoriel crochet GRATUIT chapeau pointu de f\u00eate &#8211; patron PDF"}]},{"@type":"WebSite","@id":"https:\/\/zess.fr\/shop\/#website","url":"https:\/\/zess.fr\/shop\/","name":"Zess Crochet - Tutoriels au crochet amigurumi, poup\u00e9es et accessoires - patron num\u00e9rique PDF - livres de crochet","description":"Tutoriels et kits crochet amigurumi et d\u00e9co","potentialAction":[{"@type":"SearchAction","target":{"@type":"EntryPoint","urlTemplate":"https:\/\/zess.fr\/shop\/?s={search_term_string}"},"query-input":{"@type":"PropertyValueSpecification","valueRequired":true,"valueName":"search_term_string"}}],"inLanguage":"fr-FR"}]}},"_links":{"self":[{"href":"https:\/\/zess.fr\/shop\/wp-json\/wp\/v2\/product\/6074","targetHints":{"allow":["GET"]}}],"collection":[{"href":"https:\/\/zess.fr\/shop\/wp-json\/wp\/v2\/product"}],"about":[{"href":"https:\/\/zess.fr\/shop\/wp-json\/wp\/v2\/types\/product"}],"replies":[{"embeddable":true,"href":"https:\/\/zess.fr\/shop\/wp-json\/wp\/v2\/comments?post=6074"}],"version-history":[{"count":1,"href":"https:\/\/zess.fr\/shop\/wp-json\/wp\/v2\/product\/6074\/revisions"}],"predecessor-version":[{"id":9648,"href":"https:\/\/zess.fr\/shop\/wp-json\/wp\/v2\/product\/6074\/revisions\/9648"}],"wp:featuredmedia":[{"embeddable":true,"href":"https:\/\/zess.fr\/shop\/wp-json\/wp\/v2\/media\/6075"}],"wp:attachment":[{"href":"https:\/\/zess.fr\/shop\/wp-json\/wp\/v2\/media?parent=6074"}],"wp:term":[{"taxonomy":"product_brand","embeddable":true,"href":"https:\/\/zess.fr\/shop\/wp-json\/wp\/v2\/product_brand?post=6074"},{"taxonomy":"product_cat","embeddable":true,"href":"https:\/\/zess.fr\/shop\/wp-json\/wp\/v2\/product_cat?post=6074"},{"taxonomy":"product_tag","embeddable":true,"href":"https:\/\/zess.fr\/shop\/wp-json\/wp\/v2\/product_tag?post=6074"}],"curies":[{"name":"wp","href":"https:\/\/api.w.org\/{rel}","templated":true}]}}