{"id":5911,"date":"2024-06-17T15:04:30","date_gmt":"2024-06-17T13:04:30","guid":{"rendered":"https:\/\/zess.fr\/shop\/?post_type=product&#038;p=5911"},"modified":"2026-01-14T19:10:10","modified_gmt":"2026-01-14T18:10:10","slug":"tutoriel-au-crochet-etui-a-lunettes-patron-pdf","status":"publish","type":"product","link":"https:\/\/zess.fr\/shop\/product\/tutoriel-au-crochet-etui-a-lunettes-patron-pdf\/","title":{"rendered":"Tutoriel crochet PDF &#8211; \u00c9tui \u00e0 lunettes au point granny avec doublure tissu"},"content":{"rendered":"<p>Ce tutoriel crochet PDF vous guide pas \u00e0 pas pour r\u00e9aliser un \u00e9tui \u00e0 lunettes au point granny, avec 9 pages d\u2019explications illustr\u00e9es (23 photos, 3 diagrammes) et une option de doublure tissu pour une jolie finition.<br \/>\n<strong>Niveau de difficult\u00e9 :<\/strong> d\u00e9butant sachant travailler les points de base (chainette, bride, maille serr\u00e9e, maille coul\u00e9e)<\/p>\n<h4><strong data-start=\"639\" data-end=\"680\">Ce que vous allez apprendre et d\u00e9couvrir dans ce patron<\/strong>\u00a0:<\/h4>\n<ul>\n<li>D\u00e9couvrir le point granny, un classique facile et graphique<\/li>\n<li>Crocheter en ovale autour d&rsquo;une chainette<\/li>\n<li data-start=\"603\" data-end=\"648\">Doubler l&rsquo;\u00e9tui en tissu (facultatif), m\u00eame sans exp\u00e9rience en couture<\/li>\n<li>Crocheter la pochette en une seule pi\u00e8ce, sans couture \u00e0 assembler<\/li>\n<li data-start=\"603\" data-end=\"648\">Apprendre \u00e0 crocheter la bride debout pour remplacer les 3 mailles en l&rsquo;air du d\u00e9but<\/li>\n<\/ul>\n<h4>Ce que contient le patron PDF<\/h4>\n<ul>\n<li>9 pages d&rsquo;explications claires et d\u00e9taill\u00e9es<\/li>\n<li>23 photos pour vous guider \u00e0 chaque \u00e9tape<\/li>\n<li>3 diagrammes pour visualiser les points facilement<\/li>\n<li>Une liste des fournitures<\/li>\n<li>Un pas \u00e0 pas illustr\u00e9 pour doubler l\u2019\u00e9tui en tissu<\/li>\n<li>Une le\u00e7on pour maitriser la bride debout<\/li>\n<\/ul>\n<h4>Infos pratiques<\/h4>\n<p data-start=\"2159\" data-end=\"2182\"><strong data-start=\"2159\" data-end=\"2169\">Langues<\/strong>\u00a0: Fran\u00e7ais, Anglais (terminologies US) et Espagnol<\/p>\n<p data-start=\"2185\" data-end=\"2225\">T\u00e9l\u00e9chargement imm\u00e9diat apr\u00e8s paiement.<\/p>\n<p data-start=\"2228\" data-end=\"2626\"><strong data-start=\"2228\" data-end=\"2259\">\u2757Usage strictement personnel<\/strong><br \/>\nCe patron est destin\u00e9 \u00e0 un usage personnel uniquement.<br data-start=\"354\" data-end=\"357\" \/>La vente des objets r\u00e9alis\u00e9s \u00e0 partir de ce mod\u00e8le <strong>n\u2019est pas autoris\u00e9e<\/strong> avec ce patron.<br \/>\nPour toute utilisation professionnelle ou commerciale, y compris vente occasionnelle ou ateliers, merci de me contacter. Des licences adapt\u00e9es sont propos\u00e9es.<\/p>\n<h4>Points importants<\/h4>\n<ul>\n<li>Cet achat est un fichier num\u00e9rique pour vous permettre de crocheter cette pochette \u00e9tui \u00e0 lunettes au crochet. Il ne s\u2019agit pas du produit fini.<\/li>\n<li>Cet article num\u00e9rique est\u00a0<strong>non remboursable et non \u00e9changeable<\/strong>.<\/li>\n<\/ul>\n<p><img decoding=\"async\" class=\"emoji\" role=\"img\" src=\"https:\/\/s.w.org\/images\/core\/emoji\/16.0.1\/svg\/2753.svg\" alt=\"\u2753\" \/>Si vous avez des questions, avant ou apr\u00e8s votre commande, contactez moi !<\/p>\n","protected":false},"excerpt":{"rendered":"<p>Crochetez un \u00e9tui \u00e0 lunettes au point granny avec ce tutoriel PDF de 9 pages, guid\u00e9 pas \u00e0 pas avec 23 photos et 3 diagrammes. Et pour une jolie finition, un pas \u00e0 pas en photos vous explique aussi comment ajouter une doublure tissu. Un projet malin, parfait pour utiliser vos restes de pelotes.<\/p>\n<p>\ud83d\udce5 T\u00e9l\u00e9chargement instantan\u00e9<br \/>\n\ud83c\udf0d Langues : fran\u00e7ais, anglais et espagnol<br \/>\n\ud83d\udd0e Plus de d\u00e9tails dans l\u2019onglet Description<\/p>\n","protected":false},"featured_media":8334,"comment_status":"open","ping_status":"closed","template":"","meta":[],"product_brand":[],"product_cat":[260,292,289,293,62],"product_tag":[276,270],"class_list":{"0":"post-5911","1":"product","2":"type-product","3":"status-publish","4":"has-post-thumbnail","6":"product_cat-english-patterns","7":"product_cat-granny-square","8":"product_cat-accessoires-pochons-crochet","9":"product_cat-tous-les-patrons-crochet-pdf","10":"product_cat-modeles-de-crochet","11":"product_tag-accessoire","12":"product_tag-granny","14":"first","15":"instock","16":"featured","17":"downloadable","18":"virtual","19":"sold-individually","20":"purchasable","21":"product-type-simple"},"yoast_head":"<!-- This site is optimized with the Yoast SEO plugin v27.3 - https:\/\/yoast.com\/product\/yoast-seo-wordpress\/ -->\n<title>Tutoriel crochet PDF - \u00c9tui \u00e0 lunettes au point granny avec doublure tissu - Zess Crochet<\/title>\n<meta name=\"description\" content=\"Tutoriel crochet PDF pour r\u00e9aliser un \u00e9tui \u00e0 lunettes au point granny, avec option doublure tissu. Parfait pour d\u00e9butant et restes de pelotes !\" \/>\n<meta name=\"robots\" content=\"index, follow, max-snippet:-1, max-image-preview:large, max-video-preview:-1\" \/>\n<link rel=\"canonical\" href=\"https:\/\/zess.fr\/shop\/product\/tutoriel-au-crochet-etui-a-lunettes-patron-pdf\/\" \/>\n<meta property=\"og:locale\" content=\"fr_FR\" \/>\n<meta property=\"og:type\" content=\"article\" \/>\n<meta property=\"og:title\" content=\"Tutoriel crochet PDF - \u00c9tui \u00e0 lunettes au point granny avec doublure tissu - Zess Crochet\" \/>\n<meta property=\"og:description\" content=\"Tutoriel crochet PDF pour r\u00e9aliser un \u00e9tui \u00e0 lunettes au point granny, avec option doublure tissu. Parfait pour d\u00e9butant et restes de pelotes !\" \/>\n<meta property=\"og:url\" content=\"https:\/\/zess.fr\/shop\/product\/tutoriel-au-crochet-etui-a-lunettes-patron-pdf\/\" \/>\n<meta property=\"og:site_name\" content=\"Zess Crochet\" \/>\n<meta property=\"article:modified_time\" content=\"2026-01-14T18:10:10+00:00\" \/>\n<meta property=\"og:image\" content=\"https:\/\/zess.fr\/shop\/wp-content\/uploads\/2024\/06\/tutoriel-crochet-etui-a-lunettes-granny-facile.jpg\" \/>\n\t<meta property=\"og:image:width\" content=\"1080\" \/>\n\t<meta property=\"og:image:height\" content=\"1350\" \/>\n\t<meta property=\"og:image:type\" content=\"image\/jpeg\" \/>\n<meta name=\"twitter:card\" content=\"summary_large_image\" \/>\n<meta name=\"twitter:label1\" content=\"Dur\u00e9e de lecture estim\u00e9e\" \/>\n\t<meta name=\"twitter:data1\" content=\"3 minutes\" \/>\n<script type=\"application\/ld+json\" class=\"yoast-schema-graph\">{\"@context\":\"https:\\\/\\\/schema.org\",\"@graph\":[{\"@type\":\"WebPage\",\"@id\":\"https:\\\/\\\/zess.fr\\\/shop\\\/product\\\/tutoriel-au-crochet-etui-a-lunettes-patron-pdf\\\/\",\"url\":\"https:\\\/\\\/zess.fr\\\/shop\\\/product\\\/tutoriel-au-crochet-etui-a-lunettes-patron-pdf\\\/\",\"name\":\"Tutoriel crochet PDF - \u00c9tui \u00e0 lunettes au point granny avec doublure tissu - Zess Crochet\",\"isPartOf\":{\"@id\":\"https:\\\/\\\/zess.fr\\\/shop\\\/#website\"},\"primaryImageOfPage\":{\"@id\":\"https:\\\/\\\/zess.fr\\\/shop\\\/product\\\/tutoriel-au-crochet-etui-a-lunettes-patron-pdf\\\/#primaryimage\"},\"image\":{\"@id\":\"https:\\\/\\\/zess.fr\\\/shop\\\/product\\\/tutoriel-au-crochet-etui-a-lunettes-patron-pdf\\\/#primaryimage\"},\"thumbnailUrl\":\"https:\\\/\\\/zess.fr\\\/shop\\\/wp-content\\\/uploads\\\/2024\\\/06\\\/tutoriel-crochet-etui-a-lunettes-granny-facile.jpg\",\"datePublished\":\"2024-06-17T13:04:30+00:00\",\"dateModified\":\"2026-01-14T18:10:10+00:00\",\"description\":\"Tutoriel crochet PDF pour r\u00e9aliser un \u00e9tui \u00e0 lunettes au point granny, avec option doublure tissu. Parfait pour d\u00e9butant et restes de pelotes !\",\"breadcrumb\":{\"@id\":\"https:\\\/\\\/zess.fr\\\/shop\\\/product\\\/tutoriel-au-crochet-etui-a-lunettes-patron-pdf\\\/#breadcrumb\"},\"inLanguage\":\"fr-FR\",\"potentialAction\":[{\"@type\":\"ReadAction\",\"target\":[\"https:\\\/\\\/zess.fr\\\/shop\\\/product\\\/tutoriel-au-crochet-etui-a-lunettes-patron-pdf\\\/\"]}]},{\"@type\":\"ImageObject\",\"inLanguage\":\"fr-FR\",\"@id\":\"https:\\\/\\\/zess.fr\\\/shop\\\/product\\\/tutoriel-au-crochet-etui-a-lunettes-patron-pdf\\\/#primaryimage\",\"url\":\"https:\\\/\\\/zess.fr\\\/shop\\\/wp-content\\\/uploads\\\/2024\\\/06\\\/tutoriel-crochet-etui-a-lunettes-granny-facile.jpg\",\"contentUrl\":\"https:\\\/\\\/zess.fr\\\/shop\\\/wp-content\\\/uploads\\\/2024\\\/06\\\/tutoriel-crochet-etui-a-lunettes-granny-facile.jpg\",\"width\":1080,\"height\":1350,\"caption\":\"tutoriel crochet etui \u00e0 lunettes granny facile\"},{\"@type\":\"BreadcrumbList\",\"@id\":\"https:\\\/\\\/zess.fr\\\/shop\\\/product\\\/tutoriel-au-crochet-etui-a-lunettes-patron-pdf\\\/#breadcrumb\",\"itemListElement\":[{\"@type\":\"ListItem\",\"position\":1,\"name\":\"Zess Crochet Boutique &#8211; Tutoriels et kit crochet\",\"item\":\"https:\\\/\\\/zess.fr\\\/shop\\\/acceuil-2\\\/\"},{\"@type\":\"ListItem\",\"position\":2,\"name\":\"Tutoriels crochet\",\"item\":\"https:\\\/\\\/zess.fr\\\/shop\\\/product-category\\\/modeles-de-crochet\\\/\"},{\"@type\":\"ListItem\",\"position\":3,\"name\":\"Tutoriel crochet PDF &#8211; \u00c9tui \u00e0 lunettes au point granny avec doublure tissu\"}]},{\"@type\":\"WebSite\",\"@id\":\"https:\\\/\\\/zess.fr\\\/shop\\\/#website\",\"url\":\"https:\\\/\\\/zess.fr\\\/shop\\\/\",\"name\":\"Zess Crochet - Tutoriels au crochet amigurumi, poup\u00e9es et accessoires - patron num\u00e9rique PDF - livres de crochet\",\"description\":\"Tutoriels et kits crochet amigurumi et d\u00e9co\",\"potentialAction\":[{\"@type\":\"SearchAction\",\"target\":{\"@type\":\"EntryPoint\",\"urlTemplate\":\"https:\\\/\\\/zess.fr\\\/shop\\\/?s={search_term_string}\"},\"query-input\":{\"@type\":\"PropertyValueSpecification\",\"valueRequired\":true,\"valueName\":\"search_term_string\"}}],\"inLanguage\":\"fr-FR\"}]}<\/script>\n<!-- \/ Yoast SEO plugin. -->","yoast_head_json":{"title":"Tutoriel crochet PDF - \u00c9tui \u00e0 lunettes au point granny avec doublure tissu - Zess Crochet","description":"Tutoriel crochet PDF pour r\u00e9aliser un \u00e9tui \u00e0 lunettes au point granny, avec option doublure tissu. Parfait pour d\u00e9butant et restes de pelotes !","robots":{"index":"index","follow":"follow","max-snippet":"max-snippet:-1","max-image-preview":"max-image-preview:large","max-video-preview":"max-video-preview:-1"},"canonical":"https:\/\/zess.fr\/shop\/product\/tutoriel-au-crochet-etui-a-lunettes-patron-pdf\/","og_locale":"fr_FR","og_type":"article","og_title":"Tutoriel crochet PDF - \u00c9tui \u00e0 lunettes au point granny avec doublure tissu - Zess Crochet","og_description":"Tutoriel crochet PDF pour r\u00e9aliser un \u00e9tui \u00e0 lunettes au point granny, avec option doublure tissu. Parfait pour d\u00e9butant et restes de pelotes !","og_url":"https:\/\/zess.fr\/shop\/product\/tutoriel-au-crochet-etui-a-lunettes-patron-pdf\/","og_site_name":"Zess Crochet","article_modified_time":"2026-01-14T18:10:10+00:00","og_image":[{"width":1080,"height":1350,"url":"https:\/\/zess.fr\/shop\/wp-content\/uploads\/2024\/06\/tutoriel-crochet-etui-a-lunettes-granny-facile.jpg","type":"image\/jpeg"}],"twitter_card":"summary_large_image","twitter_misc":{"Dur\u00e9e de lecture estim\u00e9e":"3 minutes"},"schema":{"@context":"https:\/\/schema.org","@graph":[{"@type":"WebPage","@id":"https:\/\/zess.fr\/shop\/product\/tutoriel-au-crochet-etui-a-lunettes-patron-pdf\/","url":"https:\/\/zess.fr\/shop\/product\/tutoriel-au-crochet-etui-a-lunettes-patron-pdf\/","name":"Tutoriel crochet PDF - \u00c9tui \u00e0 lunettes au point granny avec doublure tissu - Zess Crochet","isPartOf":{"@id":"https:\/\/zess.fr\/shop\/#website"},"primaryImageOfPage":{"@id":"https:\/\/zess.fr\/shop\/product\/tutoriel-au-crochet-etui-a-lunettes-patron-pdf\/#primaryimage"},"image":{"@id":"https:\/\/zess.fr\/shop\/product\/tutoriel-au-crochet-etui-a-lunettes-patron-pdf\/#primaryimage"},"thumbnailUrl":"https:\/\/zess.fr\/shop\/wp-content\/uploads\/2024\/06\/tutoriel-crochet-etui-a-lunettes-granny-facile.jpg","datePublished":"2024-06-17T13:04:30+00:00","dateModified":"2026-01-14T18:10:10+00:00","description":"Tutoriel crochet PDF pour r\u00e9aliser un \u00e9tui \u00e0 lunettes au point granny, avec option doublure tissu. Parfait pour d\u00e9butant et restes de pelotes !","breadcrumb":{"@id":"https:\/\/zess.fr\/shop\/product\/tutoriel-au-crochet-etui-a-lunettes-patron-pdf\/#breadcrumb"},"inLanguage":"fr-FR","potentialAction":[{"@type":"ReadAction","target":["https:\/\/zess.fr\/shop\/product\/tutoriel-au-crochet-etui-a-lunettes-patron-pdf\/"]}]},{"@type":"ImageObject","inLanguage":"fr-FR","@id":"https:\/\/zess.fr\/shop\/product\/tutoriel-au-crochet-etui-a-lunettes-patron-pdf\/#primaryimage","url":"https:\/\/zess.fr\/shop\/wp-content\/uploads\/2024\/06\/tutoriel-crochet-etui-a-lunettes-granny-facile.jpg","contentUrl":"https:\/\/zess.fr\/shop\/wp-content\/uploads\/2024\/06\/tutoriel-crochet-etui-a-lunettes-granny-facile.jpg","width":1080,"height":1350,"caption":"tutoriel crochet etui \u00e0 lunettes granny facile"},{"@type":"BreadcrumbList","@id":"https:\/\/zess.fr\/shop\/product\/tutoriel-au-crochet-etui-a-lunettes-patron-pdf\/#breadcrumb","itemListElement":[{"@type":"ListItem","position":1,"name":"Zess Crochet Boutique &#8211; Tutoriels et kit crochet","item":"https:\/\/zess.fr\/shop\/acceuil-2\/"},{"@type":"ListItem","position":2,"name":"Tutoriels crochet","item":"https:\/\/zess.fr\/shop\/product-category\/modeles-de-crochet\/"},{"@type":"ListItem","position":3,"name":"Tutoriel crochet PDF &#8211; \u00c9tui \u00e0 lunettes au point granny avec doublure tissu"}]},{"@type":"WebSite","@id":"https:\/\/zess.fr\/shop\/#website","url":"https:\/\/zess.fr\/shop\/","name":"Zess Crochet - Tutoriels au crochet amigurumi, poup\u00e9es et accessoires - patron num\u00e9rique PDF - livres de crochet","description":"Tutoriels et kits crochet amigurumi et d\u00e9co","potentialAction":[{"@type":"SearchAction","target":{"@type":"EntryPoint","urlTemplate":"https:\/\/zess.fr\/shop\/?s={search_term_string}"},"query-input":{"@type":"PropertyValueSpecification","valueRequired":true,"valueName":"search_term_string"}}],"inLanguage":"fr-FR"}]}},"_links":{"self":[{"href":"https:\/\/zess.fr\/shop\/wp-json\/wp\/v2\/product\/5911","targetHints":{"allow":["GET"]}}],"collection":[{"href":"https:\/\/zess.fr\/shop\/wp-json\/wp\/v2\/product"}],"about":[{"href":"https:\/\/zess.fr\/shop\/wp-json\/wp\/v2\/types\/product"}],"replies":[{"embeddable":true,"href":"https:\/\/zess.fr\/shop\/wp-json\/wp\/v2\/comments?post=5911"}],"version-history":[{"count":15,"href":"https:\/\/zess.fr\/shop\/wp-json\/wp\/v2\/product\/5911\/revisions"}],"predecessor-version":[{"id":9649,"href":"https:\/\/zess.fr\/shop\/wp-json\/wp\/v2\/product\/5911\/revisions\/9649"}],"wp:featuredmedia":[{"embeddable":true,"href":"https:\/\/zess.fr\/shop\/wp-json\/wp\/v2\/media\/8334"}],"wp:attachment":[{"href":"https:\/\/zess.fr\/shop\/wp-json\/wp\/v2\/media?parent=5911"}],"wp:term":[{"taxonomy":"product_brand","embeddable":true,"href":"https:\/\/zess.fr\/shop\/wp-json\/wp\/v2\/product_brand?post=5911"},{"taxonomy":"product_cat","embeddable":true,"href":"https:\/\/zess.fr\/shop\/wp-json\/wp\/v2\/product_cat?post=5911"},{"taxonomy":"product_tag","embeddable":true,"href":"https:\/\/zess.fr\/shop\/wp-json\/wp\/v2\/product_tag?post=5911"}],"curies":[{"name":"wp","href":"https:\/\/api.w.org\/{rel}","templated":true}]}}