{"id":5867,"date":"2024-06-04T14:51:01","date_gmt":"2024-06-04T12:51:01","guid":{"rendered":"https:\/\/zess.fr\/shop\/?post_type=product&#038;p=5867"},"modified":"2026-01-14T19:10:47","modified_gmt":"2026-01-14T18:10:47","slug":"tutoriel-guirlande-de-fleurs","status":"publish","type":"product","link":"https:\/\/zess.fr\/shop\/product\/tutoriel-guirlande-de-fleurs\/","title":{"rendered":"Patron crochet PDF guirlande de fleurs"},"content":{"rendered":"<p><strong>Niveau de difficult\u00e9 :<\/strong> d\u00e9butant\u00a0sachant travailler les points de base (bride, maille serr\u00e9e, cercle magique, maille coul\u00e9e)<\/p>\n<p><strong>Caract\u00e9ristiques du patron crochet PDF :<\/strong><\/p>\n<ul>\n<li>Liste des fournitures n\u00e9cessaires<\/li>\n<li>7 pages d\u2019instructions \u00e9crites d\u00e9taill\u00e9es<\/li>\n<li>1 diagramme de la fleur pour vous aider \u00e0 visualiser chaque \u00e9tape du processus<\/li>\n<li>Photos pas \u00e0 pas des \u00e9tapes du projet<\/li>\n<li>Une le\u00e7on pour apprendre \u00e0 faire une double bride<\/li>\n<li>Z\u00e9ro couture \u00e0 l\u2019aiguille : on n\u2019utilise que son crochet !<\/li>\n<\/ul>\n<p><strong>Langues disponibles<\/strong> : Fran\u00e7ais et Anglais<\/p>\n<p>Votre patron PDF est disponible en t\u00e9l\u00e9chargement imm\u00e9diat apr\u00e8s paiement.<\/p>\n<p><strong data-start=\"2228\" data-end=\"2259\">\u2757Usage strictement personnel<\/strong><br \/>\nCe patron est destin\u00e9 \u00e0 un usage personnel uniquement.<br data-start=\"354\" data-end=\"357\" \/>La vente des objets r\u00e9alis\u00e9s \u00e0 partir de ce mod\u00e8le <strong>n\u2019est pas autoris\u00e9e<\/strong> avec ce patron.<br \/>\nPour toute utilisation professionnelle ou commerciale, y compris vente occasionnelle ou ateliers, merci de me contacter. Des licences adapt\u00e9es sont propos\u00e9es.<\/p>\n<h4>Points importants<\/h4>\n<ul>\n<li>Cet achat est un fichier num\u00e9rique pour vous permettre de crocheter cette housse de boite \u00e0 mouchoirs au crochet. Il ne s\u2019agit pas du produit fini.<\/li>\n<li>Cet article num\u00e9rique est <strong>non remboursable et non \u00e9changeable<\/strong>.<\/li>\n<\/ul>\n<p>\u2753Si vous avez des questions, avant ou apr\u00e8s votre commande, contactez moi !<\/p>\n<p>Pr\u00eate \u00e0 vous lancer ? T\u00e9l\u00e9chargez ce patron PDF d\u00e8s maintenant !<\/p>\n","protected":false},"excerpt":{"rendered":"<p>Cette guirlande au crochet est le projet parfait pour les d\u00e9butants en crochet. Elle est compos\u00e9e de marguerites un brin seventies \u273f Pour une chambre d&rsquo;enfant, une f\u00eate ou simplement pour ajouter une touche de douceur \u00e0 votre int\u00e9rieur, cette guirlande sera un ajout charmant \u00e0 votre d\u00e9coration.<\/p>\n<p><img decoding=\"async\" class=\"emoji\" role=\"img\" draggable=\"false\" src=\"https:\/\/s.w.org\/images\/core\/emoji\/16.0.1\/svg\/1f4e5.svg\" alt=\"\ud83d\udce5\" \/>\u00a0T\u00e9l\u00e9chargement instantan\u00e9<br data-start=\"892\" data-end=\"895\" \/><img decoding=\"async\" class=\"emoji\" role=\"img\" draggable=\"false\" src=\"https:\/\/s.w.org\/images\/core\/emoji\/16.0.1\/svg\/1f30d.svg\" alt=\"\ud83c\udf0d\" \/> Langue : Fran\u00e7ais et Anglais<br data-start=\"937\" data-end=\"940\" \/><img decoding=\"async\" class=\"emoji\" role=\"img\" draggable=\"false\" src=\"https:\/\/s.w.org\/images\/core\/emoji\/16.0.1\/svg\/1f50e.svg\" alt=\"\ud83d\udd0e\" \/>\u00a0Plus de d\u00e9tails dans l\u2019onglet Description<\/p>\n<p>Langues : Fran\u00e7ais et anglais<\/p>\n","protected":false},"featured_media":6103,"comment_status":"open","ping_status":"closed","template":"","meta":[],"product_brand":[],"product_cat":[288,260,293,62],"product_tag":[271,274],"class_list":{"0":"post-5867","1":"product","2":"type-product","3":"status-publish","4":"has-post-thumbnail","6":"product_cat-deco-au-crochet","7":"product_cat-english-patterns","8":"product_cat-tous-les-patrons-crochet-pdf","9":"product_cat-modeles-de-crochet","10":"product_tag-deco","11":"product_tag-fleur","13":"first","14":"instock","15":"sale","16":"featured","17":"downloadable","18":"virtual","19":"sold-individually","20":"purchasable","21":"product-type-simple"},"yoast_head":"<!-- This site is optimized with the Yoast SEO plugin v27.3 - https:\/\/yoast.com\/product\/yoast-seo-wordpress\/ -->\n<title>Patron crochet PDF guirlande de fleurs - Zess Crochet<\/title>\n<meta name=\"robots\" content=\"index, follow, max-snippet:-1, max-image-preview:large, max-video-preview:-1\" \/>\n<link rel=\"canonical\" href=\"https:\/\/zess.fr\/shop\/product\/tutoriel-guirlande-de-fleurs\/\" \/>\n<meta property=\"og:locale\" content=\"fr_FR\" \/>\n<meta property=\"og:type\" content=\"article\" \/>\n<meta property=\"og:title\" content=\"Patron crochet PDF guirlande de fleurs - Zess Crochet\" \/>\n<meta property=\"og:description\" content=\"Cette guirlande au crochet est le projet parfait pour les d\u00e9butants en crochet. Elle est compos\u00e9e de marguerites un brin seventies \u273f Pour une chambre d&#039;enfant, une f\u00eate ou simplement pour ajouter une touche de douceur \u00e0 votre int\u00e9rieur, cette guirlande sera un ajout charmant \u00e0 votre d\u00e9coration.  \u00a0T\u00e9l\u00e9chargement instantan\u00e9 Langue : Fran\u00e7ais et Anglais\u00a0Plus de d\u00e9tails dans l\u2019onglet Description  Langues : Fran\u00e7ais et anglais\" \/>\n<meta property=\"og:url\" content=\"https:\/\/zess.fr\/shop\/product\/tutoriel-guirlande-de-fleurs\/\" \/>\n<meta property=\"og:site_name\" content=\"Zess Crochet\" \/>\n<meta property=\"article:modified_time\" content=\"2026-01-14T18:10:47+00:00\" \/>\n<meta property=\"og:image\" content=\"https:\/\/zess.fr\/shop\/wp-content\/uploads\/2024\/06\/shop-1.jpg\" \/>\n\t<meta property=\"og:image:width\" content=\"1080\" \/>\n\t<meta property=\"og:image:height\" content=\"1350\" \/>\n\t<meta property=\"og:image:type\" content=\"image\/jpeg\" \/>\n<meta name=\"twitter:card\" content=\"summary_large_image\" \/>\n<meta name=\"twitter:label1\" content=\"Dur\u00e9e de lecture estim\u00e9e\" \/>\n\t<meta name=\"twitter:data1\" content=\"1 minute\" \/>\n<script type=\"application\/ld+json\" class=\"yoast-schema-graph\">{\"@context\":\"https:\\\/\\\/schema.org\",\"@graph\":[{\"@type\":\"WebPage\",\"@id\":\"https:\\\/\\\/zess.fr\\\/shop\\\/product\\\/tutoriel-guirlande-de-fleurs\\\/\",\"url\":\"https:\\\/\\\/zess.fr\\\/shop\\\/product\\\/tutoriel-guirlande-de-fleurs\\\/\",\"name\":\"Patron crochet PDF guirlande de fleurs - Zess Crochet\",\"isPartOf\":{\"@id\":\"https:\\\/\\\/zess.fr\\\/shop\\\/#website\"},\"primaryImageOfPage\":{\"@id\":\"https:\\\/\\\/zess.fr\\\/shop\\\/product\\\/tutoriel-guirlande-de-fleurs\\\/#primaryimage\"},\"image\":{\"@id\":\"https:\\\/\\\/zess.fr\\\/shop\\\/product\\\/tutoriel-guirlande-de-fleurs\\\/#primaryimage\"},\"thumbnailUrl\":\"https:\\\/\\\/zess.fr\\\/shop\\\/wp-content\\\/uploads\\\/2024\\\/06\\\/shop-1.jpg\",\"datePublished\":\"2024-06-04T12:51:01+00:00\",\"dateModified\":\"2026-01-14T18:10:47+00:00\",\"breadcrumb\":{\"@id\":\"https:\\\/\\\/zess.fr\\\/shop\\\/product\\\/tutoriel-guirlande-de-fleurs\\\/#breadcrumb\"},\"inLanguage\":\"fr-FR\",\"potentialAction\":[{\"@type\":\"ReadAction\",\"target\":[\"https:\\\/\\\/zess.fr\\\/shop\\\/product\\\/tutoriel-guirlande-de-fleurs\\\/\"]}]},{\"@type\":\"ImageObject\",\"inLanguage\":\"fr-FR\",\"@id\":\"https:\\\/\\\/zess.fr\\\/shop\\\/product\\\/tutoriel-guirlande-de-fleurs\\\/#primaryimage\",\"url\":\"https:\\\/\\\/zess.fr\\\/shop\\\/wp-content\\\/uploads\\\/2024\\\/06\\\/shop-1.jpg\",\"contentUrl\":\"https:\\\/\\\/zess.fr\\\/shop\\\/wp-content\\\/uploads\\\/2024\\\/06\\\/shop-1.jpg\",\"width\":1080,\"height\":1350,\"caption\":\"Tutoriel guirlande de fleurs - patron PDF\"},{\"@type\":\"BreadcrumbList\",\"@id\":\"https:\\\/\\\/zess.fr\\\/shop\\\/product\\\/tutoriel-guirlande-de-fleurs\\\/#breadcrumb\",\"itemListElement\":[{\"@type\":\"ListItem\",\"position\":1,\"name\":\"Zess Crochet Boutique &#8211; Tutoriels et kit crochet\",\"item\":\"https:\\\/\\\/zess.fr\\\/shop\\\/acceuil-2\\\/\"},{\"@type\":\"ListItem\",\"position\":2,\"name\":\"Tutoriels crochet\",\"item\":\"https:\\\/\\\/zess.fr\\\/shop\\\/product-category\\\/modeles-de-crochet\\\/\"},{\"@type\":\"ListItem\",\"position\":3,\"name\":\"Patron crochet PDF guirlande de fleurs\"}]},{\"@type\":\"WebSite\",\"@id\":\"https:\\\/\\\/zess.fr\\\/shop\\\/#website\",\"url\":\"https:\\\/\\\/zess.fr\\\/shop\\\/\",\"name\":\"Zess Crochet - Tutoriels au crochet amigurumi, poup\u00e9es et accessoires - patron num\u00e9rique PDF - livres de crochet\",\"description\":\"Tutoriels et kits crochet amigurumi et d\u00e9co\",\"potentialAction\":[{\"@type\":\"SearchAction\",\"target\":{\"@type\":\"EntryPoint\",\"urlTemplate\":\"https:\\\/\\\/zess.fr\\\/shop\\\/?s={search_term_string}\"},\"query-input\":{\"@type\":\"PropertyValueSpecification\",\"valueRequired\":true,\"valueName\":\"search_term_string\"}}],\"inLanguage\":\"fr-FR\"}]}<\/script>\n<!-- \/ Yoast SEO plugin. -->","yoast_head_json":{"title":"Patron crochet PDF guirlande de fleurs - Zess Crochet","robots":{"index":"index","follow":"follow","max-snippet":"max-snippet:-1","max-image-preview":"max-image-preview:large","max-video-preview":"max-video-preview:-1"},"canonical":"https:\/\/zess.fr\/shop\/product\/tutoriel-guirlande-de-fleurs\/","og_locale":"fr_FR","og_type":"article","og_title":"Patron crochet PDF guirlande de fleurs - Zess Crochet","og_description":"Cette guirlande au crochet est le projet parfait pour les d\u00e9butants en crochet. Elle est compos\u00e9e de marguerites un brin seventies \u273f Pour une chambre d'enfant, une f\u00eate ou simplement pour ajouter une touche de douceur \u00e0 votre int\u00e9rieur, cette guirlande sera un ajout charmant \u00e0 votre d\u00e9coration.  \u00a0T\u00e9l\u00e9chargement instantan\u00e9 Langue : Fran\u00e7ais et Anglais\u00a0Plus de d\u00e9tails dans l\u2019onglet Description  Langues : Fran\u00e7ais et anglais","og_url":"https:\/\/zess.fr\/shop\/product\/tutoriel-guirlande-de-fleurs\/","og_site_name":"Zess Crochet","article_modified_time":"2026-01-14T18:10:47+00:00","og_image":[{"width":1080,"height":1350,"url":"https:\/\/zess.fr\/shop\/wp-content\/uploads\/2024\/06\/shop-1.jpg","type":"image\/jpeg"}],"twitter_card":"summary_large_image","twitter_misc":{"Dur\u00e9e de lecture estim\u00e9e":"1 minute"},"schema":{"@context":"https:\/\/schema.org","@graph":[{"@type":"WebPage","@id":"https:\/\/zess.fr\/shop\/product\/tutoriel-guirlande-de-fleurs\/","url":"https:\/\/zess.fr\/shop\/product\/tutoriel-guirlande-de-fleurs\/","name":"Patron crochet PDF guirlande de fleurs - Zess Crochet","isPartOf":{"@id":"https:\/\/zess.fr\/shop\/#website"},"primaryImageOfPage":{"@id":"https:\/\/zess.fr\/shop\/product\/tutoriel-guirlande-de-fleurs\/#primaryimage"},"image":{"@id":"https:\/\/zess.fr\/shop\/product\/tutoriel-guirlande-de-fleurs\/#primaryimage"},"thumbnailUrl":"https:\/\/zess.fr\/shop\/wp-content\/uploads\/2024\/06\/shop-1.jpg","datePublished":"2024-06-04T12:51:01+00:00","dateModified":"2026-01-14T18:10:47+00:00","breadcrumb":{"@id":"https:\/\/zess.fr\/shop\/product\/tutoriel-guirlande-de-fleurs\/#breadcrumb"},"inLanguage":"fr-FR","potentialAction":[{"@type":"ReadAction","target":["https:\/\/zess.fr\/shop\/product\/tutoriel-guirlande-de-fleurs\/"]}]},{"@type":"ImageObject","inLanguage":"fr-FR","@id":"https:\/\/zess.fr\/shop\/product\/tutoriel-guirlande-de-fleurs\/#primaryimage","url":"https:\/\/zess.fr\/shop\/wp-content\/uploads\/2024\/06\/shop-1.jpg","contentUrl":"https:\/\/zess.fr\/shop\/wp-content\/uploads\/2024\/06\/shop-1.jpg","width":1080,"height":1350,"caption":"Tutoriel guirlande de fleurs - patron PDF"},{"@type":"BreadcrumbList","@id":"https:\/\/zess.fr\/shop\/product\/tutoriel-guirlande-de-fleurs\/#breadcrumb","itemListElement":[{"@type":"ListItem","position":1,"name":"Zess Crochet Boutique &#8211; Tutoriels et kit crochet","item":"https:\/\/zess.fr\/shop\/acceuil-2\/"},{"@type":"ListItem","position":2,"name":"Tutoriels crochet","item":"https:\/\/zess.fr\/shop\/product-category\/modeles-de-crochet\/"},{"@type":"ListItem","position":3,"name":"Patron crochet PDF guirlande de fleurs"}]},{"@type":"WebSite","@id":"https:\/\/zess.fr\/shop\/#website","url":"https:\/\/zess.fr\/shop\/","name":"Zess Crochet - Tutoriels au crochet amigurumi, poup\u00e9es et accessoires - patron num\u00e9rique PDF - livres de crochet","description":"Tutoriels et kits crochet amigurumi et d\u00e9co","potentialAction":[{"@type":"SearchAction","target":{"@type":"EntryPoint","urlTemplate":"https:\/\/zess.fr\/shop\/?s={search_term_string}"},"query-input":{"@type":"PropertyValueSpecification","valueRequired":true,"valueName":"search_term_string"}}],"inLanguage":"fr-FR"}]}},"_links":{"self":[{"href":"https:\/\/zess.fr\/shop\/wp-json\/wp\/v2\/product\/5867","targetHints":{"allow":["GET"]}}],"collection":[{"href":"https:\/\/zess.fr\/shop\/wp-json\/wp\/v2\/product"}],"about":[{"href":"https:\/\/zess.fr\/shop\/wp-json\/wp\/v2\/types\/product"}],"replies":[{"embeddable":true,"href":"https:\/\/zess.fr\/shop\/wp-json\/wp\/v2\/comments?post=5867"}],"version-history":[{"count":6,"href":"https:\/\/zess.fr\/shop\/wp-json\/wp\/v2\/product\/5867\/revisions"}],"predecessor-version":[{"id":9651,"href":"https:\/\/zess.fr\/shop\/wp-json\/wp\/v2\/product\/5867\/revisions\/9651"}],"wp:featuredmedia":[{"embeddable":true,"href":"https:\/\/zess.fr\/shop\/wp-json\/wp\/v2\/media\/6103"}],"wp:attachment":[{"href":"https:\/\/zess.fr\/shop\/wp-json\/wp\/v2\/media?parent=5867"}],"wp:term":[{"taxonomy":"product_brand","embeddable":true,"href":"https:\/\/zess.fr\/shop\/wp-json\/wp\/v2\/product_brand?post=5867"},{"taxonomy":"product_cat","embeddable":true,"href":"https:\/\/zess.fr\/shop\/wp-json\/wp\/v2\/product_cat?post=5867"},{"taxonomy":"product_tag","embeddable":true,"href":"https:\/\/zess.fr\/shop\/wp-json\/wp\/v2\/product_tag?post=5867"}],"curies":[{"name":"wp","href":"https:\/\/api.w.org\/{rel}","templated":true}]}}