{"id":5789,"date":"2024-05-18T11:49:48","date_gmt":"2024-05-18T09:49:48","guid":{"rendered":"https:\/\/zess.fr\/shop\/?post_type=product&#038;p=5789"},"modified":"2025-12-02T14:45:13","modified_gmt":"2025-12-02T13:45:13","slug":"crochet-ergonomique-25","status":"publish","type":"product","link":"https:\/\/zess.fr\/shop\/product\/crochet-ergonomique-25\/","title":{"rendered":"Crochet ergonomique 2,5"},"content":{"rendered":"","protected":false},"excerpt":{"rendered":"<p>Manche ergonomique en silicone souple et acier inoxydable.<\/p>\n<p>Couleur : bleu fonc\u00e9<\/p>\n<p>Parfait pour crocheter les d\u00e9cos de c\u0153urs suspendus <a href=\"https:\/\/zess.fr\/shop\/product-category\/kits-crochet\/\" target=\"_blank\" rel=\"noopener\">vendus en kit ici.<\/a><\/p>\n","protected":false},"featured_media":5793,"comment_status":"open","ping_status":"closed","template":"","meta":[],"product_brand":[],"product_cat":[263],"product_tag":[283,275],"class_list":{"0":"post-5789","1":"product","2":"type-product","3":"status-publish","4":"has-post-thumbnail","6":"product_cat-kits-crochet","7":"product_tag-autres","8":"product_tag-kit","10":"first","11":"instock","12":"sold-individually","13":"shipping-taxable","14":"purchasable","15":"product-type-simple"},"yoast_head":"<!-- This site is optimized with the Yoast SEO plugin v27.4 - https:\/\/yoast.com\/product\/yoast-seo-wordpress\/ -->\n<title>Crochet ergonomique 2,5 - Zess Crochet<\/title>\n<meta name=\"robots\" content=\"index, follow, max-snippet:-1, max-image-preview:large, max-video-preview:-1\" \/>\n<link rel=\"canonical\" href=\"https:\/\/zess.fr\/shop\/product\/crochet-ergonomique-25\/\" \/>\n<meta property=\"og:locale\" content=\"fr_FR\" \/>\n<meta property=\"og:type\" content=\"article\" \/>\n<meta property=\"og:title\" content=\"Crochet ergonomique 2,5 - Zess Crochet\" \/>\n<meta property=\"og:description\" content=\"Manche ergonomique en silicone souple et acier inoxydable.  Couleur : bleu fonc\u00e9  Parfait pour crocheter les d\u00e9cos de c\u0153urs suspendus vendus en kit ici.\" \/>\n<meta property=\"og:url\" content=\"https:\/\/zess.fr\/shop\/product\/crochet-ergonomique-25\/\" \/>\n<meta property=\"og:site_name\" content=\"Zess Crochet\" \/>\n<meta property=\"article:modified_time\" content=\"2025-12-02T13:45:13+00:00\" \/>\n<meta property=\"og:image\" content=\"https:\/\/zess.fr\/shop\/wp-content\/uploads\/2024\/05\/DSC_2391.jpeg\" \/>\n\t<meta property=\"og:image:width\" content=\"819\" \/>\n\t<meta property=\"og:image:height\" content=\"1024\" \/>\n\t<meta property=\"og:image:type\" content=\"image\/jpeg\" \/>\n<meta name=\"twitter:card\" content=\"summary_large_image\" \/>\n<meta name=\"twitter:label1\" content=\"Dur\u00e9e de lecture estim\u00e9e\" \/>\n\t<meta name=\"twitter:data1\" content=\"1 minute\" \/>\n<script type=\"application\/ld+json\" class=\"yoast-schema-graph\">{\"@context\":\"https:\\\/\\\/schema.org\",\"@graph\":[{\"@type\":\"WebPage\",\"@id\":\"https:\\\/\\\/zess.fr\\\/shop\\\/product\\\/crochet-ergonomique-25\\\/\",\"url\":\"https:\\\/\\\/zess.fr\\\/shop\\\/product\\\/crochet-ergonomique-25\\\/\",\"name\":\"Crochet ergonomique 2,5 - Zess Crochet\",\"isPartOf\":{\"@id\":\"https:\\\/\\\/zess.fr\\\/shop\\\/#website\"},\"primaryImageOfPage\":{\"@id\":\"https:\\\/\\\/zess.fr\\\/shop\\\/product\\\/crochet-ergonomique-25\\\/#primaryimage\"},\"image\":{\"@id\":\"https:\\\/\\\/zess.fr\\\/shop\\\/product\\\/crochet-ergonomique-25\\\/#primaryimage\"},\"thumbnailUrl\":\"https:\\\/\\\/zess.fr\\\/shop\\\/wp-content\\\/uploads\\\/2024\\\/05\\\/DSC_2391.jpeg\",\"datePublished\":\"2024-05-18T09:49:48+00:00\",\"dateModified\":\"2025-12-02T13:45:13+00:00\",\"breadcrumb\":{\"@id\":\"https:\\\/\\\/zess.fr\\\/shop\\\/product\\\/crochet-ergonomique-25\\\/#breadcrumb\"},\"inLanguage\":\"fr-FR\",\"potentialAction\":[{\"@type\":\"ReadAction\",\"target\":[\"https:\\\/\\\/zess.fr\\\/shop\\\/product\\\/crochet-ergonomique-25\\\/\"]}]},{\"@type\":\"ImageObject\",\"inLanguage\":\"fr-FR\",\"@id\":\"https:\\\/\\\/zess.fr\\\/shop\\\/product\\\/crochet-ergonomique-25\\\/#primaryimage\",\"url\":\"https:\\\/\\\/zess.fr\\\/shop\\\/wp-content\\\/uploads\\\/2024\\\/05\\\/DSC_2391.jpeg\",\"contentUrl\":\"https:\\\/\\\/zess.fr\\\/shop\\\/wp-content\\\/uploads\\\/2024\\\/05\\\/DSC_2391.jpeg\",\"width\":819,\"height\":1024,\"caption\":\"Crochet ergonomique 2,5 mm pas cher\"},{\"@type\":\"BreadcrumbList\",\"@id\":\"https:\\\/\\\/zess.fr\\\/shop\\\/product\\\/crochet-ergonomique-25\\\/#breadcrumb\",\"itemListElement\":[{\"@type\":\"ListItem\",\"position\":1,\"name\":\"Zess Crochet Boutique &#8211; Tutoriels et kit crochet\",\"item\":\"https:\\\/\\\/zess.fr\\\/shop\\\/acceuil-2\\\/\"},{\"@type\":\"ListItem\",\"position\":2,\"name\":\"Kits crochet\",\"item\":\"https:\\\/\\\/zess.fr\\\/shop\\\/product-category\\\/kits-crochet\\\/\"},{\"@type\":\"ListItem\",\"position\":3,\"name\":\"Crochet ergonomique 2,5\"}]},{\"@type\":\"WebSite\",\"@id\":\"https:\\\/\\\/zess.fr\\\/shop\\\/#website\",\"url\":\"https:\\\/\\\/zess.fr\\\/shop\\\/\",\"name\":\"Zess Crochet - Tutoriels au crochet amigurumi, poup\u00e9es et accessoires - patron num\u00e9rique PDF - livres de crochet\",\"description\":\"Tutoriels et kits crochet amigurumi et d\u00e9co\",\"potentialAction\":[{\"@type\":\"SearchAction\",\"target\":{\"@type\":\"EntryPoint\",\"urlTemplate\":\"https:\\\/\\\/zess.fr\\\/shop\\\/?s={search_term_string}\"},\"query-input\":{\"@type\":\"PropertyValueSpecification\",\"valueRequired\":true,\"valueName\":\"search_term_string\"}}],\"inLanguage\":\"fr-FR\"}]}<\/script>\n<!-- \/ Yoast SEO plugin. -->","yoast_head_json":{"title":"Crochet ergonomique 2,5 - Zess Crochet","robots":{"index":"index","follow":"follow","max-snippet":"max-snippet:-1","max-image-preview":"max-image-preview:large","max-video-preview":"max-video-preview:-1"},"canonical":"https:\/\/zess.fr\/shop\/product\/crochet-ergonomique-25\/","og_locale":"fr_FR","og_type":"article","og_title":"Crochet ergonomique 2,5 - Zess Crochet","og_description":"Manche ergonomique en silicone souple et acier inoxydable.  Couleur : bleu fonc\u00e9  Parfait pour crocheter les d\u00e9cos de c\u0153urs suspendus vendus en kit ici.","og_url":"https:\/\/zess.fr\/shop\/product\/crochet-ergonomique-25\/","og_site_name":"Zess Crochet","article_modified_time":"2025-12-02T13:45:13+00:00","og_image":[{"width":819,"height":1024,"url":"https:\/\/zess.fr\/shop\/wp-content\/uploads\/2024\/05\/DSC_2391.jpeg","type":"image\/jpeg"}],"twitter_card":"summary_large_image","twitter_misc":{"Dur\u00e9e de lecture estim\u00e9e":"1 minute"},"schema":{"@context":"https:\/\/schema.org","@graph":[{"@type":"WebPage","@id":"https:\/\/zess.fr\/shop\/product\/crochet-ergonomique-25\/","url":"https:\/\/zess.fr\/shop\/product\/crochet-ergonomique-25\/","name":"Crochet ergonomique 2,5 - Zess Crochet","isPartOf":{"@id":"https:\/\/zess.fr\/shop\/#website"},"primaryImageOfPage":{"@id":"https:\/\/zess.fr\/shop\/product\/crochet-ergonomique-25\/#primaryimage"},"image":{"@id":"https:\/\/zess.fr\/shop\/product\/crochet-ergonomique-25\/#primaryimage"},"thumbnailUrl":"https:\/\/zess.fr\/shop\/wp-content\/uploads\/2024\/05\/DSC_2391.jpeg","datePublished":"2024-05-18T09:49:48+00:00","dateModified":"2025-12-02T13:45:13+00:00","breadcrumb":{"@id":"https:\/\/zess.fr\/shop\/product\/crochet-ergonomique-25\/#breadcrumb"},"inLanguage":"fr-FR","potentialAction":[{"@type":"ReadAction","target":["https:\/\/zess.fr\/shop\/product\/crochet-ergonomique-25\/"]}]},{"@type":"ImageObject","inLanguage":"fr-FR","@id":"https:\/\/zess.fr\/shop\/product\/crochet-ergonomique-25\/#primaryimage","url":"https:\/\/zess.fr\/shop\/wp-content\/uploads\/2024\/05\/DSC_2391.jpeg","contentUrl":"https:\/\/zess.fr\/shop\/wp-content\/uploads\/2024\/05\/DSC_2391.jpeg","width":819,"height":1024,"caption":"Crochet ergonomique 2,5 mm pas cher"},{"@type":"BreadcrumbList","@id":"https:\/\/zess.fr\/shop\/product\/crochet-ergonomique-25\/#breadcrumb","itemListElement":[{"@type":"ListItem","position":1,"name":"Zess Crochet Boutique &#8211; Tutoriels et kit crochet","item":"https:\/\/zess.fr\/shop\/acceuil-2\/"},{"@type":"ListItem","position":2,"name":"Kits crochet","item":"https:\/\/zess.fr\/shop\/product-category\/kits-crochet\/"},{"@type":"ListItem","position":3,"name":"Crochet ergonomique 2,5"}]},{"@type":"WebSite","@id":"https:\/\/zess.fr\/shop\/#website","url":"https:\/\/zess.fr\/shop\/","name":"Zess Crochet - Tutoriels au crochet amigurumi, poup\u00e9es et accessoires - patron num\u00e9rique PDF - livres de crochet","description":"Tutoriels et kits crochet amigurumi et d\u00e9co","potentialAction":[{"@type":"SearchAction","target":{"@type":"EntryPoint","urlTemplate":"https:\/\/zess.fr\/shop\/?s={search_term_string}"},"query-input":{"@type":"PropertyValueSpecification","valueRequired":true,"valueName":"search_term_string"}}],"inLanguage":"fr-FR"}]}},"_links":{"self":[{"href":"https:\/\/zess.fr\/shop\/wp-json\/wp\/v2\/product\/5789","targetHints":{"allow":["GET"]}}],"collection":[{"href":"https:\/\/zess.fr\/shop\/wp-json\/wp\/v2\/product"}],"about":[{"href":"https:\/\/zess.fr\/shop\/wp-json\/wp\/v2\/types\/product"}],"replies":[{"embeddable":true,"href":"https:\/\/zess.fr\/shop\/wp-json\/wp\/v2\/comments?post=5789"}],"version-history":[{"count":2,"href":"https:\/\/zess.fr\/shop\/wp-json\/wp\/v2\/product\/5789\/revisions"}],"predecessor-version":[{"id":9307,"href":"https:\/\/zess.fr\/shop\/wp-json\/wp\/v2\/product\/5789\/revisions\/9307"}],"wp:featuredmedia":[{"embeddable":true,"href":"https:\/\/zess.fr\/shop\/wp-json\/wp\/v2\/media\/5793"}],"wp:attachment":[{"href":"https:\/\/zess.fr\/shop\/wp-json\/wp\/v2\/media?parent=5789"}],"wp:term":[{"taxonomy":"product_brand","embeddable":true,"href":"https:\/\/zess.fr\/shop\/wp-json\/wp\/v2\/product_brand?post=5789"},{"taxonomy":"product_cat","embeddable":true,"href":"https:\/\/zess.fr\/shop\/wp-json\/wp\/v2\/product_cat?post=5789"},{"taxonomy":"product_tag","embeddable":true,"href":"https:\/\/zess.fr\/shop\/wp-json\/wp\/v2\/product_tag?post=5789"}],"curies":[{"name":"wp","href":"https:\/\/api.w.org\/{rel}","templated":true}]}}