{"id":5473,"date":"2024-03-11T16:52:34","date_gmt":"2024-03-11T15:52:34","guid":{"rendered":"https:\/\/zess.fr\/shop\/?post_type=product&#038;p=5473"},"modified":"2026-03-17T10:34:27","modified_gmt":"2026-03-17T09:34:27","slug":"kit-crochet-coeur-ex-voto-5-coloris","status":"publish","type":"product","link":"https:\/\/zess.fr\/shop\/product\/kit-crochet-coeur-ex-voto-5-coloris\/","title":{"rendered":"Kit crochet DIY &#8211; c\u0153ur ex-voto 5 coloris au choix"},"content":{"rendered":"<p>Crochetez un <strong>c\u0153ur ex-voto au crochet<\/strong> unique avec ce kit complet. Chaque kit crochet inclut tout le mat\u00e9riel de qualit\u00e9 n\u00e9cessaire et un <strong>tutoriel crochet PDF d\u00e9taill\u00e9<\/strong> (14 pages, 66 photos) pour vous guider \u00e0 chaque \u00e9tape. Le tout est livr\u00e9 dans un pochon en tissu r\u00e9utilisable. Personnalisez votre projet avec 5 options de coloris : beige\/fuchsia, blanc\/rouge brique, marron\/cr\u00e8me, rose\/vert tendre ou violet\/parme. Id\u00e9al comme cadeau fait main ou pour enrichir votre collection de projets au crochet.<br \/>\n\ud83d\udc49 Vous souhaitez changer une couleur ? \u00c9crivez moi, je serai ravie de vous aider !<\/p>\n<h2><strong>Fournitures incluses dans votre kit crochet c\u0153ur ex-voto\u00a0<\/strong><\/h2>\n<ul>\n<li><span style=\"font-weight: 400;\"><span style=\"font-weight: 400;\">Un <strong>tutoriel crochet num\u00e9rique<\/strong> de 14 pages avec des pas-\u00e0-pas et instructions d\u00e9taill\u00e9es et 66 photos (format <strong>PDF<\/strong> \u00e0 t\u00e9l\u00e9charger en fran\u00e7ais)<\/span><\/span><\/li>\n<li><strong>Fils de coton merceris\u00e9<\/strong> : 100% coton (marque Scheepjes), dans 2 coloris assortis, accompagn\u00e9s d\u2019un fil dor\u00e9<\/li>\n<li><strong>Ouate de rembourrage<\/strong> en polyester<\/li>\n<li><strong>3 aiguilles sp\u00e9cifiques<\/strong> : 1 aiguille \u00e0 tapisserie, 1 aiguille longue pour la broderie, 1 aiguille fine adapt\u00e9e aux perles<\/li>\n<li><strong>Perles d\u00e9coratives<\/strong> : 8 perles tubes de 6 mm (ou 16 perles rondes pour le coloris violet\/parme)<\/li>\n<li><strong>Fil de couture<\/strong> assorti au coloris du c\u0153ur<\/li>\n<li><strong>1 marqueur de maille<\/strong> dor\u00e9<\/li>\n<li><strong>24 aiguilles \u00e0 t\u00eates<\/strong><\/li>\n<li><strong>1 lien<\/strong> pour accrocher votre cr\u00e9ation<\/li>\n<li><strong>1 pochon<\/strong> artisanal Zess Crochet (tissu al\u00e9atoire)<\/li>\n<\/ul>\n<h3><strong>Fournitures non incluses dans le kit\u00a0<\/strong><\/h3>\n<p>Pour compl\u00e9ter ce projet vous aurez besoin de :<\/p>\n<ul>\n<li style=\"font-weight: 400;\"><span style=\"font-weight: 400;\">1 <\/span><span style=\"font-weight: 400;\"><a href=\"https:\/\/zess.fr\/shop\/product\/crochet-ergonomique-25\/\" target=\"_blank\" rel=\"noopener\">crochet 2,5 mm<\/a><\/span><span style=\"font-weight: 400;\"> (disponible <\/span><span style=\"font-weight: 400;\"><a href=\"https:\/\/zess.fr\/shop\/product\/crochet-ergonomique-25\/\" target=\"_blank\" rel=\"noopener\">ici<\/a><\/span><span style=\"font-weight: 400;\">, vous pouvez l\u2019ajouter \u00e0 votre kit).<\/span><\/li>\n<li style=\"font-weight: 400;\"><span style=\"font-weight: 400;\">1 paire de ciseaux et <\/span><span style=\"font-weight: 400;\">1 m\u00e8tre ruban ou une r\u00e8gle<\/span><\/li>\n<\/ul>\n<h2><b>Niveau de difficult\u00e9 du kit crochet<\/b><\/h2>\n<p>Ce <strong>kit crochet<\/strong> convient aux crocheteurs de niveau <strong>interm\u00e9diaire<\/strong>.<br \/>\nTechniques avanc\u00e9es incluses : <span style=\"font-weight: 400;\"> travail de mailles coul\u00e9es de surface sur une pi\u00e8ce rembourr\u00e9e et utilisation de fil dor\u00e9, plus d\u00e9licat \u00e0 crocheter.<\/span><\/p>\n<p>\ud83d\udc49 <strong>Pr\u00e9requis<\/strong> : Vous devez ma\u00eetriser les bases du crochet <span style=\"font-weight: 400;\"> (maille serr\u00e9e, maille coul\u00e9e, demi-bride, bride, cercle magique). Le kit n&rsquo;inclut pas de le\u00e7ons de base de crochet, ni de vid\u00e9os.<\/span><\/p>\n<p><span style=\"font-weight: 400;\"><strong>Dimensions finale du c\u0153ur<\/strong> : environ 18 \u00e0 21 cm.<\/span><\/p>\n<h2>Points importants<\/h2>\n<ul>\n<li>Ce produit est un <strong>kit crochet DIY<\/strong> pour r\u00e9aliser vous-m\u00eame un c\u0153ur ex-voto.\u00a0 Il ne s\u2019agit pas du produit fini.<\/li>\n<li><strong data-start=\"2228\" data-end=\"2259\">\u2757Usage strictement personnel : <\/strong>Ce patron est destin\u00e9 \u00e0 un usage personnel uniquement.<br data-start=\"354\" data-end=\"357\" \/>La vente des objets r\u00e9alis\u00e9s \u00e0 partir de ce mod\u00e8le <strong>n\u2019est pas autoris\u00e9e<\/strong> avec ce patron.<br \/>\nPour toute utilisation professionnelle ou commerciale, y compris vente occasionnelle ou ateliers, merci de me contacter. Des licences adapt\u00e9es sont propos\u00e9es.<\/li>\n<li><span style=\"font-weight: 400;\">En raison de la nature num\u00e9rique du mod\u00e8le, ce produit<\/span> est <strong>non remboursable et non \u00e9changeable<\/strong>.<\/li>\n<\/ul>\n<p>\u2753Si vous avez des questions, n\u2019h\u00e9sitez pas \u00e0 me contacter avant ou apr\u00e8s votre commande, je serai ravie de vous accompagner.<\/p>\n<h3><strong>Pourquoi choisir ce kit crochet ?<\/strong><\/h3>\n<ul>\n<li><strong>Complet et pr\u00eat \u00e0 l\u2019emploi<\/strong> : Recevez tout le n\u00e9cessaire, sans avoir \u00e0 chercher d\u2019autres fournitures.<\/li>\n<li><strong>Personnalisable<\/strong> : 5 combinaisons de couleurs pour cr\u00e9er une d\u00e9coration unique.<\/li>\n<li><strong>Accompagnement d\u00e9taill\u00e9<\/strong> : Le tutoriel crochet est clair et enrichi de nombreuses photos explicatives.<\/li>\n<li><strong>Cadeau parfait<\/strong> : Une cr\u00e9ation faite main qui plaira \u00e0 coup s\u00fbr !<\/li>\n<\/ul>\n","protected":false},"excerpt":{"rendered":"<p>Ce <strong>kit crochet DIY complet<\/strong> contient tout ce qu\u2019il vous faut pour r\u00e9aliser un <strong>c\u0153ur sacr\u00e9 ex-voto au crochet<\/strong>, id\u00e9al comme d\u00e9coration ou cadeau fait main. Avec 5 combinaisons de couleurs disponibles, personnalisez votre cr\u00e9ation selon vos envies. Niveau requis : <strong>interm\u00e9diaire<\/strong>.<\/p>\n<p>Lisez tous les d\u00e9tails du kit crochet dans l\u2019onglet ci-dessous.<\/p>\n","protected":false},"featured_media":9277,"comment_status":"open","ping_status":"closed","template":"","meta":[],"product_brand":[],"product_cat":[288,263],"product_tag":[284],"class_list":{"0":"post-5473","1":"product","2":"type-product","3":"status-publish","4":"has-post-thumbnail","6":"product_cat-deco-au-crochet","7":"product_cat-kits-crochet","8":"product_tag-kitacc","9":"product_shipping_class-mondial-relay-en","11":"first","12":"instock","13":"featured","14":"sold-individually","15":"shipping-taxable","16":"purchasable","17":"product-type-variable"},"yoast_head":"<!-- This site is optimized with the Yoast SEO plugin v27.3 - https:\/\/yoast.com\/product\/yoast-seo-wordpress\/ -->\n<title>Kit crochet DIY - c\u0153ur ex-voto 5 coloris au choix - Zess Crochet<\/title>\n<meta name=\"description\" content=\"R\u00e9alisez un c\u0153ur sacr\u00e9 ex-voto au crochet gr\u00e2ce \u00e0 ce kit DIY complet. Tutoriel PDF, fils de coton, accessoires inclus. Id\u00e9al pour niveau interm\u00e9diaire. 5 coloris au choix.\" \/>\n<meta name=\"robots\" content=\"index, follow, max-snippet:-1, max-image-preview:large, max-video-preview:-1\" \/>\n<link rel=\"canonical\" href=\"https:\/\/zess.fr\/shop\/product\/kit-crochet-coeur-ex-voto-5-coloris\/\" \/>\n<meta property=\"og:locale\" content=\"fr_FR\" \/>\n<meta property=\"og:type\" content=\"article\" \/>\n<meta property=\"og:title\" content=\"Kit crochet DIY - c\u0153ur ex-voto 5 coloris au choix - Zess Crochet\" \/>\n<meta property=\"og:description\" content=\"R\u00e9alisez un c\u0153ur sacr\u00e9 ex-voto au crochet gr\u00e2ce \u00e0 ce kit DIY complet. Tutoriel PDF, fils de coton, accessoires inclus. Id\u00e9al pour niveau interm\u00e9diaire. 5 coloris au choix.\" \/>\n<meta property=\"og:url\" content=\"https:\/\/zess.fr\/shop\/product\/kit-crochet-coeur-ex-voto-5-coloris\/\" \/>\n<meta property=\"og:site_name\" content=\"Zess Crochet\" \/>\n<meta property=\"article:modified_time\" content=\"2026-03-17T09:34:27+00:00\" \/>\n<meta property=\"og:image\" content=\"https:\/\/zess.fr\/shop\/wp-content\/uploads\/2024\/03\/kitcrochetcoeur5coloris.jpg\" \/>\n\t<meta property=\"og:image:width\" content=\"1080\" \/>\n\t<meta property=\"og:image:height\" content=\"1350\" \/>\n\t<meta property=\"og:image:type\" content=\"image\/jpeg\" \/>\n<meta name=\"twitter:card\" content=\"summary_large_image\" \/>\n<meta name=\"twitter:label1\" content=\"Dur\u00e9e de lecture estim\u00e9e\" \/>\n\t<meta name=\"twitter:data1\" content=\"3 minutes\" \/>\n<script type=\"application\/ld+json\" class=\"yoast-schema-graph\">{\"@context\":\"https:\\\/\\\/schema.org\",\"@graph\":[{\"@type\":\"WebPage\",\"@id\":\"https:\\\/\\\/zess.fr\\\/shop\\\/product\\\/kit-crochet-coeur-ex-voto-5-coloris\\\/\",\"url\":\"https:\\\/\\\/zess.fr\\\/shop\\\/product\\\/kit-crochet-coeur-ex-voto-5-coloris\\\/\",\"name\":\"Kit crochet DIY - c\u0153ur ex-voto 5 coloris au choix - Zess Crochet\",\"isPartOf\":{\"@id\":\"https:\\\/\\\/zess.fr\\\/shop\\\/#website\"},\"primaryImageOfPage\":{\"@id\":\"https:\\\/\\\/zess.fr\\\/shop\\\/product\\\/kit-crochet-coeur-ex-voto-5-coloris\\\/#primaryimage\"},\"image\":{\"@id\":\"https:\\\/\\\/zess.fr\\\/shop\\\/product\\\/kit-crochet-coeur-ex-voto-5-coloris\\\/#primaryimage\"},\"thumbnailUrl\":\"https:\\\/\\\/zess.fr\\\/shop\\\/wp-content\\\/uploads\\\/2024\\\/03\\\/kitcrochetcoeur5coloris.jpg\",\"datePublished\":\"2024-03-11T15:52:34+00:00\",\"dateModified\":\"2026-03-17T09:34:27+00:00\",\"description\":\"R\u00e9alisez un c\u0153ur sacr\u00e9 ex-voto au crochet gr\u00e2ce \u00e0 ce kit DIY complet. Tutoriel PDF, fils de coton, accessoires inclus. Id\u00e9al pour niveau interm\u00e9diaire. 5 coloris au choix.\",\"breadcrumb\":{\"@id\":\"https:\\\/\\\/zess.fr\\\/shop\\\/product\\\/kit-crochet-coeur-ex-voto-5-coloris\\\/#breadcrumb\"},\"inLanguage\":\"fr-FR\",\"potentialAction\":[{\"@type\":\"ReadAction\",\"target\":[\"https:\\\/\\\/zess.fr\\\/shop\\\/product\\\/kit-crochet-coeur-ex-voto-5-coloris\\\/\"]}]},{\"@type\":\"ImageObject\",\"inLanguage\":\"fr-FR\",\"@id\":\"https:\\\/\\\/zess.fr\\\/shop\\\/product\\\/kit-crochet-coeur-ex-voto-5-coloris\\\/#primaryimage\",\"url\":\"https:\\\/\\\/zess.fr\\\/shop\\\/wp-content\\\/uploads\\\/2024\\\/03\\\/kitcrochetcoeur5coloris.jpg\",\"contentUrl\":\"https:\\\/\\\/zess.fr\\\/shop\\\/wp-content\\\/uploads\\\/2024\\\/03\\\/kitcrochetcoeur5coloris.jpg\",\"width\":1080,\"height\":1350,\"caption\":\"kit crochet coeur ex voto d\u00e9co\"},{\"@type\":\"BreadcrumbList\",\"@id\":\"https:\\\/\\\/zess.fr\\\/shop\\\/product\\\/kit-crochet-coeur-ex-voto-5-coloris\\\/#breadcrumb\",\"itemListElement\":[{\"@type\":\"ListItem\",\"position\":1,\"name\":\"Zess Crochet Boutique &#8211; Tutoriels et kit crochet\",\"item\":\"https:\\\/\\\/zess.fr\\\/shop\\\/acceuil-2\\\/\"},{\"@type\":\"ListItem\",\"position\":2,\"name\":\"Kits crochet\",\"item\":\"https:\\\/\\\/zess.fr\\\/shop\\\/product-category\\\/kits-crochet\\\/\"},{\"@type\":\"ListItem\",\"position\":3,\"name\":\"Kit crochet DIY &#8211; c\u0153ur ex-voto 5 coloris au choix\"}]},{\"@type\":\"WebSite\",\"@id\":\"https:\\\/\\\/zess.fr\\\/shop\\\/#website\",\"url\":\"https:\\\/\\\/zess.fr\\\/shop\\\/\",\"name\":\"Zess Crochet - Tutoriels au crochet amigurumi, poup\u00e9es et accessoires - patron num\u00e9rique PDF - livres de crochet\",\"description\":\"Tutoriels et kits crochet amigurumi et d\u00e9co\",\"potentialAction\":[{\"@type\":\"SearchAction\",\"target\":{\"@type\":\"EntryPoint\",\"urlTemplate\":\"https:\\\/\\\/zess.fr\\\/shop\\\/?s={search_term_string}\"},\"query-input\":{\"@type\":\"PropertyValueSpecification\",\"valueRequired\":true,\"valueName\":\"search_term_string\"}}],\"inLanguage\":\"fr-FR\"}]}<\/script>\n<!-- \/ Yoast SEO plugin. -->","yoast_head_json":{"title":"Kit crochet DIY - c\u0153ur ex-voto 5 coloris au choix - Zess Crochet","description":"R\u00e9alisez un c\u0153ur sacr\u00e9 ex-voto au crochet gr\u00e2ce \u00e0 ce kit DIY complet. Tutoriel PDF, fils de coton, accessoires inclus. Id\u00e9al pour niveau interm\u00e9diaire. 5 coloris au choix.","robots":{"index":"index","follow":"follow","max-snippet":"max-snippet:-1","max-image-preview":"max-image-preview:large","max-video-preview":"max-video-preview:-1"},"canonical":"https:\/\/zess.fr\/shop\/product\/kit-crochet-coeur-ex-voto-5-coloris\/","og_locale":"fr_FR","og_type":"article","og_title":"Kit crochet DIY - c\u0153ur ex-voto 5 coloris au choix - Zess Crochet","og_description":"R\u00e9alisez un c\u0153ur sacr\u00e9 ex-voto au crochet gr\u00e2ce \u00e0 ce kit DIY complet. Tutoriel PDF, fils de coton, accessoires inclus. Id\u00e9al pour niveau interm\u00e9diaire. 5 coloris au choix.","og_url":"https:\/\/zess.fr\/shop\/product\/kit-crochet-coeur-ex-voto-5-coloris\/","og_site_name":"Zess Crochet","article_modified_time":"2026-03-17T09:34:27+00:00","og_image":[{"width":1080,"height":1350,"url":"https:\/\/zess.fr\/shop\/wp-content\/uploads\/2024\/03\/kitcrochetcoeur5coloris.jpg","type":"image\/jpeg"}],"twitter_card":"summary_large_image","twitter_misc":{"Dur\u00e9e de lecture estim\u00e9e":"3 minutes"},"schema":{"@context":"https:\/\/schema.org","@graph":[{"@type":"WebPage","@id":"https:\/\/zess.fr\/shop\/product\/kit-crochet-coeur-ex-voto-5-coloris\/","url":"https:\/\/zess.fr\/shop\/product\/kit-crochet-coeur-ex-voto-5-coloris\/","name":"Kit crochet DIY - c\u0153ur ex-voto 5 coloris au choix - Zess Crochet","isPartOf":{"@id":"https:\/\/zess.fr\/shop\/#website"},"primaryImageOfPage":{"@id":"https:\/\/zess.fr\/shop\/product\/kit-crochet-coeur-ex-voto-5-coloris\/#primaryimage"},"image":{"@id":"https:\/\/zess.fr\/shop\/product\/kit-crochet-coeur-ex-voto-5-coloris\/#primaryimage"},"thumbnailUrl":"https:\/\/zess.fr\/shop\/wp-content\/uploads\/2024\/03\/kitcrochetcoeur5coloris.jpg","datePublished":"2024-03-11T15:52:34+00:00","dateModified":"2026-03-17T09:34:27+00:00","description":"R\u00e9alisez un c\u0153ur sacr\u00e9 ex-voto au crochet gr\u00e2ce \u00e0 ce kit DIY complet. Tutoriel PDF, fils de coton, accessoires inclus. Id\u00e9al pour niveau interm\u00e9diaire. 5 coloris au choix.","breadcrumb":{"@id":"https:\/\/zess.fr\/shop\/product\/kit-crochet-coeur-ex-voto-5-coloris\/#breadcrumb"},"inLanguage":"fr-FR","potentialAction":[{"@type":"ReadAction","target":["https:\/\/zess.fr\/shop\/product\/kit-crochet-coeur-ex-voto-5-coloris\/"]}]},{"@type":"ImageObject","inLanguage":"fr-FR","@id":"https:\/\/zess.fr\/shop\/product\/kit-crochet-coeur-ex-voto-5-coloris\/#primaryimage","url":"https:\/\/zess.fr\/shop\/wp-content\/uploads\/2024\/03\/kitcrochetcoeur5coloris.jpg","contentUrl":"https:\/\/zess.fr\/shop\/wp-content\/uploads\/2024\/03\/kitcrochetcoeur5coloris.jpg","width":1080,"height":1350,"caption":"kit crochet coeur ex voto d\u00e9co"},{"@type":"BreadcrumbList","@id":"https:\/\/zess.fr\/shop\/product\/kit-crochet-coeur-ex-voto-5-coloris\/#breadcrumb","itemListElement":[{"@type":"ListItem","position":1,"name":"Zess Crochet Boutique &#8211; Tutoriels et kit crochet","item":"https:\/\/zess.fr\/shop\/acceuil-2\/"},{"@type":"ListItem","position":2,"name":"Kits crochet","item":"https:\/\/zess.fr\/shop\/product-category\/kits-crochet\/"},{"@type":"ListItem","position":3,"name":"Kit crochet DIY &#8211; c\u0153ur ex-voto 5 coloris au choix"}]},{"@type":"WebSite","@id":"https:\/\/zess.fr\/shop\/#website","url":"https:\/\/zess.fr\/shop\/","name":"Zess Crochet - Tutoriels au crochet amigurumi, poup\u00e9es et accessoires - patron num\u00e9rique PDF - livres de crochet","description":"Tutoriels et kits crochet amigurumi et d\u00e9co","potentialAction":[{"@type":"SearchAction","target":{"@type":"EntryPoint","urlTemplate":"https:\/\/zess.fr\/shop\/?s={search_term_string}"},"query-input":{"@type":"PropertyValueSpecification","valueRequired":true,"valueName":"search_term_string"}}],"inLanguage":"fr-FR"}]}},"_links":{"self":[{"href":"https:\/\/zess.fr\/shop\/wp-json\/wp\/v2\/product\/5473","targetHints":{"allow":["GET"]}}],"collection":[{"href":"https:\/\/zess.fr\/shop\/wp-json\/wp\/v2\/product"}],"about":[{"href":"https:\/\/zess.fr\/shop\/wp-json\/wp\/v2\/types\/product"}],"replies":[{"embeddable":true,"href":"https:\/\/zess.fr\/shop\/wp-json\/wp\/v2\/comments?post=5473"}],"version-history":[{"count":6,"href":"https:\/\/zess.fr\/shop\/wp-json\/wp\/v2\/product\/5473\/revisions"}],"predecessor-version":[{"id":9650,"href":"https:\/\/zess.fr\/shop\/wp-json\/wp\/v2\/product\/5473\/revisions\/9650"}],"wp:featuredmedia":[{"embeddable":true,"href":"https:\/\/zess.fr\/shop\/wp-json\/wp\/v2\/media\/9277"}],"wp:attachment":[{"href":"https:\/\/zess.fr\/shop\/wp-json\/wp\/v2\/media?parent=5473"}],"wp:term":[{"taxonomy":"product_brand","embeddable":true,"href":"https:\/\/zess.fr\/shop\/wp-json\/wp\/v2\/product_brand?post=5473"},{"taxonomy":"product_cat","embeddable":true,"href":"https:\/\/zess.fr\/shop\/wp-json\/wp\/v2\/product_cat?post=5473"},{"taxonomy":"product_tag","embeddable":true,"href":"https:\/\/zess.fr\/shop\/wp-json\/wp\/v2\/product_tag?post=5473"}],"curies":[{"name":"wp","href":"https:\/\/api.w.org\/{rel}","templated":true}]}}