{"id":5168,"date":"2023-12-18T12:57:03","date_gmt":"2023-12-18T11:57:03","guid":{"rendered":"https:\/\/zess.fr\/shop\/?post_type=product&#038;p=5168"},"modified":"2026-01-14T19:13:57","modified_gmt":"2026-01-14T18:13:57","slug":"lot-3-tutoriels-vases-enchantes-patron-pdf-crochet","status":"publish","type":"product","link":"https:\/\/zess.fr\/shop\/product\/lot-3-tutoriels-vases-enchantes-patron-pdf-crochet\/","title":{"rendered":"Patron PDF lot 3 tutoriels vases crochet"},"content":{"rendered":"<p><strong>Niveau de difficult\u00e9 :<\/strong> facile Il faut connaitre les points de base (bride, maille serr\u00e9e, cercle magique, maille coul\u00e9e)<\/p>\n<p><strong>Caract\u00e9ristiques du lot de 3 tutoriels :<\/strong><\/p>\n<ul>\n<li>Format PDF<\/li>\n<li>Instructions \u00e9crites d\u00e9taill\u00e9es avec de nombreuses photos des \u00e9tapes du projet\n<ul>\n<li>Tutoriel vase #1 : 7 pages, 22 photos<\/li>\n<li>Tutoriel vase #2 : 6 pages, \u00a018 photos<\/li>\n<li>Tutoriel vase #3 : 7 pages, \u00a025 photos<\/li>\n<\/ul>\n<\/li>\n<li>Pas \u00e0 pas photos pour les broderies<\/li>\n<li>Liste des fournitures n\u00e9cessaires<\/li>\n<li>Z\u00e9ro couture<\/li>\n<\/ul>\n<p><strong>Taille <\/strong>vase #1 : 11\/12 cm &#8211; vase #2 : 8 cm &#8211; vase #3 : 8 cm<\/p>\n<p><strong>Langues disponibles<\/strong> : Fran\u00e7ais + English (US terms)<\/p>\n<p>Votre patron PDF est disponible en t\u00e9l\u00e9chargement imm\u00e9diat apr\u00e8s paiement.<\/p>\n<p><strong data-start=\"2228\" data-end=\"2259\">\u2757Usage strictement personnel<\/strong><br \/>\nCe patron est destin\u00e9 \u00e0 un usage personnel uniquement.<br data-start=\"354\" data-end=\"357\" \/>La vente des objets r\u00e9alis\u00e9s \u00e0 partir de ce mod\u00e8le <strong>n\u2019est pas autoris\u00e9e<\/strong> avec ce patron.<br \/>\nPour toute utilisation professionnelle ou commerciale, y compris vente occasionnelle ou ateliers, merci de me contacter. Des licences adapt\u00e9es sont propos\u00e9es.<\/p>\n<h4>Points importants<\/h4>\n<ul>\n<li>Cet achat est un fichier num\u00e9rique pour vous permettre de crocheter ces trois vases au crochet. Il ne s\u2019agit pas du produit fini.<\/li>\n<li>Cet article num\u00e9rique est <strong>non remboursable et non \u00e9changeable<\/strong>.<\/li>\n<\/ul>\n<p>\u2753Si vous avez des questions, avant ou apr\u00e8s votre commande, contactez moi !<\/p>\n","protected":false},"excerpt":{"rendered":"<p>Lot de 3 tutoriels crochet pour cr\u00e9er de magnifiques vases po\u00e9tiques. Ces tutoriels, au format PDF, vous guideront pas \u00e0 pas dans la r\u00e9alisation de 3 mod\u00e8les uniques de vases boh\u00e8mes. Ces petits projets sont parfaits pour les amateurs de crochet de tous niveaux, des d\u00e9butants aux experts.<\/p>\n<p>Une charmante id\u00e9e cadeau fait main \u00e0 offrir (ou \u00e0 s\u2019offrir !) pour No\u00ebl.<\/p>\n<p>+ de caract\u00e9ristiques du tutoriel plus bas dans l\u2019onglet description.<\/p>\n<p>T\u00e9l\u00e9chargement instantan\u00e9.<\/p>\n<p>Langues : Fran\u00e7ais \/ Anglais<\/p>\n","protected":false},"featured_media":6232,"comment_status":"open","ping_status":"closed","template":"","meta":[],"product_brand":[],"product_cat":[288,260,293,62],"product_tag":[271,274],"class_list":{"0":"post-5168","1":"product","2":"type-product","3":"status-publish","4":"has-post-thumbnail","6":"product_cat-deco-au-crochet","7":"product_cat-english-patterns","8":"product_cat-tous-les-patrons-crochet-pdf","9":"product_cat-modeles-de-crochet","10":"product_tag-deco","11":"product_tag-fleur","13":"first","14":"instock","15":"sale","16":"featured","17":"downloadable","18":"virtual","19":"sold-individually","20":"purchasable","21":"product-type-simple"},"yoast_head":"<!-- This site is optimized with the Yoast SEO plugin v27.4 - https:\/\/yoast.com\/product\/yoast-seo-wordpress\/ -->\n<title>Patron PDF lot 3 tutoriels vases crochet - Zess Crochet<\/title>\n<meta name=\"robots\" content=\"index, follow, max-snippet:-1, max-image-preview:large, max-video-preview:-1\" \/>\n<link rel=\"canonical\" href=\"https:\/\/zess.fr\/shop\/product\/lot-3-tutoriels-vases-enchantes-patron-pdf-crochet\/\" \/>\n<meta property=\"og:locale\" content=\"fr_FR\" \/>\n<meta property=\"og:type\" content=\"article\" \/>\n<meta property=\"og:title\" content=\"Patron PDF lot 3 tutoriels vases crochet - Zess Crochet\" \/>\n<meta property=\"og:description\" content=\"Lot de 3 tutoriels crochet pour cr\u00e9er de magnifiques vases po\u00e9tiques. Ces tutoriels, au format PDF, vous guideront pas \u00e0 pas dans la r\u00e9alisation de 3 mod\u00e8les uniques de vases boh\u00e8mes. Ces petits projets sont parfaits pour les amateurs de crochet de tous niveaux, des d\u00e9butants aux experts.  Une charmante id\u00e9e cadeau fait main \u00e0 offrir (ou \u00e0 s\u2019offrir !) pour No\u00ebl.  + de caract\u00e9ristiques du tutoriel plus bas dans l\u2019onglet description.  T\u00e9l\u00e9chargement instantan\u00e9.  Langues : Fran\u00e7ais \/ Anglais\" \/>\n<meta property=\"og:url\" content=\"https:\/\/zess.fr\/shop\/product\/lot-3-tutoriels-vases-enchantes-patron-pdf-crochet\/\" \/>\n<meta property=\"og:site_name\" content=\"Zess Crochet\" \/>\n<meta property=\"article:modified_time\" content=\"2026-01-14T18:13:57+00:00\" \/>\n<meta property=\"og:image\" content=\"https:\/\/zess.fr\/shop\/wp-content\/uploads\/2023\/12\/shop-2.jpg\" \/>\n\t<meta property=\"og:image:width\" content=\"1080\" \/>\n\t<meta property=\"og:image:height\" content=\"1350\" \/>\n\t<meta property=\"og:image:type\" content=\"image\/jpeg\" \/>\n<meta name=\"twitter:card\" content=\"summary_large_image\" \/>\n<meta name=\"twitter:label1\" content=\"Dur\u00e9e de lecture estim\u00e9e\" \/>\n\t<meta name=\"twitter:data1\" content=\"2 minutes\" \/>\n<script type=\"application\/ld+json\" class=\"yoast-schema-graph\">{\"@context\":\"https:\\\/\\\/schema.org\",\"@graph\":[{\"@type\":\"WebPage\",\"@id\":\"https:\\\/\\\/zess.fr\\\/shop\\\/product\\\/lot-3-tutoriels-vases-enchantes-patron-pdf-crochet\\\/\",\"url\":\"https:\\\/\\\/zess.fr\\\/shop\\\/product\\\/lot-3-tutoriels-vases-enchantes-patron-pdf-crochet\\\/\",\"name\":\"Patron PDF lot 3 tutoriels vases crochet - Zess Crochet\",\"isPartOf\":{\"@id\":\"https:\\\/\\\/zess.fr\\\/shop\\\/#website\"},\"primaryImageOfPage\":{\"@id\":\"https:\\\/\\\/zess.fr\\\/shop\\\/product\\\/lot-3-tutoriels-vases-enchantes-patron-pdf-crochet\\\/#primaryimage\"},\"image\":{\"@id\":\"https:\\\/\\\/zess.fr\\\/shop\\\/product\\\/lot-3-tutoriels-vases-enchantes-patron-pdf-crochet\\\/#primaryimage\"},\"thumbnailUrl\":\"https:\\\/\\\/zess.fr\\\/shop\\\/wp-content\\\/uploads\\\/2023\\\/12\\\/shop-2.jpg\",\"datePublished\":\"2023-12-18T11:57:03+00:00\",\"dateModified\":\"2026-01-14T18:13:57+00:00\",\"breadcrumb\":{\"@id\":\"https:\\\/\\\/zess.fr\\\/shop\\\/product\\\/lot-3-tutoriels-vases-enchantes-patron-pdf-crochet\\\/#breadcrumb\"},\"inLanguage\":\"fr-FR\",\"potentialAction\":[{\"@type\":\"ReadAction\",\"target\":[\"https:\\\/\\\/zess.fr\\\/shop\\\/product\\\/lot-3-tutoriels-vases-enchantes-patron-pdf-crochet\\\/\"]}]},{\"@type\":\"ImageObject\",\"inLanguage\":\"fr-FR\",\"@id\":\"https:\\\/\\\/zess.fr\\\/shop\\\/product\\\/lot-3-tutoriels-vases-enchantes-patron-pdf-crochet\\\/#primaryimage\",\"url\":\"https:\\\/\\\/zess.fr\\\/shop\\\/wp-content\\\/uploads\\\/2023\\\/12\\\/shop-2.jpg\",\"contentUrl\":\"https:\\\/\\\/zess.fr\\\/shop\\\/wp-content\\\/uploads\\\/2023\\\/12\\\/shop-2.jpg\",\"width\":1080,\"height\":1350,\"caption\":\"Patron crochet vase po\u00e9tique tutoriel crochet\"},{\"@type\":\"BreadcrumbList\",\"@id\":\"https:\\\/\\\/zess.fr\\\/shop\\\/product\\\/lot-3-tutoriels-vases-enchantes-patron-pdf-crochet\\\/#breadcrumb\",\"itemListElement\":[{\"@type\":\"ListItem\",\"position\":1,\"name\":\"Zess Crochet Boutique &#8211; Tutoriels et kit crochet\",\"item\":\"https:\\\/\\\/zess.fr\\\/shop\\\/acceuil-2\\\/\"},{\"@type\":\"ListItem\",\"position\":2,\"name\":\"Tutoriels crochet\",\"item\":\"https:\\\/\\\/zess.fr\\\/shop\\\/product-category\\\/modeles-de-crochet\\\/\"},{\"@type\":\"ListItem\",\"position\":3,\"name\":\"Patron PDF lot 3 tutoriels vases crochet\"}]},{\"@type\":\"WebSite\",\"@id\":\"https:\\\/\\\/zess.fr\\\/shop\\\/#website\",\"url\":\"https:\\\/\\\/zess.fr\\\/shop\\\/\",\"name\":\"Zess Crochet - Tutoriels au crochet amigurumi, poup\u00e9es et accessoires - patron num\u00e9rique PDF - livres de crochet\",\"description\":\"Tutoriels et kits crochet amigurumi et d\u00e9co\",\"potentialAction\":[{\"@type\":\"SearchAction\",\"target\":{\"@type\":\"EntryPoint\",\"urlTemplate\":\"https:\\\/\\\/zess.fr\\\/shop\\\/?s={search_term_string}\"},\"query-input\":{\"@type\":\"PropertyValueSpecification\",\"valueRequired\":true,\"valueName\":\"search_term_string\"}}],\"inLanguage\":\"fr-FR\"}]}<\/script>\n<!-- \/ Yoast SEO plugin. -->","yoast_head_json":{"title":"Patron PDF lot 3 tutoriels vases crochet - Zess Crochet","robots":{"index":"index","follow":"follow","max-snippet":"max-snippet:-1","max-image-preview":"max-image-preview:large","max-video-preview":"max-video-preview:-1"},"canonical":"https:\/\/zess.fr\/shop\/product\/lot-3-tutoriels-vases-enchantes-patron-pdf-crochet\/","og_locale":"fr_FR","og_type":"article","og_title":"Patron PDF lot 3 tutoriels vases crochet - Zess Crochet","og_description":"Lot de 3 tutoriels crochet pour cr\u00e9er de magnifiques vases po\u00e9tiques. Ces tutoriels, au format PDF, vous guideront pas \u00e0 pas dans la r\u00e9alisation de 3 mod\u00e8les uniques de vases boh\u00e8mes. Ces petits projets sont parfaits pour les amateurs de crochet de tous niveaux, des d\u00e9butants aux experts.  Une charmante id\u00e9e cadeau fait main \u00e0 offrir (ou \u00e0 s\u2019offrir !) pour No\u00ebl.  + de caract\u00e9ristiques du tutoriel plus bas dans l\u2019onglet description.  T\u00e9l\u00e9chargement instantan\u00e9.  Langues : Fran\u00e7ais \/ Anglais","og_url":"https:\/\/zess.fr\/shop\/product\/lot-3-tutoriels-vases-enchantes-patron-pdf-crochet\/","og_site_name":"Zess Crochet","article_modified_time":"2026-01-14T18:13:57+00:00","og_image":[{"width":1080,"height":1350,"url":"https:\/\/zess.fr\/shop\/wp-content\/uploads\/2023\/12\/shop-2.jpg","type":"image\/jpeg"}],"twitter_card":"summary_large_image","twitter_misc":{"Dur\u00e9e de lecture estim\u00e9e":"2 minutes"},"schema":{"@context":"https:\/\/schema.org","@graph":[{"@type":"WebPage","@id":"https:\/\/zess.fr\/shop\/product\/lot-3-tutoriels-vases-enchantes-patron-pdf-crochet\/","url":"https:\/\/zess.fr\/shop\/product\/lot-3-tutoriels-vases-enchantes-patron-pdf-crochet\/","name":"Patron PDF lot 3 tutoriels vases crochet - Zess Crochet","isPartOf":{"@id":"https:\/\/zess.fr\/shop\/#website"},"primaryImageOfPage":{"@id":"https:\/\/zess.fr\/shop\/product\/lot-3-tutoriels-vases-enchantes-patron-pdf-crochet\/#primaryimage"},"image":{"@id":"https:\/\/zess.fr\/shop\/product\/lot-3-tutoriels-vases-enchantes-patron-pdf-crochet\/#primaryimage"},"thumbnailUrl":"https:\/\/zess.fr\/shop\/wp-content\/uploads\/2023\/12\/shop-2.jpg","datePublished":"2023-12-18T11:57:03+00:00","dateModified":"2026-01-14T18:13:57+00:00","breadcrumb":{"@id":"https:\/\/zess.fr\/shop\/product\/lot-3-tutoriels-vases-enchantes-patron-pdf-crochet\/#breadcrumb"},"inLanguage":"fr-FR","potentialAction":[{"@type":"ReadAction","target":["https:\/\/zess.fr\/shop\/product\/lot-3-tutoriels-vases-enchantes-patron-pdf-crochet\/"]}]},{"@type":"ImageObject","inLanguage":"fr-FR","@id":"https:\/\/zess.fr\/shop\/product\/lot-3-tutoriels-vases-enchantes-patron-pdf-crochet\/#primaryimage","url":"https:\/\/zess.fr\/shop\/wp-content\/uploads\/2023\/12\/shop-2.jpg","contentUrl":"https:\/\/zess.fr\/shop\/wp-content\/uploads\/2023\/12\/shop-2.jpg","width":1080,"height":1350,"caption":"Patron crochet vase po\u00e9tique tutoriel crochet"},{"@type":"BreadcrumbList","@id":"https:\/\/zess.fr\/shop\/product\/lot-3-tutoriels-vases-enchantes-patron-pdf-crochet\/#breadcrumb","itemListElement":[{"@type":"ListItem","position":1,"name":"Zess Crochet Boutique &#8211; Tutoriels et kit crochet","item":"https:\/\/zess.fr\/shop\/acceuil-2\/"},{"@type":"ListItem","position":2,"name":"Tutoriels crochet","item":"https:\/\/zess.fr\/shop\/product-category\/modeles-de-crochet\/"},{"@type":"ListItem","position":3,"name":"Patron PDF lot 3 tutoriels vases crochet"}]},{"@type":"WebSite","@id":"https:\/\/zess.fr\/shop\/#website","url":"https:\/\/zess.fr\/shop\/","name":"Zess Crochet - Tutoriels au crochet amigurumi, poup\u00e9es et accessoires - patron num\u00e9rique PDF - livres de crochet","description":"Tutoriels et kits crochet amigurumi et d\u00e9co","potentialAction":[{"@type":"SearchAction","target":{"@type":"EntryPoint","urlTemplate":"https:\/\/zess.fr\/shop\/?s={search_term_string}"},"query-input":{"@type":"PropertyValueSpecification","valueRequired":true,"valueName":"search_term_string"}}],"inLanguage":"fr-FR"}]}},"_links":{"self":[{"href":"https:\/\/zess.fr\/shop\/wp-json\/wp\/v2\/product\/5168","targetHints":{"allow":["GET"]}}],"collection":[{"href":"https:\/\/zess.fr\/shop\/wp-json\/wp\/v2\/product"}],"about":[{"href":"https:\/\/zess.fr\/shop\/wp-json\/wp\/v2\/types\/product"}],"replies":[{"embeddable":true,"href":"https:\/\/zess.fr\/shop\/wp-json\/wp\/v2\/comments?post=5168"}],"version-history":[{"count":4,"href":"https:\/\/zess.fr\/shop\/wp-json\/wp\/v2\/product\/5168\/revisions"}],"predecessor-version":[{"id":9655,"href":"https:\/\/zess.fr\/shop\/wp-json\/wp\/v2\/product\/5168\/revisions\/9655"}],"wp:featuredmedia":[{"embeddable":true,"href":"https:\/\/zess.fr\/shop\/wp-json\/wp\/v2\/media\/6232"}],"wp:attachment":[{"href":"https:\/\/zess.fr\/shop\/wp-json\/wp\/v2\/media?parent=5168"}],"wp:term":[{"taxonomy":"product_brand","embeddable":true,"href":"https:\/\/zess.fr\/shop\/wp-json\/wp\/v2\/product_brand?post=5168"},{"taxonomy":"product_cat","embeddable":true,"href":"https:\/\/zess.fr\/shop\/wp-json\/wp\/v2\/product_cat?post=5168"},{"taxonomy":"product_tag","embeddable":true,"href":"https:\/\/zess.fr\/shop\/wp-json\/wp\/v2\/product_tag?post=5168"}],"curies":[{"name":"wp","href":"https:\/\/api.w.org\/{rel}","templated":true}]}}