{"id":5057,"date":"2023-11-08T10:15:26","date_gmt":"2023-11-08T09:15:26","guid":{"rendered":"https:\/\/zess.fr\/shop\/?post_type=product&#038;p=5057"},"modified":"2024-11-24T07:16:10","modified_gmt":"2024-11-24T06:16:10","slug":"livre-poupees-amigurumis-a-la-mer-au-crochet","status":"publish","type":"product","link":"https:\/\/zess.fr\/shop\/product\/livre-poupees-amigurumis-a-la-mer-au-crochet\/","title":{"rendered":"Livre Poup\u00e9es &#038; Amigurumis \u00e0 la mer au crochet"},"content":{"rendered":"","protected":false},"excerpt":{"rendered":"<p>Ouvrage collectif r\u00e9unissant 30 personnages &amp; accessoires de diff\u00e9rents designers crochet.<\/p>\n<p>Langue : fran\u00e7ais<\/p>\n<p>Pages : 96.<\/p>\n","protected":false},"featured_media":5058,"comment_status":"closed","ping_status":"closed","template":"","meta":[],"product_brand":[],"product_cat":[63],"product_tag":[272],"class_list":{"0":"post-5057","1":"product","2":"type-product","3":"status-publish","4":"has-post-thumbnail","6":"product_cat-livre-de-crochet","7":"product_tag-livre","9":"first","10":"instock","11":"sold-individually","12":"shipping-taxable","13":"product-type-external"},"yoast_head":"<!-- This site is optimized with the Yoast SEO plugin v27.3 - https:\/\/yoast.com\/product\/yoast-seo-wordpress\/ -->\n<title>Livre Poup\u00e9es &amp; Amigurumis \u00e0 la mer au crochet - Zess Crochet<\/title>\n<meta name=\"robots\" content=\"index, follow, max-snippet:-1, max-image-preview:large, max-video-preview:-1\" \/>\n<link rel=\"canonical\" href=\"https:\/\/zess.fr\/shop\/product\/livre-poupees-amigurumis-a-la-mer-au-crochet\/\" \/>\n<meta property=\"og:locale\" content=\"fr_FR\" \/>\n<meta property=\"og:type\" content=\"article\" \/>\n<meta property=\"og:title\" content=\"Livre Poup\u00e9es &amp; Amigurumis \u00e0 la mer au crochet - Zess Crochet\" \/>\n<meta property=\"og:description\" content=\"Ouvrage collectif r\u00e9unissant 30 personnages &amp; accessoires de diff\u00e9rents designers crochet.  Langue : fran\u00e7ais  Pages : 96.\" \/>\n<meta property=\"og:url\" content=\"https:\/\/zess.fr\/shop\/product\/livre-poupees-amigurumis-a-la-mer-au-crochet\/\" \/>\n<meta property=\"og:site_name\" content=\"Zess Crochet\" \/>\n<meta property=\"article:modified_time\" content=\"2024-11-24T06:16:10+00:00\" \/>\n<meta property=\"og:image\" content=\"https:\/\/zess.fr\/shop\/wp-content\/uploads\/2023\/11\/IMG_1167.jpeg\" \/>\n\t<meta property=\"og:image:width\" content=\"388\" \/>\n\t<meta property=\"og:image:height\" content=\"500\" \/>\n\t<meta property=\"og:image:type\" content=\"image\/jpeg\" \/>\n<meta name=\"twitter:card\" content=\"summary_large_image\" \/>\n<meta name=\"twitter:label1\" content=\"Dur\u00e9e de lecture estim\u00e9e\" \/>\n\t<meta name=\"twitter:data1\" content=\"1 minute\" \/>\n<script type=\"application\/ld+json\" class=\"yoast-schema-graph\">{\"@context\":\"https:\\\/\\\/schema.org\",\"@graph\":[{\"@type\":\"WebPage\",\"@id\":\"https:\\\/\\\/zess.fr\\\/shop\\\/product\\\/livre-poupees-amigurumis-a-la-mer-au-crochet\\\/\",\"url\":\"https:\\\/\\\/zess.fr\\\/shop\\\/product\\\/livre-poupees-amigurumis-a-la-mer-au-crochet\\\/\",\"name\":\"Livre Poup\u00e9es & Amigurumis \u00e0 la mer au crochet - Zess Crochet\",\"isPartOf\":{\"@id\":\"https:\\\/\\\/zess.fr\\\/shop\\\/#website\"},\"primaryImageOfPage\":{\"@id\":\"https:\\\/\\\/zess.fr\\\/shop\\\/product\\\/livre-poupees-amigurumis-a-la-mer-au-crochet\\\/#primaryimage\"},\"image\":{\"@id\":\"https:\\\/\\\/zess.fr\\\/shop\\\/product\\\/livre-poupees-amigurumis-a-la-mer-au-crochet\\\/#primaryimage\"},\"thumbnailUrl\":\"https:\\\/\\\/zess.fr\\\/shop\\\/wp-content\\\/uploads\\\/2023\\\/11\\\/IMG_1167.jpeg\",\"datePublished\":\"2023-11-08T09:15:26+00:00\",\"dateModified\":\"2024-11-24T06:16:10+00:00\",\"breadcrumb\":{\"@id\":\"https:\\\/\\\/zess.fr\\\/shop\\\/product\\\/livre-poupees-amigurumis-a-la-mer-au-crochet\\\/#breadcrumb\"},\"inLanguage\":\"fr-FR\",\"potentialAction\":[{\"@type\":\"ReadAction\",\"target\":[\"https:\\\/\\\/zess.fr\\\/shop\\\/product\\\/livre-poupees-amigurumis-a-la-mer-au-crochet\\\/\"]}]},{\"@type\":\"ImageObject\",\"inLanguage\":\"fr-FR\",\"@id\":\"https:\\\/\\\/zess.fr\\\/shop\\\/product\\\/livre-poupees-amigurumis-a-la-mer-au-crochet\\\/#primaryimage\",\"url\":\"https:\\\/\\\/zess.fr\\\/shop\\\/wp-content\\\/uploads\\\/2023\\\/11\\\/IMG_1167.jpeg\",\"contentUrl\":\"https:\\\/\\\/zess.fr\\\/shop\\\/wp-content\\\/uploads\\\/2023\\\/11\\\/IMG_1167.jpeg\",\"width\":388,\"height\":500,\"caption\":\"Livre poup\u00e9es et amigurumis \u00e0 la mer au crochet\"},{\"@type\":\"BreadcrumbList\",\"@id\":\"https:\\\/\\\/zess.fr\\\/shop\\\/product\\\/livre-poupees-amigurumis-a-la-mer-au-crochet\\\/#breadcrumb\",\"itemListElement\":[{\"@type\":\"ListItem\",\"position\":1,\"name\":\"Zess Crochet Boutique &#8211; Tutoriels et kit crochet\",\"item\":\"https:\\\/\\\/zess.fr\\\/shop\\\/acceuil-2\\\/\"},{\"@type\":\"ListItem\",\"position\":2,\"name\":\"Livres de crochet &amp; coffret crochet collab\",\"item\":\"https:\\\/\\\/zess.fr\\\/shop\\\/product-category\\\/livre-de-crochet\\\/\"},{\"@type\":\"ListItem\",\"position\":3,\"name\":\"Livre Poup\u00e9es &#038; Amigurumis \u00e0 la mer au crochet\"}]},{\"@type\":\"WebSite\",\"@id\":\"https:\\\/\\\/zess.fr\\\/shop\\\/#website\",\"url\":\"https:\\\/\\\/zess.fr\\\/shop\\\/\",\"name\":\"Zess Crochet - Tutoriels au crochet amigurumi, poup\u00e9es et accessoires - patron num\u00e9rique PDF - livres de crochet\",\"description\":\"Tutoriels et kits crochet amigurumi et d\u00e9co\",\"potentialAction\":[{\"@type\":\"SearchAction\",\"target\":{\"@type\":\"EntryPoint\",\"urlTemplate\":\"https:\\\/\\\/zess.fr\\\/shop\\\/?s={search_term_string}\"},\"query-input\":{\"@type\":\"PropertyValueSpecification\",\"valueRequired\":true,\"valueName\":\"search_term_string\"}}],\"inLanguage\":\"fr-FR\"}]}<\/script>\n<!-- \/ Yoast SEO plugin. -->","yoast_head_json":{"title":"Livre Poup\u00e9es & Amigurumis \u00e0 la mer au crochet - Zess Crochet","robots":{"index":"index","follow":"follow","max-snippet":"max-snippet:-1","max-image-preview":"max-image-preview:large","max-video-preview":"max-video-preview:-1"},"canonical":"https:\/\/zess.fr\/shop\/product\/livre-poupees-amigurumis-a-la-mer-au-crochet\/","og_locale":"fr_FR","og_type":"article","og_title":"Livre Poup\u00e9es & Amigurumis \u00e0 la mer au crochet - Zess Crochet","og_description":"Ouvrage collectif r\u00e9unissant 30 personnages &amp; accessoires de diff\u00e9rents designers crochet.  Langue : fran\u00e7ais  Pages : 96.","og_url":"https:\/\/zess.fr\/shop\/product\/livre-poupees-amigurumis-a-la-mer-au-crochet\/","og_site_name":"Zess Crochet","article_modified_time":"2024-11-24T06:16:10+00:00","og_image":[{"width":388,"height":500,"url":"https:\/\/zess.fr\/shop\/wp-content\/uploads\/2023\/11\/IMG_1167.jpeg","type":"image\/jpeg"}],"twitter_card":"summary_large_image","twitter_misc":{"Dur\u00e9e de lecture estim\u00e9e":"1 minute"},"schema":{"@context":"https:\/\/schema.org","@graph":[{"@type":"WebPage","@id":"https:\/\/zess.fr\/shop\/product\/livre-poupees-amigurumis-a-la-mer-au-crochet\/","url":"https:\/\/zess.fr\/shop\/product\/livre-poupees-amigurumis-a-la-mer-au-crochet\/","name":"Livre Poup\u00e9es & Amigurumis \u00e0 la mer au crochet - Zess Crochet","isPartOf":{"@id":"https:\/\/zess.fr\/shop\/#website"},"primaryImageOfPage":{"@id":"https:\/\/zess.fr\/shop\/product\/livre-poupees-amigurumis-a-la-mer-au-crochet\/#primaryimage"},"image":{"@id":"https:\/\/zess.fr\/shop\/product\/livre-poupees-amigurumis-a-la-mer-au-crochet\/#primaryimage"},"thumbnailUrl":"https:\/\/zess.fr\/shop\/wp-content\/uploads\/2023\/11\/IMG_1167.jpeg","datePublished":"2023-11-08T09:15:26+00:00","dateModified":"2024-11-24T06:16:10+00:00","breadcrumb":{"@id":"https:\/\/zess.fr\/shop\/product\/livre-poupees-amigurumis-a-la-mer-au-crochet\/#breadcrumb"},"inLanguage":"fr-FR","potentialAction":[{"@type":"ReadAction","target":["https:\/\/zess.fr\/shop\/product\/livre-poupees-amigurumis-a-la-mer-au-crochet\/"]}]},{"@type":"ImageObject","inLanguage":"fr-FR","@id":"https:\/\/zess.fr\/shop\/product\/livre-poupees-amigurumis-a-la-mer-au-crochet\/#primaryimage","url":"https:\/\/zess.fr\/shop\/wp-content\/uploads\/2023\/11\/IMG_1167.jpeg","contentUrl":"https:\/\/zess.fr\/shop\/wp-content\/uploads\/2023\/11\/IMG_1167.jpeg","width":388,"height":500,"caption":"Livre poup\u00e9es et amigurumis \u00e0 la mer au crochet"},{"@type":"BreadcrumbList","@id":"https:\/\/zess.fr\/shop\/product\/livre-poupees-amigurumis-a-la-mer-au-crochet\/#breadcrumb","itemListElement":[{"@type":"ListItem","position":1,"name":"Zess Crochet Boutique &#8211; Tutoriels et kit crochet","item":"https:\/\/zess.fr\/shop\/acceuil-2\/"},{"@type":"ListItem","position":2,"name":"Livres de crochet &amp; coffret crochet collab","item":"https:\/\/zess.fr\/shop\/product-category\/livre-de-crochet\/"},{"@type":"ListItem","position":3,"name":"Livre Poup\u00e9es &#038; Amigurumis \u00e0 la mer au crochet"}]},{"@type":"WebSite","@id":"https:\/\/zess.fr\/shop\/#website","url":"https:\/\/zess.fr\/shop\/","name":"Zess Crochet - Tutoriels au crochet amigurumi, poup\u00e9es et accessoires - patron num\u00e9rique PDF - livres de crochet","description":"Tutoriels et kits crochet amigurumi et d\u00e9co","potentialAction":[{"@type":"SearchAction","target":{"@type":"EntryPoint","urlTemplate":"https:\/\/zess.fr\/shop\/?s={search_term_string}"},"query-input":{"@type":"PropertyValueSpecification","valueRequired":true,"valueName":"search_term_string"}}],"inLanguage":"fr-FR"}]}},"_links":{"self":[{"href":"https:\/\/zess.fr\/shop\/wp-json\/wp\/v2\/product\/5057","targetHints":{"allow":["GET"]}}],"collection":[{"href":"https:\/\/zess.fr\/shop\/wp-json\/wp\/v2\/product"}],"about":[{"href":"https:\/\/zess.fr\/shop\/wp-json\/wp\/v2\/types\/product"}],"replies":[{"embeddable":true,"href":"https:\/\/zess.fr\/shop\/wp-json\/wp\/v2\/comments?post=5057"}],"version-history":[{"count":0,"href":"https:\/\/zess.fr\/shop\/wp-json\/wp\/v2\/product\/5057\/revisions"}],"wp:featuredmedia":[{"embeddable":true,"href":"https:\/\/zess.fr\/shop\/wp-json\/wp\/v2\/media\/5058"}],"wp:attachment":[{"href":"https:\/\/zess.fr\/shop\/wp-json\/wp\/v2\/media?parent=5057"}],"wp:term":[{"taxonomy":"product_brand","embeddable":true,"href":"https:\/\/zess.fr\/shop\/wp-json\/wp\/v2\/product_brand?post=5057"},{"taxonomy":"product_cat","embeddable":true,"href":"https:\/\/zess.fr\/shop\/wp-json\/wp\/v2\/product_cat?post=5057"},{"taxonomy":"product_tag","embeddable":true,"href":"https:\/\/zess.fr\/shop\/wp-json\/wp\/v2\/product_tag?post=5057"}],"curies":[{"name":"wp","href":"https:\/\/api.w.org\/{rel}","templated":true}]}}