{"id":4724,"date":"2023-10-06T16:02:06","date_gmt":"2023-10-06T14:02:06","guid":{"rendered":"https:\/\/zess.fr\/shop\/?post_type=product&#038;p=4724"},"modified":"2026-01-14T19:12:24","modified_gmt":"2026-01-14T18:12:24","slug":"pochette-porte-cartes-granny","status":"publish","type":"product","link":"https:\/\/zess.fr\/shop\/product\/pochette-porte-cartes-granny\/","title":{"rendered":"Patron crochet PDF &#8211; porte-cartes granny"},"content":{"rendered":"<p><strong>Taille <\/strong>ferm\u00e9e : 10 x 7,5cm &#8211; Taille ouvert : 10 x 15 cm<\/p>\n<p><strong>Niveau de difficult\u00e9 :<\/strong> d\u00e9butant<\/p>\n<p><strong>Caract\u00e9ristiques du tutoriel :<\/strong><\/p>\n<ul>\n<li>Liste des fournitures n\u00e9cessaires<\/li>\n<li>10 pages d\u2019instructions \u00e9crites d\u00e9taill\u00e9es<\/li>\n<li>1 diagramme des 4 premiers tours du carr\u00e9 granny pour vous aider \u00e0 visualiser chaque \u00e9tape du processus<\/li>\n<li>31 photos des \u00e9tapes du projet<\/li>\n<li>Une le\u00e7on pour apprendre \u00e0 faire la bride debout (plus jolie que les 3 ml du d\u00e9but)<\/li>\n<li>Z\u00e9ro couture \u00e0 l\u2019aiguille : on n\u2019utilise que son crochet !<\/li>\n<\/ul>\n<p><strong>Langues disponibles<\/strong> : Fran\u00e7ais + English (US terms)<\/p>\n<p>Votre patron PDF est disponible en t\u00e9l\u00e9chargement imm\u00e9diat apr\u00e8s paiement.<\/p>\n<p><strong data-start=\"2228\" data-end=\"2259\">\u2757Usage strictement personnel<\/strong><br \/>\nCe patron est destin\u00e9 \u00e0 un usage personnel uniquement.<br data-start=\"354\" data-end=\"357\" \/>La vente des objets r\u00e9alis\u00e9s \u00e0 partir de ce mod\u00e8le <strong>n\u2019est pas autoris\u00e9e<\/strong> avec ce patron.<br \/>\nPour toute utilisation professionnelle ou commerciale, y compris vente occasionnelle ou ateliers, merci de me contacter. Des licences adapt\u00e9es sont propos\u00e9es.<\/p>\n<h4>Points importants<\/h4>\n<ul>\n<li>Cet achat est un fichier num\u00e9rique pour vous permettre de crocheter cette petite pochette de rangement au crochet. Il ne s\u2019agit pas du produit fini.<\/li>\n<li>Cet article num\u00e9rique est <strong>non remboursable et non \u00e9changeable<\/strong>.<\/li>\n<\/ul>\n<p>\u2753Si vous avez des questions, avant ou apr\u00e8s votre commande, contactez moi !<\/p>\n","protected":false},"excerpt":{"rendered":"<p>Tutoriel complet pour cr\u00e9er une pochette porte-cartes en carr\u00e9 granny au crochet super pratique. Ce petit projet est parfait pour les amateurs de crochet de tous niveaux, des d\u00e9butants aux experts. Vous serez guid\u00e9 \u00e9tape par \u00e9tape avec 31 nombreuses photos, 1 diagramme et les instructions \u00e9crites d\u00e9taill\u00e9es de 10 pages.<br \/>\nId\u00e9al pour finir les fins de pelotes pour cr\u00e9er un accessoire pratique pour y glisser carte vitale, carte bancaire, permis de conduire, carte d\u2019identit\u00e9, carte de fid\u00e9lit\u00e9, etc \u2026<\/p>\n<p>Transformez vos carr\u00e9s granny en objets pratiques gr\u00e2ce \u00e0 ce patron !<\/p>\n<p>+ de caract\u00e9ristiques du tutoriel plus bas dans l\u2019onglet description.<\/p>\n<p>T\u00e9l\u00e9chargement instantan\u00e9.<\/p>\n<p>Langues : Fran\u00e7ais \/ English<\/p>\n","protected":false},"featured_media":7594,"comment_status":"open","ping_status":"closed","template":"","meta":[],"product_brand":[],"product_cat":[260,292,289,293,62],"product_tag":[276,270],"class_list":{"0":"post-4724","1":"product","2":"type-product","3":"status-publish","4":"has-post-thumbnail","6":"product_cat-english-patterns","7":"product_cat-granny-square","8":"product_cat-accessoires-pochons-crochet","9":"product_cat-tous-les-patrons-crochet-pdf","10":"product_cat-modeles-de-crochet","11":"product_tag-accessoire","12":"product_tag-granny","14":"first","15":"instock","16":"featured","17":"downloadable","18":"virtual","19":"sold-individually","20":"purchasable","21":"product-type-simple"},"yoast_head":"<!-- This site is optimized with the Yoast SEO plugin v27.3 - https:\/\/yoast.com\/product\/yoast-seo-wordpress\/ -->\n<title>Patron crochet PDF - porte-cartes granny - Zess Crochet<\/title>\n<meta name=\"robots\" content=\"index, follow, max-snippet:-1, max-image-preview:large, max-video-preview:-1\" \/>\n<link rel=\"canonical\" href=\"https:\/\/zess.fr\/shop\/product\/pochette-porte-cartes-granny\/\" \/>\n<meta property=\"og:locale\" content=\"fr_FR\" \/>\n<meta property=\"og:type\" content=\"article\" \/>\n<meta property=\"og:title\" content=\"Patron crochet PDF - porte-cartes granny - Zess Crochet\" \/>\n<meta property=\"og:description\" content=\"Tutoriel complet pour cr\u00e9er une pochette porte-cartes en carr\u00e9 granny au crochet super pratique. Ce petit projet est parfait pour les amateurs de crochet de tous niveaux, des d\u00e9butants aux experts. Vous serez guid\u00e9 \u00e9tape par \u00e9tape avec 31 nombreuses photos, 1 diagramme et les instructions \u00e9crites d\u00e9taill\u00e9es de 10 pages. Id\u00e9al pour finir les fins de pelotes pour cr\u00e9er un accessoire pratique pour y glisser carte vitale, carte bancaire, permis de conduire, carte d\u2019identit\u00e9, carte de fid\u00e9lit\u00e9, etc \u2026  Transformez vos carr\u00e9s granny en objets pratiques gr\u00e2ce \u00e0 ce patron !  + de caract\u00e9ristiques du tutoriel plus bas dans l\u2019onglet description.  T\u00e9l\u00e9chargement instantan\u00e9.  Langues : Fran\u00e7ais \/ English\" \/>\n<meta property=\"og:url\" content=\"https:\/\/zess.fr\/shop\/product\/pochette-porte-cartes-granny\/\" \/>\n<meta property=\"og:site_name\" content=\"Zess Crochet\" \/>\n<meta property=\"article:modified_time\" content=\"2026-01-14T18:12:24+00:00\" \/>\n<meta property=\"og:image\" content=\"https:\/\/zess.fr\/shop\/wp-content\/uploads\/2023\/10\/shop-7.jpg\" \/>\n\t<meta property=\"og:image:width\" content=\"1080\" \/>\n\t<meta property=\"og:image:height\" content=\"1350\" \/>\n\t<meta property=\"og:image:type\" content=\"image\/jpeg\" \/>\n<meta name=\"twitter:card\" content=\"summary_large_image\" \/>\n<meta name=\"twitter:label1\" content=\"Dur\u00e9e de lecture estim\u00e9e\" \/>\n\t<meta name=\"twitter:data1\" content=\"2 minutes\" \/>\n<script type=\"application\/ld+json\" class=\"yoast-schema-graph\">{\"@context\":\"https:\\\/\\\/schema.org\",\"@graph\":[{\"@type\":\"WebPage\",\"@id\":\"https:\\\/\\\/zess.fr\\\/shop\\\/product\\\/pochette-porte-cartes-granny\\\/\",\"url\":\"https:\\\/\\\/zess.fr\\\/shop\\\/product\\\/pochette-porte-cartes-granny\\\/\",\"name\":\"Patron crochet PDF - porte-cartes granny - Zess Crochet\",\"isPartOf\":{\"@id\":\"https:\\\/\\\/zess.fr\\\/shop\\\/#website\"},\"primaryImageOfPage\":{\"@id\":\"https:\\\/\\\/zess.fr\\\/shop\\\/product\\\/pochette-porte-cartes-granny\\\/#primaryimage\"},\"image\":{\"@id\":\"https:\\\/\\\/zess.fr\\\/shop\\\/product\\\/pochette-porte-cartes-granny\\\/#primaryimage\"},\"thumbnailUrl\":\"https:\\\/\\\/zess.fr\\\/shop\\\/wp-content\\\/uploads\\\/2023\\\/10\\\/shop-7.jpg\",\"datePublished\":\"2023-10-06T14:02:06+00:00\",\"dateModified\":\"2026-01-14T18:12:24+00:00\",\"breadcrumb\":{\"@id\":\"https:\\\/\\\/zess.fr\\\/shop\\\/product\\\/pochette-porte-cartes-granny\\\/#breadcrumb\"},\"inLanguage\":\"fr-FR\",\"potentialAction\":[{\"@type\":\"ReadAction\",\"target\":[\"https:\\\/\\\/zess.fr\\\/shop\\\/product\\\/pochette-porte-cartes-granny\\\/\"]}]},{\"@type\":\"ImageObject\",\"inLanguage\":\"fr-FR\",\"@id\":\"https:\\\/\\\/zess.fr\\\/shop\\\/product\\\/pochette-porte-cartes-granny\\\/#primaryimage\",\"url\":\"https:\\\/\\\/zess.fr\\\/shop\\\/wp-content\\\/uploads\\\/2023\\\/10\\\/shop-7.jpg\",\"contentUrl\":\"https:\\\/\\\/zess.fr\\\/shop\\\/wp-content\\\/uploads\\\/2023\\\/10\\\/shop-7.jpg\",\"width\":1080,\"height\":1350,\"caption\":\"patron crochet porte cartes zess\"},{\"@type\":\"BreadcrumbList\",\"@id\":\"https:\\\/\\\/zess.fr\\\/shop\\\/product\\\/pochette-porte-cartes-granny\\\/#breadcrumb\",\"itemListElement\":[{\"@type\":\"ListItem\",\"position\":1,\"name\":\"Zess Crochet Boutique &#8211; Tutoriels et kit crochet\",\"item\":\"https:\\\/\\\/zess.fr\\\/shop\\\/acceuil-2\\\/\"},{\"@type\":\"ListItem\",\"position\":2,\"name\":\"Tutoriels crochet\",\"item\":\"https:\\\/\\\/zess.fr\\\/shop\\\/product-category\\\/modeles-de-crochet\\\/\"},{\"@type\":\"ListItem\",\"position\":3,\"name\":\"Patron crochet PDF &#8211; porte-cartes granny\"}]},{\"@type\":\"WebSite\",\"@id\":\"https:\\\/\\\/zess.fr\\\/shop\\\/#website\",\"url\":\"https:\\\/\\\/zess.fr\\\/shop\\\/\",\"name\":\"Zess Crochet - Tutoriels au crochet amigurumi, poup\u00e9es et accessoires - patron num\u00e9rique PDF - livres de crochet\",\"description\":\"Tutoriels et kits crochet amigurumi et d\u00e9co\",\"potentialAction\":[{\"@type\":\"SearchAction\",\"target\":{\"@type\":\"EntryPoint\",\"urlTemplate\":\"https:\\\/\\\/zess.fr\\\/shop\\\/?s={search_term_string}\"},\"query-input\":{\"@type\":\"PropertyValueSpecification\",\"valueRequired\":true,\"valueName\":\"search_term_string\"}}],\"inLanguage\":\"fr-FR\"}]}<\/script>\n<!-- \/ Yoast SEO plugin. -->","yoast_head_json":{"title":"Patron crochet PDF - porte-cartes granny - Zess Crochet","robots":{"index":"index","follow":"follow","max-snippet":"max-snippet:-1","max-image-preview":"max-image-preview:large","max-video-preview":"max-video-preview:-1"},"canonical":"https:\/\/zess.fr\/shop\/product\/pochette-porte-cartes-granny\/","og_locale":"fr_FR","og_type":"article","og_title":"Patron crochet PDF - porte-cartes granny - Zess Crochet","og_description":"Tutoriel complet pour cr\u00e9er une pochette porte-cartes en carr\u00e9 granny au crochet super pratique. Ce petit projet est parfait pour les amateurs de crochet de tous niveaux, des d\u00e9butants aux experts. Vous serez guid\u00e9 \u00e9tape par \u00e9tape avec 31 nombreuses photos, 1 diagramme et les instructions \u00e9crites d\u00e9taill\u00e9es de 10 pages. Id\u00e9al pour finir les fins de pelotes pour cr\u00e9er un accessoire pratique pour y glisser carte vitale, carte bancaire, permis de conduire, carte d\u2019identit\u00e9, carte de fid\u00e9lit\u00e9, etc \u2026  Transformez vos carr\u00e9s granny en objets pratiques gr\u00e2ce \u00e0 ce patron !  + de caract\u00e9ristiques du tutoriel plus bas dans l\u2019onglet description.  T\u00e9l\u00e9chargement instantan\u00e9.  Langues : Fran\u00e7ais \/ English","og_url":"https:\/\/zess.fr\/shop\/product\/pochette-porte-cartes-granny\/","og_site_name":"Zess Crochet","article_modified_time":"2026-01-14T18:12:24+00:00","og_image":[{"width":1080,"height":1350,"url":"https:\/\/zess.fr\/shop\/wp-content\/uploads\/2023\/10\/shop-7.jpg","type":"image\/jpeg"}],"twitter_card":"summary_large_image","twitter_misc":{"Dur\u00e9e de lecture estim\u00e9e":"2 minutes"},"schema":{"@context":"https:\/\/schema.org","@graph":[{"@type":"WebPage","@id":"https:\/\/zess.fr\/shop\/product\/pochette-porte-cartes-granny\/","url":"https:\/\/zess.fr\/shop\/product\/pochette-porte-cartes-granny\/","name":"Patron crochet PDF - porte-cartes granny - Zess Crochet","isPartOf":{"@id":"https:\/\/zess.fr\/shop\/#website"},"primaryImageOfPage":{"@id":"https:\/\/zess.fr\/shop\/product\/pochette-porte-cartes-granny\/#primaryimage"},"image":{"@id":"https:\/\/zess.fr\/shop\/product\/pochette-porte-cartes-granny\/#primaryimage"},"thumbnailUrl":"https:\/\/zess.fr\/shop\/wp-content\/uploads\/2023\/10\/shop-7.jpg","datePublished":"2023-10-06T14:02:06+00:00","dateModified":"2026-01-14T18:12:24+00:00","breadcrumb":{"@id":"https:\/\/zess.fr\/shop\/product\/pochette-porte-cartes-granny\/#breadcrumb"},"inLanguage":"fr-FR","potentialAction":[{"@type":"ReadAction","target":["https:\/\/zess.fr\/shop\/product\/pochette-porte-cartes-granny\/"]}]},{"@type":"ImageObject","inLanguage":"fr-FR","@id":"https:\/\/zess.fr\/shop\/product\/pochette-porte-cartes-granny\/#primaryimage","url":"https:\/\/zess.fr\/shop\/wp-content\/uploads\/2023\/10\/shop-7.jpg","contentUrl":"https:\/\/zess.fr\/shop\/wp-content\/uploads\/2023\/10\/shop-7.jpg","width":1080,"height":1350,"caption":"patron crochet porte cartes zess"},{"@type":"BreadcrumbList","@id":"https:\/\/zess.fr\/shop\/product\/pochette-porte-cartes-granny\/#breadcrumb","itemListElement":[{"@type":"ListItem","position":1,"name":"Zess Crochet Boutique &#8211; Tutoriels et kit crochet","item":"https:\/\/zess.fr\/shop\/acceuil-2\/"},{"@type":"ListItem","position":2,"name":"Tutoriels crochet","item":"https:\/\/zess.fr\/shop\/product-category\/modeles-de-crochet\/"},{"@type":"ListItem","position":3,"name":"Patron crochet PDF &#8211; porte-cartes granny"}]},{"@type":"WebSite","@id":"https:\/\/zess.fr\/shop\/#website","url":"https:\/\/zess.fr\/shop\/","name":"Zess Crochet - Tutoriels au crochet amigurumi, poup\u00e9es et accessoires - patron num\u00e9rique PDF - livres de crochet","description":"Tutoriels et kits crochet amigurumi et d\u00e9co","potentialAction":[{"@type":"SearchAction","target":{"@type":"EntryPoint","urlTemplate":"https:\/\/zess.fr\/shop\/?s={search_term_string}"},"query-input":{"@type":"PropertyValueSpecification","valueRequired":true,"valueName":"search_term_string"}}],"inLanguage":"fr-FR"}]}},"_links":{"self":[{"href":"https:\/\/zess.fr\/shop\/wp-json\/wp\/v2\/product\/4724","targetHints":{"allow":["GET"]}}],"collection":[{"href":"https:\/\/zess.fr\/shop\/wp-json\/wp\/v2\/product"}],"about":[{"href":"https:\/\/zess.fr\/shop\/wp-json\/wp\/v2\/types\/product"}],"replies":[{"embeddable":true,"href":"https:\/\/zess.fr\/shop\/wp-json\/wp\/v2\/comments?post=4724"}],"version-history":[{"count":5,"href":"https:\/\/zess.fr\/shop\/wp-json\/wp\/v2\/product\/4724\/revisions"}],"predecessor-version":[{"id":9654,"href":"https:\/\/zess.fr\/shop\/wp-json\/wp\/v2\/product\/4724\/revisions\/9654"}],"wp:featuredmedia":[{"embeddable":true,"href":"https:\/\/zess.fr\/shop\/wp-json\/wp\/v2\/media\/7594"}],"wp:attachment":[{"href":"https:\/\/zess.fr\/shop\/wp-json\/wp\/v2\/media?parent=4724"}],"wp:term":[{"taxonomy":"product_brand","embeddable":true,"href":"https:\/\/zess.fr\/shop\/wp-json\/wp\/v2\/product_brand?post=4724"},{"taxonomy":"product_cat","embeddable":true,"href":"https:\/\/zess.fr\/shop\/wp-json\/wp\/v2\/product_cat?post=4724"},{"taxonomy":"product_tag","embeddable":true,"href":"https:\/\/zess.fr\/shop\/wp-json\/wp\/v2\/product_tag?post=4724"}],"curies":[{"name":"wp","href":"https:\/\/api.w.org\/{rel}","templated":true}]}}