{"id":4527,"date":"2020-09-20T17:49:52","date_gmt":"2020-09-20T15:49:52","guid":{"rendered":"https:\/\/zess.fr\/shop\/?post_type=product&#038;p=4527"},"modified":"2026-03-07T20:22:29","modified_gmt":"2026-03-07T19:22:29","slug":"tutoriel-crochet-marque-pages-trombones-fleuris-patron-pdf","status":"publish","type":"product","link":"https:\/\/zess.fr\/shop\/product\/tutoriel-crochet-marque-pages-trombones-fleuris-patron-pdf\/","title":{"rendered":"Tutoriel crochet GRATUIT marque-pages trombones fleuris &#8211; patron PDF"},"content":{"rendered":"<p><strong>Niveau de difficult\u00e9 :<\/strong> d\u00e9butant<\/p>\n<p><strong>Caract\u00e9ristiques du tutoriel :<\/strong><\/p>\n<ul>\n<li>Liste des fournitures n\u00e9cessaires<\/li>\n<li>Instructions \u00e9crites d\u00e9taill\u00e9es<\/li>\n<li>Des photos des \u00e9tapes du projet<\/li>\n<li>Z\u00e9ro couture !<\/li>\n<\/ul>\n<p><b>Langue<\/b> : Fran\u00e7ais \ud83c\uddeb\ud83c\uddf7 \/ Anglais \ud83c\uddfa\ud83c\uddf8<\/p>\n<p>Pour t\u00e9l\u00e9charger le patron de crochet gratuitement, suivez simplement le processus de commande comme si vous achetiez le produit. Si vous souhaitez \u00e9galement acheter d\u2019autres tutoriels payants, vous pouvez les ajouter \u00e0 votre panier. Une fois que vous avez termin\u00e9, vous pourrez t\u00e9l\u00e9charger le tutoriel des marque-pages trombones fleuris gratuitement en finalisant votre commande. C\u2019est aussi simple que \u00e7a !<\/p>\n<p><strong>Le patron est r\u00e9serv\u00e9 \u00e0 un usage strictement personnel. La vente des produits termin\u00e9s est interdite.<\/strong><\/p>\n","protected":false},"excerpt":{"rendered":"<p>Ce tutoriel de crochet est gratuit.<\/p>\n<p>Laissez vous guider pas \u00e0 pas pour cr\u00e9er de jolies marque-pages fleuris avec z\u00e9ro couture (ni colle !). Rapides \u00e0 r\u00e9aliser, parfaits pour \u00e9couler vos fins de pelotes et mignons \u00e0 offrir en cadeau ! Profitez vite de ce patron crochet cadeau !<\/p>\n<p>+ de caract\u00e9ristiques du tutoriel plus bas dans l\u2019onglet description.<\/p>\n<p>T\u00e9l\u00e9chargement instantan\u00e9.<\/p>\n<p>Langue : fran\u00e7ais \/ anglais<\/p>\n","protected":false},"featured_media":4603,"comment_status":"open","ping_status":"closed","template":"","meta":[],"product_brand":[],"product_cat":[261,269,62],"product_tag":[282],"class_list":{"0":"post-4527","1":"product","2":"type-product","3":"status-publish","4":"has-post-thumbnail","6":"product_cat-patrons-gratuits","7":"product_cat-patrons-gratuits-modeles-de-crochet","8":"product_cat-modeles-de-crochet","9":"product_tag-free","11":"first","12":"instock","13":"downloadable","14":"virtual","15":"sold-individually","16":"purchasable","17":"product-type-simple"},"yoast_head":"<!-- This site is optimized with the Yoast SEO plugin v27.3 - https:\/\/yoast.com\/product\/yoast-seo-wordpress\/ -->\n<title>Tutoriel crochet GRATUIT marque-pages trombones fleuris - patron PDF - Zess Crochet<\/title>\n<meta name=\"robots\" content=\"index, follow, max-snippet:-1, max-image-preview:large, max-video-preview:-1\" \/>\n<link rel=\"canonical\" href=\"https:\/\/zess.fr\/shop\/product\/tutoriel-crochet-marque-pages-trombones-fleuris-patron-pdf\/\" \/>\n<meta property=\"og:locale\" content=\"fr_FR\" \/>\n<meta property=\"og:type\" content=\"article\" \/>\n<meta property=\"og:title\" content=\"Tutoriel crochet GRATUIT marque-pages trombones fleuris - patron PDF - Zess Crochet\" \/>\n<meta property=\"og:description\" content=\"Ce tutoriel de crochet est gratuit.  Laissez vous guider pas \u00e0 pas pour cr\u00e9er de jolies marque-pages fleuris avec z\u00e9ro couture (ni colle !). Rapides \u00e0 r\u00e9aliser, parfaits pour \u00e9couler vos fins de pelotes et mignons \u00e0 offrir en cadeau ! Profitez vite de ce patron crochet cadeau !  + de caract\u00e9ristiques du tutoriel plus bas dans l\u2019onglet description.  T\u00e9l\u00e9chargement instantan\u00e9.  Langue : fran\u00e7ais \/ anglais\" \/>\n<meta property=\"og:url\" content=\"https:\/\/zess.fr\/shop\/product\/tutoriel-crochet-marque-pages-trombones-fleuris-patron-pdf\/\" \/>\n<meta property=\"og:site_name\" content=\"Zess Crochet\" \/>\n<meta property=\"article:modified_time\" content=\"2026-03-07T19:22:29+00:00\" \/>\n<meta property=\"og:image\" content=\"https:\/\/zess.fr\/shop\/wp-content\/uploads\/2023\/09\/IMG_0992-595x744.png\" \/>\n\t<meta property=\"og:image:width\" content=\"595\" \/>\n\t<meta property=\"og:image:height\" content=\"744\" \/>\n\t<meta property=\"og:image:type\" content=\"image\/png\" \/>\n<meta name=\"twitter:card\" content=\"summary_large_image\" \/>\n<meta name=\"twitter:label1\" content=\"Dur\u00e9e de lecture estim\u00e9e\" \/>\n\t<meta name=\"twitter:data1\" content=\"1 minute\" \/>\n<script type=\"application\/ld+json\" class=\"yoast-schema-graph\">{\"@context\":\"https:\\\/\\\/schema.org\",\"@graph\":[{\"@type\":\"WebPage\",\"@id\":\"https:\\\/\\\/zess.fr\\\/shop\\\/product\\\/tutoriel-crochet-marque-pages-trombones-fleuris-patron-pdf\\\/\",\"url\":\"https:\\\/\\\/zess.fr\\\/shop\\\/product\\\/tutoriel-crochet-marque-pages-trombones-fleuris-patron-pdf\\\/\",\"name\":\"Tutoriel crochet GRATUIT marque-pages trombones fleuris - patron PDF - Zess Crochet\",\"isPartOf\":{\"@id\":\"https:\\\/\\\/zess.fr\\\/shop\\\/#website\"},\"primaryImageOfPage\":{\"@id\":\"https:\\\/\\\/zess.fr\\\/shop\\\/product\\\/tutoriel-crochet-marque-pages-trombones-fleuris-patron-pdf\\\/#primaryimage\"},\"image\":{\"@id\":\"https:\\\/\\\/zess.fr\\\/shop\\\/product\\\/tutoriel-crochet-marque-pages-trombones-fleuris-patron-pdf\\\/#primaryimage\"},\"thumbnailUrl\":\"https:\\\/\\\/zess.fr\\\/shop\\\/wp-content\\\/uploads\\\/2023\\\/09\\\/IMG_0992.png\",\"datePublished\":\"2020-09-20T15:49:52+00:00\",\"dateModified\":\"2026-03-07T19:22:29+00:00\",\"breadcrumb\":{\"@id\":\"https:\\\/\\\/zess.fr\\\/shop\\\/product\\\/tutoriel-crochet-marque-pages-trombones-fleuris-patron-pdf\\\/#breadcrumb\"},\"inLanguage\":\"fr-FR\",\"potentialAction\":[{\"@type\":\"ReadAction\",\"target\":[\"https:\\\/\\\/zess.fr\\\/shop\\\/product\\\/tutoriel-crochet-marque-pages-trombones-fleuris-patron-pdf\\\/\"]}]},{\"@type\":\"ImageObject\",\"inLanguage\":\"fr-FR\",\"@id\":\"https:\\\/\\\/zess.fr\\\/shop\\\/product\\\/tutoriel-crochet-marque-pages-trombones-fleuris-patron-pdf\\\/#primaryimage\",\"url\":\"https:\\\/\\\/zess.fr\\\/shop\\\/wp-content\\\/uploads\\\/2023\\\/09\\\/IMG_0992.png\",\"contentUrl\":\"https:\\\/\\\/zess.fr\\\/shop\\\/wp-content\\\/uploads\\\/2023\\\/09\\\/IMG_0992.png\",\"width\":1080,\"height\":1350,\"caption\":\"Patron tutoriel crochet PDF gratuit Marque-pages trombones fleuris accessoires- Zess Crochet\"},{\"@type\":\"BreadcrumbList\",\"@id\":\"https:\\\/\\\/zess.fr\\\/shop\\\/product\\\/tutoriel-crochet-marque-pages-trombones-fleuris-patron-pdf\\\/#breadcrumb\",\"itemListElement\":[{\"@type\":\"ListItem\",\"position\":1,\"name\":\"Zess Crochet Boutique &#8211; Tutoriels et kit crochet\",\"item\":\"https:\\\/\\\/zess.fr\\\/shop\\\/acceuil-2\\\/\"},{\"@type\":\"ListItem\",\"position\":2,\"name\":\"Patrons gratuits\",\"item\":\"https:\\\/\\\/zess.fr\\\/shop\\\/product-category\\\/patrons-gratuits\\\/\"},{\"@type\":\"ListItem\",\"position\":3,\"name\":\"Tutoriel crochet GRATUIT marque-pages trombones fleuris &#8211; patron PDF\"}]},{\"@type\":\"WebSite\",\"@id\":\"https:\\\/\\\/zess.fr\\\/shop\\\/#website\",\"url\":\"https:\\\/\\\/zess.fr\\\/shop\\\/\",\"name\":\"Zess Crochet - Tutoriels au crochet amigurumi, poup\u00e9es et accessoires - patron num\u00e9rique PDF - livres de crochet\",\"description\":\"Tutoriels et kits crochet amigurumi et d\u00e9co\",\"potentialAction\":[{\"@type\":\"SearchAction\",\"target\":{\"@type\":\"EntryPoint\",\"urlTemplate\":\"https:\\\/\\\/zess.fr\\\/shop\\\/?s={search_term_string}\"},\"query-input\":{\"@type\":\"PropertyValueSpecification\",\"valueRequired\":true,\"valueName\":\"search_term_string\"}}],\"inLanguage\":\"fr-FR\"}]}<\/script>\n<!-- \/ Yoast SEO plugin. -->","yoast_head_json":{"title":"Tutoriel crochet GRATUIT marque-pages trombones fleuris - patron PDF - Zess Crochet","robots":{"index":"index","follow":"follow","max-snippet":"max-snippet:-1","max-image-preview":"max-image-preview:large","max-video-preview":"max-video-preview:-1"},"canonical":"https:\/\/zess.fr\/shop\/product\/tutoriel-crochet-marque-pages-trombones-fleuris-patron-pdf\/","og_locale":"fr_FR","og_type":"article","og_title":"Tutoriel crochet GRATUIT marque-pages trombones fleuris - patron PDF - Zess Crochet","og_description":"Ce tutoriel de crochet est gratuit.  Laissez vous guider pas \u00e0 pas pour cr\u00e9er de jolies marque-pages fleuris avec z\u00e9ro couture (ni colle !). Rapides \u00e0 r\u00e9aliser, parfaits pour \u00e9couler vos fins de pelotes et mignons \u00e0 offrir en cadeau ! Profitez vite de ce patron crochet cadeau !  + de caract\u00e9ristiques du tutoriel plus bas dans l\u2019onglet description.  T\u00e9l\u00e9chargement instantan\u00e9.  Langue : fran\u00e7ais \/ anglais","og_url":"https:\/\/zess.fr\/shop\/product\/tutoriel-crochet-marque-pages-trombones-fleuris-patron-pdf\/","og_site_name":"Zess Crochet","article_modified_time":"2026-03-07T19:22:29+00:00","og_image":[{"width":595,"height":744,"url":"https:\/\/zess.fr\/shop\/wp-content\/uploads\/2023\/09\/IMG_0992-595x744.png","type":"image\/png"}],"twitter_card":"summary_large_image","twitter_misc":{"Dur\u00e9e de lecture estim\u00e9e":"1 minute"},"schema":{"@context":"https:\/\/schema.org","@graph":[{"@type":"WebPage","@id":"https:\/\/zess.fr\/shop\/product\/tutoriel-crochet-marque-pages-trombones-fleuris-patron-pdf\/","url":"https:\/\/zess.fr\/shop\/product\/tutoriel-crochet-marque-pages-trombones-fleuris-patron-pdf\/","name":"Tutoriel crochet GRATUIT marque-pages trombones fleuris - patron PDF - Zess Crochet","isPartOf":{"@id":"https:\/\/zess.fr\/shop\/#website"},"primaryImageOfPage":{"@id":"https:\/\/zess.fr\/shop\/product\/tutoriel-crochet-marque-pages-trombones-fleuris-patron-pdf\/#primaryimage"},"image":{"@id":"https:\/\/zess.fr\/shop\/product\/tutoriel-crochet-marque-pages-trombones-fleuris-patron-pdf\/#primaryimage"},"thumbnailUrl":"https:\/\/zess.fr\/shop\/wp-content\/uploads\/2023\/09\/IMG_0992.png","datePublished":"2020-09-20T15:49:52+00:00","dateModified":"2026-03-07T19:22:29+00:00","breadcrumb":{"@id":"https:\/\/zess.fr\/shop\/product\/tutoriel-crochet-marque-pages-trombones-fleuris-patron-pdf\/#breadcrumb"},"inLanguage":"fr-FR","potentialAction":[{"@type":"ReadAction","target":["https:\/\/zess.fr\/shop\/product\/tutoriel-crochet-marque-pages-trombones-fleuris-patron-pdf\/"]}]},{"@type":"ImageObject","inLanguage":"fr-FR","@id":"https:\/\/zess.fr\/shop\/product\/tutoriel-crochet-marque-pages-trombones-fleuris-patron-pdf\/#primaryimage","url":"https:\/\/zess.fr\/shop\/wp-content\/uploads\/2023\/09\/IMG_0992.png","contentUrl":"https:\/\/zess.fr\/shop\/wp-content\/uploads\/2023\/09\/IMG_0992.png","width":1080,"height":1350,"caption":"Patron tutoriel crochet PDF gratuit Marque-pages trombones fleuris accessoires- Zess Crochet"},{"@type":"BreadcrumbList","@id":"https:\/\/zess.fr\/shop\/product\/tutoriel-crochet-marque-pages-trombones-fleuris-patron-pdf\/#breadcrumb","itemListElement":[{"@type":"ListItem","position":1,"name":"Zess Crochet Boutique &#8211; Tutoriels et kit crochet","item":"https:\/\/zess.fr\/shop\/acceuil-2\/"},{"@type":"ListItem","position":2,"name":"Patrons gratuits","item":"https:\/\/zess.fr\/shop\/product-category\/patrons-gratuits\/"},{"@type":"ListItem","position":3,"name":"Tutoriel crochet GRATUIT marque-pages trombones fleuris &#8211; patron PDF"}]},{"@type":"WebSite","@id":"https:\/\/zess.fr\/shop\/#website","url":"https:\/\/zess.fr\/shop\/","name":"Zess Crochet - Tutoriels au crochet amigurumi, poup\u00e9es et accessoires - patron num\u00e9rique PDF - livres de crochet","description":"Tutoriels et kits crochet amigurumi et d\u00e9co","potentialAction":[{"@type":"SearchAction","target":{"@type":"EntryPoint","urlTemplate":"https:\/\/zess.fr\/shop\/?s={search_term_string}"},"query-input":{"@type":"PropertyValueSpecification","valueRequired":true,"valueName":"search_term_string"}}],"inLanguage":"fr-FR"}]}},"_links":{"self":[{"href":"https:\/\/zess.fr\/shop\/wp-json\/wp\/v2\/product\/4527","targetHints":{"allow":["GET"]}}],"collection":[{"href":"https:\/\/zess.fr\/shop\/wp-json\/wp\/v2\/product"}],"about":[{"href":"https:\/\/zess.fr\/shop\/wp-json\/wp\/v2\/types\/product"}],"replies":[{"embeddable":true,"href":"https:\/\/zess.fr\/shop\/wp-json\/wp\/v2\/comments?post=4527"}],"version-history":[{"count":0,"href":"https:\/\/zess.fr\/shop\/wp-json\/wp\/v2\/product\/4527\/revisions"}],"wp:featuredmedia":[{"embeddable":true,"href":"https:\/\/zess.fr\/shop\/wp-json\/wp\/v2\/media\/4603"}],"wp:attachment":[{"href":"https:\/\/zess.fr\/shop\/wp-json\/wp\/v2\/media?parent=4527"}],"wp:term":[{"taxonomy":"product_brand","embeddable":true,"href":"https:\/\/zess.fr\/shop\/wp-json\/wp\/v2\/product_brand?post=4527"},{"taxonomy":"product_cat","embeddable":true,"href":"https:\/\/zess.fr\/shop\/wp-json\/wp\/v2\/product_cat?post=4527"},{"taxonomy":"product_tag","embeddable":true,"href":"https:\/\/zess.fr\/shop\/wp-json\/wp\/v2\/product_tag?post=4527"}],"curies":[{"name":"wp","href":"https:\/\/api.w.org\/{rel}","templated":true}]}}