{"id":446,"date":"2020-10-05T19:10:52","date_gmt":"2020-10-05T17:10:52","guid":{"rendered":"http:\/\/zess.fr\/shop\/?post_type=product&#038;p=446"},"modified":"2026-01-15T11:22:50","modified_gmt":"2026-01-15T10:22:50","slug":"patron-de-crochet-personnage-machine","status":"publish","type":"product","link":"https:\/\/zess.fr\/shop\/product\/patron-de-crochet-personnage-machine\/","title":{"rendered":"Tutoriel au crochet poup\u00e9e Machine &#8211; Patron PDF"},"content":{"rendered":"<p>Cette poup\u00e9e amigurumi mesure environ 20 cm avec la chevelure si vous utilisez un crochet 2,5mm. Machine est crochet\u00e9e d\u2019une seule pi\u00e8ce, des pieds \u00e0 la t\u00eate. Seules les oreilles et ses petites joues sur cousues sur sa t\u00eate.<\/p>\n<p>Le patron au format PDF contient :<\/p>\n<ul>\n<li>11 pages d&rsquo;explications d\u00e9taill\u00e9es<\/li>\n<li>plus d&rsquo;une trentaine de photos d&rsquo;\u00e9tapes<\/li>\n<li>une page compl\u00e8te de conseils et astuces<\/li>\n<li>des conseils et liens pour la laine poilue et tout le mat\u00e9riel<\/li>\n<\/ul>\n<p><strong>Mat\u00e9riel :<\/strong><\/p>\n<ul>\n<li>Fils de coton<\/li>\n<li>Fil fantaisie pour la chevelure (conseils, r\u00e9f\u00e9rences et liens \u00e0 retrouver en fin de tuto)<\/li>\n<li>Crochet un peu plus petit que la taille pr\u00e9conis\u00e9e sur la pelote de coton<\/li>\n<li>Yeux en plastique 6mm<\/li>\n<li>Coton perl\u00e9 noir DMC small 8 (ou fil \u00e0 coudre noir pris en double)<\/li>\n<li>Aiguille \u00e0 laine \/ Aiguille \u00e0 broder<\/li>\n<li>Rembourrage \/ Marqueur de maille \/ Ciseaux et quelques \u00e9pingles<\/li>\n<\/ul>\n<p><strong>Langues disponibles<\/strong> : Fran\u00e7ais + English (US terms)<\/p>\n<p>Votre patron PDF est disponible en t\u00e9l\u00e9chargement imm\u00e9diat apr\u00e8s paiement.<\/p>\n<p><strong data-start=\"2228\" data-end=\"2259\">\u2757Usage strictement personnel<\/strong><br \/>\nCe patron est destin\u00e9 \u00e0 un usage personnel uniquement.<br data-start=\"354\" data-end=\"357\" \/>La vente des objets r\u00e9alis\u00e9s \u00e0 partir de ce mod\u00e8le <strong>n\u2019est pas autoris\u00e9e<\/strong> avec ce patron.<br \/>\nPour toute utilisation professionnelle ou commerciale, y compris vente occasionnelle ou ateliers, merci de me contacter. Des licences adapt\u00e9es sont propos\u00e9es.<\/p>\n<h4>Points importants<\/h4>\n<ul>\n<li>Cet achat est un fichier num\u00e9rique pour vous permettre de crocheter cette poup\u00e9e au crochet. Il ne s\u2019agit pas du produit fini.<\/li>\n<li>Cet article num\u00e9rique est <strong>non remboursable et non \u00e9changeable<\/strong>.<\/li>\n<\/ul>\n<p>\u2753Si vous avez des questions, avant ou apr\u00e8s votre commande, contactez moi !<\/p>\n","protected":false},"excerpt":{"rendered":"<p>Ce patron num\u00e9rique permet de r\u00e9aliser cette poup\u00e9e au crochet. Certains diront que son charme vient de sa tignasse de folie, d\u2019autres de son regard attendrissant \u2026<\/p>\n<p><strong>Patron PDF contenant :<\/strong><\/p>\n<ul>\n<li><strong>11 pages d\u2019explications d\u00e9taill\u00e9es<\/strong> avec de nombreuses photos d&rsquo;\u00e9tapes<\/li>\n<li>pas \u00e0 pas pour r\u00e9aliser le visage et les cheveux<\/li>\n<li>une page compl\u00e8te de conseils et astuces<\/li>\n<li>des conseils et liens pour la laine poilue<\/li>\n<\/ul>\n<p><img decoding=\"async\" class=\"emoji\" role=\"img\" draggable=\"false\" src=\"https:\/\/s.w.org\/images\/core\/emoji\/16.0.1\/svg\/1f4e5.svg\" alt=\"\ud83d\udce5\" \/>\u00a0T\u00e9l\u00e9chargement instantan\u00e9<br data-start=\"892\" data-end=\"895\" \/><img decoding=\"async\" class=\"emoji\" role=\"img\" draggable=\"false\" src=\"https:\/\/s.w.org\/images\/core\/emoji\/16.0.1\/svg\/1f30d.svg\" alt=\"\ud83c\udf0d\" \/> Langue : Fran\u00e7ais, Anglais<br data-start=\"937\" data-end=\"940\" \/><img decoding=\"async\" class=\"emoji\" role=\"img\" draggable=\"false\" src=\"https:\/\/s.w.org\/images\/core\/emoji\/16.0.1\/svg\/1f50e.svg\" alt=\"\ud83d\udd0e\" \/>\u00a0Plus de d\u00e9tails dans l\u2019onglet Description<\/p>\n","protected":false},"featured_media":2417,"comment_status":"open","ping_status":"closed","template":"","meta":[],"product_brand":[],"product_cat":[290,293,62],"product_tag":[279],"class_list":{"0":"post-446","1":"product","2":"type-product","3":"status-publish","4":"has-post-thumbnail","6":"product_cat-tuto-poupees-crochet","7":"product_cat-tous-les-patrons-crochet-pdf","8":"product_cat-modeles-de-crochet","9":"product_tag-poupee","11":"first","12":"instock","13":"sale","14":"downloadable","15":"virtual","16":"sold-individually","17":"purchasable","18":"product-type-simple"},"yoast_head":"<!-- This site is optimized with the Yoast SEO plugin v27.3 - https:\/\/yoast.com\/product\/yoast-seo-wordpress\/ -->\n<title>Tutoriel au crochet poup\u00e9e Machine - Patron PDF - Zess Crochet<\/title>\n<meta name=\"description\" content=\"patron au format PDF contient :11 pages d&#039;explications d\u00e9taill\u00e9es plus d&#039;une trentaine de photos d\u2019\u00e9tapes une page compl\u00e8te de conseils et astucesdes conseils et liens pour la laine poilue et tout le mat\u00e9riel\" \/>\n<meta name=\"robots\" content=\"index, follow, max-snippet:-1, max-image-preview:large, max-video-preview:-1\" \/>\n<link rel=\"canonical\" href=\"https:\/\/zess.fr\/shop\/product\/patron-de-crochet-personnage-machine\/\" \/>\n<meta property=\"og:locale\" content=\"fr_FR\" \/>\n<meta property=\"og:type\" content=\"article\" \/>\n<meta property=\"og:title\" content=\"Tutoriel au crochet poup\u00e9e Machine - Patron PDF - Zess Crochet\" \/>\n<meta property=\"og:description\" content=\"patron au format PDF contient :11 pages d&#039;explications d\u00e9taill\u00e9es plus d&#039;une trentaine de photos d\u2019\u00e9tapes une page compl\u00e8te de conseils et astucesdes conseils et liens pour la laine poilue et tout le mat\u00e9riel\" \/>\n<meta property=\"og:url\" content=\"https:\/\/zess.fr\/shop\/product\/patron-de-crochet-personnage-machine\/\" \/>\n<meta property=\"og:site_name\" content=\"Zess Crochet\" \/>\n<meta property=\"article:modified_time\" content=\"2026-01-15T10:22:50+00:00\" \/>\n<meta property=\"og:image\" content=\"https:\/\/zess.fr\/shop\/wp-content\/uploads\/2020\/10\/Chez-Marceau.png\" \/>\n\t<meta property=\"og:image:width\" content=\"1080\" \/>\n\t<meta property=\"og:image:height\" content=\"1350\" \/>\n\t<meta property=\"og:image:type\" content=\"image\/png\" \/>\n<meta name=\"twitter:card\" content=\"summary_large_image\" \/>\n<meta name=\"twitter:label1\" content=\"Dur\u00e9e de lecture estim\u00e9e\" \/>\n\t<meta name=\"twitter:data1\" content=\"2 minutes\" \/>\n<script type=\"application\/ld+json\" class=\"yoast-schema-graph\">{\"@context\":\"https:\\\/\\\/schema.org\",\"@graph\":[{\"@type\":\"WebPage\",\"@id\":\"https:\\\/\\\/zess.fr\\\/shop\\\/product\\\/patron-de-crochet-personnage-machine\\\/\",\"url\":\"https:\\\/\\\/zess.fr\\\/shop\\\/product\\\/patron-de-crochet-personnage-machine\\\/\",\"name\":\"Tutoriel au crochet poup\u00e9e Machine - Patron PDF - Zess Crochet\",\"isPartOf\":{\"@id\":\"https:\\\/\\\/zess.fr\\\/shop\\\/#website\"},\"primaryImageOfPage\":{\"@id\":\"https:\\\/\\\/zess.fr\\\/shop\\\/product\\\/patron-de-crochet-personnage-machine\\\/#primaryimage\"},\"image\":{\"@id\":\"https:\\\/\\\/zess.fr\\\/shop\\\/product\\\/patron-de-crochet-personnage-machine\\\/#primaryimage\"},\"thumbnailUrl\":\"https:\\\/\\\/zess.fr\\\/shop\\\/wp-content\\\/uploads\\\/2020\\\/10\\\/Chez-Marceau.png\",\"datePublished\":\"2020-10-05T17:10:52+00:00\",\"dateModified\":\"2026-01-15T10:22:50+00:00\",\"description\":\"patron au format PDF contient :11 pages d'explications d\u00e9taill\u00e9es plus d'une trentaine de photos d\u2019\u00e9tapes une page compl\u00e8te de conseils et astucesdes conseils et liens pour la laine poilue et tout le mat\u00e9riel\",\"breadcrumb\":{\"@id\":\"https:\\\/\\\/zess.fr\\\/shop\\\/product\\\/patron-de-crochet-personnage-machine\\\/#breadcrumb\"},\"inLanguage\":\"fr-FR\",\"potentialAction\":[{\"@type\":\"ReadAction\",\"target\":[\"https:\\\/\\\/zess.fr\\\/shop\\\/product\\\/patron-de-crochet-personnage-machine\\\/\"]}]},{\"@type\":\"ImageObject\",\"inLanguage\":\"fr-FR\",\"@id\":\"https:\\\/\\\/zess.fr\\\/shop\\\/product\\\/patron-de-crochet-personnage-machine\\\/#primaryimage\",\"url\":\"https:\\\/\\\/zess.fr\\\/shop\\\/wp-content\\\/uploads\\\/2020\\\/10\\\/Chez-Marceau.png\",\"contentUrl\":\"https:\\\/\\\/zess.fr\\\/shop\\\/wp-content\\\/uploads\\\/2020\\\/10\\\/Chez-Marceau.png\",\"width\":1080,\"height\":1350,\"caption\":\"Mod\u00e8le crochet poup\u00e9e zess\"},{\"@type\":\"BreadcrumbList\",\"@id\":\"https:\\\/\\\/zess.fr\\\/shop\\\/product\\\/patron-de-crochet-personnage-machine\\\/#breadcrumb\",\"itemListElement\":[{\"@type\":\"ListItem\",\"position\":1,\"name\":\"Zess Crochet Boutique &#8211; Tutoriels et kit crochet\",\"item\":\"https:\\\/\\\/zess.fr\\\/shop\\\/acceuil-2\\\/\"},{\"@type\":\"ListItem\",\"position\":2,\"name\":\"Tutoriels crochet\",\"item\":\"https:\\\/\\\/zess.fr\\\/shop\\\/product-category\\\/modeles-de-crochet\\\/\"},{\"@type\":\"ListItem\",\"position\":3,\"name\":\"Poup\u00e9es\",\"item\":\"https:\\\/\\\/zess.fr\\\/shop\\\/product-category\\\/modeles-de-crochet\\\/tuto-poupees-crochet\\\/\"},{\"@type\":\"ListItem\",\"position\":4,\"name\":\"Tutoriel au crochet poup\u00e9e Machine &#8211; Patron PDF\"}]},{\"@type\":\"WebSite\",\"@id\":\"https:\\\/\\\/zess.fr\\\/shop\\\/#website\",\"url\":\"https:\\\/\\\/zess.fr\\\/shop\\\/\",\"name\":\"Zess Crochet - Tutoriels au crochet amigurumi, poup\u00e9es et accessoires - patron num\u00e9rique PDF - livres de crochet\",\"description\":\"Tutoriels et kits crochet amigurumi et d\u00e9co\",\"potentialAction\":[{\"@type\":\"SearchAction\",\"target\":{\"@type\":\"EntryPoint\",\"urlTemplate\":\"https:\\\/\\\/zess.fr\\\/shop\\\/?s={search_term_string}\"},\"query-input\":{\"@type\":\"PropertyValueSpecification\",\"valueRequired\":true,\"valueName\":\"search_term_string\"}}],\"inLanguage\":\"fr-FR\"}]}<\/script>\n<!-- \/ Yoast SEO plugin. -->","yoast_head_json":{"title":"Tutoriel au crochet poup\u00e9e Machine - Patron PDF - Zess Crochet","description":"patron au format PDF contient :11 pages d'explications d\u00e9taill\u00e9es plus d'une trentaine de photos d\u2019\u00e9tapes une page compl\u00e8te de conseils et astucesdes conseils et liens pour la laine poilue et tout le mat\u00e9riel","robots":{"index":"index","follow":"follow","max-snippet":"max-snippet:-1","max-image-preview":"max-image-preview:large","max-video-preview":"max-video-preview:-1"},"canonical":"https:\/\/zess.fr\/shop\/product\/patron-de-crochet-personnage-machine\/","og_locale":"fr_FR","og_type":"article","og_title":"Tutoriel au crochet poup\u00e9e Machine - Patron PDF - Zess Crochet","og_description":"patron au format PDF contient :11 pages d'explications d\u00e9taill\u00e9es plus d'une trentaine de photos d\u2019\u00e9tapes une page compl\u00e8te de conseils et astucesdes conseils et liens pour la laine poilue et tout le mat\u00e9riel","og_url":"https:\/\/zess.fr\/shop\/product\/patron-de-crochet-personnage-machine\/","og_site_name":"Zess Crochet","article_modified_time":"2026-01-15T10:22:50+00:00","og_image":[{"width":1080,"height":1350,"url":"https:\/\/zess.fr\/shop\/wp-content\/uploads\/2020\/10\/Chez-Marceau.png","type":"image\/png"}],"twitter_card":"summary_large_image","twitter_misc":{"Dur\u00e9e de lecture estim\u00e9e":"2 minutes"},"schema":{"@context":"https:\/\/schema.org","@graph":[{"@type":"WebPage","@id":"https:\/\/zess.fr\/shop\/product\/patron-de-crochet-personnage-machine\/","url":"https:\/\/zess.fr\/shop\/product\/patron-de-crochet-personnage-machine\/","name":"Tutoriel au crochet poup\u00e9e Machine - Patron PDF - Zess Crochet","isPartOf":{"@id":"https:\/\/zess.fr\/shop\/#website"},"primaryImageOfPage":{"@id":"https:\/\/zess.fr\/shop\/product\/patron-de-crochet-personnage-machine\/#primaryimage"},"image":{"@id":"https:\/\/zess.fr\/shop\/product\/patron-de-crochet-personnage-machine\/#primaryimage"},"thumbnailUrl":"https:\/\/zess.fr\/shop\/wp-content\/uploads\/2020\/10\/Chez-Marceau.png","datePublished":"2020-10-05T17:10:52+00:00","dateModified":"2026-01-15T10:22:50+00:00","description":"patron au format PDF contient :11 pages d'explications d\u00e9taill\u00e9es plus d'une trentaine de photos d\u2019\u00e9tapes une page compl\u00e8te de conseils et astucesdes conseils et liens pour la laine poilue et tout le mat\u00e9riel","breadcrumb":{"@id":"https:\/\/zess.fr\/shop\/product\/patron-de-crochet-personnage-machine\/#breadcrumb"},"inLanguage":"fr-FR","potentialAction":[{"@type":"ReadAction","target":["https:\/\/zess.fr\/shop\/product\/patron-de-crochet-personnage-machine\/"]}]},{"@type":"ImageObject","inLanguage":"fr-FR","@id":"https:\/\/zess.fr\/shop\/product\/patron-de-crochet-personnage-machine\/#primaryimage","url":"https:\/\/zess.fr\/shop\/wp-content\/uploads\/2020\/10\/Chez-Marceau.png","contentUrl":"https:\/\/zess.fr\/shop\/wp-content\/uploads\/2020\/10\/Chez-Marceau.png","width":1080,"height":1350,"caption":"Mod\u00e8le crochet poup\u00e9e zess"},{"@type":"BreadcrumbList","@id":"https:\/\/zess.fr\/shop\/product\/patron-de-crochet-personnage-machine\/#breadcrumb","itemListElement":[{"@type":"ListItem","position":1,"name":"Zess Crochet Boutique &#8211; Tutoriels et kit crochet","item":"https:\/\/zess.fr\/shop\/acceuil-2\/"},{"@type":"ListItem","position":2,"name":"Tutoriels crochet","item":"https:\/\/zess.fr\/shop\/product-category\/modeles-de-crochet\/"},{"@type":"ListItem","position":3,"name":"Poup\u00e9es","item":"https:\/\/zess.fr\/shop\/product-category\/modeles-de-crochet\/tuto-poupees-crochet\/"},{"@type":"ListItem","position":4,"name":"Tutoriel au crochet poup\u00e9e Machine &#8211; Patron PDF"}]},{"@type":"WebSite","@id":"https:\/\/zess.fr\/shop\/#website","url":"https:\/\/zess.fr\/shop\/","name":"Zess Crochet - Tutoriels au crochet amigurumi, poup\u00e9es et accessoires - patron num\u00e9rique PDF - livres de crochet","description":"Tutoriels et kits crochet amigurumi et d\u00e9co","potentialAction":[{"@type":"SearchAction","target":{"@type":"EntryPoint","urlTemplate":"https:\/\/zess.fr\/shop\/?s={search_term_string}"},"query-input":{"@type":"PropertyValueSpecification","valueRequired":true,"valueName":"search_term_string"}}],"inLanguage":"fr-FR"}]}},"_links":{"self":[{"href":"https:\/\/zess.fr\/shop\/wp-json\/wp\/v2\/product\/446","targetHints":{"allow":["GET"]}}],"collection":[{"href":"https:\/\/zess.fr\/shop\/wp-json\/wp\/v2\/product"}],"about":[{"href":"https:\/\/zess.fr\/shop\/wp-json\/wp\/v2\/types\/product"}],"replies":[{"embeddable":true,"href":"https:\/\/zess.fr\/shop\/wp-json\/wp\/v2\/comments?post=446"}],"version-history":[{"count":3,"href":"https:\/\/zess.fr\/shop\/wp-json\/wp\/v2\/product\/446\/revisions"}],"predecessor-version":[{"id":9687,"href":"https:\/\/zess.fr\/shop\/wp-json\/wp\/v2\/product\/446\/revisions\/9687"}],"wp:featuredmedia":[{"embeddable":true,"href":"https:\/\/zess.fr\/shop\/wp-json\/wp\/v2\/media\/2417"}],"wp:attachment":[{"href":"https:\/\/zess.fr\/shop\/wp-json\/wp\/v2\/media?parent=446"}],"wp:term":[{"taxonomy":"product_brand","embeddable":true,"href":"https:\/\/zess.fr\/shop\/wp-json\/wp\/v2\/product_brand?post=446"},{"taxonomy":"product_cat","embeddable":true,"href":"https:\/\/zess.fr\/shop\/wp-json\/wp\/v2\/product_cat?post=446"},{"taxonomy":"product_tag","embeddable":true,"href":"https:\/\/zess.fr\/shop\/wp-json\/wp\/v2\/product_tag?post=446"}],"curies":[{"name":"wp","href":"https:\/\/api.w.org\/{rel}","templated":true}]}}