{"id":445,"date":"2020-10-06T18:58:25","date_gmt":"2020-10-06T16:58:25","guid":{"rendered":"http:\/\/zess.fr\/shop\/?post_type=product&#038;p=445"},"modified":"2024-11-24T07:25:11","modified_gmt":"2024-11-24T06:25:11","slug":"livre-crochet-calin","status":"publish","type":"product","link":"https:\/\/zess.fr\/shop\/product\/livre-crochet-calin\/","title":{"rendered":"Livre Crochet c\u00e2lin"},"content":{"rendered":"<p>Le sommaire en d\u00e9tail :<\/p>\n<ul>\n<li>Mat\u00e9riel et conseils<\/li>\n<li>Famille Sachat<\/li>\n<li>Gr\u00fcd\u00fc et son appareil photo<\/li>\n<li>Miki avec son b\u00e9guin et son cartable<\/li>\n<li>Poppie la poup\u00e9e<\/li>\n<li>Pilz le champignon<\/li>\n<li>Chouchou les hiboux<\/li>\n<li>Grigri les oursons festifs<\/li>\n<li>Avril les lapins et leurs paquets cadeaux<\/li>\n<li>Schnoud une cr\u00e9ature \u00e9trange (mi luciole, mi escargot)<\/li>\n<li>Choubi avec sa collerette<\/li>\n<li>Onze une cr\u00e9ature rare<\/li>\n<li>Lulu les chiens frileux avec leur sac<\/li>\n<li>Liste des points utilis\u00e9s<\/li>\n<li>Listes des fils utilis\u00e9s (gamme coton fifty de Berg\u00e8re de France)<\/li>\n<\/ul>\n<p>ISBN : 9782756535272 \u00c9ditions de Saxe<\/p>\n","protected":false},"excerpt":{"rendered":"<p>12 jolies cr\u00e9atures et des petits accessoires \u00e0 crocheter, pr\u00e9sent\u00e9s en 2 versions. Des tutos tr\u00e8s d\u00e9taill\u00e9s avec des rep\u00e8res pour placer yeux, bouche\u2026 et de nombreuses photos d\u2019\u00e9tapes illustrant ses explications. Des coutures r\u00e9duites au minimum (les bras sont souvent crochet\u00e9s en m\u00eame temps que le corps).<\/p>\n<p>Langue : fran\u00e7ais<\/p>\n<p>112\u00a0 pages.<\/p>\n<p>Je n\u2019en ai plus en stock.<\/p>\n<p>Voici les liens pour l\u2019acheter chez : <a href=\"https:\/\/bit.ly\/2Dsx29M\" target=\"_blank\" rel=\"noopener\">Cultura<\/a> &#8211; <a href=\"https:\/\/amzn.to\/2EYv9lM\" target=\"_blank\" rel=\"noopener\">Amazon<\/a> &#8211; <a href=\"https:\/\/tidd.ly\/32V2CH0\" target=\"_blank\" rel=\"noopener\">Fnac<\/a> &#8211; <a href=\"https:\/\/www.edisaxe.com\/crochet-calin#ae70\" target=\"_blank\" rel=\"noopener\">Edisaxe<\/a><\/p>\n","protected":false},"featured_media":757,"comment_status":"open","ping_status":"closed","template":"","meta":[],"product_brand":[],"product_cat":[63],"product_tag":[272],"class_list":{"0":"post-445","1":"product","2":"type-product","3":"status-publish","4":"has-post-thumbnail","6":"product_cat-livre-de-crochet","7":"product_tag-livre","8":"product_shipping_class-mondial-relay","10":"first","11":"instock","12":"sold-individually","13":"product-type-external"},"yoast_head":"<!-- This site is optimized with the Yoast SEO plugin v27.3 - https:\/\/yoast.com\/product\/yoast-seo-wordpress\/ -->\n<title>Livre Crochet c\u00e2lin - Zess Crochet<\/title>\n<meta name=\"robots\" content=\"index, follow, max-snippet:-1, max-image-preview:large, max-video-preview:-1\" \/>\n<link rel=\"canonical\" href=\"https:\/\/zess.fr\/shop\/product\/livre-crochet-calin\/\" \/>\n<meta property=\"og:locale\" content=\"fr_FR\" \/>\n<meta property=\"og:type\" content=\"article\" \/>\n<meta property=\"og:title\" content=\"Livre Crochet c\u00e2lin - Zess Crochet\" \/>\n<meta property=\"og:description\" content=\"12 jolies cr\u00e9atures et des petits accessoires \u00e0 crocheter, pr\u00e9sent\u00e9s en 2 versions. Des tutos tr\u00e8s d\u00e9taill\u00e9s avec des rep\u00e8res pour placer yeux, bouche\u2026 et de nombreuses photos d\u2019\u00e9tapes illustrant ses explications. Des coutures r\u00e9duites au minimum (les bras sont souvent crochet\u00e9s en m\u00eame temps que le corps).  Langue : fran\u00e7ais  112\u00a0 pages.  Je n\u2019en ai plus en stock.  Voici les liens pour l\u2019acheter chez : Cultura - Amazon - Fnac - Edisaxe\" \/>\n<meta property=\"og:url\" content=\"https:\/\/zess.fr\/shop\/product\/livre-crochet-calin\/\" \/>\n<meta property=\"og:site_name\" content=\"Zess Crochet\" \/>\n<meta property=\"article:modified_time\" content=\"2024-11-24T06:25:11+00:00\" \/>\n<meta property=\"og:image\" content=\"https:\/\/zess.fr\/shop\/wp-content\/uploads\/2020\/10\/Crochet-calin-12-creations-au-crochet.jpg\" \/>\n\t<meta property=\"og:image:width\" content=\"400\" \/>\n\t<meta property=\"og:image:height\" content=\"512\" \/>\n\t<meta property=\"og:image:type\" content=\"image\/jpeg\" \/>\n<meta name=\"twitter:card\" content=\"summary_large_image\" \/>\n<meta name=\"twitter:label1\" content=\"Dur\u00e9e de lecture estim\u00e9e\" \/>\n\t<meta name=\"twitter:data1\" content=\"1 minute\" \/>\n<script type=\"application\/ld+json\" class=\"yoast-schema-graph\">{\"@context\":\"https:\\\/\\\/schema.org\",\"@graph\":[{\"@type\":\"WebPage\",\"@id\":\"https:\\\/\\\/zess.fr\\\/shop\\\/product\\\/livre-crochet-calin\\\/\",\"url\":\"https:\\\/\\\/zess.fr\\\/shop\\\/product\\\/livre-crochet-calin\\\/\",\"name\":\"Livre Crochet c\u00e2lin - Zess Crochet\",\"isPartOf\":{\"@id\":\"https:\\\/\\\/zess.fr\\\/shop\\\/#website\"},\"primaryImageOfPage\":{\"@id\":\"https:\\\/\\\/zess.fr\\\/shop\\\/product\\\/livre-crochet-calin\\\/#primaryimage\"},\"image\":{\"@id\":\"https:\\\/\\\/zess.fr\\\/shop\\\/product\\\/livre-crochet-calin\\\/#primaryimage\"},\"thumbnailUrl\":\"https:\\\/\\\/zess.fr\\\/shop\\\/wp-content\\\/uploads\\\/2020\\\/10\\\/Crochet-calin-12-creations-au-crochet.jpg\",\"datePublished\":\"2020-10-06T16:58:25+00:00\",\"dateModified\":\"2024-11-24T06:25:11+00:00\",\"breadcrumb\":{\"@id\":\"https:\\\/\\\/zess.fr\\\/shop\\\/product\\\/livre-crochet-calin\\\/#breadcrumb\"},\"inLanguage\":\"fr-FR\",\"potentialAction\":[{\"@type\":\"ReadAction\",\"target\":[\"https:\\\/\\\/zess.fr\\\/shop\\\/product\\\/livre-crochet-calin\\\/\"]}]},{\"@type\":\"ImageObject\",\"inLanguage\":\"fr-FR\",\"@id\":\"https:\\\/\\\/zess.fr\\\/shop\\\/product\\\/livre-crochet-calin\\\/#primaryimage\",\"url\":\"https:\\\/\\\/zess.fr\\\/shop\\\/wp-content\\\/uploads\\\/2020\\\/10\\\/Crochet-calin-12-creations-au-crochet.jpg\",\"contentUrl\":\"https:\\\/\\\/zess.fr\\\/shop\\\/wp-content\\\/uploads\\\/2020\\\/10\\\/Crochet-calin-12-creations-au-crochet.jpg\",\"width\":400,\"height\":512,\"caption\":\"crochet calin\"},{\"@type\":\"BreadcrumbList\",\"@id\":\"https:\\\/\\\/zess.fr\\\/shop\\\/product\\\/livre-crochet-calin\\\/#breadcrumb\",\"itemListElement\":[{\"@type\":\"ListItem\",\"position\":1,\"name\":\"Zess Crochet Boutique &#8211; Tutoriels et kit crochet\",\"item\":\"https:\\\/\\\/zess.fr\\\/shop\\\/acceuil-2\\\/\"},{\"@type\":\"ListItem\",\"position\":2,\"name\":\"Livres de crochet &amp; coffret crochet collab\",\"item\":\"https:\\\/\\\/zess.fr\\\/shop\\\/product-category\\\/livre-de-crochet\\\/\"},{\"@type\":\"ListItem\",\"position\":3,\"name\":\"Livre Crochet c\u00e2lin\"}]},{\"@type\":\"WebSite\",\"@id\":\"https:\\\/\\\/zess.fr\\\/shop\\\/#website\",\"url\":\"https:\\\/\\\/zess.fr\\\/shop\\\/\",\"name\":\"Zess Crochet - Tutoriels au crochet amigurumi, poup\u00e9es et accessoires - patron num\u00e9rique PDF - livres de crochet\",\"description\":\"Tutoriels et kits crochet amigurumi et d\u00e9co\",\"potentialAction\":[{\"@type\":\"SearchAction\",\"target\":{\"@type\":\"EntryPoint\",\"urlTemplate\":\"https:\\\/\\\/zess.fr\\\/shop\\\/?s={search_term_string}\"},\"query-input\":{\"@type\":\"PropertyValueSpecification\",\"valueRequired\":true,\"valueName\":\"search_term_string\"}}],\"inLanguage\":\"fr-FR\"}]}<\/script>\n<!-- \/ Yoast SEO plugin. -->","yoast_head_json":{"title":"Livre Crochet c\u00e2lin - Zess Crochet","robots":{"index":"index","follow":"follow","max-snippet":"max-snippet:-1","max-image-preview":"max-image-preview:large","max-video-preview":"max-video-preview:-1"},"canonical":"https:\/\/zess.fr\/shop\/product\/livre-crochet-calin\/","og_locale":"fr_FR","og_type":"article","og_title":"Livre Crochet c\u00e2lin - Zess Crochet","og_description":"12 jolies cr\u00e9atures et des petits accessoires \u00e0 crocheter, pr\u00e9sent\u00e9s en 2 versions. Des tutos tr\u00e8s d\u00e9taill\u00e9s avec des rep\u00e8res pour placer yeux, bouche\u2026 et de nombreuses photos d\u2019\u00e9tapes illustrant ses explications. Des coutures r\u00e9duites au minimum (les bras sont souvent crochet\u00e9s en m\u00eame temps que le corps).  Langue : fran\u00e7ais  112\u00a0 pages.  Je n\u2019en ai plus en stock.  Voici les liens pour l\u2019acheter chez : Cultura - Amazon - Fnac - Edisaxe","og_url":"https:\/\/zess.fr\/shop\/product\/livre-crochet-calin\/","og_site_name":"Zess Crochet","article_modified_time":"2024-11-24T06:25:11+00:00","og_image":[{"width":400,"height":512,"url":"https:\/\/zess.fr\/shop\/wp-content\/uploads\/2020\/10\/Crochet-calin-12-creations-au-crochet.jpg","type":"image\/jpeg"}],"twitter_card":"summary_large_image","twitter_misc":{"Dur\u00e9e de lecture estim\u00e9e":"1 minute"},"schema":{"@context":"https:\/\/schema.org","@graph":[{"@type":"WebPage","@id":"https:\/\/zess.fr\/shop\/product\/livre-crochet-calin\/","url":"https:\/\/zess.fr\/shop\/product\/livre-crochet-calin\/","name":"Livre Crochet c\u00e2lin - Zess Crochet","isPartOf":{"@id":"https:\/\/zess.fr\/shop\/#website"},"primaryImageOfPage":{"@id":"https:\/\/zess.fr\/shop\/product\/livre-crochet-calin\/#primaryimage"},"image":{"@id":"https:\/\/zess.fr\/shop\/product\/livre-crochet-calin\/#primaryimage"},"thumbnailUrl":"https:\/\/zess.fr\/shop\/wp-content\/uploads\/2020\/10\/Crochet-calin-12-creations-au-crochet.jpg","datePublished":"2020-10-06T16:58:25+00:00","dateModified":"2024-11-24T06:25:11+00:00","breadcrumb":{"@id":"https:\/\/zess.fr\/shop\/product\/livre-crochet-calin\/#breadcrumb"},"inLanguage":"fr-FR","potentialAction":[{"@type":"ReadAction","target":["https:\/\/zess.fr\/shop\/product\/livre-crochet-calin\/"]}]},{"@type":"ImageObject","inLanguage":"fr-FR","@id":"https:\/\/zess.fr\/shop\/product\/livre-crochet-calin\/#primaryimage","url":"https:\/\/zess.fr\/shop\/wp-content\/uploads\/2020\/10\/Crochet-calin-12-creations-au-crochet.jpg","contentUrl":"https:\/\/zess.fr\/shop\/wp-content\/uploads\/2020\/10\/Crochet-calin-12-creations-au-crochet.jpg","width":400,"height":512,"caption":"crochet calin"},{"@type":"BreadcrumbList","@id":"https:\/\/zess.fr\/shop\/product\/livre-crochet-calin\/#breadcrumb","itemListElement":[{"@type":"ListItem","position":1,"name":"Zess Crochet Boutique &#8211; Tutoriels et kit crochet","item":"https:\/\/zess.fr\/shop\/acceuil-2\/"},{"@type":"ListItem","position":2,"name":"Livres de crochet &amp; coffret crochet collab","item":"https:\/\/zess.fr\/shop\/product-category\/livre-de-crochet\/"},{"@type":"ListItem","position":3,"name":"Livre Crochet c\u00e2lin"}]},{"@type":"WebSite","@id":"https:\/\/zess.fr\/shop\/#website","url":"https:\/\/zess.fr\/shop\/","name":"Zess Crochet - Tutoriels au crochet amigurumi, poup\u00e9es et accessoires - patron num\u00e9rique PDF - livres de crochet","description":"Tutoriels et kits crochet amigurumi et d\u00e9co","potentialAction":[{"@type":"SearchAction","target":{"@type":"EntryPoint","urlTemplate":"https:\/\/zess.fr\/shop\/?s={search_term_string}"},"query-input":{"@type":"PropertyValueSpecification","valueRequired":true,"valueName":"search_term_string"}}],"inLanguage":"fr-FR"}]}},"_links":{"self":[{"href":"https:\/\/zess.fr\/shop\/wp-json\/wp\/v2\/product\/445","targetHints":{"allow":["GET"]}}],"collection":[{"href":"https:\/\/zess.fr\/shop\/wp-json\/wp\/v2\/product"}],"about":[{"href":"https:\/\/zess.fr\/shop\/wp-json\/wp\/v2\/types\/product"}],"replies":[{"embeddable":true,"href":"https:\/\/zess.fr\/shop\/wp-json\/wp\/v2\/comments?post=445"}],"version-history":[{"count":0,"href":"https:\/\/zess.fr\/shop\/wp-json\/wp\/v2\/product\/445\/revisions"}],"wp:featuredmedia":[{"embeddable":true,"href":"https:\/\/zess.fr\/shop\/wp-json\/wp\/v2\/media\/757"}],"wp:attachment":[{"href":"https:\/\/zess.fr\/shop\/wp-json\/wp\/v2\/media?parent=445"}],"wp:term":[{"taxonomy":"product_brand","embeddable":true,"href":"https:\/\/zess.fr\/shop\/wp-json\/wp\/v2\/product_brand?post=445"},{"taxonomy":"product_cat","embeddable":true,"href":"https:\/\/zess.fr\/shop\/wp-json\/wp\/v2\/product_cat?post=445"},{"taxonomy":"product_tag","embeddable":true,"href":"https:\/\/zess.fr\/shop\/wp-json\/wp\/v2\/product_tag?post=445"}],"curies":[{"name":"wp","href":"https:\/\/api.w.org\/{rel}","templated":true}]}}