{"id":444,"date":"2023-07-22T17:27:27","date_gmt":"2023-07-22T15:27:27","guid":{"rendered":"http:\/\/zess.fr\/shop\/?post_type=product&#038;p=444"},"modified":"2024-11-24T07:17:35","modified_gmt":"2024-11-24T06:17:35","slug":"livre-mini-dressing-au-crochet","status":"publish","type":"product","link":"https:\/\/zess.fr\/shop\/product\/livre-mini-dressing-au-crochet\/","title":{"rendered":"Livre Mini-dressing au crochet"},"content":{"rendered":"<p>Couverture rigide, pages mates, 128pages avec 23 mod\u00e8les de 3 au 8\/10ans. En d\u00e9tails, le sommaire : Pour les filles :<\/p>\n<ul>\n<li>une robe de printemps en lin tr\u00e8s romantique avec des d\u00e9tails d\u00e9licats<\/li>\n<li>une jupe r\u00e9tro avec un point foufou<\/li>\n<li>une jupe corolle qui tooourne (facile)<\/li>\n<li>une blouse empire \u00e0 pois<\/li>\n<li>une jupe salopette rapide (facile)<\/li>\n<li>un cardigan en mohair avec des petits d\u00e9tails comme des fausses torsades et quelques nopes<\/li>\n<li>une capeline<\/li>\n<\/ul>\n<p>Pour les filles et les gar\u00e7ons (en changeant les coloris)<\/p>\n<ul>\n<li>un pull \u00e0 nopes (ben oui, on sait que j\u2019adore \u00e7a depuis le temps !)<\/li>\n<li>un pull loose \u00e0 rayures, tout en texture (les confirm\u00e9es pourront m\u00eame facilement l\u2019adapter \u00e0 une taille adulte)<\/li>\n<li>un gilet \u00e0 chevrons (facile)<\/li>\n<li>un pull (baptis\u00e9 chantilly)\u00e0 col Pierrot (peut-\u00eatre sans le motif central pour les p\u2019tits mecs !)<\/li>\n<li>un pull basique avec un motif de triangle \u00e0 franges : \u00e0 partir de cette base, on peut se permettre toutes les folies au niveau des couleurs et lui donner plein de look diff\u00e9rent gr\u00e2ce au point granit\u00e9<\/li>\n<li>un gilet de berger chin\u00e9 \u00e0 nopes<\/li>\n<\/ul>\n<p>Et 10 accessoires : bonnet, b\u00e9guins, broche, sacs, trousse, \u2026 Il faut savoir crocheter un minimum, en fin de livre les points sont illustr\u00e9s au cas o\u00f9.<\/p>\n<p>ISBN : 2756528625 \u00c9ditions de Saxe<\/p>\n<p>Langue : fran\u00e7ais<\/p>\n","protected":false},"excerpt":{"rendered":"<p>23 mod\u00e8les de 3 au 8\/10ans (pull \u00e0 nopes, salopette, gilet chevron, robe en lin, pull \u00e0 col pierrot, jupe corolle, b\u00e9guins, sac, &#8230;)<\/p>\n<p>2016.<\/p>\n<p>Avec d\u00e9dicace<\/p>\n","protected":false},"featured_media":4060,"comment_status":"open","ping_status":"closed","template":"","meta":[],"product_brand":[],"product_cat":[63],"product_tag":[272],"class_list":{"0":"post-444","1":"product","2":"type-product","3":"status-publish","4":"has-post-thumbnail","6":"product_cat-livre-de-crochet","7":"product_tag-livre","9":"first","10":"instock","11":"featured","12":"sold-individually","13":"purchasable","14":"product-type-simple"},"yoast_head":"<!-- This site is optimized with the Yoast SEO plugin v27.4 - https:\/\/yoast.com\/product\/yoast-seo-wordpress\/ -->\n<title>Livre Mini-dressing au crochet - Zess Crochet<\/title>\n<meta name=\"robots\" content=\"index, follow, max-snippet:-1, max-image-preview:large, max-video-preview:-1\" \/>\n<link rel=\"canonical\" href=\"https:\/\/zess.fr\/shop\/product\/livre-mini-dressing-au-crochet\/\" \/>\n<meta property=\"og:locale\" content=\"fr_FR\" \/>\n<meta property=\"og:type\" content=\"article\" \/>\n<meta property=\"og:title\" content=\"Livre Mini-dressing au crochet - Zess Crochet\" \/>\n<meta property=\"og:description\" content=\"23 mod\u00e8les de 3 au 8\/10ans (pull \u00e0 nopes, salopette, gilet chevron, robe en lin, pull \u00e0 col pierrot, jupe corolle, b\u00e9guins, sac, ...)  2016.  Avec d\u00e9dicace\" \/>\n<meta property=\"og:url\" content=\"https:\/\/zess.fr\/shop\/product\/livre-mini-dressing-au-crochet\/\" \/>\n<meta property=\"og:site_name\" content=\"Zess Crochet\" \/>\n<meta property=\"article:modified_time\" content=\"2024-11-24T06:17:35+00:00\" \/>\n<meta property=\"og:image\" content=\"https:\/\/zess.fr\/shop\/wp-content\/uploads\/2020\/07\/IMG_0793-1.jpeg\" \/>\n\t<meta property=\"og:image:width\" content=\"400\" \/>\n\t<meta property=\"og:image:height\" content=\"519\" \/>\n\t<meta property=\"og:image:type\" content=\"image\/jpeg\" \/>\n<meta name=\"twitter:card\" content=\"summary_large_image\" \/>\n<meta name=\"twitter:label1\" content=\"Dur\u00e9e de lecture estim\u00e9e\" \/>\n\t<meta name=\"twitter:data1\" content=\"2 minutes\" \/>\n<script type=\"application\/ld+json\" class=\"yoast-schema-graph\">{\"@context\":\"https:\\\/\\\/schema.org\",\"@graph\":[{\"@type\":\"WebPage\",\"@id\":\"https:\\\/\\\/zess.fr\\\/shop\\\/product\\\/livre-mini-dressing-au-crochet\\\/\",\"url\":\"https:\\\/\\\/zess.fr\\\/shop\\\/product\\\/livre-mini-dressing-au-crochet\\\/\",\"name\":\"Livre Mini-dressing au crochet - Zess Crochet\",\"isPartOf\":{\"@id\":\"https:\\\/\\\/zess.fr\\\/shop\\\/#website\"},\"primaryImageOfPage\":{\"@id\":\"https:\\\/\\\/zess.fr\\\/shop\\\/product\\\/livre-mini-dressing-au-crochet\\\/#primaryimage\"},\"image\":{\"@id\":\"https:\\\/\\\/zess.fr\\\/shop\\\/product\\\/livre-mini-dressing-au-crochet\\\/#primaryimage\"},\"thumbnailUrl\":\"https:\\\/\\\/zess.fr\\\/shop\\\/wp-content\\\/uploads\\\/2020\\\/07\\\/IMG_0793-1.jpeg\",\"datePublished\":\"2023-07-22T15:27:27+00:00\",\"dateModified\":\"2024-11-24T06:17:35+00:00\",\"breadcrumb\":{\"@id\":\"https:\\\/\\\/zess.fr\\\/shop\\\/product\\\/livre-mini-dressing-au-crochet\\\/#breadcrumb\"},\"inLanguage\":\"fr-FR\",\"potentialAction\":[{\"@type\":\"ReadAction\",\"target\":[\"https:\\\/\\\/zess.fr\\\/shop\\\/product\\\/livre-mini-dressing-au-crochet\\\/\"]}]},{\"@type\":\"ImageObject\",\"inLanguage\":\"fr-FR\",\"@id\":\"https:\\\/\\\/zess.fr\\\/shop\\\/product\\\/livre-mini-dressing-au-crochet\\\/#primaryimage\",\"url\":\"https:\\\/\\\/zess.fr\\\/shop\\\/wp-content\\\/uploads\\\/2020\\\/07\\\/IMG_0793-1.jpeg\",\"contentUrl\":\"https:\\\/\\\/zess.fr\\\/shop\\\/wp-content\\\/uploads\\\/2020\\\/07\\\/IMG_0793-1.jpeg\",\"width\":400,\"height\":519,\"caption\":\"Mini dressing au crochet pour enfants\"},{\"@type\":\"BreadcrumbList\",\"@id\":\"https:\\\/\\\/zess.fr\\\/shop\\\/product\\\/livre-mini-dressing-au-crochet\\\/#breadcrumb\",\"itemListElement\":[{\"@type\":\"ListItem\",\"position\":1,\"name\":\"Zess Crochet Boutique &#8211; Tutoriels et kit crochet\",\"item\":\"https:\\\/\\\/zess.fr\\\/shop\\\/acceuil-2\\\/\"},{\"@type\":\"ListItem\",\"position\":2,\"name\":\"Livres de crochet &amp; coffret crochet collab\",\"item\":\"https:\\\/\\\/zess.fr\\\/shop\\\/product-category\\\/livre-de-crochet\\\/\"},{\"@type\":\"ListItem\",\"position\":3,\"name\":\"Livre Mini-dressing au crochet\"}]},{\"@type\":\"WebSite\",\"@id\":\"https:\\\/\\\/zess.fr\\\/shop\\\/#website\",\"url\":\"https:\\\/\\\/zess.fr\\\/shop\\\/\",\"name\":\"Zess Crochet - Tutoriels au crochet amigurumi, poup\u00e9es et accessoires - patron num\u00e9rique PDF - livres de crochet\",\"description\":\"Tutoriels et kits crochet amigurumi et d\u00e9co\",\"potentialAction\":[{\"@type\":\"SearchAction\",\"target\":{\"@type\":\"EntryPoint\",\"urlTemplate\":\"https:\\\/\\\/zess.fr\\\/shop\\\/?s={search_term_string}\"},\"query-input\":{\"@type\":\"PropertyValueSpecification\",\"valueRequired\":true,\"valueName\":\"search_term_string\"}}],\"inLanguage\":\"fr-FR\"}]}<\/script>\n<!-- \/ Yoast SEO plugin. -->","yoast_head_json":{"title":"Livre Mini-dressing au crochet - Zess Crochet","robots":{"index":"index","follow":"follow","max-snippet":"max-snippet:-1","max-image-preview":"max-image-preview:large","max-video-preview":"max-video-preview:-1"},"canonical":"https:\/\/zess.fr\/shop\/product\/livre-mini-dressing-au-crochet\/","og_locale":"fr_FR","og_type":"article","og_title":"Livre Mini-dressing au crochet - Zess Crochet","og_description":"23 mod\u00e8les de 3 au 8\/10ans (pull \u00e0 nopes, salopette, gilet chevron, robe en lin, pull \u00e0 col pierrot, jupe corolle, b\u00e9guins, sac, ...)  2016.  Avec d\u00e9dicace","og_url":"https:\/\/zess.fr\/shop\/product\/livre-mini-dressing-au-crochet\/","og_site_name":"Zess Crochet","article_modified_time":"2024-11-24T06:17:35+00:00","og_image":[{"width":400,"height":519,"url":"https:\/\/zess.fr\/shop\/wp-content\/uploads\/2020\/07\/IMG_0793-1.jpeg","type":"image\/jpeg"}],"twitter_card":"summary_large_image","twitter_misc":{"Dur\u00e9e de lecture estim\u00e9e":"2 minutes"},"schema":{"@context":"https:\/\/schema.org","@graph":[{"@type":"WebPage","@id":"https:\/\/zess.fr\/shop\/product\/livre-mini-dressing-au-crochet\/","url":"https:\/\/zess.fr\/shop\/product\/livre-mini-dressing-au-crochet\/","name":"Livre Mini-dressing au crochet - Zess Crochet","isPartOf":{"@id":"https:\/\/zess.fr\/shop\/#website"},"primaryImageOfPage":{"@id":"https:\/\/zess.fr\/shop\/product\/livre-mini-dressing-au-crochet\/#primaryimage"},"image":{"@id":"https:\/\/zess.fr\/shop\/product\/livre-mini-dressing-au-crochet\/#primaryimage"},"thumbnailUrl":"https:\/\/zess.fr\/shop\/wp-content\/uploads\/2020\/07\/IMG_0793-1.jpeg","datePublished":"2023-07-22T15:27:27+00:00","dateModified":"2024-11-24T06:17:35+00:00","breadcrumb":{"@id":"https:\/\/zess.fr\/shop\/product\/livre-mini-dressing-au-crochet\/#breadcrumb"},"inLanguage":"fr-FR","potentialAction":[{"@type":"ReadAction","target":["https:\/\/zess.fr\/shop\/product\/livre-mini-dressing-au-crochet\/"]}]},{"@type":"ImageObject","inLanguage":"fr-FR","@id":"https:\/\/zess.fr\/shop\/product\/livre-mini-dressing-au-crochet\/#primaryimage","url":"https:\/\/zess.fr\/shop\/wp-content\/uploads\/2020\/07\/IMG_0793-1.jpeg","contentUrl":"https:\/\/zess.fr\/shop\/wp-content\/uploads\/2020\/07\/IMG_0793-1.jpeg","width":400,"height":519,"caption":"Mini dressing au crochet pour enfants"},{"@type":"BreadcrumbList","@id":"https:\/\/zess.fr\/shop\/product\/livre-mini-dressing-au-crochet\/#breadcrumb","itemListElement":[{"@type":"ListItem","position":1,"name":"Zess Crochet Boutique &#8211; Tutoriels et kit crochet","item":"https:\/\/zess.fr\/shop\/acceuil-2\/"},{"@type":"ListItem","position":2,"name":"Livres de crochet &amp; coffret crochet collab","item":"https:\/\/zess.fr\/shop\/product-category\/livre-de-crochet\/"},{"@type":"ListItem","position":3,"name":"Livre Mini-dressing au crochet"}]},{"@type":"WebSite","@id":"https:\/\/zess.fr\/shop\/#website","url":"https:\/\/zess.fr\/shop\/","name":"Zess Crochet - Tutoriels au crochet amigurumi, poup\u00e9es et accessoires - patron num\u00e9rique PDF - livres de crochet","description":"Tutoriels et kits crochet amigurumi et d\u00e9co","potentialAction":[{"@type":"SearchAction","target":{"@type":"EntryPoint","urlTemplate":"https:\/\/zess.fr\/shop\/?s={search_term_string}"},"query-input":{"@type":"PropertyValueSpecification","valueRequired":true,"valueName":"search_term_string"}}],"inLanguage":"fr-FR"}]}},"_links":{"self":[{"href":"https:\/\/zess.fr\/shop\/wp-json\/wp\/v2\/product\/444","targetHints":{"allow":["GET"]}}],"collection":[{"href":"https:\/\/zess.fr\/shop\/wp-json\/wp\/v2\/product"}],"about":[{"href":"https:\/\/zess.fr\/shop\/wp-json\/wp\/v2\/types\/product"}],"replies":[{"embeddable":true,"href":"https:\/\/zess.fr\/shop\/wp-json\/wp\/v2\/comments?post=444"}],"version-history":[{"count":0,"href":"https:\/\/zess.fr\/shop\/wp-json\/wp\/v2\/product\/444\/revisions"}],"wp:featuredmedia":[{"embeddable":true,"href":"https:\/\/zess.fr\/shop\/wp-json\/wp\/v2\/media\/4060"}],"wp:attachment":[{"href":"https:\/\/zess.fr\/shop\/wp-json\/wp\/v2\/media?parent=444"}],"wp:term":[{"taxonomy":"product_brand","embeddable":true,"href":"https:\/\/zess.fr\/shop\/wp-json\/wp\/v2\/product_brand?post=444"},{"taxonomy":"product_cat","embeddable":true,"href":"https:\/\/zess.fr\/shop\/wp-json\/wp\/v2\/product_cat?post=444"},{"taxonomy":"product_tag","embeddable":true,"href":"https:\/\/zess.fr\/shop\/wp-json\/wp\/v2\/product_tag?post=444"}],"curies":[{"name":"wp","href":"https:\/\/api.w.org\/{rel}","templated":true}]}}