{"id":3936,"date":"2020-04-26T11:00:04","date_gmt":"2020-04-26T09:00:04","guid":{"rendered":"https:\/\/zess.fr\/shop\/?post_type=product&#038;p=3936"},"modified":"2024-11-24T07:26:42","modified_gmt":"2024-11-24T06:26:42","slug":"poupee-au-crochet-et-leur-garde-robe","status":"publish","type":"product","link":"https:\/\/zess.fr\/shop\/product\/poupee-au-crochet-et-leur-garde-robe\/","title":{"rendered":"Livre Poup\u00e9e au crochet et leur garde-robe"},"content":{"rendered":"","protected":false},"excerpt":{"rendered":"<p>Un mod\u00e8le de poup\u00e9e de 38 cm \u00e0 personnaliser avec plusieurs frimousses et plus de 80 v\u00eatements (tops, robes, salopettes, shorts&#8230;) et accessoires (bottes, cheveux, bonnets&#8230;) interchangeables.<\/p>\n<p>Langue : fran\u00e7ais<\/p>\n<p>128  pages.<\/p>\n","protected":false},"featured_media":3937,"comment_status":"closed","ping_status":"closed","template":"","meta":[],"product_brand":[],"product_cat":[63],"product_tag":[272],"class_list":{"0":"post-3936","1":"product","2":"type-product","3":"status-publish","4":"has-post-thumbnail","6":"product_cat-livre-de-crochet","7":"product_tag-livre","9":"first","10":"outofstock","11":"sold-individually","12":"shipping-taxable","13":"purchasable","14":"product-type-simple"},"yoast_head":"<!-- This site is optimized with the Yoast SEO plugin v27.3 - https:\/\/yoast.com\/product\/yoast-seo-wordpress\/ -->\n<title>Livre Poup\u00e9e au crochet et leur garde-robe - Zess Crochet<\/title>\n<meta name=\"robots\" content=\"index, follow, max-snippet:-1, max-image-preview:large, max-video-preview:-1\" \/>\n<link rel=\"canonical\" href=\"https:\/\/zess.fr\/shop\/product\/poupee-au-crochet-et-leur-garde-robe\/\" \/>\n<meta property=\"og:locale\" content=\"fr_FR\" \/>\n<meta property=\"og:type\" content=\"article\" \/>\n<meta property=\"og:title\" content=\"Livre Poup\u00e9e au crochet et leur garde-robe - Zess Crochet\" \/>\n<meta property=\"og:description\" content=\"Un mod\u00e8le de poup\u00e9e de 38 cm \u00e0 personnaliser avec plusieurs frimousses et plus de 80 v\u00eatements (tops, robes, salopettes, shorts...) et accessoires (bottes, cheveux, bonnets...) interchangeables.  Langue : fran\u00e7ais  128 pages.\" \/>\n<meta property=\"og:url\" content=\"https:\/\/zess.fr\/shop\/product\/poupee-au-crochet-et-leur-garde-robe\/\" \/>\n<meta property=\"og:site_name\" content=\"Zess Crochet\" \/>\n<meta property=\"article:modified_time\" content=\"2024-11-24T06:26:42+00:00\" \/>\n<meta property=\"og:image\" content=\"https:\/\/zess.fr\/shop\/wp-content\/uploads\/2023\/04\/0135428D-4E32-4523-ACAD-3FE421B51354.jpeg\" \/>\n\t<meta property=\"og:image:width\" content=\"1574\" \/>\n\t<meta property=\"og:image:height\" content=\"1999\" \/>\n\t<meta property=\"og:image:type\" content=\"image\/jpeg\" \/>\n<meta name=\"twitter:card\" content=\"summary_large_image\" \/>\n<script type=\"application\/ld+json\" class=\"yoast-schema-graph\">{\"@context\":\"https:\\\/\\\/schema.org\",\"@graph\":[{\"@type\":\"WebPage\",\"@id\":\"https:\\\/\\\/zess.fr\\\/shop\\\/product\\\/poupee-au-crochet-et-leur-garde-robe\\\/\",\"url\":\"https:\\\/\\\/zess.fr\\\/shop\\\/product\\\/poupee-au-crochet-et-leur-garde-robe\\\/\",\"name\":\"Livre Poup\u00e9e au crochet et leur garde-robe - Zess Crochet\",\"isPartOf\":{\"@id\":\"https:\\\/\\\/zess.fr\\\/shop\\\/#website\"},\"primaryImageOfPage\":{\"@id\":\"https:\\\/\\\/zess.fr\\\/shop\\\/product\\\/poupee-au-crochet-et-leur-garde-robe\\\/#primaryimage\"},\"image\":{\"@id\":\"https:\\\/\\\/zess.fr\\\/shop\\\/product\\\/poupee-au-crochet-et-leur-garde-robe\\\/#primaryimage\"},\"thumbnailUrl\":\"https:\\\/\\\/zess.fr\\\/shop\\\/wp-content\\\/uploads\\\/2023\\\/04\\\/0135428D-4E32-4523-ACAD-3FE421B51354.jpeg\",\"datePublished\":\"2020-04-26T09:00:04+00:00\",\"dateModified\":\"2024-11-24T06:26:42+00:00\",\"breadcrumb\":{\"@id\":\"https:\\\/\\\/zess.fr\\\/shop\\\/product\\\/poupee-au-crochet-et-leur-garde-robe\\\/#breadcrumb\"},\"inLanguage\":\"fr-FR\",\"potentialAction\":[{\"@type\":\"ReadAction\",\"target\":[\"https:\\\/\\\/zess.fr\\\/shop\\\/product\\\/poupee-au-crochet-et-leur-garde-robe\\\/\"]}]},{\"@type\":\"ImageObject\",\"inLanguage\":\"fr-FR\",\"@id\":\"https:\\\/\\\/zess.fr\\\/shop\\\/product\\\/poupee-au-crochet-et-leur-garde-robe\\\/#primaryimage\",\"url\":\"https:\\\/\\\/zess.fr\\\/shop\\\/wp-content\\\/uploads\\\/2023\\\/04\\\/0135428D-4E32-4523-ACAD-3FE421B51354.jpeg\",\"contentUrl\":\"https:\\\/\\\/zess.fr\\\/shop\\\/wp-content\\\/uploads\\\/2023\\\/04\\\/0135428D-4E32-4523-ACAD-3FE421B51354.jpeg\",\"width\":1574,\"height\":1999,\"caption\":\"Poup\u00e9e au crochet et leur garde-robe\"},{\"@type\":\"BreadcrumbList\",\"@id\":\"https:\\\/\\\/zess.fr\\\/shop\\\/product\\\/poupee-au-crochet-et-leur-garde-robe\\\/#breadcrumb\",\"itemListElement\":[{\"@type\":\"ListItem\",\"position\":1,\"name\":\"Zess Crochet Boutique &#8211; Tutoriels et kit crochet\",\"item\":\"https:\\\/\\\/zess.fr\\\/shop\\\/acceuil-2\\\/\"},{\"@type\":\"ListItem\",\"position\":2,\"name\":\"Livres de crochet &amp; coffret crochet collab\",\"item\":\"https:\\\/\\\/zess.fr\\\/shop\\\/product-category\\\/livre-de-crochet\\\/\"},{\"@type\":\"ListItem\",\"position\":3,\"name\":\"Livre Poup\u00e9e au crochet et leur garde-robe\"}]},{\"@type\":\"WebSite\",\"@id\":\"https:\\\/\\\/zess.fr\\\/shop\\\/#website\",\"url\":\"https:\\\/\\\/zess.fr\\\/shop\\\/\",\"name\":\"Zess Crochet - Tutoriels au crochet amigurumi, poup\u00e9es et accessoires - patron num\u00e9rique PDF - livres de crochet\",\"description\":\"Tutoriels et kits crochet amigurumi et d\u00e9co\",\"potentialAction\":[{\"@type\":\"SearchAction\",\"target\":{\"@type\":\"EntryPoint\",\"urlTemplate\":\"https:\\\/\\\/zess.fr\\\/shop\\\/?s={search_term_string}\"},\"query-input\":{\"@type\":\"PropertyValueSpecification\",\"valueRequired\":true,\"valueName\":\"search_term_string\"}}],\"inLanguage\":\"fr-FR\"}]}<\/script>\n<!-- \/ Yoast SEO plugin. -->","yoast_head_json":{"title":"Livre Poup\u00e9e au crochet et leur garde-robe - Zess Crochet","robots":{"index":"index","follow":"follow","max-snippet":"max-snippet:-1","max-image-preview":"max-image-preview:large","max-video-preview":"max-video-preview:-1"},"canonical":"https:\/\/zess.fr\/shop\/product\/poupee-au-crochet-et-leur-garde-robe\/","og_locale":"fr_FR","og_type":"article","og_title":"Livre Poup\u00e9e au crochet et leur garde-robe - Zess Crochet","og_description":"Un mod\u00e8le de poup\u00e9e de 38 cm \u00e0 personnaliser avec plusieurs frimousses et plus de 80 v\u00eatements (tops, robes, salopettes, shorts...) et accessoires (bottes, cheveux, bonnets...) interchangeables.  Langue : fran\u00e7ais  128 pages.","og_url":"https:\/\/zess.fr\/shop\/product\/poupee-au-crochet-et-leur-garde-robe\/","og_site_name":"Zess Crochet","article_modified_time":"2024-11-24T06:26:42+00:00","og_image":[{"width":1574,"height":1999,"url":"https:\/\/zess.fr\/shop\/wp-content\/uploads\/2023\/04\/0135428D-4E32-4523-ACAD-3FE421B51354.jpeg","type":"image\/jpeg"}],"twitter_card":"summary_large_image","schema":{"@context":"https:\/\/schema.org","@graph":[{"@type":"WebPage","@id":"https:\/\/zess.fr\/shop\/product\/poupee-au-crochet-et-leur-garde-robe\/","url":"https:\/\/zess.fr\/shop\/product\/poupee-au-crochet-et-leur-garde-robe\/","name":"Livre Poup\u00e9e au crochet et leur garde-robe - Zess Crochet","isPartOf":{"@id":"https:\/\/zess.fr\/shop\/#website"},"primaryImageOfPage":{"@id":"https:\/\/zess.fr\/shop\/product\/poupee-au-crochet-et-leur-garde-robe\/#primaryimage"},"image":{"@id":"https:\/\/zess.fr\/shop\/product\/poupee-au-crochet-et-leur-garde-robe\/#primaryimage"},"thumbnailUrl":"https:\/\/zess.fr\/shop\/wp-content\/uploads\/2023\/04\/0135428D-4E32-4523-ACAD-3FE421B51354.jpeg","datePublished":"2020-04-26T09:00:04+00:00","dateModified":"2024-11-24T06:26:42+00:00","breadcrumb":{"@id":"https:\/\/zess.fr\/shop\/product\/poupee-au-crochet-et-leur-garde-robe\/#breadcrumb"},"inLanguage":"fr-FR","potentialAction":[{"@type":"ReadAction","target":["https:\/\/zess.fr\/shop\/product\/poupee-au-crochet-et-leur-garde-robe\/"]}]},{"@type":"ImageObject","inLanguage":"fr-FR","@id":"https:\/\/zess.fr\/shop\/product\/poupee-au-crochet-et-leur-garde-robe\/#primaryimage","url":"https:\/\/zess.fr\/shop\/wp-content\/uploads\/2023\/04\/0135428D-4E32-4523-ACAD-3FE421B51354.jpeg","contentUrl":"https:\/\/zess.fr\/shop\/wp-content\/uploads\/2023\/04\/0135428D-4E32-4523-ACAD-3FE421B51354.jpeg","width":1574,"height":1999,"caption":"Poup\u00e9e au crochet et leur garde-robe"},{"@type":"BreadcrumbList","@id":"https:\/\/zess.fr\/shop\/product\/poupee-au-crochet-et-leur-garde-robe\/#breadcrumb","itemListElement":[{"@type":"ListItem","position":1,"name":"Zess Crochet Boutique &#8211; Tutoriels et kit crochet","item":"https:\/\/zess.fr\/shop\/acceuil-2\/"},{"@type":"ListItem","position":2,"name":"Livres de crochet &amp; coffret crochet collab","item":"https:\/\/zess.fr\/shop\/product-category\/livre-de-crochet\/"},{"@type":"ListItem","position":3,"name":"Livre Poup\u00e9e au crochet et leur garde-robe"}]},{"@type":"WebSite","@id":"https:\/\/zess.fr\/shop\/#website","url":"https:\/\/zess.fr\/shop\/","name":"Zess Crochet - Tutoriels au crochet amigurumi, poup\u00e9es et accessoires - patron num\u00e9rique PDF - livres de crochet","description":"Tutoriels et kits crochet amigurumi et d\u00e9co","potentialAction":[{"@type":"SearchAction","target":{"@type":"EntryPoint","urlTemplate":"https:\/\/zess.fr\/shop\/?s={search_term_string}"},"query-input":{"@type":"PropertyValueSpecification","valueRequired":true,"valueName":"search_term_string"}}],"inLanguage":"fr-FR"}]}},"_links":{"self":[{"href":"https:\/\/zess.fr\/shop\/wp-json\/wp\/v2\/product\/3936","targetHints":{"allow":["GET"]}}],"collection":[{"href":"https:\/\/zess.fr\/shop\/wp-json\/wp\/v2\/product"}],"about":[{"href":"https:\/\/zess.fr\/shop\/wp-json\/wp\/v2\/types\/product"}],"replies":[{"embeddable":true,"href":"https:\/\/zess.fr\/shop\/wp-json\/wp\/v2\/comments?post=3936"}],"version-history":[{"count":0,"href":"https:\/\/zess.fr\/shop\/wp-json\/wp\/v2\/product\/3936\/revisions"}],"wp:featuredmedia":[{"embeddable":true,"href":"https:\/\/zess.fr\/shop\/wp-json\/wp\/v2\/media\/3937"}],"wp:attachment":[{"href":"https:\/\/zess.fr\/shop\/wp-json\/wp\/v2\/media?parent=3936"}],"wp:term":[{"taxonomy":"product_brand","embeddable":true,"href":"https:\/\/zess.fr\/shop\/wp-json\/wp\/v2\/product_brand?post=3936"},{"taxonomy":"product_cat","embeddable":true,"href":"https:\/\/zess.fr\/shop\/wp-json\/wp\/v2\/product_cat?post=3936"},{"taxonomy":"product_tag","embeddable":true,"href":"https:\/\/zess.fr\/shop\/wp-json\/wp\/v2\/product_tag?post=3936"}],"curies":[{"name":"wp","href":"https:\/\/api.w.org\/{rel}","templated":true}]}}