{"id":2728,"date":"2020-03-02T11:45:46","date_gmt":"2020-03-02T10:45:46","guid":{"rendered":"https:\/\/zess.fr\/shop\/?post_type=product&#038;p=2728"},"modified":"2025-09-13T18:04:31","modified_gmt":"2025-09-13T16:04:31","slug":"lot-2-patrons-poupee-kima-et-2-tenues","status":"publish","type":"product","link":"https:\/\/zess.fr\/shop\/product\/lot-2-patrons-poupee-kima-et-2-tenues\/","title":{"rendered":"Lot 2 tutoriels au crochet poup\u00e9e Kima et 2 tenues &#8211; Patron PDF"},"content":{"rendered":"<p>TUTORIEL 1 <a href=\"\/shop?p=869\" target=\"_blank\" rel=\"noopener\">(\u00e0 l\u2019unit\u00e9 ici)<\/a>: Poup\u00e9e Kima et sa 1\u00e8re tenue. Elle est crochet\u00e9e d\u2019une seule pi\u00e8ce pour le corps, la t\u00eate et m\u00eame les bras. Sa robe zigzag, ses chaussures et ses cheveux (coupe chignon) sont amovibles.<br \/>\nTUTORIEL 2 <a href=\"\/shop?p=1040\" target=\"_blank\" rel=\"noopener\">(\u00e0 l\u2019unit\u00e9 ici)<\/a>: La tenue de P\u00e2ques compos\u00e9e d&rsquo;une adorable robe tutu <strong>sans coutur<\/strong>e, d&rsquo;une chevelure coupe au carr\u00e9 et d&rsquo;oreilles de lapin.<\/p>\n<p>LANGUES : Fran\u00e7ais \ud83c\uddeb\ud83c\uddf7 &#8211; bient\u00f4t \u200b+ de langues<br \/>\nNIVEAU : interm\u00e9diaire (il faut conna\u00eetre les points de base)<\/p>\n<p>Le tutoriel PDF contient :<br \/>\n&#8211; des explications \u00e9crites d\u00e9taill\u00e9es avec des photos d&rsquo;\u00e9tapes<br \/>\n&#8211; pas \u00e0 pas en photos + un sch\u00e9ma pour broder le visage facilement<br \/>\n&#8211; une page compl\u00e8te de conseils et astuces \u00e0 lire avant de commencer<\/p>\n<p>TAILLE : 21cm (peut \u00eatre diff\u00e9rent selon le fil et le crochet que vous utilisez)<\/p>\n<p><b>Langue<\/b> : fran\u00e7ais \/ anglais<\/p>\n<p>Si vous avez des questions,\u00a0avant ou apr\u00e8s votre commande, contactez-moi !<\/p>\n<p>Cet article est un fichier PDF num\u00e9rique pour vous permettre de crocheter ces petits personnages. Il ne s\u2019agit pas du produit fini.<\/p>\n<p>Achat num\u00e9rique non remboursable, non \u00e9changeable.<\/p>\n<p><strong>Le patron est r\u00e9serv\u00e9 \u00e0 un usage strictement personnel. La vente des produits termin\u00e9s est interdite.<\/strong><\/p>\n","protected":false},"excerpt":{"rendered":"<p>Lot de 2 patrons :\u00a0<a href=\"https:\/\/zess.fr\/shop\/produit\/patron-de-crochet-kima\/\" target=\"_blank\" rel=\"noopener\">Poup\u00e9e Kim\u00e2 patron FR<\/a>\u00a0+\u00a0<a href=\"https:\/\/zess.fr\/shop\/produit\/tuto-tenue-lapin-pour-kima\/\" target=\"_blank\" rel=\"noopener\">Tenue lapin de Kima<\/a><\/p>\n<p>+ de caract\u00e9ristiques du tutoriel plus bas dans l\u2019onglet description.<\/p>\n<p>T\u00e9l\u00e9chargement instantan\u00e9.<\/p>\n<p><b>Langues<\/b> : fran\u00e7ais \/ anglais<\/p>\n","protected":false},"featured_media":2729,"comment_status":"open","ping_status":"closed","template":"elementor_theme","meta":[],"product_brand":[],"product_cat":[290,293,62],"product_tag":[],"class_list":{"0":"post-2728","1":"product","2":"type-product","3":"status-publish","4":"has-post-thumbnail","6":"product_cat-tuto-poupees-crochet","7":"product_cat-tous-les-patrons-crochet-pdf","8":"product_cat-modeles-de-crochet","10":"first","11":"instock","12":"featured","13":"downloadable","14":"virtual","15":"sold-individually","16":"purchasable","17":"product-type-simple"},"yoast_head":"<!-- This site is optimized with the Yoast SEO plugin v27.3 - https:\/\/yoast.com\/product\/yoast-seo-wordpress\/ -->\n<title>Lot 2 tutoriels au crochet poup\u00e9e Kima et 2 tenues - Patron PDF - Zess Crochet<\/title>\n<meta name=\"robots\" content=\"index, follow, max-snippet:-1, max-image-preview:large, max-video-preview:-1\" \/>\n<link rel=\"canonical\" href=\"https:\/\/zess.fr\/shop\/product\/lot-2-patrons-poupee-kima-et-2-tenues\/\" \/>\n<meta property=\"og:locale\" content=\"fr_FR\" \/>\n<meta property=\"og:type\" content=\"article\" \/>\n<meta property=\"og:title\" content=\"Lot 2 tutoriels au crochet poup\u00e9e Kima et 2 tenues - Patron PDF - Zess Crochet\" \/>\n<meta property=\"og:description\" content=\"Lot de 2 patrons :\u00a0Poup\u00e9e Kim\u00e2 patron FR\u00a0+\u00a0Tenue lapin de Kima  + de caract\u00e9ristiques du tutoriel plus bas dans l\u2019onglet description.  T\u00e9l\u00e9chargement instantan\u00e9.  Langues : fran\u00e7ais \/ anglais\" \/>\n<meta property=\"og:url\" content=\"https:\/\/zess.fr\/shop\/product\/lot-2-patrons-poupee-kima-et-2-tenues\/\" \/>\n<meta property=\"og:site_name\" content=\"Zess Crochet\" \/>\n<meta property=\"article:modified_time\" content=\"2025-09-13T16:04:31+00:00\" \/>\n<meta property=\"og:image\" content=\"https:\/\/zess.fr\/shop\/wp-content\/uploads\/2022\/03\/4B0062A5-98D4-4D65-8AD5-912C7806B231.jpeg\" \/>\n\t<meta property=\"og:image:width\" content=\"1080\" \/>\n\t<meta property=\"og:image:height\" content=\"1350\" \/>\n\t<meta property=\"og:image:type\" content=\"image\/jpeg\" \/>\n<meta name=\"twitter:card\" content=\"summary_large_image\" \/>\n<meta name=\"twitter:label1\" content=\"Dur\u00e9e de lecture estim\u00e9e\" \/>\n\t<meta name=\"twitter:data1\" content=\"2 minutes\" \/>\n<script type=\"application\/ld+json\" class=\"yoast-schema-graph\">{\"@context\":\"https:\\\/\\\/schema.org\",\"@graph\":[{\"@type\":\"WebPage\",\"@id\":\"https:\\\/\\\/zess.fr\\\/shop\\\/product\\\/lot-2-patrons-poupee-kima-et-2-tenues\\\/\",\"url\":\"https:\\\/\\\/zess.fr\\\/shop\\\/product\\\/lot-2-patrons-poupee-kima-et-2-tenues\\\/\",\"name\":\"Lot 2 tutoriels au crochet poup\u00e9e Kima et 2 tenues - Patron PDF - Zess Crochet\",\"isPartOf\":{\"@id\":\"https:\\\/\\\/zess.fr\\\/shop\\\/#website\"},\"primaryImageOfPage\":{\"@id\":\"https:\\\/\\\/zess.fr\\\/shop\\\/product\\\/lot-2-patrons-poupee-kima-et-2-tenues\\\/#primaryimage\"},\"image\":{\"@id\":\"https:\\\/\\\/zess.fr\\\/shop\\\/product\\\/lot-2-patrons-poupee-kima-et-2-tenues\\\/#primaryimage\"},\"thumbnailUrl\":\"https:\\\/\\\/zess.fr\\\/shop\\\/wp-content\\\/uploads\\\/2022\\\/03\\\/4B0062A5-98D4-4D65-8AD5-912C7806B231.jpeg\",\"datePublished\":\"2020-03-02T10:45:46+00:00\",\"dateModified\":\"2025-09-13T16:04:31+00:00\",\"breadcrumb\":{\"@id\":\"https:\\\/\\\/zess.fr\\\/shop\\\/product\\\/lot-2-patrons-poupee-kima-et-2-tenues\\\/#breadcrumb\"},\"inLanguage\":\"fr-FR\",\"potentialAction\":[{\"@type\":\"ReadAction\",\"target\":[\"https:\\\/\\\/zess.fr\\\/shop\\\/product\\\/lot-2-patrons-poupee-kima-et-2-tenues\\\/\"]}]},{\"@type\":\"ImageObject\",\"inLanguage\":\"fr-FR\",\"@id\":\"https:\\\/\\\/zess.fr\\\/shop\\\/product\\\/lot-2-patrons-poupee-kima-et-2-tenues\\\/#primaryimage\",\"url\":\"https:\\\/\\\/zess.fr\\\/shop\\\/wp-content\\\/uploads\\\/2022\\\/03\\\/4B0062A5-98D4-4D65-8AD5-912C7806B231.jpeg\",\"contentUrl\":\"https:\\\/\\\/zess.fr\\\/shop\\\/wp-content\\\/uploads\\\/2022\\\/03\\\/4B0062A5-98D4-4D65-8AD5-912C7806B231.jpeg\",\"width\":1080,\"height\":1350,\"caption\":\"LOT 2 PATRONS poup\u00e9e tenue v\u00eatement crochet\"},{\"@type\":\"BreadcrumbList\",\"@id\":\"https:\\\/\\\/zess.fr\\\/shop\\\/product\\\/lot-2-patrons-poupee-kima-et-2-tenues\\\/#breadcrumb\",\"itemListElement\":[{\"@type\":\"ListItem\",\"position\":1,\"name\":\"Zess Crochet Boutique &#8211; Tutoriels et kit crochet\",\"item\":\"https:\\\/\\\/zess.fr\\\/shop\\\/acceuil-2\\\/\"},{\"@type\":\"ListItem\",\"position\":2,\"name\":\"Tutoriels crochet\",\"item\":\"https:\\\/\\\/zess.fr\\\/shop\\\/product-category\\\/modeles-de-crochet\\\/\"},{\"@type\":\"ListItem\",\"position\":3,\"name\":\"Lot 2 tutoriels au crochet poup\u00e9e Kima et 2 tenues &#8211; Patron PDF\"}]},{\"@type\":\"WebSite\",\"@id\":\"https:\\\/\\\/zess.fr\\\/shop\\\/#website\",\"url\":\"https:\\\/\\\/zess.fr\\\/shop\\\/\",\"name\":\"Zess Crochet - Tutoriels au crochet amigurumi, poup\u00e9es et accessoires - patron num\u00e9rique PDF - livres de crochet\",\"description\":\"Tutoriels et kits crochet amigurumi et d\u00e9co\",\"potentialAction\":[{\"@type\":\"SearchAction\",\"target\":{\"@type\":\"EntryPoint\",\"urlTemplate\":\"https:\\\/\\\/zess.fr\\\/shop\\\/?s={search_term_string}\"},\"query-input\":{\"@type\":\"PropertyValueSpecification\",\"valueRequired\":true,\"valueName\":\"search_term_string\"}}],\"inLanguage\":\"fr-FR\"}]}<\/script>\n<!-- \/ Yoast SEO plugin. -->","yoast_head_json":{"title":"Lot 2 tutoriels au crochet poup\u00e9e Kima et 2 tenues - Patron PDF - Zess Crochet","robots":{"index":"index","follow":"follow","max-snippet":"max-snippet:-1","max-image-preview":"max-image-preview:large","max-video-preview":"max-video-preview:-1"},"canonical":"https:\/\/zess.fr\/shop\/product\/lot-2-patrons-poupee-kima-et-2-tenues\/","og_locale":"fr_FR","og_type":"article","og_title":"Lot 2 tutoriels au crochet poup\u00e9e Kima et 2 tenues - Patron PDF - Zess Crochet","og_description":"Lot de 2 patrons :\u00a0Poup\u00e9e Kim\u00e2 patron FR\u00a0+\u00a0Tenue lapin de Kima  + de caract\u00e9ristiques du tutoriel plus bas dans l\u2019onglet description.  T\u00e9l\u00e9chargement instantan\u00e9.  Langues : fran\u00e7ais \/ anglais","og_url":"https:\/\/zess.fr\/shop\/product\/lot-2-patrons-poupee-kima-et-2-tenues\/","og_site_name":"Zess Crochet","article_modified_time":"2025-09-13T16:04:31+00:00","og_image":[{"width":1080,"height":1350,"url":"https:\/\/zess.fr\/shop\/wp-content\/uploads\/2022\/03\/4B0062A5-98D4-4D65-8AD5-912C7806B231.jpeg","type":"image\/jpeg"}],"twitter_card":"summary_large_image","twitter_misc":{"Dur\u00e9e de lecture estim\u00e9e":"2 minutes"},"schema":{"@context":"https:\/\/schema.org","@graph":[{"@type":"WebPage","@id":"https:\/\/zess.fr\/shop\/product\/lot-2-patrons-poupee-kima-et-2-tenues\/","url":"https:\/\/zess.fr\/shop\/product\/lot-2-patrons-poupee-kima-et-2-tenues\/","name":"Lot 2 tutoriels au crochet poup\u00e9e Kima et 2 tenues - Patron PDF - Zess Crochet","isPartOf":{"@id":"https:\/\/zess.fr\/shop\/#website"},"primaryImageOfPage":{"@id":"https:\/\/zess.fr\/shop\/product\/lot-2-patrons-poupee-kima-et-2-tenues\/#primaryimage"},"image":{"@id":"https:\/\/zess.fr\/shop\/product\/lot-2-patrons-poupee-kima-et-2-tenues\/#primaryimage"},"thumbnailUrl":"https:\/\/zess.fr\/shop\/wp-content\/uploads\/2022\/03\/4B0062A5-98D4-4D65-8AD5-912C7806B231.jpeg","datePublished":"2020-03-02T10:45:46+00:00","dateModified":"2025-09-13T16:04:31+00:00","breadcrumb":{"@id":"https:\/\/zess.fr\/shop\/product\/lot-2-patrons-poupee-kima-et-2-tenues\/#breadcrumb"},"inLanguage":"fr-FR","potentialAction":[{"@type":"ReadAction","target":["https:\/\/zess.fr\/shop\/product\/lot-2-patrons-poupee-kima-et-2-tenues\/"]}]},{"@type":"ImageObject","inLanguage":"fr-FR","@id":"https:\/\/zess.fr\/shop\/product\/lot-2-patrons-poupee-kima-et-2-tenues\/#primaryimage","url":"https:\/\/zess.fr\/shop\/wp-content\/uploads\/2022\/03\/4B0062A5-98D4-4D65-8AD5-912C7806B231.jpeg","contentUrl":"https:\/\/zess.fr\/shop\/wp-content\/uploads\/2022\/03\/4B0062A5-98D4-4D65-8AD5-912C7806B231.jpeg","width":1080,"height":1350,"caption":"LOT 2 PATRONS poup\u00e9e tenue v\u00eatement crochet"},{"@type":"BreadcrumbList","@id":"https:\/\/zess.fr\/shop\/product\/lot-2-patrons-poupee-kima-et-2-tenues\/#breadcrumb","itemListElement":[{"@type":"ListItem","position":1,"name":"Zess Crochet Boutique &#8211; Tutoriels et kit crochet","item":"https:\/\/zess.fr\/shop\/acceuil-2\/"},{"@type":"ListItem","position":2,"name":"Tutoriels crochet","item":"https:\/\/zess.fr\/shop\/product-category\/modeles-de-crochet\/"},{"@type":"ListItem","position":3,"name":"Lot 2 tutoriels au crochet poup\u00e9e Kima et 2 tenues &#8211; Patron PDF"}]},{"@type":"WebSite","@id":"https:\/\/zess.fr\/shop\/#website","url":"https:\/\/zess.fr\/shop\/","name":"Zess Crochet - Tutoriels au crochet amigurumi, poup\u00e9es et accessoires - patron num\u00e9rique PDF - livres de crochet","description":"Tutoriels et kits crochet amigurumi et d\u00e9co","potentialAction":[{"@type":"SearchAction","target":{"@type":"EntryPoint","urlTemplate":"https:\/\/zess.fr\/shop\/?s={search_term_string}"},"query-input":{"@type":"PropertyValueSpecification","valueRequired":true,"valueName":"search_term_string"}}],"inLanguage":"fr-FR"}]}},"_links":{"self":[{"href":"https:\/\/zess.fr\/shop\/wp-json\/wp\/v2\/product\/2728","targetHints":{"allow":["GET"]}}],"collection":[{"href":"https:\/\/zess.fr\/shop\/wp-json\/wp\/v2\/product"}],"about":[{"href":"https:\/\/zess.fr\/shop\/wp-json\/wp\/v2\/types\/product"}],"replies":[{"embeddable":true,"href":"https:\/\/zess.fr\/shop\/wp-json\/wp\/v2\/comments?post=2728"}],"version-history":[{"count":1,"href":"https:\/\/zess.fr\/shop\/wp-json\/wp\/v2\/product\/2728\/revisions"}],"predecessor-version":[{"id":8793,"href":"https:\/\/zess.fr\/shop\/wp-json\/wp\/v2\/product\/2728\/revisions\/8793"}],"wp:featuredmedia":[{"embeddable":true,"href":"https:\/\/zess.fr\/shop\/wp-json\/wp\/v2\/media\/2729"}],"wp:attachment":[{"href":"https:\/\/zess.fr\/shop\/wp-json\/wp\/v2\/media?parent=2728"}],"wp:term":[{"taxonomy":"product_brand","embeddable":true,"href":"https:\/\/zess.fr\/shop\/wp-json\/wp\/v2\/product_brand?post=2728"},{"taxonomy":"product_cat","embeddable":true,"href":"https:\/\/zess.fr\/shop\/wp-json\/wp\/v2\/product_cat?post=2728"},{"taxonomy":"product_tag","embeddable":true,"href":"https:\/\/zess.fr\/shop\/wp-json\/wp\/v2\/product_tag?post=2728"}],"curies":[{"name":"wp","href":"https:\/\/api.w.org\/{rel}","templated":true}]}}