{"id":2680,"date":"2022-02-18T10:59:21","date_gmt":"2022-02-18T09:59:21","guid":{"rendered":"https:\/\/zess.fr\/shop\/?post_type=product&#038;p=2680"},"modified":"2026-01-15T09:39:35","modified_gmt":"2026-01-15T08:39:35","slug":"poppie-patron-fr","status":"publish","type":"product","link":"https:\/\/zess.fr\/shop\/product\/poppie-patron-fr\/","title":{"rendered":"Patron au crochet &#8211; Poup\u00e9e Poppie (PDF)"},"content":{"rendered":"<h3>Le patron au crochet de la poup\u00e9e Poppie en d\u00e9tails<\/h3>\n<p><strong>Taille<\/strong> : 24cm sans le bonnet\u00a0<span style=\"font-weight: 400;\">(peut \u00eatre diff\u00e9rent selon le fil et le crochet que vous utilisez)<\/span><\/p>\n<p><strong>Niveau de difficult\u00e9<\/strong> : facile (vous devez conna\u00eetre les points de base au crochet)<\/p>\n<p><b>Ce tutoriel PDF contient<\/b> :<\/p>\n<ul>\n<li>15 pages d\u2019explications d\u00e9taill\u00e9es avec 55 photos d\u2019\u00e9tapes<\/li>\n<li>Pas \u00e0 pas en photos pour broder les yeux<\/li>\n<li>M\u00e9thode de nouage de la frange des cheveux<\/li>\n<li>Une page compl\u00e8te de conseils \u00e0 lire avant de commencer<\/li>\n<\/ul>\n<p><strong>Langues disponibles<\/strong> : Fran\u00e7ais + English (US terms)<\/p>\n<p>Votre patron PDF est disponible en t\u00e9l\u00e9chargement imm\u00e9diat apr\u00e8s paiement.<\/p>\n<p><strong data-start=\"2228\" data-end=\"2259\">\u2757Usage strictement personnel<\/strong><br \/>\nCe patron est destin\u00e9 \u00e0 un usage personnel uniquement.<br data-start=\"354\" data-end=\"357\" \/>La vente des objets r\u00e9alis\u00e9s \u00e0 partir de ce mod\u00e8le <strong>n\u2019est pas autoris\u00e9e<\/strong> avec ce patron.<br \/>\nPour toute utilisation professionnelle ou commerciale, y compris vente occasionnelle ou ateliers, merci de me contacter. Des licences adapt\u00e9es sont propos\u00e9es.<\/p>\n<h4>Points importants<\/h4>\n<ul>\n<li>Cet achat est un fichier num\u00e9rique pour vous permettre de crocheter cette jolie poup\u00e9e au crochet. Il ne s\u2019agit pas du produit fini.<\/li>\n<li>Cet article num\u00e9rique est <strong>non remboursable et non \u00e9changeable<\/strong>.<\/li>\n<\/ul>\n<p>\u2753Si vous avez des questions, avant ou apr\u00e8s votre commande, contactez moi !<\/p>\n","protected":false},"excerpt":{"rendered":"<p data-start=\"0\" data-end=\"330\">Poppie est une poup\u00e9e au style graphique et un peu r\u00e9tro avec son b\u00e9guin \u00e0 nopes. Elle est crochet\u00e9e des pieds \u00e0 la t\u00eate d\u2019une seule pi\u00e8ce, jupe et collerette incluses, pour une construction fluide. Ses bras sont cousus et sont mall\u00e9ables, ce qui permet de les positionner facilement.<\/p>\n<p data-start=\"332\" data-end=\"583\" data-is-last-node=\"\" data-is-only-node=\"\">Le tutoriel PDF comprend 15 pages d\u2019explications d\u00e9taill\u00e9es avec 55 photos d\u2019\u00e9tapes, un pas \u00e0 pas en images pour broder les yeux, une m\u00e9thode expliqu\u00e9e pour nouer la frange des cheveux, ainsi qu\u2019une page compl\u00e8te de conseils \u00e0 lire avant de commencer.<\/p>\n<p><img decoding=\"async\" class=\"emoji\" role=\"img\" draggable=\"false\" src=\"https:\/\/s.w.org\/images\/core\/emoji\/16.0.1\/svg\/1f4e5.svg\" alt=\"\ud83d\udce5\" \/>\u00a0T\u00e9l\u00e9chargement instantan\u00e9<br data-start=\"892\" data-end=\"895\" \/><img decoding=\"async\" class=\"emoji\" role=\"img\" draggable=\"false\" src=\"https:\/\/s.w.org\/images\/core\/emoji\/16.0.1\/svg\/1f30d.svg\" alt=\"\ud83c\udf0d\" \/> Langue : Fran\u00e7ais, Anglais, Espagnol<br data-start=\"937\" data-end=\"940\" \/><img decoding=\"async\" class=\"emoji\" role=\"img\" draggable=\"false\" src=\"https:\/\/s.w.org\/images\/core\/emoji\/16.0.1\/svg\/1f50e.svg\" alt=\"\ud83d\udd0e\" \/>\u00a0Plus de d\u00e9tails dans l\u2019onglet Description<\/p>\n<h6><\/h6>\n","protected":false},"featured_media":2702,"comment_status":"open","ping_status":"closed","template":"","meta":[],"product_brand":[],"product_cat":[291,290,293,62],"product_tag":[279],"class_list":{"0":"post-2680","1":"product","2":"type-product","3":"status-publish","4":"has-post-thumbnail","6":"product_cat-amigurumis","7":"product_cat-tuto-poupees-crochet","8":"product_cat-tous-les-patrons-crochet-pdf","9":"product_cat-modeles-de-crochet","10":"product_tag-poupee","12":"first","13":"instock","14":"sale","15":"featured","16":"downloadable","17":"virtual","18":"sold-individually","19":"purchasable","20":"product-type-simple"},"yoast_head":"<!-- This site is optimized with the Yoast SEO plugin v27.3 - https:\/\/yoast.com\/product\/yoast-seo-wordpress\/ -->\n<title>Patron au crochet - Poup\u00e9e Poppie (PDF) - Zess Crochet<\/title>\n<meta name=\"robots\" content=\"index, follow, max-snippet:-1, max-image-preview:large, max-video-preview:-1\" \/>\n<link rel=\"canonical\" href=\"https:\/\/zess.fr\/shop\/product\/poppie-patron-fr\/\" \/>\n<meta property=\"og:locale\" content=\"fr_FR\" \/>\n<meta property=\"og:type\" content=\"article\" \/>\n<meta property=\"og:title\" content=\"Patron au crochet - Poup\u00e9e Poppie (PDF) - Zess Crochet\" \/>\n<meta property=\"og:description\" content=\"Poppie est une poup\u00e9e au style graphique et un peu r\u00e9tro avec son b\u00e9guin \u00e0 nopes. Elle est crochet\u00e9e des pieds \u00e0 la t\u00eate d\u2019une seule pi\u00e8ce, jupe et collerette incluses, pour une construction fluide. Ses bras sont cousus et sont mall\u00e9ables, ce qui permet de les positionner facilement. Le tutoriel PDF comprend 15 pages d\u2019explications d\u00e9taill\u00e9es avec 55 photos d\u2019\u00e9tapes, un pas \u00e0 pas en images pour broder les yeux, une m\u00e9thode expliqu\u00e9e pour nouer la frange des cheveux, ainsi qu\u2019une page compl\u00e8te de conseils \u00e0 lire avant de commencer. \u00a0T\u00e9l\u00e9chargement instantan\u00e9 Langue : Fran\u00e7ais, Anglais, Espagnol\u00a0Plus de d\u00e9tails dans l\u2019onglet Description\" \/>\n<meta property=\"og:url\" content=\"https:\/\/zess.fr\/shop\/product\/poppie-patron-fr\/\" \/>\n<meta property=\"og:site_name\" content=\"Zess Crochet\" \/>\n<meta property=\"article:modified_time\" content=\"2026-01-15T08:39:35+00:00\" \/>\n<meta property=\"og:image\" content=\"https:\/\/zess.fr\/shop\/wp-content\/uploads\/2022\/02\/23184BA9-033B-49F8-88BF-B181B9B2E5A5-595x744.png\" \/>\n\t<meta property=\"og:image:width\" content=\"595\" \/>\n\t<meta property=\"og:image:height\" content=\"744\" \/>\n\t<meta property=\"og:image:type\" content=\"image\/png\" \/>\n<meta name=\"twitter:card\" content=\"summary_large_image\" \/>\n<meta name=\"twitter:label1\" content=\"Dur\u00e9e de lecture estim\u00e9e\" \/>\n\t<meta name=\"twitter:data1\" content=\"2 minutes\" \/>\n<script type=\"application\/ld+json\" class=\"yoast-schema-graph\">{\"@context\":\"https:\\\/\\\/schema.org\",\"@graph\":[{\"@type\":\"WebPage\",\"@id\":\"https:\\\/\\\/zess.fr\\\/shop\\\/product\\\/poppie-patron-fr\\\/\",\"url\":\"https:\\\/\\\/zess.fr\\\/shop\\\/product\\\/poppie-patron-fr\\\/\",\"name\":\"Patron au crochet - Poup\u00e9e Poppie (PDF) - Zess Crochet\",\"isPartOf\":{\"@id\":\"https:\\\/\\\/zess.fr\\\/shop\\\/#website\"},\"primaryImageOfPage\":{\"@id\":\"https:\\\/\\\/zess.fr\\\/shop\\\/product\\\/poppie-patron-fr\\\/#primaryimage\"},\"image\":{\"@id\":\"https:\\\/\\\/zess.fr\\\/shop\\\/product\\\/poppie-patron-fr\\\/#primaryimage\"},\"thumbnailUrl\":\"https:\\\/\\\/zess.fr\\\/shop\\\/wp-content\\\/uploads\\\/2022\\\/02\\\/23184BA9-033B-49F8-88BF-B181B9B2E5A5.png\",\"datePublished\":\"2022-02-18T09:59:21+00:00\",\"dateModified\":\"2026-01-15T08:39:35+00:00\",\"breadcrumb\":{\"@id\":\"https:\\\/\\\/zess.fr\\\/shop\\\/product\\\/poppie-patron-fr\\\/#breadcrumb\"},\"inLanguage\":\"fr-FR\",\"potentialAction\":[{\"@type\":\"ReadAction\",\"target\":[\"https:\\\/\\\/zess.fr\\\/shop\\\/product\\\/poppie-patron-fr\\\/\"]}]},{\"@type\":\"ImageObject\",\"inLanguage\":\"fr-FR\",\"@id\":\"https:\\\/\\\/zess.fr\\\/shop\\\/product\\\/poppie-patron-fr\\\/#primaryimage\",\"url\":\"https:\\\/\\\/zess.fr\\\/shop\\\/wp-content\\\/uploads\\\/2022\\\/02\\\/23184BA9-033B-49F8-88BF-B181B9B2E5A5.png\",\"contentUrl\":\"https:\\\/\\\/zess.fr\\\/shop\\\/wp-content\\\/uploads\\\/2022\\\/02\\\/23184BA9-033B-49F8-88BF-B181B9B2E5A5.png\",\"width\":1080,\"height\":1350,\"caption\":\"Tutoriel poup\u00e9e b\u00e9guin crochet Poppie zess\"},{\"@type\":\"BreadcrumbList\",\"@id\":\"https:\\\/\\\/zess.fr\\\/shop\\\/product\\\/poppie-patron-fr\\\/#breadcrumb\",\"itemListElement\":[{\"@type\":\"ListItem\",\"position\":1,\"name\":\"Zess Crochet Boutique &#8211; Tutoriels et kit crochet\",\"item\":\"https:\\\/\\\/zess.fr\\\/shop\\\/acceuil-2\\\/\"},{\"@type\":\"ListItem\",\"position\":2,\"name\":\"Tutoriels crochet\",\"item\":\"https:\\\/\\\/zess.fr\\\/shop\\\/product-category\\\/modeles-de-crochet\\\/\"},{\"@type\":\"ListItem\",\"position\":3,\"name\":\"Patron au crochet &#8211; Poup\u00e9e Poppie (PDF)\"}]},{\"@type\":\"WebSite\",\"@id\":\"https:\\\/\\\/zess.fr\\\/shop\\\/#website\",\"url\":\"https:\\\/\\\/zess.fr\\\/shop\\\/\",\"name\":\"Zess Crochet - Tutoriels au crochet amigurumi, poup\u00e9es et accessoires - patron num\u00e9rique PDF - livres de crochet\",\"description\":\"Tutoriels et kits crochet amigurumi et d\u00e9co\",\"potentialAction\":[{\"@type\":\"SearchAction\",\"target\":{\"@type\":\"EntryPoint\",\"urlTemplate\":\"https:\\\/\\\/zess.fr\\\/shop\\\/?s={search_term_string}\"},\"query-input\":{\"@type\":\"PropertyValueSpecification\",\"valueRequired\":true,\"valueName\":\"search_term_string\"}}],\"inLanguage\":\"fr-FR\"}]}<\/script>\n<!-- \/ Yoast SEO plugin. -->","yoast_head_json":{"title":"Patron au crochet - Poup\u00e9e Poppie (PDF) - Zess Crochet","robots":{"index":"index","follow":"follow","max-snippet":"max-snippet:-1","max-image-preview":"max-image-preview:large","max-video-preview":"max-video-preview:-1"},"canonical":"https:\/\/zess.fr\/shop\/product\/poppie-patron-fr\/","og_locale":"fr_FR","og_type":"article","og_title":"Patron au crochet - Poup\u00e9e Poppie (PDF) - Zess Crochet","og_description":"Poppie est une poup\u00e9e au style graphique et un peu r\u00e9tro avec son b\u00e9guin \u00e0 nopes. Elle est crochet\u00e9e des pieds \u00e0 la t\u00eate d\u2019une seule pi\u00e8ce, jupe et collerette incluses, pour une construction fluide. Ses bras sont cousus et sont mall\u00e9ables, ce qui permet de les positionner facilement. Le tutoriel PDF comprend 15 pages d\u2019explications d\u00e9taill\u00e9es avec 55 photos d\u2019\u00e9tapes, un pas \u00e0 pas en images pour broder les yeux, une m\u00e9thode expliqu\u00e9e pour nouer la frange des cheveux, ainsi qu\u2019une page compl\u00e8te de conseils \u00e0 lire avant de commencer. \u00a0T\u00e9l\u00e9chargement instantan\u00e9 Langue : Fran\u00e7ais, Anglais, Espagnol\u00a0Plus de d\u00e9tails dans l\u2019onglet Description","og_url":"https:\/\/zess.fr\/shop\/product\/poppie-patron-fr\/","og_site_name":"Zess Crochet","article_modified_time":"2026-01-15T08:39:35+00:00","og_image":[{"width":595,"height":744,"url":"https:\/\/zess.fr\/shop\/wp-content\/uploads\/2022\/02\/23184BA9-033B-49F8-88BF-B181B9B2E5A5-595x744.png","type":"image\/png"}],"twitter_card":"summary_large_image","twitter_misc":{"Dur\u00e9e de lecture estim\u00e9e":"2 minutes"},"schema":{"@context":"https:\/\/schema.org","@graph":[{"@type":"WebPage","@id":"https:\/\/zess.fr\/shop\/product\/poppie-patron-fr\/","url":"https:\/\/zess.fr\/shop\/product\/poppie-patron-fr\/","name":"Patron au crochet - Poup\u00e9e Poppie (PDF) - Zess Crochet","isPartOf":{"@id":"https:\/\/zess.fr\/shop\/#website"},"primaryImageOfPage":{"@id":"https:\/\/zess.fr\/shop\/product\/poppie-patron-fr\/#primaryimage"},"image":{"@id":"https:\/\/zess.fr\/shop\/product\/poppie-patron-fr\/#primaryimage"},"thumbnailUrl":"https:\/\/zess.fr\/shop\/wp-content\/uploads\/2022\/02\/23184BA9-033B-49F8-88BF-B181B9B2E5A5.png","datePublished":"2022-02-18T09:59:21+00:00","dateModified":"2026-01-15T08:39:35+00:00","breadcrumb":{"@id":"https:\/\/zess.fr\/shop\/product\/poppie-patron-fr\/#breadcrumb"},"inLanguage":"fr-FR","potentialAction":[{"@type":"ReadAction","target":["https:\/\/zess.fr\/shop\/product\/poppie-patron-fr\/"]}]},{"@type":"ImageObject","inLanguage":"fr-FR","@id":"https:\/\/zess.fr\/shop\/product\/poppie-patron-fr\/#primaryimage","url":"https:\/\/zess.fr\/shop\/wp-content\/uploads\/2022\/02\/23184BA9-033B-49F8-88BF-B181B9B2E5A5.png","contentUrl":"https:\/\/zess.fr\/shop\/wp-content\/uploads\/2022\/02\/23184BA9-033B-49F8-88BF-B181B9B2E5A5.png","width":1080,"height":1350,"caption":"Tutoriel poup\u00e9e b\u00e9guin crochet Poppie zess"},{"@type":"BreadcrumbList","@id":"https:\/\/zess.fr\/shop\/product\/poppie-patron-fr\/#breadcrumb","itemListElement":[{"@type":"ListItem","position":1,"name":"Zess Crochet Boutique &#8211; Tutoriels et kit crochet","item":"https:\/\/zess.fr\/shop\/acceuil-2\/"},{"@type":"ListItem","position":2,"name":"Tutoriels crochet","item":"https:\/\/zess.fr\/shop\/product-category\/modeles-de-crochet\/"},{"@type":"ListItem","position":3,"name":"Patron au crochet &#8211; Poup\u00e9e Poppie (PDF)"}]},{"@type":"WebSite","@id":"https:\/\/zess.fr\/shop\/#website","url":"https:\/\/zess.fr\/shop\/","name":"Zess Crochet - Tutoriels au crochet amigurumi, poup\u00e9es et accessoires - patron num\u00e9rique PDF - livres de crochet","description":"Tutoriels et kits crochet amigurumi et d\u00e9co","potentialAction":[{"@type":"SearchAction","target":{"@type":"EntryPoint","urlTemplate":"https:\/\/zess.fr\/shop\/?s={search_term_string}"},"query-input":{"@type":"PropertyValueSpecification","valueRequired":true,"valueName":"search_term_string"}}],"inLanguage":"fr-FR"}]}},"_links":{"self":[{"href":"https:\/\/zess.fr\/shop\/wp-json\/wp\/v2\/product\/2680","targetHints":{"allow":["GET"]}}],"collection":[{"href":"https:\/\/zess.fr\/shop\/wp-json\/wp\/v2\/product"}],"about":[{"href":"https:\/\/zess.fr\/shop\/wp-json\/wp\/v2\/types\/product"}],"replies":[{"embeddable":true,"href":"https:\/\/zess.fr\/shop\/wp-json\/wp\/v2\/comments?post=2680"}],"version-history":[{"count":6,"href":"https:\/\/zess.fr\/shop\/wp-json\/wp\/v2\/product\/2680\/revisions"}],"predecessor-version":[{"id":9664,"href":"https:\/\/zess.fr\/shop\/wp-json\/wp\/v2\/product\/2680\/revisions\/9664"}],"wp:featuredmedia":[{"embeddable":true,"href":"https:\/\/zess.fr\/shop\/wp-json\/wp\/v2\/media\/2702"}],"wp:attachment":[{"href":"https:\/\/zess.fr\/shop\/wp-json\/wp\/v2\/media?parent=2680"}],"wp:term":[{"taxonomy":"product_brand","embeddable":true,"href":"https:\/\/zess.fr\/shop\/wp-json\/wp\/v2\/product_brand?post=2680"},{"taxonomy":"product_cat","embeddable":true,"href":"https:\/\/zess.fr\/shop\/wp-json\/wp\/v2\/product_cat?post=2680"},{"taxonomy":"product_tag","embeddable":true,"href":"https:\/\/zess.fr\/shop\/wp-json\/wp\/v2\/product_tag?post=2680"}],"curies":[{"name":"wp","href":"https:\/\/api.w.org\/{rel}","templated":true}]}}