{"id":2462,"date":"2021-10-25T20:34:09","date_gmt":"2021-10-25T18:34:09","guid":{"rendered":"https:\/\/zess.fr\/shop\/?post_type=product&#038;p=2462"},"modified":"2026-03-19T13:21:16","modified_gmt":"2026-03-19T12:21:16","slug":"patron-fr-les-ginettes","status":"publish","type":"product","link":"https:\/\/zess.fr\/shop\/product\/patron-fr-les-ginettes\/","title":{"rendered":"Patron crochet &#8211; Mini poup\u00e9es Ginette (PDF)"},"content":{"rendered":"<p><strong>Mesure<\/strong> : 11 cm avec un crochet 2,5mm et du fil de coton (peut varier en fonction de votre fa\u00e7on de crocheter)<\/p>\n<p><strong>Niveau<\/strong> : interm\u00e9diaire (vous devez conna\u00eetre les points de base au crochet)<\/p>\n<p><b>Ce patron PDF contient<\/b> :<\/p>\n<ul>\n<li>14 pages d\u2019explications tr\u00e8s d\u00e9taill\u00e9es avec 54 \u00a0photos d\u2019\u00e9tapes<\/li>\n<li>De nombreux pas \u00e0 pas pour cr\u00e9er\u00a0diff\u00e9rents visages : yeux de s\u00e9curit\u00e9, yeux brod\u00e9s en 2 versions, nez, bouche, bouche animal, \u2026<\/li>\n<li>Explications de 2 m\u00e9thodes pour faire la chevelure, \u00e0 vous de choisir celle qui vous convient le mieux !<\/li>\n<li>une page compl\u00e8te de conseils \u00e0 lire avant de commencer<\/li>\n<\/ul>\n<p><strong>Langues disponibles<\/strong> : Fran\u00e7ais + English (US terms)<\/p>\n<p>Votre patron PDF est disponible en t\u00e9l\u00e9chargement imm\u00e9diat apr\u00e8s paiement.<\/p>\n<p><strong data-start=\"2228\" data-end=\"2259\">\u2757Usage strictement personnel<\/strong><br \/>\nCe patron est destin\u00e9 \u00e0 un usage personnel uniquement.<br data-start=\"354\" data-end=\"357\" \/>La vente des objets r\u00e9alis\u00e9s \u00e0 partir de ce mod\u00e8le <strong>n\u2019est pas autoris\u00e9e<\/strong> avec ce patron.<br \/>\nPour toute utilisation professionnelle ou commerciale, y compris vente occasionnelle ou ateliers, merci de me contacter. Des licences adapt\u00e9es sont propos\u00e9es.<\/p>\n<h4>Points importants<\/h4>\n<ul>\n<li>Cet achat est un fichier num\u00e9rique pour vous permettre de crocheter ces petites poup\u00e9es au crochet. Il ne s\u2019agit pas du produit fini.<\/li>\n<li>Cet article num\u00e9rique est <strong>non remboursable et non \u00e9changeable<\/strong>.<\/li>\n<\/ul>\n<p>\u2753Si vous avez des questions, avant ou apr\u00e8s votre commande, contactez moi !<\/p>\n","protected":false},"excerpt":{"rendered":"<p>Les Ginette sont des mini poup\u00e9es au crochet, format poche. Elles sont <strong>ultra personnalisables<\/strong> et comme tr\u00e8s souvent dans mes tutoriels au crochet : il y a <strong>z\u00e9ro couture<\/strong> ! Elles sont crochet\u00e9es d\u2019une seule pi\u00e8ce, des pieds \u00e0 la t\u00eate en passant par les bras.<\/p>\n<p>Avec 14 pages d&rsquo;explications d\u00e9taill\u00e9es et 54 photos d&rsquo;\u00e9tapes, vous d\u00e9couvrirez tous mes secrets de cr\u00e9ation. Ce patron crochet vous guide pas \u00e0 pas pour cr\u00e9er divers visages (yeux de s\u00e9curit\u00e9, yeux brod\u00e9s en 2 versions, nez, bouche, bouche animal). Vous aurez le choix entre 2 m\u00e9thodes pour r\u00e9aliser la chevelure de votre poup\u00e9e crochet, afin que vous puissiez opter pour celle qui vous convient le mieux ou essayer les deux !<\/p>\n<p><img decoding=\"async\" class=\"emoji\" role=\"img\" draggable=\"false\" src=\"https:\/\/s.w.org\/images\/core\/emoji\/16.0.1\/svg\/1f4e5.svg\" alt=\"\ud83d\udce5\" \/>\u00a0T\u00e9l\u00e9chargement instantan\u00e9<br data-start=\"892\" data-end=\"895\" \/><img decoding=\"async\" class=\"emoji\" role=\"img\" draggable=\"false\" src=\"https:\/\/s.w.org\/images\/core\/emoji\/16.0.1\/svg\/1f30d.svg\" alt=\"\ud83c\udf0d\" \/> Langue : Fran\u00e7ais, Anglais<br data-start=\"937\" data-end=\"940\" \/><img decoding=\"async\" class=\"emoji\" role=\"img\" draggable=\"false\" src=\"https:\/\/s.w.org\/images\/core\/emoji\/16.0.1\/svg\/1f50e.svg\" alt=\"\ud83d\udd0e\" \/>\u00a0Plus de d\u00e9tails dans l\u2019onglet Description<\/p>\n","protected":false},"featured_media":2546,"comment_status":"open","ping_status":"closed","template":"","meta":[],"product_brand":[],"product_cat":[291,290,293,62],"product_tag":[278,279],"class_list":{"0":"post-2462","1":"product","2":"type-product","3":"status-publish","4":"has-post-thumbnail","6":"product_cat-amigurumis","7":"product_cat-tuto-poupees-crochet","8":"product_cat-tous-les-patrons-crochet-pdf","9":"product_cat-modeles-de-crochet","10":"product_tag-mini","11":"product_tag-poupee","13":"first","14":"instock","15":"sale","16":"featured","17":"downloadable","18":"virtual","19":"sold-individually","20":"purchasable","21":"product-type-simple"},"yoast_head":"<!-- This site is optimized with the Yoast SEO plugin v27.3 - https:\/\/yoast.com\/product\/yoast-seo-wordpress\/ -->\n<title>Patron crochet - Mini poup\u00e9es Ginette (PDF) - Zess Crochet<\/title>\n<meta name=\"robots\" content=\"index, follow, max-snippet:-1, max-image-preview:large, max-video-preview:-1\" \/>\n<link rel=\"canonical\" href=\"https:\/\/zess.fr\/shop\/product\/patron-fr-les-ginettes\/\" \/>\n<meta property=\"og:locale\" content=\"fr_FR\" \/>\n<meta property=\"og:type\" content=\"article\" \/>\n<meta property=\"og:title\" content=\"Patron crochet - Mini poup\u00e9es Ginette (PDF) - Zess Crochet\" \/>\n<meta property=\"og:description\" content=\"Les Ginette sont des mini poup\u00e9es au crochet, format poche. Elles sont ultra personnalisables et comme tr\u00e8s souvent dans mes tutoriels au crochet : il y a z\u00e9ro couture ! Elles sont crochet\u00e9es d\u2019une seule pi\u00e8ce, des pieds \u00e0 la t\u00eate en passant par les bras.  Avec 14 pages d&#039;explications d\u00e9taill\u00e9es et 54 photos d&#039;\u00e9tapes, vous d\u00e9couvrirez tous mes secrets de cr\u00e9ation. Ce patron crochet vous guide pas \u00e0 pas pour cr\u00e9er divers visages (yeux de s\u00e9curit\u00e9, yeux brod\u00e9s en 2 versions, nez, bouche, bouche animal). Vous aurez le choix entre 2 m\u00e9thodes pour r\u00e9aliser la chevelure de votre poup\u00e9e crochet, afin que vous puissiez opter pour celle qui vous convient le mieux ou essayer les deux !  \u00a0T\u00e9l\u00e9chargement instantan\u00e9 Langue : Fran\u00e7ais, Anglais\u00a0Plus de d\u00e9tails dans l\u2019onglet Description\" \/>\n<meta property=\"og:url\" content=\"https:\/\/zess.fr\/shop\/product\/patron-fr-les-ginettes\/\" \/>\n<meta property=\"og:site_name\" content=\"Zess Crochet\" \/>\n<meta property=\"article:modified_time\" content=\"2026-03-19T12:21:16+00:00\" \/>\n<meta property=\"og:image\" content=\"https:\/\/zess.fr\/shop\/wp-content\/uploads\/2021\/10\/Ginette-mini-poupee-de-poche-tutoriel-crochet-595x744.png\" \/>\n\t<meta property=\"og:image:width\" content=\"595\" \/>\n\t<meta property=\"og:image:height\" content=\"744\" \/>\n\t<meta property=\"og:image:type\" content=\"image\/png\" \/>\n<meta name=\"twitter:card\" content=\"summary_large_image\" \/>\n<meta name=\"twitter:label1\" content=\"Dur\u00e9e de lecture estim\u00e9e\" \/>\n\t<meta name=\"twitter:data1\" content=\"2 minutes\" \/>\n<script type=\"application\/ld+json\" class=\"yoast-schema-graph\">{\"@context\":\"https:\\\/\\\/schema.org\",\"@graph\":[{\"@type\":\"WebPage\",\"@id\":\"https:\\\/\\\/zess.fr\\\/shop\\\/product\\\/patron-fr-les-ginettes\\\/\",\"url\":\"https:\\\/\\\/zess.fr\\\/shop\\\/product\\\/patron-fr-les-ginettes\\\/\",\"name\":\"Patron crochet - Mini poup\u00e9es Ginette (PDF) - Zess Crochet\",\"isPartOf\":{\"@id\":\"https:\\\/\\\/zess.fr\\\/shop\\\/#website\"},\"primaryImageOfPage\":{\"@id\":\"https:\\\/\\\/zess.fr\\\/shop\\\/product\\\/patron-fr-les-ginettes\\\/#primaryimage\"},\"image\":{\"@id\":\"https:\\\/\\\/zess.fr\\\/shop\\\/product\\\/patron-fr-les-ginettes\\\/#primaryimage\"},\"thumbnailUrl\":\"https:\\\/\\\/zess.fr\\\/shop\\\/wp-content\\\/uploads\\\/2021\\\/10\\\/Ginette-mini-poupee-de-poche-tutoriel-crochet.png\",\"datePublished\":\"2021-10-25T18:34:09+00:00\",\"dateModified\":\"2026-03-19T12:21:16+00:00\",\"breadcrumb\":{\"@id\":\"https:\\\/\\\/zess.fr\\\/shop\\\/product\\\/patron-fr-les-ginettes\\\/#breadcrumb\"},\"inLanguage\":\"fr-FR\",\"potentialAction\":[{\"@type\":\"ReadAction\",\"target\":[\"https:\\\/\\\/zess.fr\\\/shop\\\/product\\\/patron-fr-les-ginettes\\\/\"]}]},{\"@type\":\"ImageObject\",\"inLanguage\":\"fr-FR\",\"@id\":\"https:\\\/\\\/zess.fr\\\/shop\\\/product\\\/patron-fr-les-ginettes\\\/#primaryimage\",\"url\":\"https:\\\/\\\/zess.fr\\\/shop\\\/wp-content\\\/uploads\\\/2021\\\/10\\\/Ginette-mini-poupee-de-poche-tutoriel-crochet.png\",\"contentUrl\":\"https:\\\/\\\/zess.fr\\\/shop\\\/wp-content\\\/uploads\\\/2021\\\/10\\\/Ginette-mini-poupee-de-poche-tutoriel-crochet.png\",\"width\":1080,\"height\":1350,\"caption\":\"Ginette mini poup\u00e9e de poche tutoriel crochet\"},{\"@type\":\"BreadcrumbList\",\"@id\":\"https:\\\/\\\/zess.fr\\\/shop\\\/product\\\/patron-fr-les-ginettes\\\/#breadcrumb\",\"itemListElement\":[{\"@type\":\"ListItem\",\"position\":1,\"name\":\"Zess Crochet Boutique &#8211; Tutoriels et kit crochet\",\"item\":\"https:\\\/\\\/zess.fr\\\/shop\\\/acceuil-2\\\/\"},{\"@type\":\"ListItem\",\"position\":2,\"name\":\"Tutoriels crochet\",\"item\":\"https:\\\/\\\/zess.fr\\\/shop\\\/product-category\\\/modeles-de-crochet\\\/\"},{\"@type\":\"ListItem\",\"position\":3,\"name\":\"Patron crochet &#8211; Mini poup\u00e9es Ginette (PDF)\"}]},{\"@type\":\"WebSite\",\"@id\":\"https:\\\/\\\/zess.fr\\\/shop\\\/#website\",\"url\":\"https:\\\/\\\/zess.fr\\\/shop\\\/\",\"name\":\"Zess Crochet - Tutoriels au crochet amigurumi, poup\u00e9es et accessoires - patron num\u00e9rique PDF - livres de crochet\",\"description\":\"Tutoriels et kits crochet amigurumi et d\u00e9co\",\"potentialAction\":[{\"@type\":\"SearchAction\",\"target\":{\"@type\":\"EntryPoint\",\"urlTemplate\":\"https:\\\/\\\/zess.fr\\\/shop\\\/?s={search_term_string}\"},\"query-input\":{\"@type\":\"PropertyValueSpecification\",\"valueRequired\":true,\"valueName\":\"search_term_string\"}}],\"inLanguage\":\"fr-FR\"}]}<\/script>\n<!-- \/ Yoast SEO plugin. -->","yoast_head_json":{"title":"Patron crochet - Mini poup\u00e9es Ginette (PDF) - Zess Crochet","robots":{"index":"index","follow":"follow","max-snippet":"max-snippet:-1","max-image-preview":"max-image-preview:large","max-video-preview":"max-video-preview:-1"},"canonical":"https:\/\/zess.fr\/shop\/product\/patron-fr-les-ginettes\/","og_locale":"fr_FR","og_type":"article","og_title":"Patron crochet - Mini poup\u00e9es Ginette (PDF) - Zess Crochet","og_description":"Les Ginette sont des mini poup\u00e9es au crochet, format poche. Elles sont ultra personnalisables et comme tr\u00e8s souvent dans mes tutoriels au crochet : il y a z\u00e9ro couture ! Elles sont crochet\u00e9es d\u2019une seule pi\u00e8ce, des pieds \u00e0 la t\u00eate en passant par les bras.  Avec 14 pages d'explications d\u00e9taill\u00e9es et 54 photos d'\u00e9tapes, vous d\u00e9couvrirez tous mes secrets de cr\u00e9ation. Ce patron crochet vous guide pas \u00e0 pas pour cr\u00e9er divers visages (yeux de s\u00e9curit\u00e9, yeux brod\u00e9s en 2 versions, nez, bouche, bouche animal). Vous aurez le choix entre 2 m\u00e9thodes pour r\u00e9aliser la chevelure de votre poup\u00e9e crochet, afin que vous puissiez opter pour celle qui vous convient le mieux ou essayer les deux !  \u00a0T\u00e9l\u00e9chargement instantan\u00e9 Langue : Fran\u00e7ais, Anglais\u00a0Plus de d\u00e9tails dans l\u2019onglet Description","og_url":"https:\/\/zess.fr\/shop\/product\/patron-fr-les-ginettes\/","og_site_name":"Zess Crochet","article_modified_time":"2026-03-19T12:21:16+00:00","og_image":[{"width":595,"height":744,"url":"https:\/\/zess.fr\/shop\/wp-content\/uploads\/2021\/10\/Ginette-mini-poupee-de-poche-tutoriel-crochet-595x744.png","type":"image\/png"}],"twitter_card":"summary_large_image","twitter_misc":{"Dur\u00e9e de lecture estim\u00e9e":"2 minutes"},"schema":{"@context":"https:\/\/schema.org","@graph":[{"@type":"WebPage","@id":"https:\/\/zess.fr\/shop\/product\/patron-fr-les-ginettes\/","url":"https:\/\/zess.fr\/shop\/product\/patron-fr-les-ginettes\/","name":"Patron crochet - Mini poup\u00e9es Ginette (PDF) - Zess Crochet","isPartOf":{"@id":"https:\/\/zess.fr\/shop\/#website"},"primaryImageOfPage":{"@id":"https:\/\/zess.fr\/shop\/product\/patron-fr-les-ginettes\/#primaryimage"},"image":{"@id":"https:\/\/zess.fr\/shop\/product\/patron-fr-les-ginettes\/#primaryimage"},"thumbnailUrl":"https:\/\/zess.fr\/shop\/wp-content\/uploads\/2021\/10\/Ginette-mini-poupee-de-poche-tutoriel-crochet.png","datePublished":"2021-10-25T18:34:09+00:00","dateModified":"2026-03-19T12:21:16+00:00","breadcrumb":{"@id":"https:\/\/zess.fr\/shop\/product\/patron-fr-les-ginettes\/#breadcrumb"},"inLanguage":"fr-FR","potentialAction":[{"@type":"ReadAction","target":["https:\/\/zess.fr\/shop\/product\/patron-fr-les-ginettes\/"]}]},{"@type":"ImageObject","inLanguage":"fr-FR","@id":"https:\/\/zess.fr\/shop\/product\/patron-fr-les-ginettes\/#primaryimage","url":"https:\/\/zess.fr\/shop\/wp-content\/uploads\/2021\/10\/Ginette-mini-poupee-de-poche-tutoriel-crochet.png","contentUrl":"https:\/\/zess.fr\/shop\/wp-content\/uploads\/2021\/10\/Ginette-mini-poupee-de-poche-tutoriel-crochet.png","width":1080,"height":1350,"caption":"Ginette mini poup\u00e9e de poche tutoriel crochet"},{"@type":"BreadcrumbList","@id":"https:\/\/zess.fr\/shop\/product\/patron-fr-les-ginettes\/#breadcrumb","itemListElement":[{"@type":"ListItem","position":1,"name":"Zess Crochet Boutique &#8211; Tutoriels et kit crochet","item":"https:\/\/zess.fr\/shop\/acceuil-2\/"},{"@type":"ListItem","position":2,"name":"Tutoriels crochet","item":"https:\/\/zess.fr\/shop\/product-category\/modeles-de-crochet\/"},{"@type":"ListItem","position":3,"name":"Patron crochet &#8211; Mini poup\u00e9es Ginette (PDF)"}]},{"@type":"WebSite","@id":"https:\/\/zess.fr\/shop\/#website","url":"https:\/\/zess.fr\/shop\/","name":"Zess Crochet - Tutoriels au crochet amigurumi, poup\u00e9es et accessoires - patron num\u00e9rique PDF - livres de crochet","description":"Tutoriels et kits crochet amigurumi et d\u00e9co","potentialAction":[{"@type":"SearchAction","target":{"@type":"EntryPoint","urlTemplate":"https:\/\/zess.fr\/shop\/?s={search_term_string}"},"query-input":{"@type":"PropertyValueSpecification","valueRequired":true,"valueName":"search_term_string"}}],"inLanguage":"fr-FR"}]}},"_links":{"self":[{"href":"https:\/\/zess.fr\/shop\/wp-json\/wp\/v2\/product\/2462","targetHints":{"allow":["GET"]}}],"collection":[{"href":"https:\/\/zess.fr\/shop\/wp-json\/wp\/v2\/product"}],"about":[{"href":"https:\/\/zess.fr\/shop\/wp-json\/wp\/v2\/types\/product"}],"replies":[{"embeddable":true,"href":"https:\/\/zess.fr\/shop\/wp-json\/wp\/v2\/comments?post=2462"}],"version-history":[{"count":5,"href":"https:\/\/zess.fr\/shop\/wp-json\/wp\/v2\/product\/2462\/revisions"}],"predecessor-version":[{"id":9670,"href":"https:\/\/zess.fr\/shop\/wp-json\/wp\/v2\/product\/2462\/revisions\/9670"}],"wp:featuredmedia":[{"embeddable":true,"href":"https:\/\/zess.fr\/shop\/wp-json\/wp\/v2\/media\/2546"}],"wp:attachment":[{"href":"https:\/\/zess.fr\/shop\/wp-json\/wp\/v2\/media?parent=2462"}],"wp:term":[{"taxonomy":"product_brand","embeddable":true,"href":"https:\/\/zess.fr\/shop\/wp-json\/wp\/v2\/product_brand?post=2462"},{"taxonomy":"product_cat","embeddable":true,"href":"https:\/\/zess.fr\/shop\/wp-json\/wp\/v2\/product_cat?post=2462"},{"taxonomy":"product_tag","embeddable":true,"href":"https:\/\/zess.fr\/shop\/wp-json\/wp\/v2\/product_tag?post=2462"}],"curies":[{"name":"wp","href":"https:\/\/api.w.org\/{rel}","templated":true}]}}