{"id":2238,"date":"2021-09-06T17:58:23","date_gmt":"2021-09-06T15:58:23","guid":{"rendered":"https:\/\/zess.fr\/shop\/?post_type=product&#038;p=2238"},"modified":"2026-01-15T09:45:17","modified_gmt":"2026-01-15T08:45:17","slug":"patron-crochet-boudy","status":"publish","type":"product","link":"https:\/\/zess.fr\/shop\/product\/patron-crochet-boudy\/","title":{"rendered":"Patron crochet PDF &#8211; le couple Boudy"},"content":{"rendered":"<p><strong>Taille<\/strong> : 13cm (avec un crochet 2,5mm).<\/p>\n<p><strong>Niveau<\/strong> : interm\u00e9diaire (vous devez conna\u00eetre les points de base au crochet)<\/p>\n<p><strong>Pour crocheter le couple de personnages Boudy, son short et sa jupe, ce patron PDF contient :<\/strong><\/p>\n<ul>\n<li>11 pages d\u2019explications tr\u00e8s d\u00e9taill\u00e9es avec 40 photos d\u2019\u00e9tapes<\/li>\n<li>un pas \u00e0 pas pour cr\u00e9er le visage sans stress<\/li>\n<li>une page compl\u00e8te de conseils<\/li>\n<\/ul>\n<p><strong>Langues disponibles<\/strong> : Fran\u00e7ais + English (US terms)<\/p>\n<p>Votre patron PDF est disponible en t\u00e9l\u00e9chargement imm\u00e9diat apr\u00e8s paiement.<\/p>\n<p><strong data-start=\"2228\" data-end=\"2259\">\u2757Usage strictement personnel<\/strong><br \/>\nCe patron est destin\u00e9 \u00e0 un usage personnel uniquement.<br data-start=\"354\" data-end=\"357\" \/>La vente des objets r\u00e9alis\u00e9s \u00e0 partir de ce mod\u00e8le <strong>n\u2019est pas autoris\u00e9e<\/strong> avec ce patron.<br \/>\nPour toute utilisation professionnelle ou commerciale, y compris vente occasionnelle ou ateliers, merci de me contacter. Des licences adapt\u00e9es sont propos\u00e9es.<\/p>\n<h4>Points importants<\/h4>\n<ul>\n<li>Cet achat est un fichier num\u00e9rique pour vous permettre de crocheter ces moutons habill\u00e9s au crochet. Il ne s\u2019agit pas du produit fini.<\/li>\n<li>Cet article num\u00e9rique est <strong>non remboursable et non \u00e9changeable<\/strong>.<\/li>\n<\/ul>\n<p>\u2753Si vous avez des questions, avant ou apr\u00e8s votre commande, contactez moi !<\/p>\n","protected":false},"excerpt":{"rendered":"<p>Boudy est un mouton amigurumi crochet\u00e9 d\u2019une seule pi\u00e8ce, des pieds \u00e0 la t\u00eate en passant par les bras. Seules les oreilles sont assembl\u00e9es.<br data-start=\"273\" data-end=\"276\" \/>Ce patron PDF permet de r\u00e9aliser le couple Boudy ainsi que leurs v\u00eatements (short et jupe). Il comprend 11 pages d\u2019explications d\u00e9taill\u00e9es avec 40 photos d\u2019\u00e9tapes, un pas \u00e0 pas pour cr\u00e9er le visage sereinement et une page compl\u00e8te de conseils avant de commencer.<\/p>\n<p><img decoding=\"async\" class=\"emoji\" role=\"img\" draggable=\"false\" src=\"https:\/\/s.w.org\/images\/core\/emoji\/16.0.1\/svg\/1f4e5.svg\" alt=\"\ud83d\udce5\" \/>\u00a0T\u00e9l\u00e9chargement instantan\u00e9<br data-start=\"892\" data-end=\"895\" \/><img decoding=\"async\" class=\"emoji\" role=\"img\" draggable=\"false\" src=\"https:\/\/s.w.org\/images\/core\/emoji\/16.0.1\/svg\/1f30d.svg\" alt=\"\ud83c\udf0d\" \/> Langue : Fran\u00e7ais, Anglais<br data-start=\"937\" data-end=\"940\" \/><img decoding=\"async\" class=\"emoji\" role=\"img\" draggable=\"false\" src=\"https:\/\/s.w.org\/images\/core\/emoji\/16.0.1\/svg\/1f50e.svg\" alt=\"\ud83d\udd0e\" \/>\u00a0Plus de d\u00e9tails dans l\u2019onglet Description<\/p>\n","protected":false},"featured_media":2659,"comment_status":"open","ping_status":"closed","template":"","meta":[],"product_brand":[],"product_cat":[291,293,62],"product_tag":[280],"class_list":{"0":"post-2238","1":"product","2":"type-product","3":"status-publish","4":"has-post-thumbnail","6":"product_cat-amigurumis","7":"product_cat-tous-les-patrons-crochet-pdf","8":"product_cat-modeles-de-crochet","9":"product_tag-amigurumi","11":"first","12":"instock","13":"sale","14":"featured","15":"downloadable","16":"virtual","17":"sold-individually","18":"purchasable","19":"product-type-simple"},"yoast_head":"<!-- This site is optimized with the Yoast SEO plugin v27.3 - https:\/\/yoast.com\/product\/yoast-seo-wordpress\/ -->\n<title>Patron crochet PDF - le couple Boudy - Zess Crochet<\/title>\n<meta name=\"robots\" content=\"index, follow, max-snippet:-1, max-image-preview:large, max-video-preview:-1\" \/>\n<link rel=\"canonical\" href=\"https:\/\/zess.fr\/shop\/product\/patron-crochet-boudy\/\" \/>\n<meta property=\"og:locale\" content=\"fr_FR\" \/>\n<meta property=\"og:type\" content=\"article\" \/>\n<meta property=\"og:title\" content=\"Patron crochet PDF - le couple Boudy - Zess Crochet\" \/>\n<meta property=\"og:description\" content=\"Boudy est un mouton amigurumi crochet\u00e9 d\u2019une seule pi\u00e8ce, des pieds \u00e0 la t\u00eate en passant par les bras. Seules les oreilles sont assembl\u00e9es.Ce patron PDF permet de r\u00e9aliser le couple Boudy ainsi que leurs v\u00eatements (short et jupe). Il comprend 11 pages d\u2019explications d\u00e9taill\u00e9es avec 40 photos d\u2019\u00e9tapes, un pas \u00e0 pas pour cr\u00e9er le visage sereinement et une page compl\u00e8te de conseils avant de commencer.  \u00a0T\u00e9l\u00e9chargement instantan\u00e9 Langue : Fran\u00e7ais, Anglais\u00a0Plus de d\u00e9tails dans l\u2019onglet Description\" \/>\n<meta property=\"og:url\" content=\"https:\/\/zess.fr\/shop\/product\/patron-crochet-boudy\/\" \/>\n<meta property=\"og:site_name\" content=\"Zess Crochet\" \/>\n<meta property=\"article:modified_time\" content=\"2026-01-15T08:45:17+00:00\" \/>\n<meta property=\"og:image\" content=\"https:\/\/zess.fr\/shop\/wp-content\/uploads\/2021\/09\/Chez-Marceau-2-595x744.png\" \/>\n\t<meta property=\"og:image:width\" content=\"595\" \/>\n\t<meta property=\"og:image:height\" content=\"744\" \/>\n\t<meta property=\"og:image:type\" content=\"image\/png\" \/>\n<meta name=\"twitter:card\" content=\"summary_large_image\" \/>\n<meta name=\"twitter:label1\" content=\"Dur\u00e9e de lecture estim\u00e9e\" \/>\n\t<meta name=\"twitter:data1\" content=\"2 minutes\" \/>\n<script type=\"application\/ld+json\" class=\"yoast-schema-graph\">{\"@context\":\"https:\\\/\\\/schema.org\",\"@graph\":[{\"@type\":\"WebPage\",\"@id\":\"https:\\\/\\\/zess.fr\\\/shop\\\/product\\\/patron-crochet-boudy\\\/\",\"url\":\"https:\\\/\\\/zess.fr\\\/shop\\\/product\\\/patron-crochet-boudy\\\/\",\"name\":\"Patron crochet PDF - le couple Boudy - Zess Crochet\",\"isPartOf\":{\"@id\":\"https:\\\/\\\/zess.fr\\\/shop\\\/#website\"},\"primaryImageOfPage\":{\"@id\":\"https:\\\/\\\/zess.fr\\\/shop\\\/product\\\/patron-crochet-boudy\\\/#primaryimage\"},\"image\":{\"@id\":\"https:\\\/\\\/zess.fr\\\/shop\\\/product\\\/patron-crochet-boudy\\\/#primaryimage\"},\"thumbnailUrl\":\"https:\\\/\\\/zess.fr\\\/shop\\\/wp-content\\\/uploads\\\/2021\\\/09\\\/Chez-Marceau-2.png\",\"datePublished\":\"2021-09-06T15:58:23+00:00\",\"dateModified\":\"2026-01-15T08:45:17+00:00\",\"breadcrumb\":{\"@id\":\"https:\\\/\\\/zess.fr\\\/shop\\\/product\\\/patron-crochet-boudy\\\/#breadcrumb\"},\"inLanguage\":\"fr-FR\",\"potentialAction\":[{\"@type\":\"ReadAction\",\"target\":[\"https:\\\/\\\/zess.fr\\\/shop\\\/product\\\/patron-crochet-boudy\\\/\"]}]},{\"@type\":\"ImageObject\",\"inLanguage\":\"fr-FR\",\"@id\":\"https:\\\/\\\/zess.fr\\\/shop\\\/product\\\/patron-crochet-boudy\\\/#primaryimage\",\"url\":\"https:\\\/\\\/zess.fr\\\/shop\\\/wp-content\\\/uploads\\\/2021\\\/09\\\/Chez-Marceau-2.png\",\"contentUrl\":\"https:\\\/\\\/zess.fr\\\/shop\\\/wp-content\\\/uploads\\\/2021\\\/09\\\/Chez-Marceau-2.png\",\"width\":1080,\"height\":1350,\"caption\":\"Patron de crochet Boudy de Zess agneau mouton animal\"},{\"@type\":\"BreadcrumbList\",\"@id\":\"https:\\\/\\\/zess.fr\\\/shop\\\/product\\\/patron-crochet-boudy\\\/#breadcrumb\",\"itemListElement\":[{\"@type\":\"ListItem\",\"position\":1,\"name\":\"Zess Crochet Boutique &#8211; Tutoriels et kit crochet\",\"item\":\"https:\\\/\\\/zess.fr\\\/shop\\\/acceuil-2\\\/\"},{\"@type\":\"ListItem\",\"position\":2,\"name\":\"Tutoriels crochet\",\"item\":\"https:\\\/\\\/zess.fr\\\/shop\\\/product-category\\\/modeles-de-crochet\\\/\"},{\"@type\":\"ListItem\",\"position\":3,\"name\":\"Patron crochet PDF &#8211; le couple Boudy\"}]},{\"@type\":\"WebSite\",\"@id\":\"https:\\\/\\\/zess.fr\\\/shop\\\/#website\",\"url\":\"https:\\\/\\\/zess.fr\\\/shop\\\/\",\"name\":\"Zess Crochet - Tutoriels au crochet amigurumi, poup\u00e9es et accessoires - patron num\u00e9rique PDF - livres de crochet\",\"description\":\"Tutoriels et kits crochet amigurumi et d\u00e9co\",\"potentialAction\":[{\"@type\":\"SearchAction\",\"target\":{\"@type\":\"EntryPoint\",\"urlTemplate\":\"https:\\\/\\\/zess.fr\\\/shop\\\/?s={search_term_string}\"},\"query-input\":{\"@type\":\"PropertyValueSpecification\",\"valueRequired\":true,\"valueName\":\"search_term_string\"}}],\"inLanguage\":\"fr-FR\"}]}<\/script>\n<!-- \/ Yoast SEO plugin. -->","yoast_head_json":{"title":"Patron crochet PDF - le couple Boudy - Zess Crochet","robots":{"index":"index","follow":"follow","max-snippet":"max-snippet:-1","max-image-preview":"max-image-preview:large","max-video-preview":"max-video-preview:-1"},"canonical":"https:\/\/zess.fr\/shop\/product\/patron-crochet-boudy\/","og_locale":"fr_FR","og_type":"article","og_title":"Patron crochet PDF - le couple Boudy - Zess Crochet","og_description":"Boudy est un mouton amigurumi crochet\u00e9 d\u2019une seule pi\u00e8ce, des pieds \u00e0 la t\u00eate en passant par les bras. Seules les oreilles sont assembl\u00e9es.Ce patron PDF permet de r\u00e9aliser le couple Boudy ainsi que leurs v\u00eatements (short et jupe). Il comprend 11 pages d\u2019explications d\u00e9taill\u00e9es avec 40 photos d\u2019\u00e9tapes, un pas \u00e0 pas pour cr\u00e9er le visage sereinement et une page compl\u00e8te de conseils avant de commencer.  \u00a0T\u00e9l\u00e9chargement instantan\u00e9 Langue : Fran\u00e7ais, Anglais\u00a0Plus de d\u00e9tails dans l\u2019onglet Description","og_url":"https:\/\/zess.fr\/shop\/product\/patron-crochet-boudy\/","og_site_name":"Zess Crochet","article_modified_time":"2026-01-15T08:45:17+00:00","og_image":[{"width":595,"height":744,"url":"https:\/\/zess.fr\/shop\/wp-content\/uploads\/2021\/09\/Chez-Marceau-2-595x744.png","type":"image\/png"}],"twitter_card":"summary_large_image","twitter_misc":{"Dur\u00e9e de lecture estim\u00e9e":"2 minutes"},"schema":{"@context":"https:\/\/schema.org","@graph":[{"@type":"WebPage","@id":"https:\/\/zess.fr\/shop\/product\/patron-crochet-boudy\/","url":"https:\/\/zess.fr\/shop\/product\/patron-crochet-boudy\/","name":"Patron crochet PDF - le couple Boudy - Zess Crochet","isPartOf":{"@id":"https:\/\/zess.fr\/shop\/#website"},"primaryImageOfPage":{"@id":"https:\/\/zess.fr\/shop\/product\/patron-crochet-boudy\/#primaryimage"},"image":{"@id":"https:\/\/zess.fr\/shop\/product\/patron-crochet-boudy\/#primaryimage"},"thumbnailUrl":"https:\/\/zess.fr\/shop\/wp-content\/uploads\/2021\/09\/Chez-Marceau-2.png","datePublished":"2021-09-06T15:58:23+00:00","dateModified":"2026-01-15T08:45:17+00:00","breadcrumb":{"@id":"https:\/\/zess.fr\/shop\/product\/patron-crochet-boudy\/#breadcrumb"},"inLanguage":"fr-FR","potentialAction":[{"@type":"ReadAction","target":["https:\/\/zess.fr\/shop\/product\/patron-crochet-boudy\/"]}]},{"@type":"ImageObject","inLanguage":"fr-FR","@id":"https:\/\/zess.fr\/shop\/product\/patron-crochet-boudy\/#primaryimage","url":"https:\/\/zess.fr\/shop\/wp-content\/uploads\/2021\/09\/Chez-Marceau-2.png","contentUrl":"https:\/\/zess.fr\/shop\/wp-content\/uploads\/2021\/09\/Chez-Marceau-2.png","width":1080,"height":1350,"caption":"Patron de crochet Boudy de Zess agneau mouton animal"},{"@type":"BreadcrumbList","@id":"https:\/\/zess.fr\/shop\/product\/patron-crochet-boudy\/#breadcrumb","itemListElement":[{"@type":"ListItem","position":1,"name":"Zess Crochet Boutique &#8211; Tutoriels et kit crochet","item":"https:\/\/zess.fr\/shop\/acceuil-2\/"},{"@type":"ListItem","position":2,"name":"Tutoriels crochet","item":"https:\/\/zess.fr\/shop\/product-category\/modeles-de-crochet\/"},{"@type":"ListItem","position":3,"name":"Patron crochet PDF &#8211; le couple Boudy"}]},{"@type":"WebSite","@id":"https:\/\/zess.fr\/shop\/#website","url":"https:\/\/zess.fr\/shop\/","name":"Zess Crochet - Tutoriels au crochet amigurumi, poup\u00e9es et accessoires - patron num\u00e9rique PDF - livres de crochet","description":"Tutoriels et kits crochet amigurumi et d\u00e9co","potentialAction":[{"@type":"SearchAction","target":{"@type":"EntryPoint","urlTemplate":"https:\/\/zess.fr\/shop\/?s={search_term_string}"},"query-input":{"@type":"PropertyValueSpecification","valueRequired":true,"valueName":"search_term_string"}}],"inLanguage":"fr-FR"}]}},"_links":{"self":[{"href":"https:\/\/zess.fr\/shop\/wp-json\/wp\/v2\/product\/2238","targetHints":{"allow":["GET"]}}],"collection":[{"href":"https:\/\/zess.fr\/shop\/wp-json\/wp\/v2\/product"}],"about":[{"href":"https:\/\/zess.fr\/shop\/wp-json\/wp\/v2\/types\/product"}],"replies":[{"embeddable":true,"href":"https:\/\/zess.fr\/shop\/wp-json\/wp\/v2\/comments?post=2238"}],"version-history":[{"count":4,"href":"https:\/\/zess.fr\/shop\/wp-json\/wp\/v2\/product\/2238\/revisions"}],"predecessor-version":[{"id":9667,"href":"https:\/\/zess.fr\/shop\/wp-json\/wp\/v2\/product\/2238\/revisions\/9667"}],"wp:featuredmedia":[{"embeddable":true,"href":"https:\/\/zess.fr\/shop\/wp-json\/wp\/v2\/media\/2659"}],"wp:attachment":[{"href":"https:\/\/zess.fr\/shop\/wp-json\/wp\/v2\/media?parent=2238"}],"wp:term":[{"taxonomy":"product_brand","embeddable":true,"href":"https:\/\/zess.fr\/shop\/wp-json\/wp\/v2\/product_brand?post=2238"},{"taxonomy":"product_cat","embeddable":true,"href":"https:\/\/zess.fr\/shop\/wp-json\/wp\/v2\/product_cat?post=2238"},{"taxonomy":"product_tag","embeddable":true,"href":"https:\/\/zess.fr\/shop\/wp-json\/wp\/v2\/product_tag?post=2238"}],"curies":[{"name":"wp","href":"https:\/\/api.w.org\/{rel}","templated":true}]}}