{"id":1878,"date":"2021-05-14T21:51:42","date_gmt":"2021-05-14T19:51:42","guid":{"rendered":"https:\/\/zess.fr\/shop\/?post_type=product&#038;p=1878"},"modified":"2026-01-15T11:05:41","modified_gmt":"2026-01-15T10:05:41","slug":"patron-de-miki-et-ses-accessoires","status":"publish","type":"product","link":"https:\/\/zess.fr\/shop\/product\/patron-de-miki-et-ses-accessoires\/","title":{"rendered":"Patron crochet lapin &#8211; Miki (PDF)"},"content":{"rendered":"<p>On prend souvent Miki pour un lapin et pourtant\u00a0 \u2026 C\u2019est une petite bestiole non identifi\u00e9e et elle y tient ! Pull \u00e0 rayures, short volant\u00e9, bonnet \u00e0 pompons et petit cartable, rien ne manque \u00e0 sa garde-robe ! Miki mesure 20cm, oreilles comprises.<\/p>\n<p>Pour crocheter le personnage Miki, son bonnet et son cartable, ce patron num\u00e9rique imprimable contient :<\/p>\n<ul>\n<li>12 pages d\u2019explications tr\u00e8s d\u00e9taill\u00e9es avec 43 photos d\u2019\u00e9tapes et 1 diagramme<\/li>\n<li>un pas \u00e0 pas\u00a0 pour cr\u00e9er le visage sans stress<\/li>\n<li>une page compl\u00e8te de conseils<\/li>\n<\/ul>\n<p><strong>Langues disponibles<\/strong> : Fran\u00e7ais + English (US terms)<\/p>\n<p>Votre patron PDF est disponible en t\u00e9l\u00e9chargement imm\u00e9diat apr\u00e8s paiement.<\/p>\n<p><strong data-start=\"2228\" data-end=\"2259\">\u2757Usage strictement personnel<\/strong><br \/>\nCe patron est destin\u00e9 \u00e0 un usage personnel uniquement.<br data-start=\"354\" data-end=\"357\" \/>La vente des objets r\u00e9alis\u00e9s \u00e0 partir de ce mod\u00e8le <strong>n\u2019est pas autoris\u00e9e<\/strong> avec ce patron.<br \/>\nPour toute utilisation professionnelle ou commerciale, y compris vente occasionnelle ou ateliers, merci de me contacter. Des licences adapt\u00e9es sont propos\u00e9es.<\/p>\n<h4>Points importants<\/h4>\n<ul>\n<li>Cet achat est un fichier num\u00e9rique pour vous permettre de crocheter ce lapin au crochet. Il ne s\u2019agit pas du produit fini.<\/li>\n<li>Cet article num\u00e9rique est <strong>non remboursable et non \u00e9changeable<\/strong>.<\/li>\n<\/ul>\n<p>\u2753Si vous avez des questions, avant ou apr\u00e8s votre commande, contactez moi !<\/p>\n","protected":false},"excerpt":{"rendered":"<p data-start=\"552\" data-end=\"853\">On prend souvent Miki pour un lapin, et pourtant\u2026 c\u2019est une petite bestiole non identifi\u00e9e. Ce patron amigurumi propose une construction presque sans couture : l&rsquo;amigurumi est crochet\u00e9 d\u2019une seule pi\u00e8ce, des pieds \u00e0 la t\u00eate en passant par les bras. Seules les oreilles et les yeux sont assembl\u00e9s.<\/p>\n<p data-start=\"855\" data-end=\"1125\">Le patron PDF permet de r\u00e9aliser la poup\u00e9e, son bonnet et son cartable. 12 pages d\u2019explications d\u00e9taill\u00e9es avec 43 photos d\u2019\u00e9tapes et un diagramme, un pas \u00e0 pas pour cr\u00e9er le visage sans stress, ainsi qu\u2019une page compl\u00e8te de conseils avant de commencer.<\/p>\n<p><img decoding=\"async\" class=\"emoji\" role=\"img\" draggable=\"false\" src=\"https:\/\/s.w.org\/images\/core\/emoji\/16.0.1\/svg\/1f4e5.svg\" alt=\"\ud83d\udce5\" \/>\u00a0T\u00e9l\u00e9chargement instantan\u00e9<br data-start=\"892\" data-end=\"895\" \/><img decoding=\"async\" class=\"emoji\" role=\"img\" draggable=\"false\" src=\"https:\/\/s.w.org\/images\/core\/emoji\/16.0.1\/svg\/1f30d.svg\" alt=\"\ud83c\udf0d\" \/> Langue : Fran\u00e7ais, Anglais<br data-start=\"937\" data-end=\"940\" \/><img decoding=\"async\" class=\"emoji\" role=\"img\" draggable=\"false\" src=\"https:\/\/s.w.org\/images\/core\/emoji\/16.0.1\/svg\/1f50e.svg\" alt=\"\ud83d\udd0e\" \/>\u00a0Plus de d\u00e9tails dans l\u2019onglet Description<\/p>\n","protected":false},"featured_media":2667,"comment_status":"open","ping_status":"closed","template":"","meta":[],"product_brand":[],"product_cat":[291,290,293,62],"product_tag":[280,277],"class_list":{"0":"post-1878","1":"product","2":"type-product","3":"status-publish","4":"has-post-thumbnail","6":"product_cat-amigurumis","7":"product_cat-tuto-poupees-crochet","8":"product_cat-tous-les-patrons-crochet-pdf","9":"product_cat-modeles-de-crochet","10":"product_tag-amigurumi","11":"product_tag-lapin","13":"first","14":"instock","15":"sale","16":"featured","17":"downloadable","18":"virtual","19":"sold-individually","20":"purchasable","21":"product-type-simple"},"yoast_head":"<!-- This site is optimized with the Yoast SEO plugin v27.5 - https:\/\/yoast.com\/product\/yoast-seo-wordpress\/ -->\n<title>Patron crochet lapin - Miki (PDF) - Zess Crochet<\/title>\n<meta name=\"robots\" content=\"index, follow, max-snippet:-1, max-image-preview:large, max-video-preview:-1\" \/>\n<link rel=\"canonical\" href=\"https:\/\/zess.fr\/shop\/product\/patron-de-miki-et-ses-accessoires\/\" \/>\n<meta property=\"og:locale\" content=\"fr_FR\" \/>\n<meta property=\"og:type\" content=\"article\" \/>\n<meta property=\"og:title\" content=\"Patron crochet lapin - Miki (PDF) - Zess Crochet\" \/>\n<meta property=\"og:description\" content=\"On prend souvent Miki pour un lapin, et pourtant\u2026 c\u2019est une petite bestiole non identifi\u00e9e. Ce patron amigurumi propose une construction presque sans couture : l&#039;amigurumi est crochet\u00e9 d\u2019une seule pi\u00e8ce, des pieds \u00e0 la t\u00eate en passant par les bras. Seules les oreilles et les yeux sont assembl\u00e9s. Le patron PDF permet de r\u00e9aliser la poup\u00e9e, son bonnet et son cartable. 12 pages d\u2019explications d\u00e9taill\u00e9es avec 43 photos d\u2019\u00e9tapes et un diagramme, un pas \u00e0 pas pour cr\u00e9er le visage sans stress, ainsi qu\u2019une page compl\u00e8te de conseils avant de commencer. \u00a0T\u00e9l\u00e9chargement instantan\u00e9 Langue : Fran\u00e7ais, Anglais\u00a0Plus de d\u00e9tails dans l\u2019onglet Description\" \/>\n<meta property=\"og:url\" content=\"https:\/\/zess.fr\/shop\/product\/patron-de-miki-et-ses-accessoires\/\" \/>\n<meta property=\"og:site_name\" content=\"Zess Crochet\" \/>\n<meta property=\"article:modified_time\" content=\"2026-01-15T10:05:41+00:00\" \/>\n<meta property=\"og:image\" content=\"https:\/\/zess.fr\/shop\/wp-content\/uploads\/2021\/05\/Chez-Marceau-7.png\" \/>\n\t<meta property=\"og:image:width\" content=\"1080\" \/>\n\t<meta property=\"og:image:height\" content=\"1350\" \/>\n\t<meta property=\"og:image:type\" content=\"image\/png\" \/>\n<meta name=\"twitter:card\" content=\"summary_large_image\" \/>\n<meta name=\"twitter:label1\" content=\"Dur\u00e9e de lecture estim\u00e9e\" \/>\n\t<meta name=\"twitter:data1\" content=\"2 minutes\" \/>\n<script type=\"application\/ld+json\" class=\"yoast-schema-graph\">{\"@context\":\"https:\\\/\\\/schema.org\",\"@graph\":[{\"@type\":\"WebPage\",\"@id\":\"https:\\\/\\\/zess.fr\\\/shop\\\/product\\\/patron-de-miki-et-ses-accessoires\\\/\",\"url\":\"https:\\\/\\\/zess.fr\\\/shop\\\/product\\\/patron-de-miki-et-ses-accessoires\\\/\",\"name\":\"Patron crochet lapin - Miki (PDF) - Zess Crochet\",\"isPartOf\":{\"@id\":\"https:\\\/\\\/zess.fr\\\/shop\\\/#website\"},\"primaryImageOfPage\":{\"@id\":\"https:\\\/\\\/zess.fr\\\/shop\\\/product\\\/patron-de-miki-et-ses-accessoires\\\/#primaryimage\"},\"image\":{\"@id\":\"https:\\\/\\\/zess.fr\\\/shop\\\/product\\\/patron-de-miki-et-ses-accessoires\\\/#primaryimage\"},\"thumbnailUrl\":\"https:\\\/\\\/zess.fr\\\/shop\\\/wp-content\\\/uploads\\\/2021\\\/05\\\/Chez-Marceau-7.png\",\"datePublished\":\"2021-05-14T19:51:42+00:00\",\"dateModified\":\"2026-01-15T10:05:41+00:00\",\"breadcrumb\":{\"@id\":\"https:\\\/\\\/zess.fr\\\/shop\\\/product\\\/patron-de-miki-et-ses-accessoires\\\/#breadcrumb\"},\"inLanguage\":\"fr-FR\",\"potentialAction\":[{\"@type\":\"ReadAction\",\"target\":[\"https:\\\/\\\/zess.fr\\\/shop\\\/product\\\/patron-de-miki-et-ses-accessoires\\\/\"]}]},{\"@type\":\"ImageObject\",\"inLanguage\":\"fr-FR\",\"@id\":\"https:\\\/\\\/zess.fr\\\/shop\\\/product\\\/patron-de-miki-et-ses-accessoires\\\/#primaryimage\",\"url\":\"https:\\\/\\\/zess.fr\\\/shop\\\/wp-content\\\/uploads\\\/2021\\\/05\\\/Chez-Marceau-7.png\",\"contentUrl\":\"https:\\\/\\\/zess.fr\\\/shop\\\/wp-content\\\/uploads\\\/2021\\\/05\\\/Chez-Marceau-7.png\",\"width\":1080,\"height\":1350,\"caption\":\"Tutoriel crochet lapin v\u00eatements Amigurumi\"},{\"@type\":\"BreadcrumbList\",\"@id\":\"https:\\\/\\\/zess.fr\\\/shop\\\/product\\\/patron-de-miki-et-ses-accessoires\\\/#breadcrumb\",\"itemListElement\":[{\"@type\":\"ListItem\",\"position\":1,\"name\":\"Zess Crochet Boutique &#8211; Tutoriels et kit crochet\",\"item\":\"https:\\\/\\\/zess.fr\\\/shop\\\/acceuil-2\\\/\"},{\"@type\":\"ListItem\",\"position\":2,\"name\":\"Tutoriels crochet\",\"item\":\"https:\\\/\\\/zess.fr\\\/shop\\\/product-category\\\/modeles-de-crochet\\\/\"},{\"@type\":\"ListItem\",\"position\":3,\"name\":\"Patron crochet lapin &#8211; Miki (PDF)\"}]},{\"@type\":\"WebSite\",\"@id\":\"https:\\\/\\\/zess.fr\\\/shop\\\/#website\",\"url\":\"https:\\\/\\\/zess.fr\\\/shop\\\/\",\"name\":\"Zess Crochet - Tutoriels au crochet amigurumi, poup\u00e9es et accessoires - patron num\u00e9rique PDF - livres de crochet\",\"description\":\"Tutoriels et kits crochet amigurumi et d\u00e9co\",\"potentialAction\":[{\"@type\":\"SearchAction\",\"target\":{\"@type\":\"EntryPoint\",\"urlTemplate\":\"https:\\\/\\\/zess.fr\\\/shop\\\/?s={search_term_string}\"},\"query-input\":{\"@type\":\"PropertyValueSpecification\",\"valueRequired\":true,\"valueName\":\"search_term_string\"}}],\"inLanguage\":\"fr-FR\"}]}<\/script>\n<!-- \/ Yoast SEO plugin. -->","yoast_head_json":{"title":"Patron crochet lapin - Miki (PDF) - Zess Crochet","robots":{"index":"index","follow":"follow","max-snippet":"max-snippet:-1","max-image-preview":"max-image-preview:large","max-video-preview":"max-video-preview:-1"},"canonical":"https:\/\/zess.fr\/shop\/product\/patron-de-miki-et-ses-accessoires\/","og_locale":"fr_FR","og_type":"article","og_title":"Patron crochet lapin - Miki (PDF) - Zess Crochet","og_description":"On prend souvent Miki pour un lapin, et pourtant\u2026 c\u2019est une petite bestiole non identifi\u00e9e. Ce patron amigurumi propose une construction presque sans couture : l'amigurumi est crochet\u00e9 d\u2019une seule pi\u00e8ce, des pieds \u00e0 la t\u00eate en passant par les bras. Seules les oreilles et les yeux sont assembl\u00e9s. Le patron PDF permet de r\u00e9aliser la poup\u00e9e, son bonnet et son cartable. 12 pages d\u2019explications d\u00e9taill\u00e9es avec 43 photos d\u2019\u00e9tapes et un diagramme, un pas \u00e0 pas pour cr\u00e9er le visage sans stress, ainsi qu\u2019une page compl\u00e8te de conseils avant de commencer. \u00a0T\u00e9l\u00e9chargement instantan\u00e9 Langue : Fran\u00e7ais, Anglais\u00a0Plus de d\u00e9tails dans l\u2019onglet Description","og_url":"https:\/\/zess.fr\/shop\/product\/patron-de-miki-et-ses-accessoires\/","og_site_name":"Zess Crochet","article_modified_time":"2026-01-15T10:05:41+00:00","og_image":[{"width":1080,"height":1350,"url":"https:\/\/zess.fr\/shop\/wp-content\/uploads\/2021\/05\/Chez-Marceau-7.png","type":"image\/png"}],"twitter_card":"summary_large_image","twitter_misc":{"Dur\u00e9e de lecture estim\u00e9e":"2 minutes"},"schema":{"@context":"https:\/\/schema.org","@graph":[{"@type":"WebPage","@id":"https:\/\/zess.fr\/shop\/product\/patron-de-miki-et-ses-accessoires\/","url":"https:\/\/zess.fr\/shop\/product\/patron-de-miki-et-ses-accessoires\/","name":"Patron crochet lapin - Miki (PDF) - Zess Crochet","isPartOf":{"@id":"https:\/\/zess.fr\/shop\/#website"},"primaryImageOfPage":{"@id":"https:\/\/zess.fr\/shop\/product\/patron-de-miki-et-ses-accessoires\/#primaryimage"},"image":{"@id":"https:\/\/zess.fr\/shop\/product\/patron-de-miki-et-ses-accessoires\/#primaryimage"},"thumbnailUrl":"https:\/\/zess.fr\/shop\/wp-content\/uploads\/2021\/05\/Chez-Marceau-7.png","datePublished":"2021-05-14T19:51:42+00:00","dateModified":"2026-01-15T10:05:41+00:00","breadcrumb":{"@id":"https:\/\/zess.fr\/shop\/product\/patron-de-miki-et-ses-accessoires\/#breadcrumb"},"inLanguage":"fr-FR","potentialAction":[{"@type":"ReadAction","target":["https:\/\/zess.fr\/shop\/product\/patron-de-miki-et-ses-accessoires\/"]}]},{"@type":"ImageObject","inLanguage":"fr-FR","@id":"https:\/\/zess.fr\/shop\/product\/patron-de-miki-et-ses-accessoires\/#primaryimage","url":"https:\/\/zess.fr\/shop\/wp-content\/uploads\/2021\/05\/Chez-Marceau-7.png","contentUrl":"https:\/\/zess.fr\/shop\/wp-content\/uploads\/2021\/05\/Chez-Marceau-7.png","width":1080,"height":1350,"caption":"Tutoriel crochet lapin v\u00eatements Amigurumi"},{"@type":"BreadcrumbList","@id":"https:\/\/zess.fr\/shop\/product\/patron-de-miki-et-ses-accessoires\/#breadcrumb","itemListElement":[{"@type":"ListItem","position":1,"name":"Zess Crochet Boutique &#8211; Tutoriels et kit crochet","item":"https:\/\/zess.fr\/shop\/acceuil-2\/"},{"@type":"ListItem","position":2,"name":"Tutoriels crochet","item":"https:\/\/zess.fr\/shop\/product-category\/modeles-de-crochet\/"},{"@type":"ListItem","position":3,"name":"Patron crochet lapin &#8211; Miki (PDF)"}]},{"@type":"WebSite","@id":"https:\/\/zess.fr\/shop\/#website","url":"https:\/\/zess.fr\/shop\/","name":"Zess Crochet - Tutoriels au crochet amigurumi, poup\u00e9es et accessoires - patron num\u00e9rique PDF - livres de crochet","description":"Tutoriels et kits crochet amigurumi et d\u00e9co","potentialAction":[{"@type":"SearchAction","target":{"@type":"EntryPoint","urlTemplate":"https:\/\/zess.fr\/shop\/?s={search_term_string}"},"query-input":{"@type":"PropertyValueSpecification","valueRequired":true,"valueName":"search_term_string"}}],"inLanguage":"fr-FR"}]}},"_links":{"self":[{"href":"https:\/\/zess.fr\/shop\/wp-json\/wp\/v2\/product\/1878","targetHints":{"allow":["GET"]}}],"collection":[{"href":"https:\/\/zess.fr\/shop\/wp-json\/wp\/v2\/product"}],"about":[{"href":"https:\/\/zess.fr\/shop\/wp-json\/wp\/v2\/types\/product"}],"replies":[{"embeddable":true,"href":"https:\/\/zess.fr\/shop\/wp-json\/wp\/v2\/comments?post=1878"}],"version-history":[{"count":5,"href":"https:\/\/zess.fr\/shop\/wp-json\/wp\/v2\/product\/1878\/revisions"}],"predecessor-version":[{"id":9674,"href":"https:\/\/zess.fr\/shop\/wp-json\/wp\/v2\/product\/1878\/revisions\/9674"}],"wp:featuredmedia":[{"embeddable":true,"href":"https:\/\/zess.fr\/shop\/wp-json\/wp\/v2\/media\/2667"}],"wp:attachment":[{"href":"https:\/\/zess.fr\/shop\/wp-json\/wp\/v2\/media?parent=1878"}],"wp:term":[{"taxonomy":"product_brand","embeddable":true,"href":"https:\/\/zess.fr\/shop\/wp-json\/wp\/v2\/product_brand?post=1878"},{"taxonomy":"product_cat","embeddable":true,"href":"https:\/\/zess.fr\/shop\/wp-json\/wp\/v2\/product_cat?post=1878"},{"taxonomy":"product_tag","embeddable":true,"href":"https:\/\/zess.fr\/shop\/wp-json\/wp\/v2\/product_tag?post=1878"}],"curies":[{"name":"wp","href":"https:\/\/api.w.org\/{rel}","templated":true}]}}