{"id":1347,"date":"2021-03-16T11:11:58","date_gmt":"2021-03-16T10:11:58","guid":{"rendered":"https:\/\/zess.fr\/shop\/?post_type=product&#038;p=1347"},"modified":"2026-01-15T11:11:58","modified_gmt":"2026-01-15T10:11:58","slug":"klig","status":"publish","type":"product","link":"https:\/\/zess.fr\/shop\/product\/klig\/","title":{"rendered":"Tutoriel au crochet amigurumi fleuri &#8211; Patron PDF"},"content":{"rendered":"<p>Klig est une petite cr\u00e9ature de printemps crochet\u00e9e des pieds \u00e0 la t\u00eate d&rsquo;une seule pi\u00e8ce. Ses petits bras feuillus et son chapeau fleur sont cousus. Klig mesure 13cm avec un crochet 2,5mm.<\/p>\n<p><strong>Patron au format PDF :<\/strong><\/p>\n<ul>\n<li>11 pages d&rsquo;explications tr\u00e8s d\u00e9taill\u00e9es avec 33 photos d&rsquo;\u00e9tapes<\/li>\n<li>de nombreux rep\u00e8res avec des codes couleurs<\/li>\n<li>un pas \u00e0 pas\u00a0 pour cr\u00e9er le visage sans stress<\/li>\n<li>une page de conseils et astuces \u00e0 lire avant de commencer<\/li>\n<\/ul>\n<p><strong>Langues disponibles<\/strong> : Fran\u00e7ais + English (US terms)<\/p>\n<p>Votre patron PDF est disponible en t\u00e9l\u00e9chargement imm\u00e9diat apr\u00e8s paiement.<\/p>\n<p><strong data-start=\"2228\" data-end=\"2259\">\u2757Usage strictement personnel<\/strong><br \/>\nCe patron est destin\u00e9 \u00e0 un usage personnel uniquement.<br data-start=\"354\" data-end=\"357\" \/>La vente des objets r\u00e9alis\u00e9s \u00e0 partir de ce mod\u00e8le <strong>n\u2019est pas autoris\u00e9e<\/strong> avec ce patron.<br \/>\nPour toute utilisation professionnelle ou commerciale, y compris vente occasionnelle ou ateliers, merci de me contacter. Des licences adapt\u00e9es sont propos\u00e9es.<\/p>\n<h4>Points importants<\/h4>\n<ul>\n<li>Cet achat est un fichier num\u00e9rique pour vous permettre de crocheter cet amigurumi printanier au crochet. Il ne s\u2019agit pas du produit fini.<\/li>\n<li>Cet article num\u00e9rique est <strong>non remboursable et non \u00e9changeable<\/strong>.<\/li>\n<\/ul>\n<p>\u2753Si vous avez des questions, avant ou apr\u00e8s votre commande, contactez moi !<\/p>\n<p>&nbsp;<\/p>\n","protected":false},"excerpt":{"rendered":"<p>Ce patron amigurumi permet de r\u00e9aliser Klig, une petite cr\u00e9ature de printemps.\u00a0Pour crocheter cet amigurumi fleuri, le patron PDF contient :<\/p>\n<ul>\n<li>11 pages d&rsquo;explications tr\u00e8s d\u00e9taill\u00e9es avec 33 photos d&rsquo;\u00e9tapes<\/li>\n<li>de nombreux rep\u00e8res avec des codes couleurs<\/li>\n<li>un pas \u00e0 pas\u00a0 pour cr\u00e9er le visage sans stress<\/li>\n<\/ul>\n<p><img decoding=\"async\" class=\"emoji\" role=\"img\" draggable=\"false\" src=\"https:\/\/s.w.org\/images\/core\/emoji\/16.0.1\/svg\/1f4e5.svg\" alt=\"\ud83d\udce5\" \/>\u00a0T\u00e9l\u00e9chargement instantan\u00e9<br data-start=\"892\" data-end=\"895\" \/><img decoding=\"async\" class=\"emoji\" role=\"img\" draggable=\"false\" src=\"https:\/\/s.w.org\/images\/core\/emoji\/16.0.1\/svg\/1f30d.svg\" alt=\"\ud83c\udf0d\" \/> Langue : Fran\u00e7ais, Anglais<br data-start=\"937\" data-end=\"940\" \/><img decoding=\"async\" class=\"emoji\" role=\"img\" draggable=\"false\" src=\"https:\/\/s.w.org\/images\/core\/emoji\/16.0.1\/svg\/1f50e.svg\" alt=\"\ud83d\udd0e\" \/>\u00a0Plus de d\u00e9tails dans l\u2019onglet Description<\/p>\n","protected":false},"featured_media":2657,"comment_status":"open","ping_status":"closed","template":"","meta":[],"product_brand":[],"product_cat":[291,293,62],"product_tag":[280,281],"class_list":{"0":"post-1347","1":"product","2":"type-product","3":"status-publish","4":"has-post-thumbnail","6":"product_cat-amigurumis","7":"product_cat-tous-les-patrons-crochet-pdf","8":"product_cat-modeles-de-crochet","9":"product_tag-amigurumi","10":"product_tag-botanique","12":"first","13":"instock","14":"featured","15":"downloadable","16":"virtual","17":"sold-individually","18":"purchasable","19":"product-type-simple"},"yoast_head":"<!-- This site is optimized with the Yoast SEO plugin v27.3 - https:\/\/yoast.com\/product\/yoast-seo-wordpress\/ -->\n<title>Tutoriel au crochet amigurumi fleuri - Patron PDF - Zess Crochet<\/title>\n<meta name=\"description\" content=\"Tutoriel au crochet amigurumi fleuri - Patron PDF\" \/>\n<meta name=\"robots\" content=\"index, follow, max-snippet:-1, max-image-preview:large, max-video-preview:-1\" \/>\n<link rel=\"canonical\" href=\"https:\/\/zess.fr\/shop\/product\/klig\/\" \/>\n<meta property=\"og:locale\" content=\"fr_FR\" \/>\n<meta property=\"og:type\" content=\"article\" \/>\n<meta property=\"og:title\" content=\"Tutoriel au crochet amigurumi fleuri - Patron PDF - Zess Crochet\" \/>\n<meta property=\"og:description\" content=\"Tutoriel au crochet amigurumi fleuri - Patron PDF\" \/>\n<meta property=\"og:url\" content=\"https:\/\/zess.fr\/shop\/product\/klig\/\" \/>\n<meta property=\"og:site_name\" content=\"Zess Crochet\" \/>\n<meta property=\"article:modified_time\" content=\"2026-01-15T10:11:58+00:00\" \/>\n<meta property=\"og:image\" content=\"https:\/\/zess.fr\/shop\/wp-content\/uploads\/2021\/03\/Chez-Marceau-3.png\" \/>\n\t<meta property=\"og:image:width\" content=\"1080\" \/>\n\t<meta property=\"og:image:height\" content=\"1350\" \/>\n\t<meta property=\"og:image:type\" content=\"image\/png\" \/>\n<meta name=\"twitter:card\" content=\"summary_large_image\" \/>\n<meta name=\"twitter:label1\" content=\"Dur\u00e9e de lecture estim\u00e9e\" \/>\n\t<meta name=\"twitter:data1\" content=\"2 minutes\" \/>\n<script type=\"application\/ld+json\" class=\"yoast-schema-graph\">{\"@context\":\"https:\\\/\\\/schema.org\",\"@graph\":[{\"@type\":\"WebPage\",\"@id\":\"https:\\\/\\\/zess.fr\\\/shop\\\/product\\\/klig\\\/\",\"url\":\"https:\\\/\\\/zess.fr\\\/shop\\\/product\\\/klig\\\/\",\"name\":\"Tutoriel au crochet amigurumi fleuri - Patron PDF - Zess Crochet\",\"isPartOf\":{\"@id\":\"https:\\\/\\\/zess.fr\\\/shop\\\/#website\"},\"primaryImageOfPage\":{\"@id\":\"https:\\\/\\\/zess.fr\\\/shop\\\/product\\\/klig\\\/#primaryimage\"},\"image\":{\"@id\":\"https:\\\/\\\/zess.fr\\\/shop\\\/product\\\/klig\\\/#primaryimage\"},\"thumbnailUrl\":\"https:\\\/\\\/zess.fr\\\/shop\\\/wp-content\\\/uploads\\\/2021\\\/03\\\/Chez-Marceau-3.png\",\"datePublished\":\"2021-03-16T10:11:58+00:00\",\"dateModified\":\"2026-01-15T10:11:58+00:00\",\"description\":\"Tutoriel au crochet amigurumi fleuri - Patron PDF\",\"breadcrumb\":{\"@id\":\"https:\\\/\\\/zess.fr\\\/shop\\\/product\\\/klig\\\/#breadcrumb\"},\"inLanguage\":\"fr-FR\",\"potentialAction\":[{\"@type\":\"ReadAction\",\"target\":[\"https:\\\/\\\/zess.fr\\\/shop\\\/product\\\/klig\\\/\"]}]},{\"@type\":\"ImageObject\",\"inLanguage\":\"fr-FR\",\"@id\":\"https:\\\/\\\/zess.fr\\\/shop\\\/product\\\/klig\\\/#primaryimage\",\"url\":\"https:\\\/\\\/zess.fr\\\/shop\\\/wp-content\\\/uploads\\\/2021\\\/03\\\/Chez-Marceau-3.png\",\"contentUrl\":\"https:\\\/\\\/zess.fr\\\/shop\\\/wp-content\\\/uploads\\\/2021\\\/03\\\/Chez-Marceau-3.png\",\"width\":1080,\"height\":1350,\"caption\":\"Patron de crochet klig de Zess fleur\"},{\"@type\":\"BreadcrumbList\",\"@id\":\"https:\\\/\\\/zess.fr\\\/shop\\\/product\\\/klig\\\/#breadcrumb\",\"itemListElement\":[{\"@type\":\"ListItem\",\"position\":1,\"name\":\"Zess Crochet Boutique &#8211; Tutoriels et kit crochet\",\"item\":\"https:\\\/\\\/zess.fr\\\/shop\\\/acceuil-2\\\/\"},{\"@type\":\"ListItem\",\"position\":2,\"name\":\"Tutoriels crochet\",\"item\":\"https:\\\/\\\/zess.fr\\\/shop\\\/product-category\\\/modeles-de-crochet\\\/\"},{\"@type\":\"ListItem\",\"position\":3,\"name\":\"Amigurumis\",\"item\":\"https:\\\/\\\/zess.fr\\\/shop\\\/product-category\\\/modeles-de-crochet\\\/amigurumis\\\/\"},{\"@type\":\"ListItem\",\"position\":4,\"name\":\"Tutoriel au crochet amigurumi fleuri &#8211; Patron PDF\"}]},{\"@type\":\"WebSite\",\"@id\":\"https:\\\/\\\/zess.fr\\\/shop\\\/#website\",\"url\":\"https:\\\/\\\/zess.fr\\\/shop\\\/\",\"name\":\"Zess Crochet - Tutoriels au crochet amigurumi, poup\u00e9es et accessoires - patron num\u00e9rique PDF - livres de crochet\",\"description\":\"Tutoriels et kits crochet amigurumi et d\u00e9co\",\"potentialAction\":[{\"@type\":\"SearchAction\",\"target\":{\"@type\":\"EntryPoint\",\"urlTemplate\":\"https:\\\/\\\/zess.fr\\\/shop\\\/?s={search_term_string}\"},\"query-input\":{\"@type\":\"PropertyValueSpecification\",\"valueRequired\":true,\"valueName\":\"search_term_string\"}}],\"inLanguage\":\"fr-FR\"}]}<\/script>\n<!-- \/ Yoast SEO plugin. -->","yoast_head_json":{"title":"Tutoriel au crochet amigurumi fleuri - Patron PDF - Zess Crochet","description":"Tutoriel au crochet amigurumi fleuri - Patron PDF","robots":{"index":"index","follow":"follow","max-snippet":"max-snippet:-1","max-image-preview":"max-image-preview:large","max-video-preview":"max-video-preview:-1"},"canonical":"https:\/\/zess.fr\/shop\/product\/klig\/","og_locale":"fr_FR","og_type":"article","og_title":"Tutoriel au crochet amigurumi fleuri - Patron PDF - Zess Crochet","og_description":"Tutoriel au crochet amigurumi fleuri - Patron PDF","og_url":"https:\/\/zess.fr\/shop\/product\/klig\/","og_site_name":"Zess Crochet","article_modified_time":"2026-01-15T10:11:58+00:00","og_image":[{"width":1080,"height":1350,"url":"https:\/\/zess.fr\/shop\/wp-content\/uploads\/2021\/03\/Chez-Marceau-3.png","type":"image\/png"}],"twitter_card":"summary_large_image","twitter_misc":{"Dur\u00e9e de lecture estim\u00e9e":"2 minutes"},"schema":{"@context":"https:\/\/schema.org","@graph":[{"@type":"WebPage","@id":"https:\/\/zess.fr\/shop\/product\/klig\/","url":"https:\/\/zess.fr\/shop\/product\/klig\/","name":"Tutoriel au crochet amigurumi fleuri - Patron PDF - Zess Crochet","isPartOf":{"@id":"https:\/\/zess.fr\/shop\/#website"},"primaryImageOfPage":{"@id":"https:\/\/zess.fr\/shop\/product\/klig\/#primaryimage"},"image":{"@id":"https:\/\/zess.fr\/shop\/product\/klig\/#primaryimage"},"thumbnailUrl":"https:\/\/zess.fr\/shop\/wp-content\/uploads\/2021\/03\/Chez-Marceau-3.png","datePublished":"2021-03-16T10:11:58+00:00","dateModified":"2026-01-15T10:11:58+00:00","description":"Tutoriel au crochet amigurumi fleuri - Patron PDF","breadcrumb":{"@id":"https:\/\/zess.fr\/shop\/product\/klig\/#breadcrumb"},"inLanguage":"fr-FR","potentialAction":[{"@type":"ReadAction","target":["https:\/\/zess.fr\/shop\/product\/klig\/"]}]},{"@type":"ImageObject","inLanguage":"fr-FR","@id":"https:\/\/zess.fr\/shop\/product\/klig\/#primaryimage","url":"https:\/\/zess.fr\/shop\/wp-content\/uploads\/2021\/03\/Chez-Marceau-3.png","contentUrl":"https:\/\/zess.fr\/shop\/wp-content\/uploads\/2021\/03\/Chez-Marceau-3.png","width":1080,"height":1350,"caption":"Patron de crochet klig de Zess fleur"},{"@type":"BreadcrumbList","@id":"https:\/\/zess.fr\/shop\/product\/klig\/#breadcrumb","itemListElement":[{"@type":"ListItem","position":1,"name":"Zess Crochet Boutique &#8211; Tutoriels et kit crochet","item":"https:\/\/zess.fr\/shop\/acceuil-2\/"},{"@type":"ListItem","position":2,"name":"Tutoriels crochet","item":"https:\/\/zess.fr\/shop\/product-category\/modeles-de-crochet\/"},{"@type":"ListItem","position":3,"name":"Amigurumis","item":"https:\/\/zess.fr\/shop\/product-category\/modeles-de-crochet\/amigurumis\/"},{"@type":"ListItem","position":4,"name":"Tutoriel au crochet amigurumi fleuri &#8211; Patron PDF"}]},{"@type":"WebSite","@id":"https:\/\/zess.fr\/shop\/#website","url":"https:\/\/zess.fr\/shop\/","name":"Zess Crochet - Tutoriels au crochet amigurumi, poup\u00e9es et accessoires - patron num\u00e9rique PDF - livres de crochet","description":"Tutoriels et kits crochet amigurumi et d\u00e9co","potentialAction":[{"@type":"SearchAction","target":{"@type":"EntryPoint","urlTemplate":"https:\/\/zess.fr\/shop\/?s={search_term_string}"},"query-input":{"@type":"PropertyValueSpecification","valueRequired":true,"valueName":"search_term_string"}}],"inLanguage":"fr-FR"}]}},"_links":{"self":[{"href":"https:\/\/zess.fr\/shop\/wp-json\/wp\/v2\/product\/1347","targetHints":{"allow":["GET"]}}],"collection":[{"href":"https:\/\/zess.fr\/shop\/wp-json\/wp\/v2\/product"}],"about":[{"href":"https:\/\/zess.fr\/shop\/wp-json\/wp\/v2\/types\/product"}],"replies":[{"embeddable":true,"href":"https:\/\/zess.fr\/shop\/wp-json\/wp\/v2\/comments?post=1347"}],"version-history":[{"count":3,"href":"https:\/\/zess.fr\/shop\/wp-json\/wp\/v2\/product\/1347\/revisions"}],"predecessor-version":[{"id":9678,"href":"https:\/\/zess.fr\/shop\/wp-json\/wp\/v2\/product\/1347\/revisions\/9678"}],"wp:featuredmedia":[{"embeddable":true,"href":"https:\/\/zess.fr\/shop\/wp-json\/wp\/v2\/media\/2657"}],"wp:attachment":[{"href":"https:\/\/zess.fr\/shop\/wp-json\/wp\/v2\/media?parent=1347"}],"wp:term":[{"taxonomy":"product_brand","embeddable":true,"href":"https:\/\/zess.fr\/shop\/wp-json\/wp\/v2\/product_brand?post=1347"},{"taxonomy":"product_cat","embeddable":true,"href":"https:\/\/zess.fr\/shop\/wp-json\/wp\/v2\/product_cat?post=1347"},{"taxonomy":"product_tag","embeddable":true,"href":"https:\/\/zess.fr\/shop\/wp-json\/wp\/v2\/product_tag?post=1347"}],"curies":[{"name":"wp","href":"https:\/\/api.w.org\/{rel}","templated":true}]}}