{"id":1040,"date":"2021-01-15T18:29:37","date_gmt":"2021-01-15T17:29:37","guid":{"rendered":"https:\/\/zess.fr\/shop\/?post_type=product&#038;p=1040"},"modified":"2026-01-15T11:25:39","modified_gmt":"2026-01-15T10:25:39","slug":"tuto-tenue-lapin-pour-kima","status":"publish","type":"product","link":"https:\/\/zess.fr\/shop\/product\/tuto-tenue-lapin-pour-kima\/","title":{"rendered":"Tutoriel au crochet Tenue lapin de Kima &#8211; Patron PDF"},"content":{"rendered":"<p>Cette tenue de P\u00e2ques pour la <a href=\"\/shop?p=869\" target=\"_blank\" rel=\"noopener\">poup\u00e9e Kima<\/a> est compos\u00e9e d&rsquo;une adorable robe tutu <strong>SANS COUTURE<\/strong>, d&rsquo;une chevelure coupe au carr\u00e9 et d&rsquo;oreilles de lapin. Le patron de la poup\u00e9e Kima n\u2019est pas inclus, vous le trouverez dans ma boutique <a href=\"\/shop?p=869\" target=\"_blank\" rel=\"noopener\">ici<\/a>.<\/p>\n<p>Le tutoriel PDF contient :<br \/>\n&#8211; des explications \u00e9crites d\u00e9taill\u00e9es avec des photos d&rsquo;\u00e9tapes<br \/>\n&#8211; pas \u00e0 pas en photos pour cr\u00e9er le tutu sans couture<br \/>\n&#8211; une page compl\u00e8te de conseils et astuces \u00e0 lire avant de commencer<\/p>\n<p><strong>NIVEAU<\/strong> : interm\u00e9diaire (il faut conna\u00eetre les points de base)<\/p>\n<p><strong>MAT\u00c9RIEL<\/strong><br \/>\nFil de coton \/ crochet 2,5mm<br \/>\nAiguille \u00e0 laine \u00e0 pointe ronde<br \/>\nMarqueur de maille<br \/>\nTulle souple ou dentelle<br \/>\nUn morceau de carton de 7cm<\/p>\n<p><strong>Langues disponibles<\/strong> : Fran\u00e7ais<\/p>\n<p>Votre patron PDF est disponible en t\u00e9l\u00e9chargement imm\u00e9diat apr\u00e8s paiement.<\/p>\n<p><strong data-start=\"2228\" data-end=\"2259\">\u2757Usage strictement personnel<\/strong><br \/>\nCe patron est destin\u00e9 \u00e0 un usage personnel uniquement.<br data-start=\"354\" data-end=\"357\" \/>La vente des objets r\u00e9alis\u00e9s \u00e0 partir de ce mod\u00e8le <strong>n\u2019est pas autoris\u00e9e<\/strong> avec ce patron.<br \/>\nPour toute utilisation professionnelle ou commerciale, y compris vente occasionnelle ou ateliers, merci de me contacter. Des licences adapt\u00e9es sont propos\u00e9es.<\/p>\n<h4>Points importants<\/h4>\n<ul>\n<li>Cet achat est un fichier num\u00e9rique pour vous permettre de crocheter cette tenue de p\u00e2ques pour poup\u00e9e au crochet. Il ne s\u2019agit pas du produit fini.<\/li>\n<li>Cet article num\u00e9rique est <strong>non remboursable et non \u00e9changeable<\/strong>.<\/li>\n<\/ul>\n<p>\u2753Si vous avez des questions, avant ou apr\u00e8s votre commande, contactez moi !<\/p>\n","protected":false},"excerpt":{"rendered":"<p>Ce patron crochet permet de r\u00e9aliser la tenue lapin pour la <a href=\"https:\/\/zess.fr\/shop\/produit\/patron-de-crochet-kima\/\" target=\"_blank\" rel=\"noopener\">poup\u00e9e Kima<\/a> . Elle est compos\u00e9e d&rsquo;une adorable robe tutu <strong>sans couture<\/strong>, d&rsquo;une chevelure coupe au carr\u00e9 et d&rsquo;oreilles de lapin.<\/p>\n<p>Rassurez-vous les crochet-addict : le tutu\u00a0 n&rsquo;est pas cousu ! Vous n&rsquo;aurez besoin de rien de plus que du tulle ou de la dentelle et votre crochet !<\/p>\n<p><img decoding=\"async\" class=\"emoji\" role=\"img\" draggable=\"false\" src=\"https:\/\/s.w.org\/images\/core\/emoji\/16.0.1\/svg\/1f4e5.svg\" alt=\"\ud83d\udce5\" \/>\u00a0T\u00e9l\u00e9chargement instantan\u00e9<br data-start=\"892\" data-end=\"895\" \/><img decoding=\"async\" class=\"emoji\" role=\"img\" draggable=\"false\" src=\"https:\/\/s.w.org\/images\/core\/emoji\/16.0.1\/svg\/1f30d.svg\" alt=\"\ud83c\udf0d\" \/> Langue : Fran\u00e7ais, Anglais<br data-start=\"937\" data-end=\"940\" \/><img decoding=\"async\" class=\"emoji\" role=\"img\" draggable=\"false\" src=\"https:\/\/s.w.org\/images\/core\/emoji\/16.0.1\/svg\/1f50e.svg\" alt=\"\ud83d\udd0e\" \/>\u00a0Plus de d\u00e9tails dans l\u2019onglet Description<\/p>\n<p>&nbsp;<\/p>\n","protected":false},"featured_media":2710,"comment_status":"open","ping_status":"closed","template":"","meta":[],"product_brand":[],"product_cat":[290,293,62],"product_tag":[279],"class_list":{"0":"post-1040","1":"product","2":"type-product","3":"status-publish","4":"has-post-thumbnail","6":"product_cat-tuto-poupees-crochet","7":"product_cat-tous-les-patrons-crochet-pdf","8":"product_cat-modeles-de-crochet","9":"product_tag-poupee","11":"first","12":"instock","13":"featured","14":"downloadable","15":"virtual","16":"sold-individually","17":"purchasable","18":"product-type-simple"},"yoast_head":"<!-- This site is optimized with the Yoast SEO plugin v27.3 - https:\/\/yoast.com\/product\/yoast-seo-wordpress\/ -->\n<title>Tutoriel au crochet Tenue lapin de Kima - Patron PDF - Zess Crochet<\/title>\n<meta name=\"robots\" content=\"index, follow, max-snippet:-1, max-image-preview:large, max-video-preview:-1\" \/>\n<link rel=\"canonical\" href=\"https:\/\/zess.fr\/shop\/product\/tuto-tenue-lapin-pour-kima\/\" \/>\n<meta property=\"og:locale\" content=\"fr_FR\" \/>\n<meta property=\"og:type\" content=\"article\" \/>\n<meta property=\"og:title\" content=\"Tutoriel au crochet Tenue lapin de Kima - Patron PDF - Zess Crochet\" \/>\n<meta property=\"og:description\" content=\"Ce patron crochet permet de r\u00e9aliser la tenue lapin pour la poup\u00e9e Kima . Elle est compos\u00e9e d&#039;une adorable robe tutu sans couture, d&#039;une chevelure coupe au carr\u00e9 et d&#039;oreilles de lapin.  Rassurez-vous les crochet-addict : le tutu\u00a0 n&#039;est pas cousu ! Vous n&#039;aurez besoin de rien de plus que du tulle ou de la dentelle et votre crochet !  \u00a0T\u00e9l\u00e9chargement instantan\u00e9 Langue : Fran\u00e7ais, Anglais\u00a0Plus de d\u00e9tails dans l\u2019onglet Description  &nbsp;\" \/>\n<meta property=\"og:url\" content=\"https:\/\/zess.fr\/shop\/product\/tuto-tenue-lapin-pour-kima\/\" \/>\n<meta property=\"og:site_name\" content=\"Zess Crochet\" \/>\n<meta property=\"article:modified_time\" content=\"2026-01-15T10:25:39+00:00\" \/>\n<meta property=\"og:image\" content=\"https:\/\/zess.fr\/shop\/wp-content\/uploads\/2021\/01\/8C58141A-8498-4368-9BA3-EDA5FEDEE8D9.png\" \/>\n\t<meta property=\"og:image:width\" content=\"1080\" \/>\n\t<meta property=\"og:image:height\" content=\"1350\" \/>\n\t<meta property=\"og:image:type\" content=\"image\/png\" \/>\n<meta name=\"twitter:card\" content=\"summary_large_image\" \/>\n<meta name=\"twitter:label1\" content=\"Dur\u00e9e de lecture estim\u00e9e\" \/>\n\t<meta name=\"twitter:data1\" content=\"2 minutes\" \/>\n<script type=\"application\/ld+json\" class=\"yoast-schema-graph\">{\"@context\":\"https:\\\/\\\/schema.org\",\"@graph\":[{\"@type\":\"WebPage\",\"@id\":\"https:\\\/\\\/zess.fr\\\/shop\\\/product\\\/tuto-tenue-lapin-pour-kima\\\/\",\"url\":\"https:\\\/\\\/zess.fr\\\/shop\\\/product\\\/tuto-tenue-lapin-pour-kima\\\/\",\"name\":\"Tutoriel au crochet Tenue lapin de Kima - Patron PDF - Zess Crochet\",\"isPartOf\":{\"@id\":\"https:\\\/\\\/zess.fr\\\/shop\\\/#website\"},\"primaryImageOfPage\":{\"@id\":\"https:\\\/\\\/zess.fr\\\/shop\\\/product\\\/tuto-tenue-lapin-pour-kima\\\/#primaryimage\"},\"image\":{\"@id\":\"https:\\\/\\\/zess.fr\\\/shop\\\/product\\\/tuto-tenue-lapin-pour-kima\\\/#primaryimage\"},\"thumbnailUrl\":\"https:\\\/\\\/zess.fr\\\/shop\\\/wp-content\\\/uploads\\\/2021\\\/01\\\/8C58141A-8498-4368-9BA3-EDA5FEDEE8D9.png\",\"datePublished\":\"2021-01-15T17:29:37+00:00\",\"dateModified\":\"2026-01-15T10:25:39+00:00\",\"breadcrumb\":{\"@id\":\"https:\\\/\\\/zess.fr\\\/shop\\\/product\\\/tuto-tenue-lapin-pour-kima\\\/#breadcrumb\"},\"inLanguage\":\"fr-FR\",\"potentialAction\":[{\"@type\":\"ReadAction\",\"target\":[\"https:\\\/\\\/zess.fr\\\/shop\\\/product\\\/tuto-tenue-lapin-pour-kima\\\/\"]}]},{\"@type\":\"ImageObject\",\"inLanguage\":\"fr-FR\",\"@id\":\"https:\\\/\\\/zess.fr\\\/shop\\\/product\\\/tuto-tenue-lapin-pour-kima\\\/#primaryimage\",\"url\":\"https:\\\/\\\/zess.fr\\\/shop\\\/wp-content\\\/uploads\\\/2021\\\/01\\\/8C58141A-8498-4368-9BA3-EDA5FEDEE8D9.png\",\"contentUrl\":\"https:\\\/\\\/zess.fr\\\/shop\\\/wp-content\\\/uploads\\\/2021\\\/01\\\/8C58141A-8498-4368-9BA3-EDA5FEDEE8D9.png\",\"width\":1080,\"height\":1350,\"caption\":\"Tutoriel tenue P\u00e2ques lapin poup\u00e9e crochet\"},{\"@type\":\"BreadcrumbList\",\"@id\":\"https:\\\/\\\/zess.fr\\\/shop\\\/product\\\/tuto-tenue-lapin-pour-kima\\\/#breadcrumb\",\"itemListElement\":[{\"@type\":\"ListItem\",\"position\":1,\"name\":\"Zess Crochet Boutique &#8211; Tutoriels et kit crochet\",\"item\":\"https:\\\/\\\/zess.fr\\\/shop\\\/acceuil-2\\\/\"},{\"@type\":\"ListItem\",\"position\":2,\"name\":\"Tutoriels crochet\",\"item\":\"https:\\\/\\\/zess.fr\\\/shop\\\/product-category\\\/modeles-de-crochet\\\/\"},{\"@type\":\"ListItem\",\"position\":3,\"name\":\"Tutoriel au crochet Tenue lapin de Kima &#8211; Patron PDF\"}]},{\"@type\":\"WebSite\",\"@id\":\"https:\\\/\\\/zess.fr\\\/shop\\\/#website\",\"url\":\"https:\\\/\\\/zess.fr\\\/shop\\\/\",\"name\":\"Zess Crochet - Tutoriels au crochet amigurumi, poup\u00e9es et accessoires - patron num\u00e9rique PDF - livres de crochet\",\"description\":\"Tutoriels et kits crochet amigurumi et d\u00e9co\",\"potentialAction\":[{\"@type\":\"SearchAction\",\"target\":{\"@type\":\"EntryPoint\",\"urlTemplate\":\"https:\\\/\\\/zess.fr\\\/shop\\\/?s={search_term_string}\"},\"query-input\":{\"@type\":\"PropertyValueSpecification\",\"valueRequired\":true,\"valueName\":\"search_term_string\"}}],\"inLanguage\":\"fr-FR\"}]}<\/script>\n<!-- \/ Yoast SEO plugin. -->","yoast_head_json":{"title":"Tutoriel au crochet Tenue lapin de Kima - Patron PDF - Zess Crochet","robots":{"index":"index","follow":"follow","max-snippet":"max-snippet:-1","max-image-preview":"max-image-preview:large","max-video-preview":"max-video-preview:-1"},"canonical":"https:\/\/zess.fr\/shop\/product\/tuto-tenue-lapin-pour-kima\/","og_locale":"fr_FR","og_type":"article","og_title":"Tutoriel au crochet Tenue lapin de Kima - Patron PDF - Zess Crochet","og_description":"Ce patron crochet permet de r\u00e9aliser la tenue lapin pour la poup\u00e9e Kima . Elle est compos\u00e9e d'une adorable robe tutu sans couture, d'une chevelure coupe au carr\u00e9 et d'oreilles de lapin.  Rassurez-vous les crochet-addict : le tutu\u00a0 n'est pas cousu ! Vous n'aurez besoin de rien de plus que du tulle ou de la dentelle et votre crochet !  \u00a0T\u00e9l\u00e9chargement instantan\u00e9 Langue : Fran\u00e7ais, Anglais\u00a0Plus de d\u00e9tails dans l\u2019onglet Description  &nbsp;","og_url":"https:\/\/zess.fr\/shop\/product\/tuto-tenue-lapin-pour-kima\/","og_site_name":"Zess Crochet","article_modified_time":"2026-01-15T10:25:39+00:00","og_image":[{"width":1080,"height":1350,"url":"https:\/\/zess.fr\/shop\/wp-content\/uploads\/2021\/01\/8C58141A-8498-4368-9BA3-EDA5FEDEE8D9.png","type":"image\/png"}],"twitter_card":"summary_large_image","twitter_misc":{"Dur\u00e9e de lecture estim\u00e9e":"2 minutes"},"schema":{"@context":"https:\/\/schema.org","@graph":[{"@type":"WebPage","@id":"https:\/\/zess.fr\/shop\/product\/tuto-tenue-lapin-pour-kima\/","url":"https:\/\/zess.fr\/shop\/product\/tuto-tenue-lapin-pour-kima\/","name":"Tutoriel au crochet Tenue lapin de Kima - Patron PDF - Zess Crochet","isPartOf":{"@id":"https:\/\/zess.fr\/shop\/#website"},"primaryImageOfPage":{"@id":"https:\/\/zess.fr\/shop\/product\/tuto-tenue-lapin-pour-kima\/#primaryimage"},"image":{"@id":"https:\/\/zess.fr\/shop\/product\/tuto-tenue-lapin-pour-kima\/#primaryimage"},"thumbnailUrl":"https:\/\/zess.fr\/shop\/wp-content\/uploads\/2021\/01\/8C58141A-8498-4368-9BA3-EDA5FEDEE8D9.png","datePublished":"2021-01-15T17:29:37+00:00","dateModified":"2026-01-15T10:25:39+00:00","breadcrumb":{"@id":"https:\/\/zess.fr\/shop\/product\/tuto-tenue-lapin-pour-kima\/#breadcrumb"},"inLanguage":"fr-FR","potentialAction":[{"@type":"ReadAction","target":["https:\/\/zess.fr\/shop\/product\/tuto-tenue-lapin-pour-kima\/"]}]},{"@type":"ImageObject","inLanguage":"fr-FR","@id":"https:\/\/zess.fr\/shop\/product\/tuto-tenue-lapin-pour-kima\/#primaryimage","url":"https:\/\/zess.fr\/shop\/wp-content\/uploads\/2021\/01\/8C58141A-8498-4368-9BA3-EDA5FEDEE8D9.png","contentUrl":"https:\/\/zess.fr\/shop\/wp-content\/uploads\/2021\/01\/8C58141A-8498-4368-9BA3-EDA5FEDEE8D9.png","width":1080,"height":1350,"caption":"Tutoriel tenue P\u00e2ques lapin poup\u00e9e crochet"},{"@type":"BreadcrumbList","@id":"https:\/\/zess.fr\/shop\/product\/tuto-tenue-lapin-pour-kima\/#breadcrumb","itemListElement":[{"@type":"ListItem","position":1,"name":"Zess Crochet Boutique &#8211; Tutoriels et kit crochet","item":"https:\/\/zess.fr\/shop\/acceuil-2\/"},{"@type":"ListItem","position":2,"name":"Tutoriels crochet","item":"https:\/\/zess.fr\/shop\/product-category\/modeles-de-crochet\/"},{"@type":"ListItem","position":3,"name":"Tutoriel au crochet Tenue lapin de Kima &#8211; Patron PDF"}]},{"@type":"WebSite","@id":"https:\/\/zess.fr\/shop\/#website","url":"https:\/\/zess.fr\/shop\/","name":"Zess Crochet - Tutoriels au crochet amigurumi, poup\u00e9es et accessoires - patron num\u00e9rique PDF - livres de crochet","description":"Tutoriels et kits crochet amigurumi et d\u00e9co","potentialAction":[{"@type":"SearchAction","target":{"@type":"EntryPoint","urlTemplate":"https:\/\/zess.fr\/shop\/?s={search_term_string}"},"query-input":{"@type":"PropertyValueSpecification","valueRequired":true,"valueName":"search_term_string"}}],"inLanguage":"fr-FR"}]}},"_links":{"self":[{"href":"https:\/\/zess.fr\/shop\/wp-json\/wp\/v2\/product\/1040","targetHints":{"allow":["GET"]}}],"collection":[{"href":"https:\/\/zess.fr\/shop\/wp-json\/wp\/v2\/product"}],"about":[{"href":"https:\/\/zess.fr\/shop\/wp-json\/wp\/v2\/types\/product"}],"replies":[{"embeddable":true,"href":"https:\/\/zess.fr\/shop\/wp-json\/wp\/v2\/comments?post=1040"}],"version-history":[{"count":3,"href":"https:\/\/zess.fr\/shop\/wp-json\/wp\/v2\/product\/1040\/revisions"}],"predecessor-version":[{"id":9689,"href":"https:\/\/zess.fr\/shop\/wp-json\/wp\/v2\/product\/1040\/revisions\/9689"}],"wp:featuredmedia":[{"embeddable":true,"href":"https:\/\/zess.fr\/shop\/wp-json\/wp\/v2\/media\/2710"}],"wp:attachment":[{"href":"https:\/\/zess.fr\/shop\/wp-json\/wp\/v2\/media?parent=1040"}],"wp:term":[{"taxonomy":"product_brand","embeddable":true,"href":"https:\/\/zess.fr\/shop\/wp-json\/wp\/v2\/product_brand?post=1040"},{"taxonomy":"product_cat","embeddable":true,"href":"https:\/\/zess.fr\/shop\/wp-json\/wp\/v2\/product_cat?post=1040"},{"taxonomy":"product_tag","embeddable":true,"href":"https:\/\/zess.fr\/shop\/wp-json\/wp\/v2\/product_tag?post=1040"}],"curies":[{"name":"wp","href":"https:\/\/api.w.org\/{rel}","templated":true}]}}