{"id":10164,"date":"2026-04-20T14:58:35","date_gmt":"2026-04-20T12:58:35","guid":{"rendered":"https:\/\/zess.fr\/shop\/?post_type=product&#038;p=10164"},"modified":"2026-04-20T15:10:18","modified_gmt":"2026-04-20T13:10:18","slug":"coffret-mes-premiers-granny-square-au-crochet","status":"publish","type":"product","link":"https:\/\/zess.fr\/shop\/product\/coffret-mes-premiers-granny-square-au-crochet\/","title":{"rendered":"Coffret Mes premiers granny square au crochet"},"content":{"rendered":"","protected":false},"excerpt":{"rendered":"<p>Paru chez les Editions de Saxe.<\/p>\n<p>Coffret DIY d\u00e9couvrir les granny squares pas \u00e0 pas.<\/p>\n<p>Ce kit crochet est pens\u00e9 pour d\u00e9buter sans stress et crocheter un \u00e9tui \u00e0 lunettes tendance, puis une mini pochette assortie.<\/p>\n<p>Niveau d\u00e9butant.<\/p>\n","protected":false},"featured_media":10166,"comment_status":"closed","ping_status":"closed","template":"","meta":[],"product_brand":[],"product_cat":[63],"product_tag":[287],"class_list":{"0":"post-10164","1":"product","2":"type-product","3":"status-publish","4":"has-post-thumbnail","6":"product_cat-livre-de-crochet","7":"product_tag-new","9":"first","10":"instock","11":"sold-individually","12":"shipping-taxable","13":"product-type-external"},"yoast_head":"<!-- This site is optimized with the Yoast SEO plugin v27.4 - https:\/\/yoast.com\/product\/yoast-seo-wordpress\/ -->\n<title>Coffret Mes premiers granny square au crochet - Zess Crochet<\/title>\n<meta name=\"robots\" content=\"index, follow, max-snippet:-1, max-image-preview:large, max-video-preview:-1\" \/>\n<link rel=\"canonical\" href=\"https:\/\/zess.fr\/shop\/product\/coffret-mes-premiers-granny-square-au-crochet\/\" \/>\n<meta property=\"og:locale\" content=\"fr_FR\" \/>\n<meta property=\"og:type\" content=\"article\" \/>\n<meta property=\"og:title\" content=\"Coffret Mes premiers granny square au crochet - Zess Crochet\" \/>\n<meta property=\"og:description\" content=\"Paru chez les Editions de Saxe.  Coffret DIY d\u00e9couvrir les granny squares pas \u00e0 pas.  Ce kit crochet est pens\u00e9 pour d\u00e9buter sans stress et crocheter un \u00e9tui \u00e0 lunettes tendance, puis une mini pochette assortie.  Niveau d\u00e9butant.\" \/>\n<meta property=\"og:url\" content=\"https:\/\/zess.fr\/shop\/product\/coffret-mes-premiers-granny-square-au-crochet\/\" \/>\n<meta property=\"og:site_name\" content=\"Zess Crochet\" \/>\n<meta property=\"article:modified_time\" content=\"2026-04-20T13:10:18+00:00\" \/>\n<meta property=\"og:image\" content=\"https:\/\/zess.fr\/shop\/wp-content\/uploads\/2026\/04\/1-2-1-e1776689995846.jpg\" \/>\n\t<meta property=\"og:image:width\" content=\"1365\" \/>\n\t<meta property=\"og:image:height\" content=\"1707\" \/>\n\t<meta property=\"og:image:type\" content=\"image\/jpeg\" \/>\n<meta name=\"twitter:card\" content=\"summary_large_image\" \/>\n<meta name=\"twitter:label1\" content=\"Dur\u00e9e de lecture estim\u00e9e\" \/>\n\t<meta name=\"twitter:data1\" content=\"1 minute\" \/>\n<script type=\"application\/ld+json\" class=\"yoast-schema-graph\">{\"@context\":\"https:\\\/\\\/schema.org\",\"@graph\":[{\"@type\":\"WebPage\",\"@id\":\"https:\\\/\\\/zess.fr\\\/shop\\\/product\\\/coffret-mes-premiers-granny-square-au-crochet\\\/\",\"url\":\"https:\\\/\\\/zess.fr\\\/shop\\\/product\\\/coffret-mes-premiers-granny-square-au-crochet\\\/\",\"name\":\"Coffret Mes premiers granny square au crochet - Zess Crochet\",\"isPartOf\":{\"@id\":\"https:\\\/\\\/zess.fr\\\/shop\\\/#website\"},\"primaryImageOfPage\":{\"@id\":\"https:\\\/\\\/zess.fr\\\/shop\\\/product\\\/coffret-mes-premiers-granny-square-au-crochet\\\/#primaryimage\"},\"image\":{\"@id\":\"https:\\\/\\\/zess.fr\\\/shop\\\/product\\\/coffret-mes-premiers-granny-square-au-crochet\\\/#primaryimage\"},\"thumbnailUrl\":\"https:\\\/\\\/zess.fr\\\/shop\\\/wp-content\\\/uploads\\\/2026\\\/04\\\/1-2-1-e1776689995846.jpg\",\"datePublished\":\"2026-04-20T12:58:35+00:00\",\"dateModified\":\"2026-04-20T13:10:18+00:00\",\"breadcrumb\":{\"@id\":\"https:\\\/\\\/zess.fr\\\/shop\\\/product\\\/coffret-mes-premiers-granny-square-au-crochet\\\/#breadcrumb\"},\"inLanguage\":\"fr-FR\",\"potentialAction\":[{\"@type\":\"ReadAction\",\"target\":[\"https:\\\/\\\/zess.fr\\\/shop\\\/product\\\/coffret-mes-premiers-granny-square-au-crochet\\\/\"]}]},{\"@type\":\"ImageObject\",\"inLanguage\":\"fr-FR\",\"@id\":\"https:\\\/\\\/zess.fr\\\/shop\\\/product\\\/coffret-mes-premiers-granny-square-au-crochet\\\/#primaryimage\",\"url\":\"https:\\\/\\\/zess.fr\\\/shop\\\/wp-content\\\/uploads\\\/2026\\\/04\\\/1-2-1-e1776689995846.jpg\",\"contentUrl\":\"https:\\\/\\\/zess.fr\\\/shop\\\/wp-content\\\/uploads\\\/2026\\\/04\\\/1-2-1-e1776689995846.jpg\",\"width\":1365,\"height\":1707,\"caption\":\"kit crochet d\u00e9butant granny squares\"},{\"@type\":\"BreadcrumbList\",\"@id\":\"https:\\\/\\\/zess.fr\\\/shop\\\/product\\\/coffret-mes-premiers-granny-square-au-crochet\\\/#breadcrumb\",\"itemListElement\":[{\"@type\":\"ListItem\",\"position\":1,\"name\":\"Zess Crochet Boutique &#8211; Tutoriels et kit crochet\",\"item\":\"https:\\\/\\\/zess.fr\\\/shop\\\/acceuil-2\\\/\"},{\"@type\":\"ListItem\",\"position\":2,\"name\":\"Livres de crochet &amp; coffret crochet collab\",\"item\":\"https:\\\/\\\/zess.fr\\\/shop\\\/product-category\\\/livre-de-crochet\\\/\"},{\"@type\":\"ListItem\",\"position\":3,\"name\":\"Coffret Mes premiers granny square au crochet\"}]},{\"@type\":\"WebSite\",\"@id\":\"https:\\\/\\\/zess.fr\\\/shop\\\/#website\",\"url\":\"https:\\\/\\\/zess.fr\\\/shop\\\/\",\"name\":\"Zess Crochet - Tutoriels au crochet amigurumi, poup\u00e9es et accessoires - patron num\u00e9rique PDF - livres de crochet\",\"description\":\"Tutoriels et kits crochet amigurumi et d\u00e9co\",\"potentialAction\":[{\"@type\":\"SearchAction\",\"target\":{\"@type\":\"EntryPoint\",\"urlTemplate\":\"https:\\\/\\\/zess.fr\\\/shop\\\/?s={search_term_string}\"},\"query-input\":{\"@type\":\"PropertyValueSpecification\",\"valueRequired\":true,\"valueName\":\"search_term_string\"}}],\"inLanguage\":\"fr-FR\"}]}<\/script>\n<!-- \/ Yoast SEO plugin. -->","yoast_head_json":{"title":"Coffret Mes premiers granny square au crochet - Zess Crochet","robots":{"index":"index","follow":"follow","max-snippet":"max-snippet:-1","max-image-preview":"max-image-preview:large","max-video-preview":"max-video-preview:-1"},"canonical":"https:\/\/zess.fr\/shop\/product\/coffret-mes-premiers-granny-square-au-crochet\/","og_locale":"fr_FR","og_type":"article","og_title":"Coffret Mes premiers granny square au crochet - Zess Crochet","og_description":"Paru chez les Editions de Saxe.  Coffret DIY d\u00e9couvrir les granny squares pas \u00e0 pas.  Ce kit crochet est pens\u00e9 pour d\u00e9buter sans stress et crocheter un \u00e9tui \u00e0 lunettes tendance, puis une mini pochette assortie.  Niveau d\u00e9butant.","og_url":"https:\/\/zess.fr\/shop\/product\/coffret-mes-premiers-granny-square-au-crochet\/","og_site_name":"Zess Crochet","article_modified_time":"2026-04-20T13:10:18+00:00","og_image":[{"width":1365,"height":1707,"url":"https:\/\/zess.fr\/shop\/wp-content\/uploads\/2026\/04\/1-2-1-e1776689995846.jpg","type":"image\/jpeg"}],"twitter_card":"summary_large_image","twitter_misc":{"Dur\u00e9e de lecture estim\u00e9e":"1 minute"},"schema":{"@context":"https:\/\/schema.org","@graph":[{"@type":"WebPage","@id":"https:\/\/zess.fr\/shop\/product\/coffret-mes-premiers-granny-square-au-crochet\/","url":"https:\/\/zess.fr\/shop\/product\/coffret-mes-premiers-granny-square-au-crochet\/","name":"Coffret Mes premiers granny square au crochet - Zess Crochet","isPartOf":{"@id":"https:\/\/zess.fr\/shop\/#website"},"primaryImageOfPage":{"@id":"https:\/\/zess.fr\/shop\/product\/coffret-mes-premiers-granny-square-au-crochet\/#primaryimage"},"image":{"@id":"https:\/\/zess.fr\/shop\/product\/coffret-mes-premiers-granny-square-au-crochet\/#primaryimage"},"thumbnailUrl":"https:\/\/zess.fr\/shop\/wp-content\/uploads\/2026\/04\/1-2-1-e1776689995846.jpg","datePublished":"2026-04-20T12:58:35+00:00","dateModified":"2026-04-20T13:10:18+00:00","breadcrumb":{"@id":"https:\/\/zess.fr\/shop\/product\/coffret-mes-premiers-granny-square-au-crochet\/#breadcrumb"},"inLanguage":"fr-FR","potentialAction":[{"@type":"ReadAction","target":["https:\/\/zess.fr\/shop\/product\/coffret-mes-premiers-granny-square-au-crochet\/"]}]},{"@type":"ImageObject","inLanguage":"fr-FR","@id":"https:\/\/zess.fr\/shop\/product\/coffret-mes-premiers-granny-square-au-crochet\/#primaryimage","url":"https:\/\/zess.fr\/shop\/wp-content\/uploads\/2026\/04\/1-2-1-e1776689995846.jpg","contentUrl":"https:\/\/zess.fr\/shop\/wp-content\/uploads\/2026\/04\/1-2-1-e1776689995846.jpg","width":1365,"height":1707,"caption":"kit crochet d\u00e9butant granny squares"},{"@type":"BreadcrumbList","@id":"https:\/\/zess.fr\/shop\/product\/coffret-mes-premiers-granny-square-au-crochet\/#breadcrumb","itemListElement":[{"@type":"ListItem","position":1,"name":"Zess Crochet Boutique &#8211; Tutoriels et kit crochet","item":"https:\/\/zess.fr\/shop\/acceuil-2\/"},{"@type":"ListItem","position":2,"name":"Livres de crochet &amp; coffret crochet collab","item":"https:\/\/zess.fr\/shop\/product-category\/livre-de-crochet\/"},{"@type":"ListItem","position":3,"name":"Coffret Mes premiers granny square au crochet"}]},{"@type":"WebSite","@id":"https:\/\/zess.fr\/shop\/#website","url":"https:\/\/zess.fr\/shop\/","name":"Zess Crochet - Tutoriels au crochet amigurumi, poup\u00e9es et accessoires - patron num\u00e9rique PDF - livres de crochet","description":"Tutoriels et kits crochet amigurumi et d\u00e9co","potentialAction":[{"@type":"SearchAction","target":{"@type":"EntryPoint","urlTemplate":"https:\/\/zess.fr\/shop\/?s={search_term_string}"},"query-input":{"@type":"PropertyValueSpecification","valueRequired":true,"valueName":"search_term_string"}}],"inLanguage":"fr-FR"}]}},"_links":{"self":[{"href":"https:\/\/zess.fr\/shop\/wp-json\/wp\/v2\/product\/10164","targetHints":{"allow":["GET"]}}],"collection":[{"href":"https:\/\/zess.fr\/shop\/wp-json\/wp\/v2\/product"}],"about":[{"href":"https:\/\/zess.fr\/shop\/wp-json\/wp\/v2\/types\/product"}],"replies":[{"embeddable":true,"href":"https:\/\/zess.fr\/shop\/wp-json\/wp\/v2\/comments?post=10164"}],"version-history":[{"count":1,"href":"https:\/\/zess.fr\/shop\/wp-json\/wp\/v2\/product\/10164\/revisions"}],"predecessor-version":[{"id":10169,"href":"https:\/\/zess.fr\/shop\/wp-json\/wp\/v2\/product\/10164\/revisions\/10169"}],"wp:featuredmedia":[{"embeddable":true,"href":"https:\/\/zess.fr\/shop\/wp-json\/wp\/v2\/media\/10166"}],"wp:attachment":[{"href":"https:\/\/zess.fr\/shop\/wp-json\/wp\/v2\/media?parent=10164"}],"wp:term":[{"taxonomy":"product_brand","embeddable":true,"href":"https:\/\/zess.fr\/shop\/wp-json\/wp\/v2\/product_brand?post=10164"},{"taxonomy":"product_cat","embeddable":true,"href":"https:\/\/zess.fr\/shop\/wp-json\/wp\/v2\/product_cat?post=10164"},{"taxonomy":"product_tag","embeddable":true,"href":"https:\/\/zess.fr\/shop\/wp-json\/wp\/v2\/product_tag?post=10164"}],"curies":[{"name":"wp","href":"https:\/\/api.w.org\/{rel}","templated":true}]}}