{"id":10157,"date":"2026-04-20T14:47:12","date_gmt":"2026-04-20T12:47:12","guid":{"rendered":"https:\/\/zess.fr\/shop\/?post_type=product&#038;p=10157"},"modified":"2026-04-20T15:00:58","modified_gmt":"2026-04-20T13:00:58","slug":"coffret-mon-bijou-de-telephone","status":"publish","type":"product","link":"https:\/\/zess.fr\/shop\/product\/coffret-mon-bijou-de-telephone\/","title":{"rendered":"Coffret Mon bijou de t\u00e9l\u00e9phone"},"content":{"rendered":"","protected":false},"excerpt":{"rendered":"<p>Paru chez les Editions de Saxe.<\/p>\n<p>Coffret DIY d\u00e9couvrir le mini crochet et cr\u00e9er une dragonne de t\u00e9l\u00e9phone en granny squares, assembl\u00e9e directement au crochet.<\/p>\n<p>Niveau interm\u00e9diaire.<\/p>\n","protected":false},"featured_media":10159,"comment_status":"closed","ping_status":"closed","template":"","meta":[],"product_brand":[],"product_cat":[63],"product_tag":[287],"class_list":{"0":"post-10157","1":"product","2":"type-product","3":"status-publish","4":"has-post-thumbnail","6":"product_cat-livre-de-crochet","7":"product_tag-new","9":"first","10":"instock","11":"sold-individually","12":"shipping-taxable","13":"product-type-external"},"yoast_head":"<!-- This site is optimized with the Yoast SEO plugin v27.4 - https:\/\/yoast.com\/product\/yoast-seo-wordpress\/ -->\n<title>Coffret Mon bijou de t\u00e9l\u00e9phone - Zess Crochet<\/title>\n<meta name=\"robots\" content=\"index, follow, max-snippet:-1, max-image-preview:large, max-video-preview:-1\" \/>\n<link rel=\"canonical\" href=\"https:\/\/zess.fr\/shop\/product\/coffret-mon-bijou-de-telephone\/\" \/>\n<meta property=\"og:locale\" content=\"fr_FR\" \/>\n<meta property=\"og:type\" content=\"article\" \/>\n<meta property=\"og:title\" content=\"Coffret Mon bijou de t\u00e9l\u00e9phone - Zess Crochet\" \/>\n<meta property=\"og:description\" content=\"Paru chez les Editions de Saxe.  Coffret DIY d\u00e9couvrir le mini crochet et cr\u00e9er une dragonne de t\u00e9l\u00e9phone en granny squares, assembl\u00e9e directement au crochet.  Niveau interm\u00e9diaire.\" \/>\n<meta property=\"og:url\" content=\"https:\/\/zess.fr\/shop\/product\/coffret-mon-bijou-de-telephone\/\" \/>\n<meta property=\"og:site_name\" content=\"Zess Crochet\" \/>\n<meta property=\"article:modified_time\" content=\"2026-04-20T13:00:58+00:00\" \/>\n<meta property=\"og:image\" content=\"https:\/\/zess.fr\/shop\/wp-content\/uploads\/2026\/04\/1-1-e1776688471513.jpg\" \/>\n\t<meta property=\"og:image:width\" content=\"1365\" \/>\n\t<meta property=\"og:image:height\" content=\"1707\" \/>\n\t<meta property=\"og:image:type\" content=\"image\/jpeg\" \/>\n<meta name=\"twitter:card\" content=\"summary_large_image\" \/>\n<meta name=\"twitter:label1\" content=\"Dur\u00e9e de lecture estim\u00e9e\" \/>\n\t<meta name=\"twitter:data1\" content=\"1 minute\" \/>\n<script type=\"application\/ld+json\" class=\"yoast-schema-graph\">{\"@context\":\"https:\\\/\\\/schema.org\",\"@graph\":[{\"@type\":\"WebPage\",\"@id\":\"https:\\\/\\\/zess.fr\\\/shop\\\/product\\\/coffret-mon-bijou-de-telephone\\\/\",\"url\":\"https:\\\/\\\/zess.fr\\\/shop\\\/product\\\/coffret-mon-bijou-de-telephone\\\/\",\"name\":\"Coffret Mon bijou de t\u00e9l\u00e9phone - Zess Crochet\",\"isPartOf\":{\"@id\":\"https:\\\/\\\/zess.fr\\\/shop\\\/#website\"},\"primaryImageOfPage\":{\"@id\":\"https:\\\/\\\/zess.fr\\\/shop\\\/product\\\/coffret-mon-bijou-de-telephone\\\/#primaryimage\"},\"image\":{\"@id\":\"https:\\\/\\\/zess.fr\\\/shop\\\/product\\\/coffret-mon-bijou-de-telephone\\\/#primaryimage\"},\"thumbnailUrl\":\"https:\\\/\\\/zess.fr\\\/shop\\\/wp-content\\\/uploads\\\/2026\\\/04\\\/1-1-e1776688471513.jpg\",\"datePublished\":\"2026-04-20T12:47:12+00:00\",\"dateModified\":\"2026-04-20T13:00:58+00:00\",\"breadcrumb\":{\"@id\":\"https:\\\/\\\/zess.fr\\\/shop\\\/product\\\/coffret-mon-bijou-de-telephone\\\/#breadcrumb\"},\"inLanguage\":\"fr-FR\",\"potentialAction\":[{\"@type\":\"ReadAction\",\"target\":[\"https:\\\/\\\/zess.fr\\\/shop\\\/product\\\/coffret-mon-bijou-de-telephone\\\/\"]}]},{\"@type\":\"ImageObject\",\"inLanguage\":\"fr-FR\",\"@id\":\"https:\\\/\\\/zess.fr\\\/shop\\\/product\\\/coffret-mon-bijou-de-telephone\\\/#primaryimage\",\"url\":\"https:\\\/\\\/zess.fr\\\/shop\\\/wp-content\\\/uploads\\\/2026\\\/04\\\/1-1-e1776688471513.jpg\",\"contentUrl\":\"https:\\\/\\\/zess.fr\\\/shop\\\/wp-content\\\/uploads\\\/2026\\\/04\\\/1-1-e1776688471513.jpg\",\"width\":1365,\"height\":1707,\"caption\":\"coffret crochet bijou tel granny square\"},{\"@type\":\"BreadcrumbList\",\"@id\":\"https:\\\/\\\/zess.fr\\\/shop\\\/product\\\/coffret-mon-bijou-de-telephone\\\/#breadcrumb\",\"itemListElement\":[{\"@type\":\"ListItem\",\"position\":1,\"name\":\"Zess Crochet Boutique &#8211; Tutoriels et kit crochet\",\"item\":\"https:\\\/\\\/zess.fr\\\/shop\\\/acceuil-2\\\/\"},{\"@type\":\"ListItem\",\"position\":2,\"name\":\"Livres de crochet &amp; coffret crochet collab\",\"item\":\"https:\\\/\\\/zess.fr\\\/shop\\\/product-category\\\/livre-de-crochet\\\/\"},{\"@type\":\"ListItem\",\"position\":3,\"name\":\"Coffret Mon bijou de t\u00e9l\u00e9phone\"}]},{\"@type\":\"WebSite\",\"@id\":\"https:\\\/\\\/zess.fr\\\/shop\\\/#website\",\"url\":\"https:\\\/\\\/zess.fr\\\/shop\\\/\",\"name\":\"Zess Crochet - Tutoriels au crochet amigurumi, poup\u00e9es et accessoires - patron num\u00e9rique PDF - livres de crochet\",\"description\":\"Tutoriels et kits crochet amigurumi et d\u00e9co\",\"potentialAction\":[{\"@type\":\"SearchAction\",\"target\":{\"@type\":\"EntryPoint\",\"urlTemplate\":\"https:\\\/\\\/zess.fr\\\/shop\\\/?s={search_term_string}\"},\"query-input\":{\"@type\":\"PropertyValueSpecification\",\"valueRequired\":true,\"valueName\":\"search_term_string\"}}],\"inLanguage\":\"fr-FR\"}]}<\/script>\n<!-- \/ Yoast SEO plugin. -->","yoast_head_json":{"title":"Coffret Mon bijou de t\u00e9l\u00e9phone - Zess Crochet","robots":{"index":"index","follow":"follow","max-snippet":"max-snippet:-1","max-image-preview":"max-image-preview:large","max-video-preview":"max-video-preview:-1"},"canonical":"https:\/\/zess.fr\/shop\/product\/coffret-mon-bijou-de-telephone\/","og_locale":"fr_FR","og_type":"article","og_title":"Coffret Mon bijou de t\u00e9l\u00e9phone - Zess Crochet","og_description":"Paru chez les Editions de Saxe.  Coffret DIY d\u00e9couvrir le mini crochet et cr\u00e9er une dragonne de t\u00e9l\u00e9phone en granny squares, assembl\u00e9e directement au crochet.  Niveau interm\u00e9diaire.","og_url":"https:\/\/zess.fr\/shop\/product\/coffret-mon-bijou-de-telephone\/","og_site_name":"Zess Crochet","article_modified_time":"2026-04-20T13:00:58+00:00","og_image":[{"width":1365,"height":1707,"url":"https:\/\/zess.fr\/shop\/wp-content\/uploads\/2026\/04\/1-1-e1776688471513.jpg","type":"image\/jpeg"}],"twitter_card":"summary_large_image","twitter_misc":{"Dur\u00e9e de lecture estim\u00e9e":"1 minute"},"schema":{"@context":"https:\/\/schema.org","@graph":[{"@type":"WebPage","@id":"https:\/\/zess.fr\/shop\/product\/coffret-mon-bijou-de-telephone\/","url":"https:\/\/zess.fr\/shop\/product\/coffret-mon-bijou-de-telephone\/","name":"Coffret Mon bijou de t\u00e9l\u00e9phone - Zess Crochet","isPartOf":{"@id":"https:\/\/zess.fr\/shop\/#website"},"primaryImageOfPage":{"@id":"https:\/\/zess.fr\/shop\/product\/coffret-mon-bijou-de-telephone\/#primaryimage"},"image":{"@id":"https:\/\/zess.fr\/shop\/product\/coffret-mon-bijou-de-telephone\/#primaryimage"},"thumbnailUrl":"https:\/\/zess.fr\/shop\/wp-content\/uploads\/2026\/04\/1-1-e1776688471513.jpg","datePublished":"2026-04-20T12:47:12+00:00","dateModified":"2026-04-20T13:00:58+00:00","breadcrumb":{"@id":"https:\/\/zess.fr\/shop\/product\/coffret-mon-bijou-de-telephone\/#breadcrumb"},"inLanguage":"fr-FR","potentialAction":[{"@type":"ReadAction","target":["https:\/\/zess.fr\/shop\/product\/coffret-mon-bijou-de-telephone\/"]}]},{"@type":"ImageObject","inLanguage":"fr-FR","@id":"https:\/\/zess.fr\/shop\/product\/coffret-mon-bijou-de-telephone\/#primaryimage","url":"https:\/\/zess.fr\/shop\/wp-content\/uploads\/2026\/04\/1-1-e1776688471513.jpg","contentUrl":"https:\/\/zess.fr\/shop\/wp-content\/uploads\/2026\/04\/1-1-e1776688471513.jpg","width":1365,"height":1707,"caption":"coffret crochet bijou tel granny square"},{"@type":"BreadcrumbList","@id":"https:\/\/zess.fr\/shop\/product\/coffret-mon-bijou-de-telephone\/#breadcrumb","itemListElement":[{"@type":"ListItem","position":1,"name":"Zess Crochet Boutique &#8211; Tutoriels et kit crochet","item":"https:\/\/zess.fr\/shop\/acceuil-2\/"},{"@type":"ListItem","position":2,"name":"Livres de crochet &amp; coffret crochet collab","item":"https:\/\/zess.fr\/shop\/product-category\/livre-de-crochet\/"},{"@type":"ListItem","position":3,"name":"Coffret Mon bijou de t\u00e9l\u00e9phone"}]},{"@type":"WebSite","@id":"https:\/\/zess.fr\/shop\/#website","url":"https:\/\/zess.fr\/shop\/","name":"Zess Crochet - Tutoriels au crochet amigurumi, poup\u00e9es et accessoires - patron num\u00e9rique PDF - livres de crochet","description":"Tutoriels et kits crochet amigurumi et d\u00e9co","potentialAction":[{"@type":"SearchAction","target":{"@type":"EntryPoint","urlTemplate":"https:\/\/zess.fr\/shop\/?s={search_term_string}"},"query-input":{"@type":"PropertyValueSpecification","valueRequired":true,"valueName":"search_term_string"}}],"inLanguage":"fr-FR"}]}},"_links":{"self":[{"href":"https:\/\/zess.fr\/shop\/wp-json\/wp\/v2\/product\/10157","targetHints":{"allow":["GET"]}}],"collection":[{"href":"https:\/\/zess.fr\/shop\/wp-json\/wp\/v2\/product"}],"about":[{"href":"https:\/\/zess.fr\/shop\/wp-json\/wp\/v2\/types\/product"}],"replies":[{"embeddable":true,"href":"https:\/\/zess.fr\/shop\/wp-json\/wp\/v2\/comments?post=10157"}],"version-history":[{"count":1,"href":"https:\/\/zess.fr\/shop\/wp-json\/wp\/v2\/product\/10157\/revisions"}],"predecessor-version":[{"id":10162,"href":"https:\/\/zess.fr\/shop\/wp-json\/wp\/v2\/product\/10157\/revisions\/10162"}],"wp:featuredmedia":[{"embeddable":true,"href":"https:\/\/zess.fr\/shop\/wp-json\/wp\/v2\/media\/10159"}],"wp:attachment":[{"href":"https:\/\/zess.fr\/shop\/wp-json\/wp\/v2\/media?parent=10157"}],"wp:term":[{"taxonomy":"product_brand","embeddable":true,"href":"https:\/\/zess.fr\/shop\/wp-json\/wp\/v2\/product_brand?post=10157"},{"taxonomy":"product_cat","embeddable":true,"href":"https:\/\/zess.fr\/shop\/wp-json\/wp\/v2\/product_cat?post=10157"},{"taxonomy":"product_tag","embeddable":true,"href":"https:\/\/zess.fr\/shop\/wp-json\/wp\/v2\/product_tag?post=10157"}],"curies":[{"name":"wp","href":"https:\/\/api.w.org\/{rel}","templated":true}]}}