{"id":10138,"date":"2026-04-17T18:10:06","date_gmt":"2026-04-17T16:10:06","guid":{"rendered":"https:\/\/zess.fr\/shop\/?post_type=product&#038;p=10138"},"modified":"2026-04-17T18:17:29","modified_gmt":"2026-04-17T16:17:29","slug":"livre-poupees-amigurumis-in-paris","status":"publish","type":"product","link":"https:\/\/zess.fr\/shop\/product\/livre-poupees-amigurumis-in-paris\/","title":{"rendered":"Livre Poup\u00e9es &#038; Amigurumis in Paris"},"content":{"rendered":"","protected":false},"excerpt":{"rendered":"<p>Ouvrage collectif de la collection \u00ab\u00a0Poup\u00e9es &amp; Amigurumis\u00a0\u00bb.<\/p>\n<p>14 cr\u00e9ations in\u00e9dites, ce nouvel ouvrage de crochet amigurumi vous emm\u00e8ne cette fois au c\u0153ur de Paris.<\/p>\n<p>Langue : fran\u00e7ais<\/p>\n<p>Pages : 112<\/p>\n","protected":false},"featured_media":10141,"comment_status":"closed","ping_status":"closed","template":"","meta":[],"product_brand":[],"product_cat":[63],"product_tag":[272,287],"class_list":{"0":"post-10138","1":"product","2":"type-product","3":"status-publish","4":"has-post-thumbnail","6":"product_cat-livre-de-crochet","7":"product_tag-livre","8":"product_tag-new","10":"first","11":"instock","12":"sold-individually","13":"shipping-taxable","14":"product-type-external"},"yoast_head":"<!-- This site is optimized with the Yoast SEO plugin v27.4 - https:\/\/yoast.com\/product\/yoast-seo-wordpress\/ -->\n<title>Livre Poup\u00e9es &amp; Amigurumis in Paris - Zess Crochet<\/title>\n<meta name=\"robots\" content=\"index, follow, max-snippet:-1, max-image-preview:large, max-video-preview:-1\" \/>\n<link rel=\"canonical\" href=\"https:\/\/zess.fr\/shop\/product\/livre-poupees-amigurumis-in-paris\/\" \/>\n<meta property=\"og:locale\" content=\"fr_FR\" \/>\n<meta property=\"og:type\" content=\"article\" \/>\n<meta property=\"og:title\" content=\"Livre Poup\u00e9es &amp; Amigurumis in Paris - Zess Crochet\" \/>\n<meta property=\"og:description\" content=\"Ouvrage collectif de la collection &quot;Poup\u00e9es &amp; Amigurumis&quot;.  14 cr\u00e9ations in\u00e9dites, ce nouvel ouvrage de crochet amigurumi vous emm\u00e8ne cette fois au c\u0153ur de Paris.  Langue : fran\u00e7ais  Pages : 112\" \/>\n<meta property=\"og:url\" content=\"https:\/\/zess.fr\/shop\/product\/livre-poupees-amigurumis-in-paris\/\" \/>\n<meta property=\"og:site_name\" content=\"Zess Crochet\" \/>\n<meta property=\"article:modified_time\" content=\"2026-04-17T16:17:29+00:00\" \/>\n<meta property=\"og:image\" content=\"https:\/\/zess.fr\/shop\/wp-content\/uploads\/2026\/04\/615hC-LLYUL._SL1182_-e1776442430469.jpg\" \/>\n\t<meta property=\"og:image:width\" content=\"922\" \/>\n\t<meta property=\"og:image:height\" content=\"1152\" \/>\n\t<meta property=\"og:image:type\" content=\"image\/jpeg\" \/>\n<meta name=\"twitter:card\" content=\"summary_large_image\" \/>\n<meta name=\"twitter:label1\" content=\"Dur\u00e9e de lecture estim\u00e9e\" \/>\n\t<meta name=\"twitter:data1\" content=\"1 minute\" \/>\n<script type=\"application\/ld+json\" class=\"yoast-schema-graph\">{\"@context\":\"https:\\\/\\\/schema.org\",\"@graph\":[{\"@type\":\"WebPage\",\"@id\":\"https:\\\/\\\/zess.fr\\\/shop\\\/product\\\/livre-poupees-amigurumis-in-paris\\\/\",\"url\":\"https:\\\/\\\/zess.fr\\\/shop\\\/product\\\/livre-poupees-amigurumis-in-paris\\\/\",\"name\":\"Livre Poup\u00e9es & Amigurumis in Paris - Zess Crochet\",\"isPartOf\":{\"@id\":\"https:\\\/\\\/zess.fr\\\/shop\\\/#website\"},\"primaryImageOfPage\":{\"@id\":\"https:\\\/\\\/zess.fr\\\/shop\\\/product\\\/livre-poupees-amigurumis-in-paris\\\/#primaryimage\"},\"image\":{\"@id\":\"https:\\\/\\\/zess.fr\\\/shop\\\/product\\\/livre-poupees-amigurumis-in-paris\\\/#primaryimage\"},\"thumbnailUrl\":\"https:\\\/\\\/zess.fr\\\/shop\\\/wp-content\\\/uploads\\\/2026\\\/04\\\/615hC-LLYUL._SL1182_-e1776442430469.jpg\",\"datePublished\":\"2026-04-17T16:10:06+00:00\",\"dateModified\":\"2026-04-17T16:17:29+00:00\",\"breadcrumb\":{\"@id\":\"https:\\\/\\\/zess.fr\\\/shop\\\/product\\\/livre-poupees-amigurumis-in-paris\\\/#breadcrumb\"},\"inLanguage\":\"fr-FR\",\"potentialAction\":[{\"@type\":\"ReadAction\",\"target\":[\"https:\\\/\\\/zess.fr\\\/shop\\\/product\\\/livre-poupees-amigurumis-in-paris\\\/\"]}]},{\"@type\":\"ImageObject\",\"inLanguage\":\"fr-FR\",\"@id\":\"https:\\\/\\\/zess.fr\\\/shop\\\/product\\\/livre-poupees-amigurumis-in-paris\\\/#primaryimage\",\"url\":\"https:\\\/\\\/zess.fr\\\/shop\\\/wp-content\\\/uploads\\\/2026\\\/04\\\/615hC-LLYUL._SL1182_-e1776442430469.jpg\",\"contentUrl\":\"https:\\\/\\\/zess.fr\\\/shop\\\/wp-content\\\/uploads\\\/2026\\\/04\\\/615hC-LLYUL._SL1182_-e1776442430469.jpg\",\"width\":922,\"height\":1152,\"caption\":\"Livre Poup\u00e9es et amigurumis in paris\"},{\"@type\":\"BreadcrumbList\",\"@id\":\"https:\\\/\\\/zess.fr\\\/shop\\\/product\\\/livre-poupees-amigurumis-in-paris\\\/#breadcrumb\",\"itemListElement\":[{\"@type\":\"ListItem\",\"position\":1,\"name\":\"Zess Crochet Boutique &#8211; Tutoriels et kit crochet\",\"item\":\"https:\\\/\\\/zess.fr\\\/shop\\\/acceuil-2\\\/\"},{\"@type\":\"ListItem\",\"position\":2,\"name\":\"Livres de crochet &amp; coffret crochet collab\",\"item\":\"https:\\\/\\\/zess.fr\\\/shop\\\/product-category\\\/livre-de-crochet\\\/\"},{\"@type\":\"ListItem\",\"position\":3,\"name\":\"Livre Poup\u00e9es &#038; Amigurumis in Paris\"}]},{\"@type\":\"WebSite\",\"@id\":\"https:\\\/\\\/zess.fr\\\/shop\\\/#website\",\"url\":\"https:\\\/\\\/zess.fr\\\/shop\\\/\",\"name\":\"Zess Crochet - Tutoriels au crochet amigurumi, poup\u00e9es et accessoires - patron num\u00e9rique PDF - livres de crochet\",\"description\":\"Tutoriels et kits crochet amigurumi et d\u00e9co\",\"potentialAction\":[{\"@type\":\"SearchAction\",\"target\":{\"@type\":\"EntryPoint\",\"urlTemplate\":\"https:\\\/\\\/zess.fr\\\/shop\\\/?s={search_term_string}\"},\"query-input\":{\"@type\":\"PropertyValueSpecification\",\"valueRequired\":true,\"valueName\":\"search_term_string\"}}],\"inLanguage\":\"fr-FR\"}]}<\/script>\n<!-- \/ Yoast SEO plugin. -->","yoast_head_json":{"title":"Livre Poup\u00e9es & Amigurumis in Paris - Zess Crochet","robots":{"index":"index","follow":"follow","max-snippet":"max-snippet:-1","max-image-preview":"max-image-preview:large","max-video-preview":"max-video-preview:-1"},"canonical":"https:\/\/zess.fr\/shop\/product\/livre-poupees-amigurumis-in-paris\/","og_locale":"fr_FR","og_type":"article","og_title":"Livre Poup\u00e9es & Amigurumis in Paris - Zess Crochet","og_description":"Ouvrage collectif de la collection \"Poup\u00e9es &amp; Amigurumis\".  14 cr\u00e9ations in\u00e9dites, ce nouvel ouvrage de crochet amigurumi vous emm\u00e8ne cette fois au c\u0153ur de Paris.  Langue : fran\u00e7ais  Pages : 112","og_url":"https:\/\/zess.fr\/shop\/product\/livre-poupees-amigurumis-in-paris\/","og_site_name":"Zess Crochet","article_modified_time":"2026-04-17T16:17:29+00:00","og_image":[{"width":922,"height":1152,"url":"https:\/\/zess.fr\/shop\/wp-content\/uploads\/2026\/04\/615hC-LLYUL._SL1182_-e1776442430469.jpg","type":"image\/jpeg"}],"twitter_card":"summary_large_image","twitter_misc":{"Dur\u00e9e de lecture estim\u00e9e":"1 minute"},"schema":{"@context":"https:\/\/schema.org","@graph":[{"@type":"WebPage","@id":"https:\/\/zess.fr\/shop\/product\/livre-poupees-amigurumis-in-paris\/","url":"https:\/\/zess.fr\/shop\/product\/livre-poupees-amigurumis-in-paris\/","name":"Livre Poup\u00e9es & Amigurumis in Paris - Zess Crochet","isPartOf":{"@id":"https:\/\/zess.fr\/shop\/#website"},"primaryImageOfPage":{"@id":"https:\/\/zess.fr\/shop\/product\/livre-poupees-amigurumis-in-paris\/#primaryimage"},"image":{"@id":"https:\/\/zess.fr\/shop\/product\/livre-poupees-amigurumis-in-paris\/#primaryimage"},"thumbnailUrl":"https:\/\/zess.fr\/shop\/wp-content\/uploads\/2026\/04\/615hC-LLYUL._SL1182_-e1776442430469.jpg","datePublished":"2026-04-17T16:10:06+00:00","dateModified":"2026-04-17T16:17:29+00:00","breadcrumb":{"@id":"https:\/\/zess.fr\/shop\/product\/livre-poupees-amigurumis-in-paris\/#breadcrumb"},"inLanguage":"fr-FR","potentialAction":[{"@type":"ReadAction","target":["https:\/\/zess.fr\/shop\/product\/livre-poupees-amigurumis-in-paris\/"]}]},{"@type":"ImageObject","inLanguage":"fr-FR","@id":"https:\/\/zess.fr\/shop\/product\/livre-poupees-amigurumis-in-paris\/#primaryimage","url":"https:\/\/zess.fr\/shop\/wp-content\/uploads\/2026\/04\/615hC-LLYUL._SL1182_-e1776442430469.jpg","contentUrl":"https:\/\/zess.fr\/shop\/wp-content\/uploads\/2026\/04\/615hC-LLYUL._SL1182_-e1776442430469.jpg","width":922,"height":1152,"caption":"Livre Poup\u00e9es et amigurumis in paris"},{"@type":"BreadcrumbList","@id":"https:\/\/zess.fr\/shop\/product\/livre-poupees-amigurumis-in-paris\/#breadcrumb","itemListElement":[{"@type":"ListItem","position":1,"name":"Zess Crochet Boutique &#8211; Tutoriels et kit crochet","item":"https:\/\/zess.fr\/shop\/acceuil-2\/"},{"@type":"ListItem","position":2,"name":"Livres de crochet &amp; coffret crochet collab","item":"https:\/\/zess.fr\/shop\/product-category\/livre-de-crochet\/"},{"@type":"ListItem","position":3,"name":"Livre Poup\u00e9es &#038; Amigurumis in Paris"}]},{"@type":"WebSite","@id":"https:\/\/zess.fr\/shop\/#website","url":"https:\/\/zess.fr\/shop\/","name":"Zess Crochet - Tutoriels au crochet amigurumi, poup\u00e9es et accessoires - patron num\u00e9rique PDF - livres de crochet","description":"Tutoriels et kits crochet amigurumi et d\u00e9co","potentialAction":[{"@type":"SearchAction","target":{"@type":"EntryPoint","urlTemplate":"https:\/\/zess.fr\/shop\/?s={search_term_string}"},"query-input":{"@type":"PropertyValueSpecification","valueRequired":true,"valueName":"search_term_string"}}],"inLanguage":"fr-FR"}]}},"_links":{"self":[{"href":"https:\/\/zess.fr\/shop\/wp-json\/wp\/v2\/product\/10138","targetHints":{"allow":["GET"]}}],"collection":[{"href":"https:\/\/zess.fr\/shop\/wp-json\/wp\/v2\/product"}],"about":[{"href":"https:\/\/zess.fr\/shop\/wp-json\/wp\/v2\/types\/product"}],"replies":[{"embeddable":true,"href":"https:\/\/zess.fr\/shop\/wp-json\/wp\/v2\/comments?post=10138"}],"version-history":[{"count":2,"href":"https:\/\/zess.fr\/shop\/wp-json\/wp\/v2\/product\/10138\/revisions"}],"predecessor-version":[{"id":10156,"href":"https:\/\/zess.fr\/shop\/wp-json\/wp\/v2\/product\/10138\/revisions\/10156"}],"wp:featuredmedia":[{"embeddable":true,"href":"https:\/\/zess.fr\/shop\/wp-json\/wp\/v2\/media\/10141"}],"wp:attachment":[{"href":"https:\/\/zess.fr\/shop\/wp-json\/wp\/v2\/media?parent=10138"}],"wp:term":[{"taxonomy":"product_brand","embeddable":true,"href":"https:\/\/zess.fr\/shop\/wp-json\/wp\/v2\/product_brand?post=10138"},{"taxonomy":"product_cat","embeddable":true,"href":"https:\/\/zess.fr\/shop\/wp-json\/wp\/v2\/product_cat?post=10138"},{"taxonomy":"product_tag","embeddable":true,"href":"https:\/\/zess.fr\/shop\/wp-json\/wp\/v2\/product_tag?post=10138"}],"curies":[{"name":"wp","href":"https:\/\/api.w.org\/{rel}","templated":true}]}}